{"id":9921,"date":"2023-05-18T06:02:30","date_gmt":"2023-05-18T06:02:30","guid":{"rendered":"https:\/\/elrincondefehmi.com\/es\/?post_type=product&#038;p=9921"},"modified":"2024-05-06T10:01:30","modified_gmt":"2024-05-06T10:01:30","slug":"alfombras-madrid-rebajas","status":"publish","type":"product","link":"https:\/\/elrincondefehmi.com\/es\/tienda\/alfombras-turcas\/alfombras-modernas\/alfombras-madrid-rebajas\/","title":{"rendered":"OLD FRAGMENT M366C"},"content":{"rendered":"<h1><span style=\"font-size: 75%;\">ALFOMBRAS MADRID REBAJAS<\/span><\/h1>\n<p><span style=\"font-size: 14.4px;\">\u00a1Alfombras Madrid Rebajas! Sum\u00e9rgete en el encanto atemporal de nuestra alfombra estilo cl\u00e1sica moderna. Esta cautivadora pieza combina la elegancia tradicional con toques contempor\u00e1neos, creando una est\u00e9tica \u00fanica para tu hogar. Con sutiles tonos beige, ligeramente ocre y un toque de azul turquesa, esta alfombra evoca un equilibrio perfecto entre lo cl\u00e1sico y lo moderno. Su dise\u00f1o meticuloso presenta patrones intrincados y detalles exquisitos que capturan la esencia de \u00e9pocas pasadas, mientras que los toques de color a\u00f1aden un toque fresco y vibrante. Fabricada con materiales de alta calidad, esta alfombra brinda una sensaci\u00f3n suave y acogedora bajo tus pies. Ya sea en el sal\u00f3n, el comedor o el dormitorio, esta alfombra estilo cl\u00e1sica moderna se convertir\u00e1 en el foco de atenci\u00f3n, a\u00f1adiendo un toque de sofisticaci\u00f3n y estilo a tu espacio. Descubre la fusi\u00f3n perfecta entre lo cl\u00e1sico y lo moderno con nuestra deslumbrante alfombra estilo cl\u00e1sica moderna.\u00bb<\/span><\/p>\n<p><span style=\"font-size: 14.4px;\">En nuestras tiendas tenemos una amplia colecci\u00f3n de <\/span><a style=\"font-size: 14.4px;\" href=\"https:\/\/www.elrincondefehmi.com\/es\/categoria-producto\/alfombras\/alfombras-clasicas\/\">alfombras ,<\/a><span style=\"font-size: 14.4px;\">desde las cl\u00e1sicas tradicionales hasta las modernas contempor\u00e1neas. \u00a1Si quieres comprar alfombras\u00a0 econ\u00f3micas en Madrid con una calidad superior ven a visitarnos! Tenemos una amplia colecci\u00f3n de\u00a0\u00a0<\/span><strong style=\"font-size: 14.4px;\">alfombras en nuestras tiendas.\u00a0<\/strong><span style=\"font-size: 14.4px;\">Nuestra colecci\u00f3n de alfombras modernas est\u00e1n dise\u00f1adas y hechas en\u00a0<\/span><a style=\"font-size: 14.4px;\" href=\"http:\/\/www.turismodeturquia.org\/\">Turqu\u00eda<\/a><span style=\"font-size: 14.4px;\">\u00a0por aut\u00e9nticos expertos en crear alfombras. Estaremos encantados de conocerle! Te ayudamos y aconsejamos a seleccionar la alfombra que m\u00e1s se adapte a tus espacios y tu estilo.<\/span><\/p>\n<p>MATERIALES<\/p>\n<p>Utilizamos siempre colores vegetales con fibras naturales como la lana, el algod\u00f3n, bamboo seda, la viscosa y la seda. Por lo tanto, todas las etapas de elaboraci\u00f3n de nuestras alfombras est\u00e1n hechas con materiales de alta calidad.<\/p>\n<p>ALFOMBRAS MODERNAS<\/p>\n<p>Para conseguir un dise\u00f1o ideal, mezclamos los dise\u00f1os cl\u00e1sicos con los dise\u00f1os modernos con estampados aun menos definidos o m\u00e1s difuminados. Los diferentes colores y tama\u00f1os son capaces de adaptarse a los gustos y necesidades de cada cliente. Por eso raz\u00f3n las consideramos como alfombras \u00fanicas y llenas de personalidad.<\/p>\n<h4>OTROS PRODUCTOS Y SERVICIOS<\/h4>\n<p>En El Rinc\u00f3n de Fehmi tambi\u00e9n disponemos una gran colecci\u00f3n de alfombras\u00a0<a href=\"https:\/\/www.elrincondefehmi.com\/es\/categoria-producto\/alfombras\/alfombras-patchwork\/\">Patchwork<\/a>\u00a0,\u00a0<a href=\"https:\/\/www.elrincondefehmi.com\/es\/categoria-producto\/alfombras\/alfombras-vintage\/\">Vintage y Kilims<\/a>\u00a0Sobre todo si buscas una alfombra Patchwork hecha a medida, te la podemos hacer seg\u00fan el color y tama\u00f1o deseada.<\/p>\n<p>En nuestras tiendas tambi\u00e9n te asesoramos para encontrar la alfombra ideal para tu hogar y espacio. Te ofrecemos un servicio de asesoramiento personalizado con el que te resultar\u00e1 m\u00e1s f\u00e1cil el proceso de b\u00fasqueda, adem\u00e1s de ahorrarte tiempo, puesto que disponemos de un gran equipo de profesionales expertos que est\u00e1n a tu disposici\u00f3n para atenderte de forma individualizada y mostrarte los modelos que responden a tus especificaciones. Ademas si deseas podemos llevarte las alfombras a tu casa para probar sin ning\u00fan tipo de compromiso.<\/p>\n<p>Por ultimo queremos informarle que realizamos el servicio de\u00a0<a href=\"https:\/\/www.elrincondefehmi.com\/es\/limpieza-y-restauracion-de-alfombras\/\">limpieza y reparaci\u00f3n<\/a>\u00a0de Alfombras y Kilims..<\/p>\n","protected":false},"excerpt":{"rendered":"<div class=\"elementor-element elementor-element-d43f665 mb-0 elementor-widget elementor-widget-porto_cp_excerpt\" data-id=\"d43f665\" data-element_type=\"widget\" data-widget_type=\"porto_cp_excerpt.default\">\n<div class=\"elementor-widget-container\">\n<div class=\"description woocommerce-product-details__short-description\">\n<p>Densidad de nudos: 2.000.000 points m<sup>2<\/sup><\/p>\n<p>Espesor: 7 mm<\/p>\n<p>Edad: Nueva<\/p>\n<p>Origen: Turqu\u00eda<\/p>\n<p>Nudos: Bamb\u00fa seda<\/p>\n<p>Urdimbre: Algod\u00f3n<\/p>\n<p>Tejido de alta precisi\u00f3n<\/p>\n<\/div>\n<\/div>\n<\/div>\n<div class=\"elementor-element elementor-element-3de7cc4 m-t-n-sm elementor-widget elementor-widget-porto_cp_meta\" data-id=\"3de7cc4\" data-element_type=\"widget\" data-widget_type=\"porto_cp_meta.default\">\n<div class=\"elementor-widget-container\">\n<div class=\"product_meta\">Medidas disponibles: 80 X150 cm, 80 X 300 cm, 100 X 200 cm 100 X 300 cm, 120 X 180 cm, 160 X 230 cm 200 X 290 cm, 240 X 340 cm, 300 X 400 cm 400 X 600 cm, 400 X 500 cm, 300 X 300 cm<\/div>\n<\/div>\n<\/div>\n","protected":false},"featured_media":21813,"comment_status":"open","ping_status":"closed","template":"","meta":[],"product_cat":[19,308,315],"product_tag":[355,353,352,354],"yoast_head":"<!-- This site is optimized with the Yoast SEO plugin v21.5 - https:\/\/yoast.com\/wordpress\/plugins\/seo\/ -->\n<title>Alfombras Madrid Rebajas | El Rinc\u00f3n de Fehmi Madrid | Tienda de Alfombras<\/title>\n<meta name=\"description\" content=\"Alfombras Madrid Rebajas. Si quieres comprar alfombras\u00a0 econ\u00f3micas en Madrid con una calidad superior ven a visitarnos\" \/>\n<meta name=\"robots\" content=\"index, follow, max-snippet:-1, max-image-preview:large, max-video-preview:-1\" \/>\n<link rel=\"canonical\" href=\"https:\/\/elrincondefehmi.com\/es\/tienda\/alfombras-turcas\/alfombras-modernas\/alfombras-madrid-rebajas\/\" \/>\n<meta property=\"og:locale\" content=\"es_ES\" \/>\n<meta property=\"og:type\" content=\"article\" \/>\n<meta property=\"og:title\" content=\"Alfombras Madrid Rebajas | El Rinc\u00f3n de Fehmi Madrid | Tienda de Alfombras\" \/>\n<meta property=\"og:description\" content=\"Alfombras Madrid Rebajas. Si quieres comprar alfombras\u00a0 econ\u00f3micas en Madrid con una calidad superior ven a visitarnos\" \/>\n<meta property=\"og:url\" content=\"https:\/\/elrincondefehmi.com\/es\/tienda\/alfombras-turcas\/alfombras-modernas\/alfombras-madrid-rebajas\/\" \/>\n<meta property=\"og:site_name\" content=\"El Rinc\u00f3n de Fehmi Madrid\" \/>\n<meta property=\"article:modified_time\" content=\"2024-05-06T10:01:30+00:00\" \/>\n<meta property=\"og:image\" content=\"https:\/\/elrincondefehmi.com\/es\/wp-content\/uploads\/2023\/05\/12.jpg\" \/>\n\t<meta property=\"og:image:width\" content=\"900\" \/>\n\t<meta property=\"og:image:height\" content=\"1300\" \/>\n\t<meta property=\"og:image:type\" content=\"image\/jpeg\" \/>\n<meta name=\"twitter:card\" content=\"summary_large_image\" \/>\n<script type=\"application\/ld+json\" class=\"yoast-schema-graph\">{\"@context\":\"https:\/\/schema.org\",\"@graph\":[{\"@type\":\"WebPage\",\"@id\":\"https:\/\/elrincondefehmi.com\/es\/tienda\/alfombras-turcas\/alfombras-modernas\/alfombras-madrid-rebajas\/\",\"url\":\"https:\/\/elrincondefehmi.com\/es\/tienda\/alfombras-turcas\/alfombras-modernas\/alfombras-madrid-rebajas\/\",\"name\":\"Alfombras Madrid Rebajas | El Rinc\u00f3n de Fehmi Madrid | Tienda de Alfombras\",\"isPartOf\":{\"@id\":\"https:\/\/elrincondefehmi.com\/es\/#website\"},\"datePublished\":\"2023-05-18T06:02:30+00:00\",\"dateModified\":\"2024-05-06T10:01:30+00:00\",\"description\":\"Alfombras Madrid Rebajas. Si quieres comprar alfombras\u00a0 econ\u00f3micas en Madrid con una calidad superior ven a visitarnos\",\"breadcrumb\":{\"@id\":\"https:\/\/elrincondefehmi.com\/es\/tienda\/alfombras-turcas\/alfombras-modernas\/alfombras-madrid-rebajas\/#breadcrumb\"},\"inLanguage\":\"es\",\"potentialAction\":[{\"@type\":\"ReadAction\",\"target\":[\"https:\/\/elrincondefehmi.com\/es\/tienda\/alfombras-turcas\/alfombras-modernas\/alfombras-madrid-rebajas\/\"]}]},{\"@type\":\"BreadcrumbList\",\"@id\":\"https:\/\/elrincondefehmi.com\/es\/tienda\/alfombras-turcas\/alfombras-modernas\/alfombras-madrid-rebajas\/#breadcrumb\",\"itemListElement\":[{\"@type\":\"ListItem\",\"position\":1,\"name\":\"PRODUCTOS\",\"item\":\"https:\/\/elrincondefehmi.com\/es\/all-product\/\"},{\"@type\":\"ListItem\",\"position\":2,\"name\":\"OLD FRAGMENT M366C\"}]},{\"@type\":\"WebSite\",\"@id\":\"https:\/\/elrincondefehmi.com\/es\/#website\",\"url\":\"https:\/\/elrincondefehmi.com\/es\/\",\"name\":\"El Rinc\u00f3n de Fehmi Madrid\",\"description\":\"Tienda de alfombras en Madrid.  En El Rinc\u00f3n de Fehmi somos especialistas en alfombras artesanales, alfombras modernas contempor\u00e1neas kilims de Turqu\u00eda\",\"potentialAction\":[{\"@type\":\"SearchAction\",\"target\":{\"@type\":\"EntryPoint\",\"urlTemplate\":\"https:\/\/elrincondefehmi.com\/es\/?s={search_term_string}\"},\"query-input\":\"required name=search_term_string\"}],\"inLanguage\":\"es\"}]}<\/script>\n<!-- \/ Yoast SEO plugin. -->","yoast_head_json":{"title":"Alfombras Madrid Rebajas | El Rinc\u00f3n de Fehmi Madrid | Tienda de Alfombras","description":"Alfombras Madrid Rebajas. Si quieres comprar alfombras\u00a0 econ\u00f3micas en Madrid con una calidad superior ven a visitarnos","robots":{"index":"index","follow":"follow","max-snippet":"max-snippet:-1","max-image-preview":"max-image-preview:large","max-video-preview":"max-video-preview:-1"},"canonical":"https:\/\/elrincondefehmi.com\/es\/tienda\/alfombras-turcas\/alfombras-modernas\/alfombras-madrid-rebajas\/","og_locale":"es_ES","og_type":"article","og_title":"Alfombras Madrid Rebajas | El Rinc\u00f3n de Fehmi Madrid | Tienda de Alfombras","og_description":"Alfombras Madrid Rebajas. Si quieres comprar alfombras\u00a0 econ\u00f3micas en Madrid con una calidad superior ven a visitarnos","og_url":"https:\/\/elrincondefehmi.com\/es\/tienda\/alfombras-turcas\/alfombras-modernas\/alfombras-madrid-rebajas\/","og_site_name":"El Rinc\u00f3n de Fehmi Madrid","article_modified_time":"2024-05-06T10:01:30+00:00","og_image":[{"width":900,"height":1300,"url":"https:\/\/elrincondefehmi.com\/es\/wp-content\/uploads\/2023\/05\/12.jpg","type":"image\/jpeg"}],"twitter_card":"summary_large_image","schema":{"@context":"https:\/\/schema.org","@graph":[{"@type":"WebPage","@id":"https:\/\/elrincondefehmi.com\/es\/tienda\/alfombras-turcas\/alfombras-modernas\/alfombras-madrid-rebajas\/","url":"https:\/\/elrincondefehmi.com\/es\/tienda\/alfombras-turcas\/alfombras-modernas\/alfombras-madrid-rebajas\/","name":"Alfombras Madrid Rebajas | El Rinc\u00f3n de Fehmi Madrid | Tienda de Alfombras","isPartOf":{"@id":"https:\/\/elrincondefehmi.com\/es\/#website"},"datePublished":"2023-05-18T06:02:30+00:00","dateModified":"2024-05-06T10:01:30+00:00","description":"Alfombras Madrid Rebajas. Si quieres comprar alfombras\u00a0 econ\u00f3micas en Madrid con una calidad superior ven a visitarnos","breadcrumb":{"@id":"https:\/\/elrincondefehmi.com\/es\/tienda\/alfombras-turcas\/alfombras-modernas\/alfombras-madrid-rebajas\/#breadcrumb"},"inLanguage":"es","potentialAction":[{"@type":"ReadAction","target":["https:\/\/elrincondefehmi.com\/es\/tienda\/alfombras-turcas\/alfombras-modernas\/alfombras-madrid-rebajas\/"]}]},{"@type":"BreadcrumbList","@id":"https:\/\/elrincondefehmi.com\/es\/tienda\/alfombras-turcas\/alfombras-modernas\/alfombras-madrid-rebajas\/#breadcrumb","itemListElement":[{"@type":"ListItem","position":1,"name":"PRODUCTOS","item":"https:\/\/elrincondefehmi.com\/es\/all-product\/"},{"@type":"ListItem","position":2,"name":"OLD FRAGMENT M366C"}]},{"@type":"WebSite","@id":"https:\/\/elrincondefehmi.com\/es\/#website","url":"https:\/\/elrincondefehmi.com\/es\/","name":"El Rinc\u00f3n de Fehmi Madrid","description":"Tienda de alfombras en Madrid.  En El Rinc\u00f3n de Fehmi somos especialistas en alfombras artesanales, alfombras modernas contempor\u00e1neas kilims de Turqu\u00eda","potentialAction":[{"@type":"SearchAction","target":{"@type":"EntryPoint","urlTemplate":"https:\/\/elrincondefehmi.com\/es\/?s={search_term_string}"},"query-input":"required name=search_term_string"}],"inLanguage":"es"}]}},"_links":{"self":[{"href":"https:\/\/elrincondefehmi.com\/es\/wp-json\/wp\/v2\/product\/9921"}],"collection":[{"href":"https:\/\/elrincondefehmi.com\/es\/wp-json\/wp\/v2\/product"}],"about":[{"href":"https:\/\/elrincondefehmi.com\/es\/wp-json\/wp\/v2\/types\/product"}],"replies":[{"embeddable":true,"href":"https:\/\/elrincondefehmi.com\/es\/wp-json\/wp\/v2\/comments?post=9921"}],"wp:featuredmedia":[{"embeddable":true,"href":"https:\/\/elrincondefehmi.com\/es\/wp-json\/wp\/v2\/media\/21813"}],"wp:attachment":[{"href":"https:\/\/elrincondefehmi.com\/es\/wp-json\/wp\/v2\/media?parent=9921"}],"wp:term":[{"taxonomy":"product_cat","embeddable":true,"href":"https:\/\/elrincondefehmi.com\/es\/wp-json\/wp\/v2\/product_cat?post=9921"},{"taxonomy":"product_tag","embeddable":true,"href":"https:\/\/elrincondefehmi.com\/es\/wp-json\/wp\/v2\/product_tag?post=9921"}],"curies":[{"name":"wp","href":"https:\/\/api.w.org\/{rel}","templated":true}]}}