{"id":9900,"date":"2023-05-18T06:00:43","date_gmt":"2023-05-18T06:00:43","guid":{"rendered":"https:\/\/elrincondefehmi.com\/es\/?post_type=product&#038;p=9900"},"modified":"2025-06-30T17:53:28","modified_gmt":"2025-06-30T17:53:28","slug":"tienda-de-kilim-en-madrid","status":"publish","type":"product","link":"https:\/\/elrincondefehmi.com\/es\/tienda\/kilim\/kilim-turco\/tienda-de-kilim-en-madrid\/","title":{"rendered":"Kilim turco 201&#215;297 cm"},"content":{"rendered":"<h1><span style=\"font-size: 75%\">TIENDA DE KILIM EN MADRID<\/span><\/h1>\n<p>Tienda de Kilim en Madrid. Contamos con una gran variedad de tama\u00f1os y modelos de Kilim y alfombras turcas en Madrid. En nuestra tienda de Kilim en Madrid, adem\u00e1s de contar con modelos de gran formato, tambi\u00e9n disponemos de kilims dimensiones m\u00e1s reducidas, de diferentes formas para que se adapten a lo que puedas necesitar, logrando el efecto de calidez y elegancia deseado, adem\u00e1s de mejorar la insonorizaci\u00f3n y el aislamiento, siempre con el estilo que m\u00e1s te gusta para tu hogar.<\/p>\n<h3>\u00bfQUE ES KILIM?<\/h3>\n<p>El kilim es una t\u00e9cnica de urdimbre simple. En comparaci\u00f3n con la t\u00e9cnica de anudar de las\u00a0<a href=\"https:\/\/www.elrincondefehmi.com\/es\/categoria-producto\/alfombras\/\">alfombras<\/a>, los kilims se crean a partir de una trama de urdimbre plana. Su origen se remonta a los n\u00f3madas de Asia Central, quienes los usaban como cama, como elemento para montar sus tiendas para resguardarse del desierto o incluso c\u00f3mo maletas. Los dise\u00f1os de estos kilims no estaban basados simplemente en la creatividad de estos n\u00f3madas, si no que estaban basados en simbolismos. Los dibujos significaban acontecimientos, mensajes, creencias y sentimientos. Su confecci\u00f3n era totalmente espont\u00e1nea. Su principal caracter\u00edstica es que son piezas muy livianas y ligeras ya que se dise\u00f1aban para poder ser transportadas. Si quieres comprar kilim en\u00a0<a href=\"https:\/\/www.esmadrid.com\/\">Madrid<\/a>\u00a0vis\u00edtanos,\u00a0<a href=\"https:\/\/www.elrincondefehmi.com\/es\/\">En El Rinc\u00f3n de Fehmi<\/a>\u00a0consideramos los kilims piezas \u00fanicas. Seleccionamos los kilims m\u00e1s representativos de la cultura turca, las cuales mantienen las t\u00e9cnicas antiguas y artesanales para su confecci\u00f3n. Con ello, ofrecemos a nuestros clientes la seguridad de tener piezas originales, resistentes y de alta calidad. En cuanto a su mantenimiento, los kilim son piezas que pueden manejarse con agilidad. Requieren muy poca exigencia en cuanto a su lavado. Como piezas de decoraci\u00f3n, suponen elementos decorativos de estilo \u00e9tnico, que se fusionan dentro de cualquier ambiente.<\/p>\n","protected":false},"excerpt":{"rendered":"<p>Origen: Turqu\u00eda \/ Centro de Anatolia. Material: Lana. Medidas: 201\u00d7297 cm Hecho a mano. Estado: Nuevo<\/p>\n","protected":false},"featured_media":10018,"comment_status":"open","ping_status":"closed","template":"","meta":[],"product_cat":[434,16],"product_tag":[391,355,353,352],"yoast_head":"<!-- This site is optimized with the Yoast SEO plugin v21.5 - https:\/\/yoast.com\/wordpress\/plugins\/seo\/ -->\n<title>Tienda de Kilim en Madrid | El Rinc\u00f3n de Fehmi Madrid<\/title>\n<meta name=\"description\" content=\"Tienda de Kilim en Madrid. Contamos con una gran variedad de tama\u00f1os y modelos de Kilim y alfombras turcas en Madrid.\" \/>\n<meta name=\"robots\" content=\"index, follow, max-snippet:-1, max-image-preview:large, max-video-preview:-1\" \/>\n<link rel=\"canonical\" href=\"https:\/\/elrincondefehmi.com\/es\/tienda\/kilim\/kilim-turco\/tienda-de-kilim-en-madrid\/\" \/>\n<meta property=\"og:locale\" content=\"es_ES\" \/>\n<meta property=\"og:type\" content=\"article\" \/>\n<meta property=\"og:title\" content=\"Tienda de Kilim en Madrid | El Rinc\u00f3n de Fehmi Madrid\" \/>\n<meta property=\"og:description\" content=\"Tienda de Kilim en Madrid. Contamos con una gran variedad de tama\u00f1os y modelos de Kilim y alfombras turcas en Madrid.\" \/>\n<meta property=\"og:url\" content=\"https:\/\/elrincondefehmi.com\/es\/tienda\/kilim\/kilim-turco\/tienda-de-kilim-en-madrid\/\" \/>\n<meta property=\"og:site_name\" content=\"El Rinc\u00f3n de Fehmi Madrid\" \/>\n<meta property=\"article:modified_time\" content=\"2025-06-30T17:53:28+00:00\" \/>\n<meta property=\"og:image\" content=\"https:\/\/elrincondefehmi.com\/es\/wp-content\/uploads\/2023\/05\/0313-e1697902191638.jpg\" \/>\n\t<meta property=\"og:image:width\" content=\"741\" \/>\n\t<meta property=\"og:image:height\" content=\"1069\" \/>\n\t<meta property=\"og:image:type\" content=\"image\/jpeg\" \/>\n<meta name=\"twitter:card\" content=\"summary_large_image\" \/>\n<script type=\"application\/ld+json\" class=\"yoast-schema-graph\">{\"@context\":\"https:\/\/schema.org\",\"@graph\":[{\"@type\":\"WebPage\",\"@id\":\"https:\/\/elrincondefehmi.com\/es\/tienda\/kilim\/kilim-turco\/tienda-de-kilim-en-madrid\/\",\"url\":\"https:\/\/elrincondefehmi.com\/es\/tienda\/kilim\/kilim-turco\/tienda-de-kilim-en-madrid\/\",\"name\":\"Tienda de Kilim en Madrid | El Rinc\u00f3n de Fehmi Madrid\",\"isPartOf\":{\"@id\":\"https:\/\/elrincondefehmi.com\/es\/#website\"},\"datePublished\":\"2023-05-18T06:00:43+00:00\",\"dateModified\":\"2025-06-30T17:53:28+00:00\",\"description\":\"Tienda de Kilim en Madrid. Contamos con una gran variedad de tama\u00f1os y modelos de Kilim y alfombras turcas en Madrid.\",\"breadcrumb\":{\"@id\":\"https:\/\/elrincondefehmi.com\/es\/tienda\/kilim\/kilim-turco\/tienda-de-kilim-en-madrid\/#breadcrumb\"},\"inLanguage\":\"es\",\"potentialAction\":[{\"@type\":\"ReadAction\",\"target\":[\"https:\/\/elrincondefehmi.com\/es\/tienda\/kilim\/kilim-turco\/tienda-de-kilim-en-madrid\/\"]}]},{\"@type\":\"BreadcrumbList\",\"@id\":\"https:\/\/elrincondefehmi.com\/es\/tienda\/kilim\/kilim-turco\/tienda-de-kilim-en-madrid\/#breadcrumb\",\"itemListElement\":[{\"@type\":\"ListItem\",\"position\":1,\"name\":\"PRODUCTOS\",\"item\":\"https:\/\/elrincondefehmi.com\/es\/all-product\/\"},{\"@type\":\"ListItem\",\"position\":2,\"name\":\"Kilim turco 201&#215;297 cm\"}]},{\"@type\":\"WebSite\",\"@id\":\"https:\/\/elrincondefehmi.com\/es\/#website\",\"url\":\"https:\/\/elrincondefehmi.com\/es\/\",\"name\":\"El Rinc\u00f3n de Fehmi Madrid\",\"description\":\"Tienda de alfombras en Madrid.  En El Rinc\u00f3n de Fehmi somos especialistas en alfombras artesanales, alfombras modernas contempor\u00e1neas kilims de Turqu\u00eda\",\"potentialAction\":[{\"@type\":\"SearchAction\",\"target\":{\"@type\":\"EntryPoint\",\"urlTemplate\":\"https:\/\/elrincondefehmi.com\/es\/?s={search_term_string}\"},\"query-input\":\"required name=search_term_string\"}],\"inLanguage\":\"es\"}]}<\/script>\n<!-- \/ Yoast SEO plugin. -->","yoast_head_json":{"title":"Tienda de Kilim en Madrid | El Rinc\u00f3n de Fehmi Madrid","description":"Tienda de Kilim en Madrid. Contamos con una gran variedad de tama\u00f1os y modelos de Kilim y alfombras turcas en Madrid.","robots":{"index":"index","follow":"follow","max-snippet":"max-snippet:-1","max-image-preview":"max-image-preview:large","max-video-preview":"max-video-preview:-1"},"canonical":"https:\/\/elrincondefehmi.com\/es\/tienda\/kilim\/kilim-turco\/tienda-de-kilim-en-madrid\/","og_locale":"es_ES","og_type":"article","og_title":"Tienda de Kilim en Madrid | El Rinc\u00f3n de Fehmi Madrid","og_description":"Tienda de Kilim en Madrid. Contamos con una gran variedad de tama\u00f1os y modelos de Kilim y alfombras turcas en Madrid.","og_url":"https:\/\/elrincondefehmi.com\/es\/tienda\/kilim\/kilim-turco\/tienda-de-kilim-en-madrid\/","og_site_name":"El Rinc\u00f3n de Fehmi Madrid","article_modified_time":"2025-06-30T17:53:28+00:00","og_image":[{"width":741,"height":1069,"url":"https:\/\/elrincondefehmi.com\/es\/wp-content\/uploads\/2023\/05\/0313-e1697902191638.jpg","type":"image\/jpeg"}],"twitter_card":"summary_large_image","schema":{"@context":"https:\/\/schema.org","@graph":[{"@type":"WebPage","@id":"https:\/\/elrincondefehmi.com\/es\/tienda\/kilim\/kilim-turco\/tienda-de-kilim-en-madrid\/","url":"https:\/\/elrincondefehmi.com\/es\/tienda\/kilim\/kilim-turco\/tienda-de-kilim-en-madrid\/","name":"Tienda de Kilim en Madrid | El Rinc\u00f3n de Fehmi Madrid","isPartOf":{"@id":"https:\/\/elrincondefehmi.com\/es\/#website"},"datePublished":"2023-05-18T06:00:43+00:00","dateModified":"2025-06-30T17:53:28+00:00","description":"Tienda de Kilim en Madrid. Contamos con una gran variedad de tama\u00f1os y modelos de Kilim y alfombras turcas en Madrid.","breadcrumb":{"@id":"https:\/\/elrincondefehmi.com\/es\/tienda\/kilim\/kilim-turco\/tienda-de-kilim-en-madrid\/#breadcrumb"},"inLanguage":"es","potentialAction":[{"@type":"ReadAction","target":["https:\/\/elrincondefehmi.com\/es\/tienda\/kilim\/kilim-turco\/tienda-de-kilim-en-madrid\/"]}]},{"@type":"BreadcrumbList","@id":"https:\/\/elrincondefehmi.com\/es\/tienda\/kilim\/kilim-turco\/tienda-de-kilim-en-madrid\/#breadcrumb","itemListElement":[{"@type":"ListItem","position":1,"name":"PRODUCTOS","item":"https:\/\/elrincondefehmi.com\/es\/all-product\/"},{"@type":"ListItem","position":2,"name":"Kilim turco 201&#215;297 cm"}]},{"@type":"WebSite","@id":"https:\/\/elrincondefehmi.com\/es\/#website","url":"https:\/\/elrincondefehmi.com\/es\/","name":"El Rinc\u00f3n de Fehmi Madrid","description":"Tienda de alfombras en Madrid.  En El Rinc\u00f3n de Fehmi somos especialistas en alfombras artesanales, alfombras modernas contempor\u00e1neas kilims de Turqu\u00eda","potentialAction":[{"@type":"SearchAction","target":{"@type":"EntryPoint","urlTemplate":"https:\/\/elrincondefehmi.com\/es\/?s={search_term_string}"},"query-input":"required name=search_term_string"}],"inLanguage":"es"}]}},"_links":{"self":[{"href":"https:\/\/elrincondefehmi.com\/es\/wp-json\/wp\/v2\/product\/9900"}],"collection":[{"href":"https:\/\/elrincondefehmi.com\/es\/wp-json\/wp\/v2\/product"}],"about":[{"href":"https:\/\/elrincondefehmi.com\/es\/wp-json\/wp\/v2\/types\/product"}],"replies":[{"embeddable":true,"href":"https:\/\/elrincondefehmi.com\/es\/wp-json\/wp\/v2\/comments?post=9900"}],"wp:featuredmedia":[{"embeddable":true,"href":"https:\/\/elrincondefehmi.com\/es\/wp-json\/wp\/v2\/media\/10018"}],"wp:attachment":[{"href":"https:\/\/elrincondefehmi.com\/es\/wp-json\/wp\/v2\/media?parent=9900"}],"wp:term":[{"taxonomy":"product_cat","embeddable":true,"href":"https:\/\/elrincondefehmi.com\/es\/wp-json\/wp\/v2\/product_cat?post=9900"},{"taxonomy":"product_tag","embeddable":true,"href":"https:\/\/elrincondefehmi.com\/es\/wp-json\/wp\/v2\/product_tag?post=9900"}],"curies":[{"name":"wp","href":"https:\/\/api.w.org\/{rel}","templated":true}]}}