{"id":9887,"date":"2023-05-18T06:00:14","date_gmt":"2023-05-18T06:00:14","guid":{"rendered":"https:\/\/elrincondefehmi.com\/es\/?post_type=product&#038;p=9887"},"modified":"2025-06-30T17:53:55","modified_gmt":"2025-06-30T17:53:55","slug":"donde-comprar-kilim-en-madrid","status":"publish","type":"product","link":"https:\/\/elrincondefehmi.com\/es\/tienda\/kilim\/kilim-turco\/donde-comprar-kilim-en-madrid\/","title":{"rendered":"KILIM CICIM 194X331 cm"},"content":{"rendered":"<h1><span style=\"font-size: 75%\">\u00bfDONDE COMPRAR KILIM EN MADRID?<\/span><\/h1>\n<p>Si quieres\u00a0<strong>comprar kilim en Madrid<\/strong>\u00a0con la m\u00e1xima garant\u00eda ven al Rinc\u00f3n de Fehmi, donde importamos directamente de origen verdaderas joyas que est\u00e1n hechas a mano de forma tradicional, utilizando la t\u00e9cnica de anudar original de las tribus n\u00f3madas que las hizo tan reconocidas y con los dise\u00f1os que les confieren cierta atemporalidad por lo que combinan perfectamente con los estilos m\u00e1s actuales de decoraci\u00f3n.<\/p>\n<h2>\u00a0<span style=\"font-size: 85%\">\u00bfQUE ES KILIM?<\/span><\/h2>\n<p>El kilim es una t\u00e9cnica de urdimbre simple. En comparaci\u00f3n con la t\u00e9cnica de anudar de las\u00a0<a href=\"https:\/\/www.elrincondefehmi.com\/es\/categoria-producto\/alfombras\/\">alfombras<\/a>, los kilims se crean a partir de una trama de urdimbre plana. Su origen se remonta a los n\u00f3madas de Asia Central, quienes los usaban como cama, como elemento para montar sus tiendas para resguardarse del desierto o incluso c\u00f3mo maletas. Los dise\u00f1os de estos kilims no estaban basados simplemente en la creatividad de estos n\u00f3madas, si no que estaban basados en simbolismos. Los dibujos significaban acontecimientos, mensajes, creencias y sentimientos. Su confecci\u00f3n era totalmente espont\u00e1nea. Su principal caracter\u00edstica es que son piezas muy livianas y ligeras ya que se dise\u00f1aban para poder ser transportadas.<\/p>\n<h4>OTROS PRODUCTOS Y SERVICIOS<\/h4>\n<p>En El Rinc\u00f3n de Fehmi tambi\u00e9n disponemos una gran colecci\u00f3n de alfombras\u00a0<a href=\"https:\/\/www.elrincondefehmi.com\/es\/categoria-producto\/alfombras\/alfombras-patchwork\/\">Patchwork<\/a>\u00a0,\u00a0<a href=\"https:\/\/www.elrincondefehmi.com\/es\/categoria-producto\/alfombras\/alfombras-vintage\/\">Vintage y alfombras modernas.\u00a0<\/a>Sobre todo si buscas una alfombra Patchwork hecha a medida, te la podemos hacer seg\u00fan el color y tama\u00f1o deseada. En nuestras tiendas tambi\u00e9n te asesoramos para encontrar la alfombra ideal para tu hogar y espacio. Te ofrecemos un servicio de asesoramiento personalizado con el que te resultar\u00e1 m\u00e1s f\u00e1cil el proceso de b\u00fasqueda, adem\u00e1s de ahorrarte tiempo, puesto que disponemos de un gran equipo de profesionales expertos que est\u00e1n a tu disposici\u00f3n para atenderte de forma individualizada y mostrarte los modelos que responden a tus especificaciones. Ademas si deseas podemos llevarte las alfombras a tu casa para probar sin ning\u00fan tipo de compromiso. Por ultimo queremos informarle que realizamos el servicio de\u00a0<a href=\"https:\/\/www.elrincondefehmi.com\/es\/limpieza-y-restauracion-de-alfombras\/\">limpieza y reparaci\u00f3n<\/a> de Alfombras y Kilims..\u00a0<\/p>\n<h1><span style=\"color: #555555\"><span style=\"font-size: 25.6px\">\u00a0\u00a0<\/span><\/span><\/h1>\n","protected":false},"excerpt":{"rendered":"<p>Origen: Turqu\u00eda \/ Centro de Anatolia. Material: Lana. Medidas: 194\u00d7331 cm Hecho a mano. Estado: Semi antiguo\u00a0<\/p>\n<p>\u00a0<\/p>\n","protected":false},"featured_media":10006,"comment_status":"open","ping_status":"closed","template":"","meta":[],"product_cat":[434,16],"product_tag":[391,355,353,352],"yoast_head":"<!-- This site is optimized with the Yoast SEO plugin v21.5 - https:\/\/yoast.com\/wordpress\/plugins\/seo\/ -->\n<title>Donde Comprar Kilim en Madrid | El Rinc\u00f3n de Fehmi Madrid<\/title>\n<meta name=\"description\" content=\"Si quieres\u00a0comprar kilim en Madrid\u00a0con la m\u00e1xima garant\u00eda ven al Rinc\u00f3n de Fehmi, donde importamos directamente de origen..\" \/>\n<meta name=\"robots\" content=\"index, follow, max-snippet:-1, max-image-preview:large, max-video-preview:-1\" \/>\n<link rel=\"canonical\" href=\"https:\/\/elrincondefehmi.com\/es\/tienda\/kilim\/kilim-turco\/donde-comprar-kilim-en-madrid\/\" \/>\n<meta property=\"og:locale\" content=\"es_ES\" \/>\n<meta property=\"og:type\" content=\"article\" \/>\n<meta property=\"og:title\" content=\"Donde Comprar Kilim en Madrid | El Rinc\u00f3n de Fehmi Madrid\" \/>\n<meta property=\"og:description\" content=\"Si quieres\u00a0comprar kilim en Madrid\u00a0con la m\u00e1xima garant\u00eda ven al Rinc\u00f3n de Fehmi, donde importamos directamente de origen..\" \/>\n<meta property=\"og:url\" content=\"https:\/\/elrincondefehmi.com\/es\/tienda\/kilim\/kilim-turco\/donde-comprar-kilim-en-madrid\/\" \/>\n<meta property=\"og:site_name\" content=\"El Rinc\u00f3n de Fehmi Madrid\" \/>\n<meta property=\"article:modified_time\" content=\"2025-06-30T17:53:55+00:00\" \/>\n<meta property=\"og:image\" content=\"https:\/\/elrincondefehmi.com\/es\/wp-content\/uploads\/2023\/05\/92849-e1698252143867.jpg\" \/>\n\t<meta property=\"og:image:width\" content=\"770\" \/>\n\t<meta property=\"og:image:height\" content=\"1069\" \/>\n\t<meta property=\"og:image:type\" content=\"image\/jpeg\" \/>\n<meta name=\"twitter:card\" content=\"summary_large_image\" \/>\n<script type=\"application\/ld+json\" class=\"yoast-schema-graph\">{\"@context\":\"https:\/\/schema.org\",\"@graph\":[{\"@type\":\"WebPage\",\"@id\":\"https:\/\/elrincondefehmi.com\/es\/tienda\/kilim\/kilim-turco\/donde-comprar-kilim-en-madrid\/\",\"url\":\"https:\/\/elrincondefehmi.com\/es\/tienda\/kilim\/kilim-turco\/donde-comprar-kilim-en-madrid\/\",\"name\":\"Donde Comprar Kilim en Madrid | El Rinc\u00f3n de Fehmi Madrid\",\"isPartOf\":{\"@id\":\"https:\/\/elrincondefehmi.com\/es\/#website\"},\"datePublished\":\"2023-05-18T06:00:14+00:00\",\"dateModified\":\"2025-06-30T17:53:55+00:00\",\"description\":\"Si quieres\u00a0comprar kilim en Madrid\u00a0con la m\u00e1xima garant\u00eda ven al Rinc\u00f3n de Fehmi, donde importamos directamente de origen..\",\"breadcrumb\":{\"@id\":\"https:\/\/elrincondefehmi.com\/es\/tienda\/kilim\/kilim-turco\/donde-comprar-kilim-en-madrid\/#breadcrumb\"},\"inLanguage\":\"es\",\"potentialAction\":[{\"@type\":\"ReadAction\",\"target\":[\"https:\/\/elrincondefehmi.com\/es\/tienda\/kilim\/kilim-turco\/donde-comprar-kilim-en-madrid\/\"]}]},{\"@type\":\"BreadcrumbList\",\"@id\":\"https:\/\/elrincondefehmi.com\/es\/tienda\/kilim\/kilim-turco\/donde-comprar-kilim-en-madrid\/#breadcrumb\",\"itemListElement\":[{\"@type\":\"ListItem\",\"position\":1,\"name\":\"PRODUCTOS\",\"item\":\"https:\/\/elrincondefehmi.com\/es\/all-product\/\"},{\"@type\":\"ListItem\",\"position\":2,\"name\":\"KILIM CICIM 194X331 cm\"}]},{\"@type\":\"WebSite\",\"@id\":\"https:\/\/elrincondefehmi.com\/es\/#website\",\"url\":\"https:\/\/elrincondefehmi.com\/es\/\",\"name\":\"El Rinc\u00f3n de Fehmi Madrid\",\"description\":\"Tienda de alfombras en Madrid.  En El Rinc\u00f3n de Fehmi somos especialistas en alfombras artesanales, alfombras modernas contempor\u00e1neas kilims de Turqu\u00eda\",\"potentialAction\":[{\"@type\":\"SearchAction\",\"target\":{\"@type\":\"EntryPoint\",\"urlTemplate\":\"https:\/\/elrincondefehmi.com\/es\/?s={search_term_string}\"},\"query-input\":\"required name=search_term_string\"}],\"inLanguage\":\"es\"}]}<\/script>\n<!-- \/ Yoast SEO plugin. -->","yoast_head_json":{"title":"Donde Comprar Kilim en Madrid | El Rinc\u00f3n de Fehmi Madrid","description":"Si quieres\u00a0comprar kilim en Madrid\u00a0con la m\u00e1xima garant\u00eda ven al Rinc\u00f3n de Fehmi, donde importamos directamente de origen..","robots":{"index":"index","follow":"follow","max-snippet":"max-snippet:-1","max-image-preview":"max-image-preview:large","max-video-preview":"max-video-preview:-1"},"canonical":"https:\/\/elrincondefehmi.com\/es\/tienda\/kilim\/kilim-turco\/donde-comprar-kilim-en-madrid\/","og_locale":"es_ES","og_type":"article","og_title":"Donde Comprar Kilim en Madrid | El Rinc\u00f3n de Fehmi Madrid","og_description":"Si quieres\u00a0comprar kilim en Madrid\u00a0con la m\u00e1xima garant\u00eda ven al Rinc\u00f3n de Fehmi, donde importamos directamente de origen..","og_url":"https:\/\/elrincondefehmi.com\/es\/tienda\/kilim\/kilim-turco\/donde-comprar-kilim-en-madrid\/","og_site_name":"El Rinc\u00f3n de Fehmi Madrid","article_modified_time":"2025-06-30T17:53:55+00:00","og_image":[{"width":770,"height":1069,"url":"https:\/\/elrincondefehmi.com\/es\/wp-content\/uploads\/2023\/05\/92849-e1698252143867.jpg","type":"image\/jpeg"}],"twitter_card":"summary_large_image","schema":{"@context":"https:\/\/schema.org","@graph":[{"@type":"WebPage","@id":"https:\/\/elrincondefehmi.com\/es\/tienda\/kilim\/kilim-turco\/donde-comprar-kilim-en-madrid\/","url":"https:\/\/elrincondefehmi.com\/es\/tienda\/kilim\/kilim-turco\/donde-comprar-kilim-en-madrid\/","name":"Donde Comprar Kilim en Madrid | El Rinc\u00f3n de Fehmi Madrid","isPartOf":{"@id":"https:\/\/elrincondefehmi.com\/es\/#website"},"datePublished":"2023-05-18T06:00:14+00:00","dateModified":"2025-06-30T17:53:55+00:00","description":"Si quieres\u00a0comprar kilim en Madrid\u00a0con la m\u00e1xima garant\u00eda ven al Rinc\u00f3n de Fehmi, donde importamos directamente de origen..","breadcrumb":{"@id":"https:\/\/elrincondefehmi.com\/es\/tienda\/kilim\/kilim-turco\/donde-comprar-kilim-en-madrid\/#breadcrumb"},"inLanguage":"es","potentialAction":[{"@type":"ReadAction","target":["https:\/\/elrincondefehmi.com\/es\/tienda\/kilim\/kilim-turco\/donde-comprar-kilim-en-madrid\/"]}]},{"@type":"BreadcrumbList","@id":"https:\/\/elrincondefehmi.com\/es\/tienda\/kilim\/kilim-turco\/donde-comprar-kilim-en-madrid\/#breadcrumb","itemListElement":[{"@type":"ListItem","position":1,"name":"PRODUCTOS","item":"https:\/\/elrincondefehmi.com\/es\/all-product\/"},{"@type":"ListItem","position":2,"name":"KILIM CICIM 194X331 cm"}]},{"@type":"WebSite","@id":"https:\/\/elrincondefehmi.com\/es\/#website","url":"https:\/\/elrincondefehmi.com\/es\/","name":"El Rinc\u00f3n de Fehmi Madrid","description":"Tienda de alfombras en Madrid.  En El Rinc\u00f3n de Fehmi somos especialistas en alfombras artesanales, alfombras modernas contempor\u00e1neas kilims de Turqu\u00eda","potentialAction":[{"@type":"SearchAction","target":{"@type":"EntryPoint","urlTemplate":"https:\/\/elrincondefehmi.com\/es\/?s={search_term_string}"},"query-input":"required name=search_term_string"}],"inLanguage":"es"}]}},"_links":{"self":[{"href":"https:\/\/elrincondefehmi.com\/es\/wp-json\/wp\/v2\/product\/9887"}],"collection":[{"href":"https:\/\/elrincondefehmi.com\/es\/wp-json\/wp\/v2\/product"}],"about":[{"href":"https:\/\/elrincondefehmi.com\/es\/wp-json\/wp\/v2\/types\/product"}],"replies":[{"embeddable":true,"href":"https:\/\/elrincondefehmi.com\/es\/wp-json\/wp\/v2\/comments?post=9887"}],"wp:featuredmedia":[{"embeddable":true,"href":"https:\/\/elrincondefehmi.com\/es\/wp-json\/wp\/v2\/media\/10006"}],"wp:attachment":[{"href":"https:\/\/elrincondefehmi.com\/es\/wp-json\/wp\/v2\/media?parent=9887"}],"wp:term":[{"taxonomy":"product_cat","embeddable":true,"href":"https:\/\/elrincondefehmi.com\/es\/wp-json\/wp\/v2\/product_cat?post=9887"},{"taxonomy":"product_tag","embeddable":true,"href":"https:\/\/elrincondefehmi.com\/es\/wp-json\/wp\/v2\/product_tag?post=9887"}],"curies":[{"name":"wp","href":"https:\/\/api.w.org\/{rel}","templated":true}]}}