{"id":9872,"date":"2023-05-18T05:59:39","date_gmt":"2023-05-18T05:59:39","guid":{"rendered":"https:\/\/elrincondefehmi.com\/es\/?post_type=product&#038;p=9872"},"modified":"2023-06-15T23:03:34","modified_gmt":"2023-06-15T23:03:34","slug":"kilim-loafers-109","status":"publish","type":"product","link":"https:\/\/elrincondefehmi.com\/es\/tienda\/kilim-shoes\/loafers\/kilim-loafers-109\/","title":{"rendered":"Kilim Loafers 109"},"content":{"rendered":"<p>[:es]<\/p>\n<h1>SOBRE NUESTROS ZAPATOS DE KILIM<\/h1>\n<p>Nuestros zapatos se fabrican de manera artesanal con los aut\u00e9nticos KILIMS originales de Turqu\u00eda.<\/p>\n<p>Todos nuestros zapatos est\u00e1n hechos de cuero, piel y por supuesto kilim, es este \u00faltimo material lo que los hace tan aut\u00e9nticos y especiales, se consigue la tela de semi antiguas kilims por lo que es muy dif\u00edcil, casi imposible, conseguir dos pares iguales\u2026<\/p>\n<h2>NUESTROS PRODUCTOS<\/h2>\n<p>Todos nuestros productos son muy c\u00f3modos e ideales tanto como para mujeres, hombres y ni\u00f1os.<\/p>\n<p>En el Rinc\u00f3n de Fehmi somos expertos en aut\u00e9nticas alfombras, kilims y productos artesanales.[:en]ABOUT OUR KILIM LOAFERS<\/p>\n<div class=\"tab-panels\">\n<div id=\"tab-description\" class=\"panel entry-content active\">\n<p>Our shoes are handcrafted with the authentic original KILIMS from Turkey. Leather sole, leather inside and outside 100% wool KILIM.<\/p>\n<p>All our shoes are made of leather, leather and of course kilim, it is this last material that makes them so authentic and special, you get the fabric of semi old kilims, so it is very difficult, almost impossible, to get two equal pairs\u2026<\/p>\n<h2>ORIGINAL KILIM SHOES<\/h2>\n<p>All our shoes are a cult favorite amongst fashionable and worldly women, men, and children for their comfort and originality.<\/p>\n<p>Rinc\u00f3n de Fehmi we are expert in authentic Carpets, Kilims and handcrafted products.<\/p>\n<\/div>\n<\/div>\n<p>[:]<\/p>\n","protected":false},"excerpt":{"rendered":"<p>[:es]Material: Kilim \/ Lana<\/p>\n<p>Interior: Piel<\/p>\n<p>Suela: Cuero[:en]Material: Kilim \/ Wool<\/p>\n<p>Inside: Leather<\/p>\n<p>Sole: Leather[:]<\/p>\n","protected":false},"featured_media":9998,"comment_status":"open","ping_status":"closed","template":"","meta":[],"product_cat":[138,133],"product_tag":[140,135,201,200,136,139],"yoast_head":"<!-- This site is optimized with the Yoast SEO plugin v21.5 - https:\/\/yoast.com\/wordpress\/plugins\/seo\/ -->\n<title>Alfombras y Kilims en Madrid | El Rinc\u00f3n de Fehmi Madrid<\/title>\n<meta name=\"robots\" content=\"index, follow, max-snippet:-1, max-image-preview:large, max-video-preview:-1\" \/>\n<link rel=\"canonical\" href=\"https:\/\/elrincondefehmi.com\/es\/tienda\/kilim-shoes\/loafers\/kilim-loafers-109\/\" \/>\n<meta property=\"og:locale\" content=\"es_ES\" \/>\n<meta property=\"og:type\" content=\"article\" \/>\n<meta property=\"og:title\" content=\"Alfombras y Kilims en Madrid | El Rinc\u00f3n de Fehmi Madrid\" \/>\n<meta property=\"og:description\" content=\"[:es]Material: Kilim \/ Lana  Interior: Piel  Suela: Cuero[:en]Material: Kilim \/ Wool  Inside: Leather  Sole: Leather[:]\" \/>\n<meta property=\"og:url\" content=\"https:\/\/elrincondefehmi.com\/es\/tienda\/kilim-shoes\/loafers\/kilim-loafers-109\/\" \/>\n<meta property=\"og:site_name\" content=\"El Rinc\u00f3n de Fehmi Madrid\" \/>\n<meta property=\"article:modified_time\" content=\"2023-06-15T23:03:34+00:00\" \/>\n<meta property=\"og:image\" content=\"https:\/\/elrincondefehmi.com\/es\/wp-content\/uploads\/2023\/05\/1-8-e1672657987850.jpg\" \/>\n\t<meta property=\"og:image:width\" content=\"2131\" \/>\n\t<meta property=\"og:image:height\" content=\"1868\" \/>\n\t<meta property=\"og:image:type\" content=\"image\/jpeg\" \/>\n<meta name=\"twitter:card\" content=\"summary_large_image\" \/>\n<script type=\"application\/ld+json\" class=\"yoast-schema-graph\">{\"@context\":\"https:\/\/schema.org\",\"@graph\":[{\"@type\":\"WebPage\",\"@id\":\"https:\/\/elrincondefehmi.com\/es\/tienda\/kilim-shoes\/loafers\/kilim-loafers-109\/\",\"url\":\"https:\/\/elrincondefehmi.com\/es\/tienda\/kilim-shoes\/loafers\/kilim-loafers-109\/\",\"name\":\"Alfombras y Kilims en Madrid | El Rinc\u00f3n de Fehmi Madrid\",\"isPartOf\":{\"@id\":\"https:\/\/elrincondefehmi.com\/es\/#website\"},\"datePublished\":\"2023-05-18T05:59:39+00:00\",\"dateModified\":\"2023-06-15T23:03:34+00:00\",\"breadcrumb\":{\"@id\":\"https:\/\/elrincondefehmi.com\/es\/tienda\/kilim-shoes\/loafers\/kilim-loafers-109\/#breadcrumb\"},\"inLanguage\":\"es\",\"potentialAction\":[{\"@type\":\"ReadAction\",\"target\":[\"https:\/\/elrincondefehmi.com\/es\/tienda\/kilim-shoes\/loafers\/kilim-loafers-109\/\"]}]},{\"@type\":\"BreadcrumbList\",\"@id\":\"https:\/\/elrincondefehmi.com\/es\/tienda\/kilim-shoes\/loafers\/kilim-loafers-109\/#breadcrumb\",\"itemListElement\":[{\"@type\":\"ListItem\",\"position\":1,\"name\":\"PRODUCTOS\",\"item\":\"https:\/\/elrincondefehmi.com\/es\/all-product\/\"},{\"@type\":\"ListItem\",\"position\":2,\"name\":\"Kilim Loafers 109\"}]},{\"@type\":\"WebSite\",\"@id\":\"https:\/\/elrincondefehmi.com\/es\/#website\",\"url\":\"https:\/\/elrincondefehmi.com\/es\/\",\"name\":\"El Rinc\u00f3n de Fehmi Madrid\",\"description\":\"Tienda de alfombras en Madrid.  En El Rinc\u00f3n de Fehmi somos especialistas en alfombras artesanales, alfombras modernas contempor\u00e1neas kilims de Turqu\u00eda\",\"potentialAction\":[{\"@type\":\"SearchAction\",\"target\":{\"@type\":\"EntryPoint\",\"urlTemplate\":\"https:\/\/elrincondefehmi.com\/es\/?s={search_term_string}\"},\"query-input\":\"required name=search_term_string\"}],\"inLanguage\":\"es\"}]}<\/script>\n<!-- \/ Yoast SEO plugin. -->","yoast_head_json":{"title":"Alfombras y Kilims en Madrid | El Rinc\u00f3n de Fehmi Madrid","robots":{"index":"index","follow":"follow","max-snippet":"max-snippet:-1","max-image-preview":"max-image-preview:large","max-video-preview":"max-video-preview:-1"},"canonical":"https:\/\/elrincondefehmi.com\/es\/tienda\/kilim-shoes\/loafers\/kilim-loafers-109\/","og_locale":"es_ES","og_type":"article","og_title":"Alfombras y Kilims en Madrid | El Rinc\u00f3n de Fehmi Madrid","og_description":"[:es]Material: Kilim \/ Lana  Interior: Piel  Suela: Cuero[:en]Material: Kilim \/ Wool  Inside: Leather  Sole: Leather[:]","og_url":"https:\/\/elrincondefehmi.com\/es\/tienda\/kilim-shoes\/loafers\/kilim-loafers-109\/","og_site_name":"El Rinc\u00f3n de Fehmi Madrid","article_modified_time":"2023-06-15T23:03:34+00:00","og_image":[{"width":2131,"height":1868,"url":"https:\/\/elrincondefehmi.com\/es\/wp-content\/uploads\/2023\/05\/1-8-e1672657987850.jpg","type":"image\/jpeg"}],"twitter_card":"summary_large_image","schema":{"@context":"https:\/\/schema.org","@graph":[{"@type":"WebPage","@id":"https:\/\/elrincondefehmi.com\/es\/tienda\/kilim-shoes\/loafers\/kilim-loafers-109\/","url":"https:\/\/elrincondefehmi.com\/es\/tienda\/kilim-shoes\/loafers\/kilim-loafers-109\/","name":"Alfombras y Kilims en Madrid | El Rinc\u00f3n de Fehmi Madrid","isPartOf":{"@id":"https:\/\/elrincondefehmi.com\/es\/#website"},"datePublished":"2023-05-18T05:59:39+00:00","dateModified":"2023-06-15T23:03:34+00:00","breadcrumb":{"@id":"https:\/\/elrincondefehmi.com\/es\/tienda\/kilim-shoes\/loafers\/kilim-loafers-109\/#breadcrumb"},"inLanguage":"es","potentialAction":[{"@type":"ReadAction","target":["https:\/\/elrincondefehmi.com\/es\/tienda\/kilim-shoes\/loafers\/kilim-loafers-109\/"]}]},{"@type":"BreadcrumbList","@id":"https:\/\/elrincondefehmi.com\/es\/tienda\/kilim-shoes\/loafers\/kilim-loafers-109\/#breadcrumb","itemListElement":[{"@type":"ListItem","position":1,"name":"PRODUCTOS","item":"https:\/\/elrincondefehmi.com\/es\/all-product\/"},{"@type":"ListItem","position":2,"name":"Kilim Loafers 109"}]},{"@type":"WebSite","@id":"https:\/\/elrincondefehmi.com\/es\/#website","url":"https:\/\/elrincondefehmi.com\/es\/","name":"El Rinc\u00f3n de Fehmi Madrid","description":"Tienda de alfombras en Madrid.  En El Rinc\u00f3n de Fehmi somos especialistas en alfombras artesanales, alfombras modernas contempor\u00e1neas kilims de Turqu\u00eda","potentialAction":[{"@type":"SearchAction","target":{"@type":"EntryPoint","urlTemplate":"https:\/\/elrincondefehmi.com\/es\/?s={search_term_string}"},"query-input":"required name=search_term_string"}],"inLanguage":"es"}]}},"_links":{"self":[{"href":"https:\/\/elrincondefehmi.com\/es\/wp-json\/wp\/v2\/product\/9872"}],"collection":[{"href":"https:\/\/elrincondefehmi.com\/es\/wp-json\/wp\/v2\/product"}],"about":[{"href":"https:\/\/elrincondefehmi.com\/es\/wp-json\/wp\/v2\/types\/product"}],"replies":[{"embeddable":true,"href":"https:\/\/elrincondefehmi.com\/es\/wp-json\/wp\/v2\/comments?post=9872"}],"wp:featuredmedia":[{"embeddable":true,"href":"https:\/\/elrincondefehmi.com\/es\/wp-json\/wp\/v2\/media\/9998"}],"wp:attachment":[{"href":"https:\/\/elrincondefehmi.com\/es\/wp-json\/wp\/v2\/media?parent=9872"}],"wp:term":[{"taxonomy":"product_cat","embeddable":true,"href":"https:\/\/elrincondefehmi.com\/es\/wp-json\/wp\/v2\/product_cat?post=9872"},{"taxonomy":"product_tag","embeddable":true,"href":"https:\/\/elrincondefehmi.com\/es\/wp-json\/wp\/v2\/product_tag?post=9872"}],"curies":[{"name":"wp","href":"https:\/\/api.w.org\/{rel}","templated":true}]}}