{"id":970,"date":"2023-05-18T00:26:52","date_gmt":"2023-05-18T00:26:52","guid":{"rendered":"https:\/\/elrincondefehmi.com\/es\/?post_type=product&#038;p=970"},"modified":"2025-07-01T12:29:40","modified_gmt":"2025-07-01T12:29:40","slug":"cicim-kilim-128-x-075-cm","status":"publish","type":"product","link":"https:\/\/elrincondefehmi.com\/es\/tienda\/kilim\/kilim-turco\/cicim-kilim-128-x-075-cm\/","title":{"rendered":"Kilim bordado cicim 82&#215;141 cm"},"content":{"rendered":"<div class=\"flex flex-grow flex-col max-w-full\">\n<div class=\"min-h-[20px] text-message flex flex-col items-start whitespace-pre-wrap break-words [.text-message+&amp;]:mt-5 juice:w-full juice:items-end overflow-x-auto gap-2\" dir=\"auto\" data-message-author-role=\"assistant\" data-message-id=\"a61da071-eafa-4067-a1a4-1e26c78e8412\">\n<div class=\"flex w-full flex-col gap-1 juice:empty:hidden juice:first:pt-[3px]\">\n<div class=\"markdown prose w-full break-words dark:prose-invert light\">Este encantador kilim cicim es un ejemplo exquisito de la t\u00e9cnica de bordado tradicional utilizada en el centro de Anatolia, Turqu\u00eda. Con unas dimensiones de 82&#215;141 cm, este kilim peque\u00f1o destaca por su dise\u00f1o altamente decorativo y sus vibrantes colores. La t\u00e9cnica cicim implica el uso de un bordado adicional sobre la estructura tejida b\u00e1sica del kilim, creando texturas y patrones que a\u00f1aden profundidad y riqueza visual. El dise\u00f1o presenta una serie de motivos geom\u00e9tricos dispuestos en filas ordenadas, cada uno enmarcado en un fondo rojo intenso. Los colores incluyen tonos de verde, azul, amarillo, rosa y blanco, que aportan un contraste vibrante y atractivo. Los patrones geom\u00e9tricos de este kilim no solo son visualmente impactantes, sino que tambi\u00e9n tienen significados culturales profundos, a menudo relacionados con la protecci\u00f3n, la fertilidad y la prosperidad. Este kilim cicim es una pieza vers\u00e1til que puede ser utilizada tanto como elemento decorativo en paredes como una alfombra destacada en espacios peque\u00f1os. Los kilims de esta regi\u00f3n son valorados por su artesan\u00eda meticulosa y la calidad de los materiales, en este caso, la lana hilada a mano y te\u00f1ida con colores naturales. La autenticidad y la historia que encapsula este kilim cicim lo convierten en una adici\u00f3n valiosa a cualquier colecci\u00f3n de textiles. Su origen en el coraz\u00f3n de Anatolia le confiere un valor cultural y art\u00edstico significativo, ofreciendo una conexi\u00f3n tangible con las tradiciones artesanales de Turqu\u00eda. Si est\u00e1s buscando comprar kilims peque\u00f1os, esta pieza es una elecci\u00f3n excepcional que combina belleza, historia y calidad artesanal.<\/div>\n<\/div>\n<\/div>\n<\/div>\n","protected":false},"excerpt":{"rendered":"<p>Origen: Turquia \/ Cicim Kilim, centro de Anatolia Material: Lana Medidas: 82&#215;141 cm Hecho a mano<\/p>\n","protected":false},"featured_media":24596,"comment_status":"open","ping_status":"closed","template":"","meta":[],"product_cat":[434,16],"product_tag":[391,355,353,352],"yoast_head":"<!-- This site is optimized with the Yoast SEO plugin v21.5 - https:\/\/yoast.com\/wordpress\/plugins\/seo\/ -->\n<title>Comprar Kilims Peque\u00f1os | El Rinc\u00f3n de Fehmi Madrid<\/title>\n<meta name=\"description\" content=\"Este encantador kilim cicim es un ejemplo exquisito de la t\u00e9cnica de bordado tradicional utilizada en el centro de Anatolia, Turqu\u00eda.\" \/>\n<meta name=\"robots\" content=\"index, follow, max-snippet:-1, max-image-preview:large, max-video-preview:-1\" \/>\n<link rel=\"canonical\" href=\"https:\/\/elrincondefehmi.com\/es\/tienda\/kilim\/kilim-turco\/cicim-kilim-128-x-075-cm\/\" \/>\n<meta property=\"og:locale\" content=\"es_ES\" \/>\n<meta property=\"og:type\" content=\"article\" \/>\n<meta property=\"og:title\" content=\"Comprar Kilims Peque\u00f1os | El Rinc\u00f3n de Fehmi Madrid\" \/>\n<meta property=\"og:description\" content=\"Este encantador kilim cicim es un ejemplo exquisito de la t\u00e9cnica de bordado tradicional utilizada en el centro de Anatolia, Turqu\u00eda.\" \/>\n<meta property=\"og:url\" content=\"https:\/\/elrincondefehmi.com\/es\/tienda\/kilim\/kilim-turco\/cicim-kilim-128-x-075-cm\/\" \/>\n<meta property=\"og:site_name\" content=\"El Rinc\u00f3n de Fehmi Madrid\" \/>\n<meta property=\"article:modified_time\" content=\"2025-07-01T12:29:40+00:00\" \/>\n<meta property=\"og:image\" content=\"https:\/\/elrincondefehmi.com\/es\/wp-content\/uploads\/2023\/05\/IMG_3753.jpg\" \/>\n\t<meta property=\"og:image:width\" content=\"750\" \/>\n\t<meta property=\"og:image:height\" content=\"1050\" \/>\n\t<meta property=\"og:image:type\" content=\"image\/jpeg\" \/>\n<meta name=\"twitter:card\" content=\"summary_large_image\" \/>\n<script type=\"application\/ld+json\" class=\"yoast-schema-graph\">{\"@context\":\"https:\/\/schema.org\",\"@graph\":[{\"@type\":\"WebPage\",\"@id\":\"https:\/\/elrincondefehmi.com\/es\/tienda\/kilim\/kilim-turco\/cicim-kilim-128-x-075-cm\/\",\"url\":\"https:\/\/elrincondefehmi.com\/es\/tienda\/kilim\/kilim-turco\/cicim-kilim-128-x-075-cm\/\",\"name\":\"Comprar Kilims Peque\u00f1os | El Rinc\u00f3n de Fehmi Madrid\",\"isPartOf\":{\"@id\":\"https:\/\/elrincondefehmi.com\/es\/#website\"},\"datePublished\":\"2023-05-18T00:26:52+00:00\",\"dateModified\":\"2025-07-01T12:29:40+00:00\",\"description\":\"Este encantador kilim cicim es un ejemplo exquisito de la t\u00e9cnica de bordado tradicional utilizada en el centro de Anatolia, Turqu\u00eda.\",\"breadcrumb\":{\"@id\":\"https:\/\/elrincondefehmi.com\/es\/tienda\/kilim\/kilim-turco\/cicim-kilim-128-x-075-cm\/#breadcrumb\"},\"inLanguage\":\"es\",\"potentialAction\":[{\"@type\":\"ReadAction\",\"target\":[\"https:\/\/elrincondefehmi.com\/es\/tienda\/kilim\/kilim-turco\/cicim-kilim-128-x-075-cm\/\"]}]},{\"@type\":\"BreadcrumbList\",\"@id\":\"https:\/\/elrincondefehmi.com\/es\/tienda\/kilim\/kilim-turco\/cicim-kilim-128-x-075-cm\/#breadcrumb\",\"itemListElement\":[{\"@type\":\"ListItem\",\"position\":1,\"name\":\"PRODUCTOS\",\"item\":\"https:\/\/elrincondefehmi.com\/es\/all-product\/\"},{\"@type\":\"ListItem\",\"position\":2,\"name\":\"Kilim bordado cicim 82&#215;141 cm\"}]},{\"@type\":\"WebSite\",\"@id\":\"https:\/\/elrincondefehmi.com\/es\/#website\",\"url\":\"https:\/\/elrincondefehmi.com\/es\/\",\"name\":\"El Rinc\u00f3n de Fehmi Madrid\",\"description\":\"Tienda de alfombras en Madrid.  En El Rinc\u00f3n de Fehmi somos especialistas en alfombras artesanales, alfombras modernas contempor\u00e1neas kilims de Turqu\u00eda\",\"potentialAction\":[{\"@type\":\"SearchAction\",\"target\":{\"@type\":\"EntryPoint\",\"urlTemplate\":\"https:\/\/elrincondefehmi.com\/es\/?s={search_term_string}\"},\"query-input\":\"required name=search_term_string\"}],\"inLanguage\":\"es\"}]}<\/script>\n<!-- \/ Yoast SEO plugin. -->","yoast_head_json":{"title":"Comprar Kilims Peque\u00f1os | El Rinc\u00f3n de Fehmi Madrid","description":"Este encantador kilim cicim es un ejemplo exquisito de la t\u00e9cnica de bordado tradicional utilizada en el centro de Anatolia, Turqu\u00eda.","robots":{"index":"index","follow":"follow","max-snippet":"max-snippet:-1","max-image-preview":"max-image-preview:large","max-video-preview":"max-video-preview:-1"},"canonical":"https:\/\/elrincondefehmi.com\/es\/tienda\/kilim\/kilim-turco\/cicim-kilim-128-x-075-cm\/","og_locale":"es_ES","og_type":"article","og_title":"Comprar Kilims Peque\u00f1os | El Rinc\u00f3n de Fehmi Madrid","og_description":"Este encantador kilim cicim es un ejemplo exquisito de la t\u00e9cnica de bordado tradicional utilizada en el centro de Anatolia, Turqu\u00eda.","og_url":"https:\/\/elrincondefehmi.com\/es\/tienda\/kilim\/kilim-turco\/cicim-kilim-128-x-075-cm\/","og_site_name":"El Rinc\u00f3n de Fehmi Madrid","article_modified_time":"2025-07-01T12:29:40+00:00","og_image":[{"width":750,"height":1050,"url":"https:\/\/elrincondefehmi.com\/es\/wp-content\/uploads\/2023\/05\/IMG_3753.jpg","type":"image\/jpeg"}],"twitter_card":"summary_large_image","schema":{"@context":"https:\/\/schema.org","@graph":[{"@type":"WebPage","@id":"https:\/\/elrincondefehmi.com\/es\/tienda\/kilim\/kilim-turco\/cicim-kilim-128-x-075-cm\/","url":"https:\/\/elrincondefehmi.com\/es\/tienda\/kilim\/kilim-turco\/cicim-kilim-128-x-075-cm\/","name":"Comprar Kilims Peque\u00f1os | El Rinc\u00f3n de Fehmi Madrid","isPartOf":{"@id":"https:\/\/elrincondefehmi.com\/es\/#website"},"datePublished":"2023-05-18T00:26:52+00:00","dateModified":"2025-07-01T12:29:40+00:00","description":"Este encantador kilim cicim es un ejemplo exquisito de la t\u00e9cnica de bordado tradicional utilizada en el centro de Anatolia, Turqu\u00eda.","breadcrumb":{"@id":"https:\/\/elrincondefehmi.com\/es\/tienda\/kilim\/kilim-turco\/cicim-kilim-128-x-075-cm\/#breadcrumb"},"inLanguage":"es","potentialAction":[{"@type":"ReadAction","target":["https:\/\/elrincondefehmi.com\/es\/tienda\/kilim\/kilim-turco\/cicim-kilim-128-x-075-cm\/"]}]},{"@type":"BreadcrumbList","@id":"https:\/\/elrincondefehmi.com\/es\/tienda\/kilim\/kilim-turco\/cicim-kilim-128-x-075-cm\/#breadcrumb","itemListElement":[{"@type":"ListItem","position":1,"name":"PRODUCTOS","item":"https:\/\/elrincondefehmi.com\/es\/all-product\/"},{"@type":"ListItem","position":2,"name":"Kilim bordado cicim 82&#215;141 cm"}]},{"@type":"WebSite","@id":"https:\/\/elrincondefehmi.com\/es\/#website","url":"https:\/\/elrincondefehmi.com\/es\/","name":"El Rinc\u00f3n de Fehmi Madrid","description":"Tienda de alfombras en Madrid.  En El Rinc\u00f3n de Fehmi somos especialistas en alfombras artesanales, alfombras modernas contempor\u00e1neas kilims de Turqu\u00eda","potentialAction":[{"@type":"SearchAction","target":{"@type":"EntryPoint","urlTemplate":"https:\/\/elrincondefehmi.com\/es\/?s={search_term_string}"},"query-input":"required name=search_term_string"}],"inLanguage":"es"}]}},"_links":{"self":[{"href":"https:\/\/elrincondefehmi.com\/es\/wp-json\/wp\/v2\/product\/970"}],"collection":[{"href":"https:\/\/elrincondefehmi.com\/es\/wp-json\/wp\/v2\/product"}],"about":[{"href":"https:\/\/elrincondefehmi.com\/es\/wp-json\/wp\/v2\/types\/product"}],"replies":[{"embeddable":true,"href":"https:\/\/elrincondefehmi.com\/es\/wp-json\/wp\/v2\/comments?post=970"}],"wp:featuredmedia":[{"embeddable":true,"href":"https:\/\/elrincondefehmi.com\/es\/wp-json\/wp\/v2\/media\/24596"}],"wp:attachment":[{"href":"https:\/\/elrincondefehmi.com\/es\/wp-json\/wp\/v2\/media?parent=970"}],"wp:term":[{"taxonomy":"product_cat","embeddable":true,"href":"https:\/\/elrincondefehmi.com\/es\/wp-json\/wp\/v2\/product_cat?post=970"},{"taxonomy":"product_tag","embeddable":true,"href":"https:\/\/elrincondefehmi.com\/es\/wp-json\/wp\/v2\/product_tag?post=970"}],"curies":[{"name":"wp","href":"https:\/\/api.w.org\/{rel}","templated":true}]}}