{"id":9645,"date":"2023-05-18T05:51:58","date_gmt":"2023-05-18T05:51:58","guid":{"rendered":"https:\/\/elrincondefehmi.com\/es\/?post_type=product&#038;p=9645"},"modified":"2024-05-06T10:06:00","modified_gmt":"2024-05-06T10:06:00","slug":"alfombra-diseno-abstracto","status":"publish","type":"product","link":"https:\/\/elrincondefehmi.com\/es\/tienda\/alfombras-turcas\/alfombras-modernas\/alfombra-diseno-abstracto\/","title":{"rendered":"FINE BLUE 176"},"content":{"rendered":"<div class=\"product-short-description\">\n<h1>ALFOMBRA DISE\u00d1O ABSTRACTO<\/h1>\n<p>\u00a1Quieres comprar una Alfombra Dise\u00f1o Abstracto! Sum\u00e9rgete en la elegancia moderna con nuestra impresionante alfombra de estilo contempor\u00e1neo. Las tonalidades azules, beige y crema se combinan en un armonioso juego de colores que a\u00f1ade sofisticaci\u00f3n a cualquier espacio. Con su dise\u00f1o vanguardista y atemporal, esta alfombra es el complemento perfecto para aquellos que buscan un toque de estilo \u00fanico. Fabricada con materiales de alta calidad, su textura suave y acogedora brinda una experiencia de confort incomparable. Ya sea en el sal\u00f3n, el dormitorio o la sala de estar, esta alfombra de tonalidades azules, beige y crema se convertir\u00e1 en el centro de atenci\u00f3n, aportando una sensaci\u00f3n de frescura y calidez a tu hogar. Descubre la fusi\u00f3n perfecta entre modernidad y elegancia en cada detalle de esta cautivadora alfombra.En nuestras tiendas tenemos una amplia colecci\u00f3n de\u00a0\u00a0alfombras modernas de alta calidad. Ven a visitarnos,\u00a0 estaremos encantados de conocerle. Te ayudamos y aconsejamos a seleccionar la alfombra que m\u00e1s se adapte a tus espacios y tu estilo.<\/p>\n<p>TODAS NUESTRAS ALFOMBRAS ESTAN HECHAS CON FIBRAS NATURALES:<\/p>\n<p>Utilizamos siempre colores vegetales con fibras naturales como la lana, el algod\u00f3n, bamboo seda, la viscosa y la seda. Por lo tanto, todas las etapas de elaboraci\u00f3n de nuestras alfombras est\u00e1n hechas con materiales de alta calidad.<\/p>\n<p>NUESTRAS ALFOMBRAS DISE\u00d1O ABSTRACTO<\/p>\n<p>Para conseguir un dise\u00f1o ideal, mezclamos los dise\u00f1os cl\u00e1sicos con los dise\u00f1os modernos con estampados aun menos definidos o m\u00e1s difuminados. Los diferentes colores y tama\u00f1os son capaces de adaptarse a los gustos y necesidades de cada cliente. Por eso raz\u00f3n las consideramos como alfombras \u00fanicas y llenas de personalidad.<\/p>\n<p>NUESTRO FILOSOFIA<\/p>\n<p>Nuestros valores se remontan a la filosof\u00eda, tradici\u00f3n y artesan\u00eda turca. Hoy en d\u00eda, el producto artesanal y de origen es una joya muy dif\u00edcil de encontrar. En el Rinc\u00f3n de Fehmi, nuestro trabajo se basa en la b\u00fasqueda de la pieza \u00fanica y originaria de la cultura artesanal.<\/p>\n<p>OTROS PRODUCTOS Y SERVICIOS<\/p>\n<p>En El Rinc\u00f3n de Fehmi tambi\u00e9n disponemos una gran colecci\u00f3n de alfombras\u00a0<a href=\"https:\/\/www.elrincondefehmi.com\/es\/categoria-producto\/alfombras\/alfombras-patchwork\/\">Patchwork<\/a>\u00a0,\u00a0<a href=\"https:\/\/www.elrincondefehmi.com\/es\/categoria-producto\/alfombras\/alfombras-vintage\/\">Vintage y Kilims<\/a>\u00a0Sobre todo si buscas una alfombra Patchwork hecha a medida, te la podemos hacer seg\u00fan el color y tama\u00f1o deseada.<\/p>\n<p>En nuestras tiendas tambi\u00e9n te asesoramos para encontrar la alfombra ideal para tu hogar y espacio. Te ofrecemos un servicio de asesoramiento personalizado con el que te resultar\u00e1 m\u00e1s f\u00e1cil el proceso de b\u00fasqueda, adem\u00e1s de ahorrarte tiempo, puesto que disponemos de un gran equipo de profesionales expertos que est\u00e1n a tu disposici\u00f3n para atenderte de forma individualizada y mostrarte los modelos que responden a tus especificaciones. Ademas si deseas podemos llevarte las alfombras a tu casa para probar sin ning\u00fan tipo de compromiso.<\/p>\n<p>Por ultimo queremos informarle que realizamos el servicio de\u00a0<a href=\"https:\/\/www.elrincondefehmi.com\/es\/limpieza-y-restauracion-de-alfombras\/\">limpieza y reparaci\u00f3n<\/a>\u00a0de Alfombras y Kilims..<\/p>\n<\/div>\n","protected":false},"excerpt":{"rendered":"<div class=\"product-short-description\">\n<p>Densidad de nudos: 2.000.000 points m<sup>2<\/sup><\/p>\n<p>Espesor: 7 mm<\/p>\n<p>Edad: Nueva<\/p>\n<p>Origen: Turqu\u00eda<\/p>\n<p>Nudos: Bamb\u00fa seda<\/p>\n<p>Urdimbre: Algod\u00f3n<\/p>\n<p>Fabricaci\u00f3n: Tejido de alta precisi\u00f3n<\/p>\n<\/div>\n<div class=\"product_meta\">\u00a0<\/div>\n","protected":false},"featured_media":21832,"comment_status":"open","ping_status":"closed","template":"","meta":[],"product_cat":[19,308,315],"product_tag":[355,353,352,354],"yoast_head":"<!-- This site is optimized with the Yoast SEO plugin v21.5 - https:\/\/yoast.com\/wordpress\/plugins\/seo\/ -->\n<title>Alfombra Dise\u00f1o Abstracto | El Rinc\u00f3n de Fehmi Madrid<\/title>\n<meta name=\"description\" content=\"\u00a1Quieres comprar una Alfombra Dise\u00f1o Abstracto! En nuestras tiendas tenemos una amplia colecci\u00f3n de\u00a0\u00a0alfombras modernas de alta calidad.\" \/>\n<meta name=\"robots\" content=\"index, follow, max-snippet:-1, max-image-preview:large, max-video-preview:-1\" \/>\n<link rel=\"canonical\" href=\"https:\/\/elrincondefehmi.com\/es\/tienda\/alfombras-turcas\/alfombras-modernas\/alfombra-diseno-abstracto\/\" \/>\n<meta property=\"og:locale\" content=\"es_ES\" \/>\n<meta property=\"og:type\" content=\"article\" \/>\n<meta property=\"og:title\" content=\"Alfombra Dise\u00f1o Abstracto | El Rinc\u00f3n de Fehmi Madrid\" \/>\n<meta property=\"og:description\" content=\"\u00a1Quieres comprar una Alfombra Dise\u00f1o Abstracto! En nuestras tiendas tenemos una amplia colecci\u00f3n de\u00a0\u00a0alfombras modernas de alta calidad.\" \/>\n<meta property=\"og:url\" content=\"https:\/\/elrincondefehmi.com\/es\/tienda\/alfombras-turcas\/alfombras-modernas\/alfombra-diseno-abstracto\/\" \/>\n<meta property=\"og:site_name\" content=\"El Rinc\u00f3n de Fehmi Madrid\" \/>\n<meta property=\"article:modified_time\" content=\"2024-05-06T10:06:00+00:00\" \/>\n<meta property=\"og:image\" content=\"https:\/\/elrincondefehmi.com\/es\/wp-content\/uploads\/2023\/05\/FINE-BLUE-176.jpg\" \/>\n\t<meta property=\"og:image:width\" content=\"800\" \/>\n\t<meta property=\"og:image:height\" content=\"1130\" \/>\n\t<meta property=\"og:image:type\" content=\"image\/jpeg\" \/>\n<meta name=\"twitter:card\" content=\"summary_large_image\" \/>\n<script type=\"application\/ld+json\" class=\"yoast-schema-graph\">{\"@context\":\"https:\/\/schema.org\",\"@graph\":[{\"@type\":\"WebPage\",\"@id\":\"https:\/\/elrincondefehmi.com\/es\/tienda\/alfombras-turcas\/alfombras-modernas\/alfombra-diseno-abstracto\/\",\"url\":\"https:\/\/elrincondefehmi.com\/es\/tienda\/alfombras-turcas\/alfombras-modernas\/alfombra-diseno-abstracto\/\",\"name\":\"Alfombra Dise\u00f1o Abstracto | El Rinc\u00f3n de Fehmi Madrid\",\"isPartOf\":{\"@id\":\"https:\/\/elrincondefehmi.com\/es\/#website\"},\"datePublished\":\"2023-05-18T05:51:58+00:00\",\"dateModified\":\"2024-05-06T10:06:00+00:00\",\"description\":\"\u00a1Quieres comprar una Alfombra Dise\u00f1o Abstracto! En nuestras tiendas tenemos una amplia colecci\u00f3n de\u00a0\u00a0alfombras modernas de alta calidad.\",\"breadcrumb\":{\"@id\":\"https:\/\/elrincondefehmi.com\/es\/tienda\/alfombras-turcas\/alfombras-modernas\/alfombra-diseno-abstracto\/#breadcrumb\"},\"inLanguage\":\"es\",\"potentialAction\":[{\"@type\":\"ReadAction\",\"target\":[\"https:\/\/elrincondefehmi.com\/es\/tienda\/alfombras-turcas\/alfombras-modernas\/alfombra-diseno-abstracto\/\"]}]},{\"@type\":\"BreadcrumbList\",\"@id\":\"https:\/\/elrincondefehmi.com\/es\/tienda\/alfombras-turcas\/alfombras-modernas\/alfombra-diseno-abstracto\/#breadcrumb\",\"itemListElement\":[{\"@type\":\"ListItem\",\"position\":1,\"name\":\"PRODUCTOS\",\"item\":\"https:\/\/elrincondefehmi.com\/es\/all-product\/\"},{\"@type\":\"ListItem\",\"position\":2,\"name\":\"FINE BLUE 176\"}]},{\"@type\":\"WebSite\",\"@id\":\"https:\/\/elrincondefehmi.com\/es\/#website\",\"url\":\"https:\/\/elrincondefehmi.com\/es\/\",\"name\":\"El Rinc\u00f3n de Fehmi Madrid\",\"description\":\"Tienda de alfombras en Madrid.  En El Rinc\u00f3n de Fehmi somos especialistas en alfombras artesanales, alfombras modernas contempor\u00e1neas kilims de Turqu\u00eda\",\"potentialAction\":[{\"@type\":\"SearchAction\",\"target\":{\"@type\":\"EntryPoint\",\"urlTemplate\":\"https:\/\/elrincondefehmi.com\/es\/?s={search_term_string}\"},\"query-input\":\"required name=search_term_string\"}],\"inLanguage\":\"es\"}]}<\/script>\n<!-- \/ Yoast SEO plugin. -->","yoast_head_json":{"title":"Alfombra Dise\u00f1o Abstracto | El Rinc\u00f3n de Fehmi Madrid","description":"\u00a1Quieres comprar una Alfombra Dise\u00f1o Abstracto! En nuestras tiendas tenemos una amplia colecci\u00f3n de\u00a0\u00a0alfombras modernas de alta calidad.","robots":{"index":"index","follow":"follow","max-snippet":"max-snippet:-1","max-image-preview":"max-image-preview:large","max-video-preview":"max-video-preview:-1"},"canonical":"https:\/\/elrincondefehmi.com\/es\/tienda\/alfombras-turcas\/alfombras-modernas\/alfombra-diseno-abstracto\/","og_locale":"es_ES","og_type":"article","og_title":"Alfombra Dise\u00f1o Abstracto | El Rinc\u00f3n de Fehmi Madrid","og_description":"\u00a1Quieres comprar una Alfombra Dise\u00f1o Abstracto! En nuestras tiendas tenemos una amplia colecci\u00f3n de\u00a0\u00a0alfombras modernas de alta calidad.","og_url":"https:\/\/elrincondefehmi.com\/es\/tienda\/alfombras-turcas\/alfombras-modernas\/alfombra-diseno-abstracto\/","og_site_name":"El Rinc\u00f3n de Fehmi Madrid","article_modified_time":"2024-05-06T10:06:00+00:00","og_image":[{"width":800,"height":1130,"url":"https:\/\/elrincondefehmi.com\/es\/wp-content\/uploads\/2023\/05\/FINE-BLUE-176.jpg","type":"image\/jpeg"}],"twitter_card":"summary_large_image","schema":{"@context":"https:\/\/schema.org","@graph":[{"@type":"WebPage","@id":"https:\/\/elrincondefehmi.com\/es\/tienda\/alfombras-turcas\/alfombras-modernas\/alfombra-diseno-abstracto\/","url":"https:\/\/elrincondefehmi.com\/es\/tienda\/alfombras-turcas\/alfombras-modernas\/alfombra-diseno-abstracto\/","name":"Alfombra Dise\u00f1o Abstracto | El Rinc\u00f3n de Fehmi Madrid","isPartOf":{"@id":"https:\/\/elrincondefehmi.com\/es\/#website"},"datePublished":"2023-05-18T05:51:58+00:00","dateModified":"2024-05-06T10:06:00+00:00","description":"\u00a1Quieres comprar una Alfombra Dise\u00f1o Abstracto! En nuestras tiendas tenemos una amplia colecci\u00f3n de\u00a0\u00a0alfombras modernas de alta calidad.","breadcrumb":{"@id":"https:\/\/elrincondefehmi.com\/es\/tienda\/alfombras-turcas\/alfombras-modernas\/alfombra-diseno-abstracto\/#breadcrumb"},"inLanguage":"es","potentialAction":[{"@type":"ReadAction","target":["https:\/\/elrincondefehmi.com\/es\/tienda\/alfombras-turcas\/alfombras-modernas\/alfombra-diseno-abstracto\/"]}]},{"@type":"BreadcrumbList","@id":"https:\/\/elrincondefehmi.com\/es\/tienda\/alfombras-turcas\/alfombras-modernas\/alfombra-diseno-abstracto\/#breadcrumb","itemListElement":[{"@type":"ListItem","position":1,"name":"PRODUCTOS","item":"https:\/\/elrincondefehmi.com\/es\/all-product\/"},{"@type":"ListItem","position":2,"name":"FINE BLUE 176"}]},{"@type":"WebSite","@id":"https:\/\/elrincondefehmi.com\/es\/#website","url":"https:\/\/elrincondefehmi.com\/es\/","name":"El Rinc\u00f3n de Fehmi Madrid","description":"Tienda de alfombras en Madrid.  En El Rinc\u00f3n de Fehmi somos especialistas en alfombras artesanales, alfombras modernas contempor\u00e1neas kilims de Turqu\u00eda","potentialAction":[{"@type":"SearchAction","target":{"@type":"EntryPoint","urlTemplate":"https:\/\/elrincondefehmi.com\/es\/?s={search_term_string}"},"query-input":"required name=search_term_string"}],"inLanguage":"es"}]}},"_links":{"self":[{"href":"https:\/\/elrincondefehmi.com\/es\/wp-json\/wp\/v2\/product\/9645"}],"collection":[{"href":"https:\/\/elrincondefehmi.com\/es\/wp-json\/wp\/v2\/product"}],"about":[{"href":"https:\/\/elrincondefehmi.com\/es\/wp-json\/wp\/v2\/types\/product"}],"replies":[{"embeddable":true,"href":"https:\/\/elrincondefehmi.com\/es\/wp-json\/wp\/v2\/comments?post=9645"}],"wp:featuredmedia":[{"embeddable":true,"href":"https:\/\/elrincondefehmi.com\/es\/wp-json\/wp\/v2\/media\/21832"}],"wp:attachment":[{"href":"https:\/\/elrincondefehmi.com\/es\/wp-json\/wp\/v2\/media?parent=9645"}],"wp:term":[{"taxonomy":"product_cat","embeddable":true,"href":"https:\/\/elrincondefehmi.com\/es\/wp-json\/wp\/v2\/product_cat?post=9645"},{"taxonomy":"product_tag","embeddable":true,"href":"https:\/\/elrincondefehmi.com\/es\/wp-json\/wp\/v2\/product_tag?post=9645"}],"curies":[{"name":"wp","href":"https:\/\/api.w.org\/{rel}","templated":true}]}}