{"id":9596,"date":"2023-05-18T05:49:45","date_gmt":"2023-05-18T05:49:45","guid":{"rendered":"https:\/\/elrincondefehmi.com\/es\/?post_type=product&#038;p=9596"},"modified":"2024-05-06T10:06:41","modified_gmt":"2024-05-06T10:06:41","slug":"comprar-alfombras-modernas-lujo","status":"publish","type":"product","link":"https:\/\/elrincondefehmi.com\/es\/tienda\/alfombras-turcas\/alfombras-modernas\/comprar-alfombras-modernas-lujo\/","title":{"rendered":"JASMINE  FRAME 3323"},"content":{"rendered":"<h1>COMPRAR ALFOMBRAS MODERNAS LUJO<\/h1>\n<p><strong>\u00a1Comprar Alfombras Modernas Lujo! <\/strong> Descubre la perfecta fusi\u00f3n entre lo cl\u00e1sico y lo moderno con nuestra hermosa alfombra cl\u00e1sica moderna. Con una delicada cenefa y una roseta interior sutil, esta alfombra captura la esencia de la elegancia atemporal. Los tonos mayormente beige y crema le confieren un aspecto sereno y sofisticado, a\u00f1adiendo calidez a cualquier espacio. Fabricada con materiales de alta calidad, esta alfombra combina un dise\u00f1o tradicional con toques contempor\u00e1neos para adaptarse a cualquier estilo de decoraci\u00f3n. Ya sea en el sal\u00f3n, el comedor o el dormitorio, esta alfombra cl\u00e1sica moderna se convertir\u00e1 en el centro de atenci\u00f3n, aportando una sensaci\u00f3n de refinamiento y belleza a tu hogar. Descubre la sutileza y el encanto de esta alfombra, que a\u00f1adir\u00e1 un toque de distinci\u00f3n a tus espacios.<\/p>\n<p>En nuestras tiendas tenemos una amplia colecci\u00f3n de\u00a0 alfombras modernas de alta calidad. Ven a visitarnos,\u00a0 estaremos encantados de conocerle. Te ayudamos y aconsejamos a seleccionar la alfombra que m\u00e1s se adapte a tus espacios y tu estilo.<\/p>\n<p>TODAS NUESTRAS ALFOMBRAS ESTAN HECHAS CON FIBRAS NATURALES:<\/p>\n<p>Utilizamos siempre colores vegetales con fibras naturales como la lana, el algod\u00f3n, bamb\u00fa seda, la viscosa y la seda. Por lo tanto, todas las etapas de elaboraci\u00f3n de nuestras alfombras est\u00e1n hechas con materiales de alta calidad.<\/p>\n<p>NUESTRAS ALFOMBRAS MODERNAS<\/p>\n<p>Para conseguir un dise\u00f1o ideal, mezclamos los dise\u00f1os cl\u00e1sicos con los dise\u00f1os modernos con estampados aun menos definidos o m\u00e1s difuminados. Los diferentes colores y tama\u00f1os son capaces de adaptarse a los gustos y necesidades de cada cliente. Por eso raz\u00f3n las consideramos como alfombras \u00fanicas y llenas de personalidad.<\/p>\n<p>NUESTRO FILOSOFIA<\/p>\n<p><em>Nuestros valores se remontan a la filosof\u00eda, tradici\u00f3n y artesan\u00eda turca. Hoy en d\u00eda, el producto artesanal y de origen es una joya muy dif\u00edcil de encontrar. En el Rinc\u00f3n de Fehmi, nuestro trabajo se basa en la b\u00fasqueda de la pieza \u00fanica y originaria de la cultura artesanal.<\/em><\/p>\n<p>OTROS PRODUCTOS Y SERVICIOS<\/p>\n<p>En El Rinc\u00f3n de Fehmi tambi\u00e9n disponemos una gran colecci\u00f3n de alfombras\u00a0<a href=\"https:\/\/www.elrincondefehmi.com\/es\/categoria-producto\/alfombras\/alfombras-patchwork\/\">Patchwork<\/a>\u00a0,\u00a0<a href=\"https:\/\/www.elrincondefehmi.com\/es\/categoria-producto\/alfombras\/alfombras-vintage\/\">Vintage y Kilims<\/a>\u00a0Sobre todo si buscas una alfombra Patchwork hecha a medida, te la podemos hacer seg\u00fan el color y tama\u00f1o deseada.<\/p>\n<p>En nuestras tiendas tambi\u00e9n te asesoramos para encontrar la alfombra ideal para tu hogar y espacio. Te ofrecemos un servicio de asesoramiento personalizado con el que te resultar\u00e1 m\u00e1s f\u00e1cil el proceso de b\u00fasqueda, adem\u00e1s de ahorrarte tiempo, puesto que disponemos de un gran equipo de profesionales expertos que est\u00e1n a tu disposici\u00f3n para atenderte de forma individualizada y mostrarte los modelos que responden a tus especificaciones. Ademas si deseas podemos llevarte las alfombras a tu casa para probar sin ning\u00fan tipo de compromiso.<\/p>\n<p>Por ultimo queremos informarle que realizamos el servicio de\u00a0<a href=\"https:\/\/www.elrincondefehmi.com\/es\/limpieza-y-restauracion-de-alfombras\/\">limpieza y reparaci\u00f3n<\/a>\u00a0de Alfombras y Kilims..<\/p>\n","protected":false},"excerpt":{"rendered":"<div class=\"product-short-description\">\n<p>Densidad de nudos: 2.000.000 points m<sup>2<\/sup><\/p>\n<p>Espesor: 7 mm<\/p>\n<p>Edad: Nueva<\/p>\n<p>Origen: Turqu\u00eda<\/p>\n<p>Nudos: Bamb\u00fa seda<\/p>\n<p>Urdimbre: Algod\u00f3n<\/p>\n<p>Tejido de alta precisi\u00f3n<\/p>\n<\/div>\n","protected":false},"featured_media":21833,"comment_status":"open","ping_status":"closed","template":"","meta":[],"product_cat":[19,308,315],"product_tag":[355,353,352,354],"yoast_head":"<!-- This site is optimized with the Yoast SEO plugin v21.5 - https:\/\/yoast.com\/wordpress\/plugins\/seo\/ -->\n<title>Comprar Alfombras Modernas Lujo | El Rinc\u00f3n de Fehmi Madrid<\/title>\n<meta name=\"description\" content=\"\u00a1Compra Alfombras Modernas Lujo! alfombras modernas de alta calidad. Ven a visitarnos,\u00a0 estaremos encantados de conocerle..\" \/>\n<meta name=\"robots\" content=\"index, follow, max-snippet:-1, max-image-preview:large, max-video-preview:-1\" \/>\n<link rel=\"canonical\" href=\"https:\/\/elrincondefehmi.com\/es\/tienda\/alfombras-turcas\/alfombras-modernas\/comprar-alfombras-modernas-lujo\/\" \/>\n<meta property=\"og:locale\" content=\"es_ES\" \/>\n<meta property=\"og:type\" content=\"article\" \/>\n<meta property=\"og:title\" content=\"Comprar Alfombras Modernas Lujo | El Rinc\u00f3n de Fehmi Madrid\" \/>\n<meta property=\"og:description\" content=\"\u00a1Compra Alfombras Modernas Lujo! alfombras modernas de alta calidad. Ven a visitarnos,\u00a0 estaremos encantados de conocerle..\" \/>\n<meta property=\"og:url\" content=\"https:\/\/elrincondefehmi.com\/es\/tienda\/alfombras-turcas\/alfombras-modernas\/comprar-alfombras-modernas-lujo\/\" \/>\n<meta property=\"og:site_name\" content=\"El Rinc\u00f3n de Fehmi Madrid\" \/>\n<meta property=\"article:modified_time\" content=\"2024-05-06T10:06:41+00:00\" \/>\n<meta property=\"og:image\" content=\"https:\/\/elrincondefehmi.com\/es\/wp-content\/uploads\/2023\/05\/JASMINE-FRAME-3323.jpg\" \/>\n\t<meta property=\"og:image:width\" content=\"780\" \/>\n\t<meta property=\"og:image:height\" content=\"1080\" \/>\n\t<meta property=\"og:image:type\" content=\"image\/jpeg\" \/>\n<meta name=\"twitter:card\" content=\"summary_large_image\" \/>\n<script type=\"application\/ld+json\" class=\"yoast-schema-graph\">{\"@context\":\"https:\/\/schema.org\",\"@graph\":[{\"@type\":\"WebPage\",\"@id\":\"https:\/\/elrincondefehmi.com\/es\/tienda\/alfombras-turcas\/alfombras-modernas\/comprar-alfombras-modernas-lujo\/\",\"url\":\"https:\/\/elrincondefehmi.com\/es\/tienda\/alfombras-turcas\/alfombras-modernas\/comprar-alfombras-modernas-lujo\/\",\"name\":\"Comprar Alfombras Modernas Lujo | El Rinc\u00f3n de Fehmi Madrid\",\"isPartOf\":{\"@id\":\"https:\/\/elrincondefehmi.com\/es\/#website\"},\"datePublished\":\"2023-05-18T05:49:45+00:00\",\"dateModified\":\"2024-05-06T10:06:41+00:00\",\"description\":\"\u00a1Compra Alfombras Modernas Lujo! alfombras modernas de alta calidad. Ven a visitarnos,\u00a0 estaremos encantados de conocerle..\",\"breadcrumb\":{\"@id\":\"https:\/\/elrincondefehmi.com\/es\/tienda\/alfombras-turcas\/alfombras-modernas\/comprar-alfombras-modernas-lujo\/#breadcrumb\"},\"inLanguage\":\"es\",\"potentialAction\":[{\"@type\":\"ReadAction\",\"target\":[\"https:\/\/elrincondefehmi.com\/es\/tienda\/alfombras-turcas\/alfombras-modernas\/comprar-alfombras-modernas-lujo\/\"]}]},{\"@type\":\"BreadcrumbList\",\"@id\":\"https:\/\/elrincondefehmi.com\/es\/tienda\/alfombras-turcas\/alfombras-modernas\/comprar-alfombras-modernas-lujo\/#breadcrumb\",\"itemListElement\":[{\"@type\":\"ListItem\",\"position\":1,\"name\":\"PRODUCTOS\",\"item\":\"https:\/\/elrincondefehmi.com\/es\/all-product\/\"},{\"@type\":\"ListItem\",\"position\":2,\"name\":\"JASMINE FRAME 3323\"}]},{\"@type\":\"WebSite\",\"@id\":\"https:\/\/elrincondefehmi.com\/es\/#website\",\"url\":\"https:\/\/elrincondefehmi.com\/es\/\",\"name\":\"El Rinc\u00f3n de Fehmi Madrid\",\"description\":\"Tienda de alfombras en Madrid.  En El Rinc\u00f3n de Fehmi somos especialistas en alfombras artesanales, alfombras modernas contempor\u00e1neas kilims de Turqu\u00eda\",\"potentialAction\":[{\"@type\":\"SearchAction\",\"target\":{\"@type\":\"EntryPoint\",\"urlTemplate\":\"https:\/\/elrincondefehmi.com\/es\/?s={search_term_string}\"},\"query-input\":\"required name=search_term_string\"}],\"inLanguage\":\"es\"}]}<\/script>\n<!-- \/ Yoast SEO plugin. -->","yoast_head_json":{"title":"Comprar Alfombras Modernas Lujo | El Rinc\u00f3n de Fehmi Madrid","description":"\u00a1Compra Alfombras Modernas Lujo! alfombras modernas de alta calidad. Ven a visitarnos,\u00a0 estaremos encantados de conocerle..","robots":{"index":"index","follow":"follow","max-snippet":"max-snippet:-1","max-image-preview":"max-image-preview:large","max-video-preview":"max-video-preview:-1"},"canonical":"https:\/\/elrincondefehmi.com\/es\/tienda\/alfombras-turcas\/alfombras-modernas\/comprar-alfombras-modernas-lujo\/","og_locale":"es_ES","og_type":"article","og_title":"Comprar Alfombras Modernas Lujo | El Rinc\u00f3n de Fehmi Madrid","og_description":"\u00a1Compra Alfombras Modernas Lujo! alfombras modernas de alta calidad. Ven a visitarnos,\u00a0 estaremos encantados de conocerle..","og_url":"https:\/\/elrincondefehmi.com\/es\/tienda\/alfombras-turcas\/alfombras-modernas\/comprar-alfombras-modernas-lujo\/","og_site_name":"El Rinc\u00f3n de Fehmi Madrid","article_modified_time":"2024-05-06T10:06:41+00:00","og_image":[{"width":780,"height":1080,"url":"https:\/\/elrincondefehmi.com\/es\/wp-content\/uploads\/2023\/05\/JASMINE-FRAME-3323.jpg","type":"image\/jpeg"}],"twitter_card":"summary_large_image","schema":{"@context":"https:\/\/schema.org","@graph":[{"@type":"WebPage","@id":"https:\/\/elrincondefehmi.com\/es\/tienda\/alfombras-turcas\/alfombras-modernas\/comprar-alfombras-modernas-lujo\/","url":"https:\/\/elrincondefehmi.com\/es\/tienda\/alfombras-turcas\/alfombras-modernas\/comprar-alfombras-modernas-lujo\/","name":"Comprar Alfombras Modernas Lujo | El Rinc\u00f3n de Fehmi Madrid","isPartOf":{"@id":"https:\/\/elrincondefehmi.com\/es\/#website"},"datePublished":"2023-05-18T05:49:45+00:00","dateModified":"2024-05-06T10:06:41+00:00","description":"\u00a1Compra Alfombras Modernas Lujo! alfombras modernas de alta calidad. Ven a visitarnos,\u00a0 estaremos encantados de conocerle..","breadcrumb":{"@id":"https:\/\/elrincondefehmi.com\/es\/tienda\/alfombras-turcas\/alfombras-modernas\/comprar-alfombras-modernas-lujo\/#breadcrumb"},"inLanguage":"es","potentialAction":[{"@type":"ReadAction","target":["https:\/\/elrincondefehmi.com\/es\/tienda\/alfombras-turcas\/alfombras-modernas\/comprar-alfombras-modernas-lujo\/"]}]},{"@type":"BreadcrumbList","@id":"https:\/\/elrincondefehmi.com\/es\/tienda\/alfombras-turcas\/alfombras-modernas\/comprar-alfombras-modernas-lujo\/#breadcrumb","itemListElement":[{"@type":"ListItem","position":1,"name":"PRODUCTOS","item":"https:\/\/elrincondefehmi.com\/es\/all-product\/"},{"@type":"ListItem","position":2,"name":"JASMINE FRAME 3323"}]},{"@type":"WebSite","@id":"https:\/\/elrincondefehmi.com\/es\/#website","url":"https:\/\/elrincondefehmi.com\/es\/","name":"El Rinc\u00f3n de Fehmi Madrid","description":"Tienda de alfombras en Madrid.  En El Rinc\u00f3n de Fehmi somos especialistas en alfombras artesanales, alfombras modernas contempor\u00e1neas kilims de Turqu\u00eda","potentialAction":[{"@type":"SearchAction","target":{"@type":"EntryPoint","urlTemplate":"https:\/\/elrincondefehmi.com\/es\/?s={search_term_string}"},"query-input":"required name=search_term_string"}],"inLanguage":"es"}]}},"_links":{"self":[{"href":"https:\/\/elrincondefehmi.com\/es\/wp-json\/wp\/v2\/product\/9596"}],"collection":[{"href":"https:\/\/elrincondefehmi.com\/es\/wp-json\/wp\/v2\/product"}],"about":[{"href":"https:\/\/elrincondefehmi.com\/es\/wp-json\/wp\/v2\/types\/product"}],"replies":[{"embeddable":true,"href":"https:\/\/elrincondefehmi.com\/es\/wp-json\/wp\/v2\/comments?post=9596"}],"wp:featuredmedia":[{"embeddable":true,"href":"https:\/\/elrincondefehmi.com\/es\/wp-json\/wp\/v2\/media\/21833"}],"wp:attachment":[{"href":"https:\/\/elrincondefehmi.com\/es\/wp-json\/wp\/v2\/media?parent=9596"}],"wp:term":[{"taxonomy":"product_cat","embeddable":true,"href":"https:\/\/elrincondefehmi.com\/es\/wp-json\/wp\/v2\/product_cat?post=9596"},{"taxonomy":"product_tag","embeddable":true,"href":"https:\/\/elrincondefehmi.com\/es\/wp-json\/wp\/v2\/product_tag?post=9596"}],"curies":[{"name":"wp","href":"https:\/\/api.w.org\/{rel}","templated":true}]}}