{"id":9568,"date":"2023-05-18T05:48:36","date_gmt":"2023-05-18T05:48:36","guid":{"rendered":"https:\/\/elrincondefehmi.com\/es\/?post_type=product&#038;p=9568"},"modified":"2025-06-30T17:54:57","modified_gmt":"2025-06-30T17:54:57","slug":"comprar-kilim","status":"publish","type":"product","link":"https:\/\/elrincondefehmi.com\/es\/tienda\/kilim\/kilim-turco\/comprar-kilim\/","title":{"rendered":"GOCMEN KILIM 227&#215;280 cm"},"content":{"rendered":"<h1>KILIM<\/h1>\n<h3>COMPRAR KILIM<\/h3>\n<p><strong>\u00bfquieres comprar kilim econ\u00f3micos?<\/strong> Visita a nuestras tiendas en Estambul, Madrid y Santiago de Chile. <a href=\"https:\/\/www.elrincondefehmi.com\/es\/\">En El Rinc\u00f3n de Fehmi<\/a> nos consideramos los kilims como piezas \u00fanicas. Seleccionamos los kilims m\u00e1s representativos de la cultura turca, las cuales mantienen las t\u00e9cnicas antiguas y artesanales para su confecci\u00f3n. Con ello, ofrecemos a nuestros clientes la seguridad de tener piezas originales, resistentes y de alta calidad. En cuanto a su mantenimiento, los kilim son piezas que pueden manejarse con agilidad. Requieren muy poca exigencia en cuanto a su lavado. Como piezas de decoraci\u00f3n, suponen elementos decorativos de estilo \u00e9tnico, que se fusionan dentro de cualquier ambiente. El kilim es una t\u00e9cnica de urdimbre simple. En comparaci\u00f3n con la t\u00e9cnica de anudar de las\u00a0<a href=\"https:\/\/www.elrincondefehmi.com\/es\/categoria-producto\/alfombras\/\">alfombras<\/a>, los kilims se crean a partir de una trama de urdimbre plana. Su origen se remonta a los n\u00f3madas de Asia Central, quienes los usaban como cama, como elemento para montar sus tiendas para resguardarse del desierto o incluso c\u00f3mo maletas. Los dise\u00f1os de estos kilims no estaban basados simplemente en la creatividad de estos n\u00f3madas, si no que estaban basados en simbolismos. Los dibujos significaban acontecimientos, mensajes, creencias y sentimientos. Su confecci\u00f3n era totalmente espont\u00e1nea. Su principal caracter\u00edstica es que son piezas muy livianas y ligeras ya que se dise\u00f1aban para poder ser transportadas.<\/p>\n<h4>OTROS PRODUCTOS Y SERVICIOS<\/h4>\n<p>En El Rinc\u00f3n de Fehmi tambi\u00e9n disponemos una gran colecci\u00f3n de alfombras\u00a0<a href=\"https:\/\/www.elrincondefehmi.com\/es\/categoria-producto\/alfombras\/alfombras-patchwork\/\">Patchwork<\/a>\u00a0,\u00a0<a href=\"https:\/\/www.elrincondefehmi.com\/es\/categoria-producto\/alfombras\/alfombras-vintage\/\">Vintage y alfombras modernas.\u00a0<\/a>Sobre todo si buscas una alfombra Patchwork hecha a medida, te la podemos hacer seg\u00fan el color y tama\u00f1o deseada. En nuestras tiendas tambi\u00e9n te asesoramos para encontrar la alfombra ideal para tu hogar y espacio. Te ofrecemos un servicio de asesoramiento personalizado con el que te resultar\u00e1 m\u00e1s f\u00e1cil el proceso de b\u00fasqueda, adem\u00e1s de ahorrarte tiempo, puesto que disponemos de un gran equipo de profesionales expertos que est\u00e1n a tu disposici\u00f3n para atenderte de forma individualizada y mostrarte los modelos que responden a tus especificaciones. Ademas si deseas podemos llevarte las alfombras a tu casa para probar sin ning\u00fan tipo de compromiso. Por ultimo queremos informarle que realizamos el servicio de\u00a0<a href=\"https:\/\/www.elrincondefehmi.com\/es\/limpieza-y-restauracion-de-alfombras\/\">limpieza y reparaci\u00f3n<\/a>\u00a0de Alfombras y Kilims.<\/p>\n","protected":false},"excerpt":{"rendered":"<p>Origen: Turqu\u00eda \/ Regi\u00f3n de Balcanes Material: Lana. Medidas: 227\u00d7280 cm Hecho a mano. Estado: Semi antiguo<\/p>\n","protected":false},"featured_media":9807,"comment_status":"open","ping_status":"closed","template":"","meta":[],"product_cat":[434,16],"product_tag":[391,355,353,352],"yoast_head":"<!-- This site is optimized with the Yoast SEO plugin v21.5 - https:\/\/yoast.com\/wordpress\/plugins\/seo\/ -->\n<title>Comprar Kilim | El Rinc\u00f3n de Fehmi Madrid<\/title>\n<meta name=\"description\" content=\"\u00a1Comprar Kilim! En comparaci\u00f3n con la t\u00e9cnica de anudar de las\u00a0alfombras, los kilims se crean a partir de una trama de urdimbre plana..\" \/>\n<meta name=\"robots\" content=\"index, follow, max-snippet:-1, max-image-preview:large, max-video-preview:-1\" \/>\n<link rel=\"canonical\" href=\"https:\/\/elrincondefehmi.com\/es\/tienda\/kilim\/kilim-turco\/comprar-kilim\/\" \/>\n<meta property=\"og:locale\" content=\"es_ES\" \/>\n<meta property=\"og:type\" content=\"article\" \/>\n<meta property=\"og:title\" content=\"Comprar Kilim | El Rinc\u00f3n de Fehmi Madrid\" \/>\n<meta property=\"og:description\" content=\"\u00a1Comprar Kilim! En comparaci\u00f3n con la t\u00e9cnica de anudar de las\u00a0alfombras, los kilims se crean a partir de una trama de urdimbre plana..\" \/>\n<meta property=\"og:url\" content=\"https:\/\/elrincondefehmi.com\/es\/tienda\/kilim\/kilim-turco\/comprar-kilim\/\" \/>\n<meta property=\"og:site_name\" content=\"El Rinc\u00f3n de Fehmi Madrid\" \/>\n<meta property=\"article:modified_time\" content=\"2025-06-30T17:54:57+00:00\" \/>\n<meta property=\"og:image\" content=\"https:\/\/elrincondefehmi.com\/es\/wp-content\/uploads\/2023\/05\/PHOTO-2022-06-16-17-15-28-e1711210176300.jpg\" \/>\n\t<meta property=\"og:image:width\" content=\"900\" \/>\n\t<meta property=\"og:image:height\" content=\"1075\" \/>\n\t<meta property=\"og:image:type\" content=\"image\/jpeg\" \/>\n<meta name=\"twitter:card\" content=\"summary_large_image\" \/>\n<script type=\"application\/ld+json\" class=\"yoast-schema-graph\">{\"@context\":\"https:\/\/schema.org\",\"@graph\":[{\"@type\":\"WebPage\",\"@id\":\"https:\/\/elrincondefehmi.com\/es\/tienda\/kilim\/kilim-turco\/comprar-kilim\/\",\"url\":\"https:\/\/elrincondefehmi.com\/es\/tienda\/kilim\/kilim-turco\/comprar-kilim\/\",\"name\":\"Comprar Kilim | El Rinc\u00f3n de Fehmi Madrid\",\"isPartOf\":{\"@id\":\"https:\/\/elrincondefehmi.com\/es\/#website\"},\"datePublished\":\"2023-05-18T05:48:36+00:00\",\"dateModified\":\"2025-06-30T17:54:57+00:00\",\"description\":\"\u00a1Comprar Kilim! En comparaci\u00f3n con la t\u00e9cnica de anudar de las\u00a0alfombras, los kilims se crean a partir de una trama de urdimbre plana..\",\"breadcrumb\":{\"@id\":\"https:\/\/elrincondefehmi.com\/es\/tienda\/kilim\/kilim-turco\/comprar-kilim\/#breadcrumb\"},\"inLanguage\":\"es\",\"potentialAction\":[{\"@type\":\"ReadAction\",\"target\":[\"https:\/\/elrincondefehmi.com\/es\/tienda\/kilim\/kilim-turco\/comprar-kilim\/\"]}]},{\"@type\":\"BreadcrumbList\",\"@id\":\"https:\/\/elrincondefehmi.com\/es\/tienda\/kilim\/kilim-turco\/comprar-kilim\/#breadcrumb\",\"itemListElement\":[{\"@type\":\"ListItem\",\"position\":1,\"name\":\"PRODUCTOS\",\"item\":\"https:\/\/elrincondefehmi.com\/es\/all-product\/\"},{\"@type\":\"ListItem\",\"position\":2,\"name\":\"GOCMEN KILIM 227&#215;280 cm\"}]},{\"@type\":\"WebSite\",\"@id\":\"https:\/\/elrincondefehmi.com\/es\/#website\",\"url\":\"https:\/\/elrincondefehmi.com\/es\/\",\"name\":\"El Rinc\u00f3n de Fehmi Madrid\",\"description\":\"Tienda de alfombras en Madrid.  En El Rinc\u00f3n de Fehmi somos especialistas en alfombras artesanales, alfombras modernas contempor\u00e1neas kilims de Turqu\u00eda\",\"potentialAction\":[{\"@type\":\"SearchAction\",\"target\":{\"@type\":\"EntryPoint\",\"urlTemplate\":\"https:\/\/elrincondefehmi.com\/es\/?s={search_term_string}\"},\"query-input\":\"required name=search_term_string\"}],\"inLanguage\":\"es\"}]}<\/script>\n<!-- \/ Yoast SEO plugin. -->","yoast_head_json":{"title":"Comprar Kilim | El Rinc\u00f3n de Fehmi Madrid","description":"\u00a1Comprar Kilim! En comparaci\u00f3n con la t\u00e9cnica de anudar de las\u00a0alfombras, los kilims se crean a partir de una trama de urdimbre plana..","robots":{"index":"index","follow":"follow","max-snippet":"max-snippet:-1","max-image-preview":"max-image-preview:large","max-video-preview":"max-video-preview:-1"},"canonical":"https:\/\/elrincondefehmi.com\/es\/tienda\/kilim\/kilim-turco\/comprar-kilim\/","og_locale":"es_ES","og_type":"article","og_title":"Comprar Kilim | El Rinc\u00f3n de Fehmi Madrid","og_description":"\u00a1Comprar Kilim! En comparaci\u00f3n con la t\u00e9cnica de anudar de las\u00a0alfombras, los kilims se crean a partir de una trama de urdimbre plana..","og_url":"https:\/\/elrincondefehmi.com\/es\/tienda\/kilim\/kilim-turco\/comprar-kilim\/","og_site_name":"El Rinc\u00f3n de Fehmi Madrid","article_modified_time":"2025-06-30T17:54:57+00:00","og_image":[{"width":900,"height":1075,"url":"https:\/\/elrincondefehmi.com\/es\/wp-content\/uploads\/2023\/05\/PHOTO-2022-06-16-17-15-28-e1711210176300.jpg","type":"image\/jpeg"}],"twitter_card":"summary_large_image","schema":{"@context":"https:\/\/schema.org","@graph":[{"@type":"WebPage","@id":"https:\/\/elrincondefehmi.com\/es\/tienda\/kilim\/kilim-turco\/comprar-kilim\/","url":"https:\/\/elrincondefehmi.com\/es\/tienda\/kilim\/kilim-turco\/comprar-kilim\/","name":"Comprar Kilim | El Rinc\u00f3n de Fehmi Madrid","isPartOf":{"@id":"https:\/\/elrincondefehmi.com\/es\/#website"},"datePublished":"2023-05-18T05:48:36+00:00","dateModified":"2025-06-30T17:54:57+00:00","description":"\u00a1Comprar Kilim! En comparaci\u00f3n con la t\u00e9cnica de anudar de las\u00a0alfombras, los kilims se crean a partir de una trama de urdimbre plana..","breadcrumb":{"@id":"https:\/\/elrincondefehmi.com\/es\/tienda\/kilim\/kilim-turco\/comprar-kilim\/#breadcrumb"},"inLanguage":"es","potentialAction":[{"@type":"ReadAction","target":["https:\/\/elrincondefehmi.com\/es\/tienda\/kilim\/kilim-turco\/comprar-kilim\/"]}]},{"@type":"BreadcrumbList","@id":"https:\/\/elrincondefehmi.com\/es\/tienda\/kilim\/kilim-turco\/comprar-kilim\/#breadcrumb","itemListElement":[{"@type":"ListItem","position":1,"name":"PRODUCTOS","item":"https:\/\/elrincondefehmi.com\/es\/all-product\/"},{"@type":"ListItem","position":2,"name":"GOCMEN KILIM 227&#215;280 cm"}]},{"@type":"WebSite","@id":"https:\/\/elrincondefehmi.com\/es\/#website","url":"https:\/\/elrincondefehmi.com\/es\/","name":"El Rinc\u00f3n de Fehmi Madrid","description":"Tienda de alfombras en Madrid.  En El Rinc\u00f3n de Fehmi somos especialistas en alfombras artesanales, alfombras modernas contempor\u00e1neas kilims de Turqu\u00eda","potentialAction":[{"@type":"SearchAction","target":{"@type":"EntryPoint","urlTemplate":"https:\/\/elrincondefehmi.com\/es\/?s={search_term_string}"},"query-input":"required name=search_term_string"}],"inLanguage":"es"}]}},"_links":{"self":[{"href":"https:\/\/elrincondefehmi.com\/es\/wp-json\/wp\/v2\/product\/9568"}],"collection":[{"href":"https:\/\/elrincondefehmi.com\/es\/wp-json\/wp\/v2\/product"}],"about":[{"href":"https:\/\/elrincondefehmi.com\/es\/wp-json\/wp\/v2\/types\/product"}],"replies":[{"embeddable":true,"href":"https:\/\/elrincondefehmi.com\/es\/wp-json\/wp\/v2\/comments?post=9568"}],"wp:featuredmedia":[{"embeddable":true,"href":"https:\/\/elrincondefehmi.com\/es\/wp-json\/wp\/v2\/media\/9807"}],"wp:attachment":[{"href":"https:\/\/elrincondefehmi.com\/es\/wp-json\/wp\/v2\/media?parent=9568"}],"wp:term":[{"taxonomy":"product_cat","embeddable":true,"href":"https:\/\/elrincondefehmi.com\/es\/wp-json\/wp\/v2\/product_cat?post=9568"},{"taxonomy":"product_tag","embeddable":true,"href":"https:\/\/elrincondefehmi.com\/es\/wp-json\/wp\/v2\/product_tag?post=9568"}],"curies":[{"name":"wp","href":"https:\/\/api.w.org\/{rel}","templated":true}]}}