{"id":9535,"date":"2023-05-18T05:47:24","date_gmt":"2023-05-18T05:47:24","guid":{"rendered":"https:\/\/elrincondefehmi.com\/es\/?post_type=product&#038;p=9535"},"modified":"2025-06-28T17:24:32","modified_gmt":"2025-06-28T17:24:32","slug":"comprar-alfombras-estilo-vintage","status":"publish","type":"product","link":"https:\/\/elrincondefehmi.com\/es\/tienda\/alfombras-turcas\/alfombras-vintage\/comprar-alfombras-estilo-vintage\/","title":{"rendered":"ALFOMBRA VINTAGE 5003"},"content":{"rendered":"<h1>COMPRAR ALFOMBRAS ESTILO\u00a0 VINTAGE<\/h1>\n<p><strong>\u00bfQuieres Comprar Alfombras Estilo Vintage?<\/strong> Esta preciosa alfombra Vintage mide 213x 334 cm y es ideal\u00a0 para llenar tu sal\u00f3n; si quieres compra una alfombra vintage para tu sal\u00f3n en nuestras tiendas tenemos una amplia gama de <strong>Alfombras Vintage de todos los tama\u00f1os.<\/strong> En el Rinc\u00f3n de Fehmi nos dedicamos espec\u00edficamente a las alfombras turcas y persas. Seleccionamos las piezas m\u00e1s originales y representativas de este pa\u00eds y su milenaria cultura. En particular, las alfombras cl\u00e1sicas\u00a0<strong>Vintage<\/strong>\u00a0turcas son consideradas verdaderas joyas de arte. En general estas alfombras no est\u00e1n recargadas de muchos motivos y tienen colores monocrom\u00e1ticos. Son alfombras llenas de historia que han ido transmitiendo la cultura turca de generaci\u00f3n en generaci\u00f3n. Tienen muy buena calidad y son muy resistentes por sus materiales naturales. Adem\u00e1s, suelen tener el pelo corto y r\u00edgido, esto ofrece unas mejores condiciones de mantenimiento. Una <a href=\"https:\/\/www.elrincondefehmi.com\/es\/categoria-producto\/alfombras-turcas\/alfombras-clasicas\/\">alfombra cl\u00e1sica<\/a> ofrece en un hogar una pieza exclusiva y \u00fanica, cargada de historia y exotismo. Se adapta a cualquier tipo de ambiente y estilo decorativo, adem\u00e1s de ofrecer una calidad excepcional. Da uniformidad y un toque especial y lleno de personalidad a los espacios. Nosotros, como expertos, son las piezas que con mas cari\u00f1o y orgullo solemos recomendar, dentro de nuestras largas colecciones de alfombras. La\u00a0<a href=\"https:\/\/www.elrincondefehmi.com\/es\/alfombras-turcas-madrid\/\">alfombra<\/a>\u00a0es el producto representativo del arte milenario de anudar la lana, la seda y, posteriormente, el algod\u00f3n.( Alfombras vintage econ\u00f3micas en Madrid )Este arte se inici\u00f3 por los n\u00f3madas del medio oeste, principalmente en la regi\u00f3n del C\u00e1ucaso, Turqu\u00eda e Ir\u00e1n. Estos utilizaban las alfombras como cama port\u00e1til o como manta para resguardarse del fr\u00edo y del desierto. La alfombra cl\u00e1sica es aquella que cumple los patrones originarios de este arte. Se consideran alfombras \u00fanicas ya que est\u00e1n tejidas a mano. Suelen tener motivos tribales, geom\u00e9tricos e hist\u00f3ricos. Su lana est\u00e1 te\u00f1ida con colores naturales conseguidos a partir de minerales. Son alfombras de muy buena calidad y resistencia. OTROS PRODUCTOS Y SERVICIOS En El Rinc\u00f3n de Fehmi tambi\u00e9n disponemos una gran colecci\u00f3n de alfombras\u00a0<a href=\"https:\/\/www.elrincondefehmi.com\/es\/categoria-producto\/alfombras\/alfombras-patchwork\/\">Patchwork<\/a>\u00a0,\u00a0alfombras modernas y Kilims\u00a0Sobre todo si buscas una alfombra Patchwork hecha a medida, te la podemos hacer seg\u00fan el color y tama\u00f1o deseada. En nuestras tiendas tambi\u00e9n te asesoramos para encontrar la alfombra ideal para tu hogar y espacio. Te ofrecemos un servicio de asesoramiento personalizado con el que te resultar\u00e1 m\u00e1s f\u00e1cil el proceso de b\u00fasqueda, adem\u00e1s de ahorrarte tiempo, puesto que disponemos de un gran equipo de profesionales expertos que est\u00e1n a tu disposici\u00f3n para atenderte de forma individualizada y mostrarte los modelos que responden a tus especificaciones. Ademas si deseas podemos llevarte las alfombras a tu casa para probar sin ning\u00fan tipo de compromiso. Por ultimo queremos informarle que realizamos el servicio de\u00a0<a href=\"https:\/\/www.elrincondefehmi.com\/es\/limpieza-y-restauracion-de-alfombras\/\">limpieza y reparaci\u00f3n<\/a>\u00a0de Alfombras y Kilims..<\/p>\n","protected":false},"excerpt":{"rendered":"<p>Alfombra Vintage cl\u00e1sica Material: Lana y algod\u00f3n Medidas: 213 X 334 cm Hecho a mano. Doble nudo 190000 nudos al metro cuadrado Antig\u00fcedad: Aproximadamente 30 o 40 a\u00f1os<\/p>\n","protected":false},"featured_media":9764,"comment_status":"open","ping_status":"closed","template":"","meta":[],"product_cat":[19,308,317],"product_tag":[183],"yoast_head":"<!-- This site is optimized with the Yoast SEO plugin v21.5 - https:\/\/yoast.com\/wordpress\/plugins\/seo\/ -->\n<title>Comprar Alfombras Estilo Vintage | El Rinc\u00f3n de Fehmi Madrid<\/title>\n<meta name=\"description\" content=\"\u00a1Comprar Alfombras Estilo Vintage! \u00bfQuieres compra una alfombra vintage? En nuestras tiendas tenemos una amplia gama de Alfombras Vintage..\" \/>\n<meta name=\"robots\" content=\"index, follow, max-snippet:-1, max-image-preview:large, max-video-preview:-1\" \/>\n<link rel=\"canonical\" href=\"https:\/\/elrincondefehmi.com\/es\/tienda\/alfombras-turcas\/alfombras-vintage\/comprar-alfombras-estilo-vintage\/\" \/>\n<meta property=\"og:locale\" content=\"es_ES\" \/>\n<meta property=\"og:type\" content=\"article\" \/>\n<meta property=\"og:title\" content=\"Comprar Alfombras Estilo Vintage | El Rinc\u00f3n de Fehmi Madrid\" \/>\n<meta property=\"og:description\" content=\"\u00a1Comprar Alfombras Estilo Vintage! \u00bfQuieres compra una alfombra vintage? En nuestras tiendas tenemos una amplia gama de Alfombras Vintage..\" \/>\n<meta property=\"og:url\" content=\"https:\/\/elrincondefehmi.com\/es\/tienda\/alfombras-turcas\/alfombras-vintage\/comprar-alfombras-estilo-vintage\/\" \/>\n<meta property=\"og:site_name\" content=\"El Rinc\u00f3n de Fehmi Madrid\" \/>\n<meta property=\"article:modified_time\" content=\"2025-06-28T17:24:32+00:00\" \/>\n<meta property=\"og:image\" content=\"https:\/\/elrincondefehmi.com\/es\/wp-content\/uploads\/2023\/05\/641.jpg\" \/>\n\t<meta property=\"og:image:width\" content=\"1000\" \/>\n\t<meta property=\"og:image:height\" content=\"1300\" \/>\n\t<meta property=\"og:image:type\" content=\"image\/jpeg\" \/>\n<meta name=\"twitter:card\" content=\"summary_large_image\" \/>\n<script type=\"application\/ld+json\" class=\"yoast-schema-graph\">{\"@context\":\"https:\/\/schema.org\",\"@graph\":[{\"@type\":\"WebPage\",\"@id\":\"https:\/\/elrincondefehmi.com\/es\/tienda\/alfombras-turcas\/alfombras-vintage\/comprar-alfombras-estilo-vintage\/\",\"url\":\"https:\/\/elrincondefehmi.com\/es\/tienda\/alfombras-turcas\/alfombras-vintage\/comprar-alfombras-estilo-vintage\/\",\"name\":\"Comprar Alfombras Estilo Vintage | El Rinc\u00f3n de Fehmi Madrid\",\"isPartOf\":{\"@id\":\"https:\/\/elrincondefehmi.com\/es\/#website\"},\"datePublished\":\"2023-05-18T05:47:24+00:00\",\"dateModified\":\"2025-06-28T17:24:32+00:00\",\"description\":\"\u00a1Comprar Alfombras Estilo Vintage! \u00bfQuieres compra una alfombra vintage? En nuestras tiendas tenemos una amplia gama de Alfombras Vintage..\",\"breadcrumb\":{\"@id\":\"https:\/\/elrincondefehmi.com\/es\/tienda\/alfombras-turcas\/alfombras-vintage\/comprar-alfombras-estilo-vintage\/#breadcrumb\"},\"inLanguage\":\"es\",\"potentialAction\":[{\"@type\":\"ReadAction\",\"target\":[\"https:\/\/elrincondefehmi.com\/es\/tienda\/alfombras-turcas\/alfombras-vintage\/comprar-alfombras-estilo-vintage\/\"]}]},{\"@type\":\"BreadcrumbList\",\"@id\":\"https:\/\/elrincondefehmi.com\/es\/tienda\/alfombras-turcas\/alfombras-vintage\/comprar-alfombras-estilo-vintage\/#breadcrumb\",\"itemListElement\":[{\"@type\":\"ListItem\",\"position\":1,\"name\":\"PRODUCTOS\",\"item\":\"https:\/\/elrincondefehmi.com\/es\/all-product\/\"},{\"@type\":\"ListItem\",\"position\":2,\"name\":\"ALFOMBRA VINTAGE 5003\"}]},{\"@type\":\"WebSite\",\"@id\":\"https:\/\/elrincondefehmi.com\/es\/#website\",\"url\":\"https:\/\/elrincondefehmi.com\/es\/\",\"name\":\"El Rinc\u00f3n de Fehmi Madrid\",\"description\":\"Tienda de alfombras en Madrid.  En El Rinc\u00f3n de Fehmi somos especialistas en alfombras artesanales, alfombras modernas contempor\u00e1neas kilims de Turqu\u00eda\",\"potentialAction\":[{\"@type\":\"SearchAction\",\"target\":{\"@type\":\"EntryPoint\",\"urlTemplate\":\"https:\/\/elrincondefehmi.com\/es\/?s={search_term_string}\"},\"query-input\":\"required name=search_term_string\"}],\"inLanguage\":\"es\"}]}<\/script>\n<!-- \/ Yoast SEO plugin. -->","yoast_head_json":{"title":"Comprar Alfombras Estilo Vintage | El Rinc\u00f3n de Fehmi Madrid","description":"\u00a1Comprar Alfombras Estilo Vintage! \u00bfQuieres compra una alfombra vintage? En nuestras tiendas tenemos una amplia gama de Alfombras Vintage..","robots":{"index":"index","follow":"follow","max-snippet":"max-snippet:-1","max-image-preview":"max-image-preview:large","max-video-preview":"max-video-preview:-1"},"canonical":"https:\/\/elrincondefehmi.com\/es\/tienda\/alfombras-turcas\/alfombras-vintage\/comprar-alfombras-estilo-vintage\/","og_locale":"es_ES","og_type":"article","og_title":"Comprar Alfombras Estilo Vintage | El Rinc\u00f3n de Fehmi Madrid","og_description":"\u00a1Comprar Alfombras Estilo Vintage! \u00bfQuieres compra una alfombra vintage? En nuestras tiendas tenemos una amplia gama de Alfombras Vintage..","og_url":"https:\/\/elrincondefehmi.com\/es\/tienda\/alfombras-turcas\/alfombras-vintage\/comprar-alfombras-estilo-vintage\/","og_site_name":"El Rinc\u00f3n de Fehmi Madrid","article_modified_time":"2025-06-28T17:24:32+00:00","og_image":[{"width":1000,"height":1300,"url":"https:\/\/elrincondefehmi.com\/es\/wp-content\/uploads\/2023\/05\/641.jpg","type":"image\/jpeg"}],"twitter_card":"summary_large_image","schema":{"@context":"https:\/\/schema.org","@graph":[{"@type":"WebPage","@id":"https:\/\/elrincondefehmi.com\/es\/tienda\/alfombras-turcas\/alfombras-vintage\/comprar-alfombras-estilo-vintage\/","url":"https:\/\/elrincondefehmi.com\/es\/tienda\/alfombras-turcas\/alfombras-vintage\/comprar-alfombras-estilo-vintage\/","name":"Comprar Alfombras Estilo Vintage | El Rinc\u00f3n de Fehmi Madrid","isPartOf":{"@id":"https:\/\/elrincondefehmi.com\/es\/#website"},"datePublished":"2023-05-18T05:47:24+00:00","dateModified":"2025-06-28T17:24:32+00:00","description":"\u00a1Comprar Alfombras Estilo Vintage! \u00bfQuieres compra una alfombra vintage? En nuestras tiendas tenemos una amplia gama de Alfombras Vintage..","breadcrumb":{"@id":"https:\/\/elrincondefehmi.com\/es\/tienda\/alfombras-turcas\/alfombras-vintage\/comprar-alfombras-estilo-vintage\/#breadcrumb"},"inLanguage":"es","potentialAction":[{"@type":"ReadAction","target":["https:\/\/elrincondefehmi.com\/es\/tienda\/alfombras-turcas\/alfombras-vintage\/comprar-alfombras-estilo-vintage\/"]}]},{"@type":"BreadcrumbList","@id":"https:\/\/elrincondefehmi.com\/es\/tienda\/alfombras-turcas\/alfombras-vintage\/comprar-alfombras-estilo-vintage\/#breadcrumb","itemListElement":[{"@type":"ListItem","position":1,"name":"PRODUCTOS","item":"https:\/\/elrincondefehmi.com\/es\/all-product\/"},{"@type":"ListItem","position":2,"name":"ALFOMBRA VINTAGE 5003"}]},{"@type":"WebSite","@id":"https:\/\/elrincondefehmi.com\/es\/#website","url":"https:\/\/elrincondefehmi.com\/es\/","name":"El Rinc\u00f3n de Fehmi Madrid","description":"Tienda de alfombras en Madrid.  En El Rinc\u00f3n de Fehmi somos especialistas en alfombras artesanales, alfombras modernas contempor\u00e1neas kilims de Turqu\u00eda","potentialAction":[{"@type":"SearchAction","target":{"@type":"EntryPoint","urlTemplate":"https:\/\/elrincondefehmi.com\/es\/?s={search_term_string}"},"query-input":"required name=search_term_string"}],"inLanguage":"es"}]}},"_links":{"self":[{"href":"https:\/\/elrincondefehmi.com\/es\/wp-json\/wp\/v2\/product\/9535"}],"collection":[{"href":"https:\/\/elrincondefehmi.com\/es\/wp-json\/wp\/v2\/product"}],"about":[{"href":"https:\/\/elrincondefehmi.com\/es\/wp-json\/wp\/v2\/types\/product"}],"replies":[{"embeddable":true,"href":"https:\/\/elrincondefehmi.com\/es\/wp-json\/wp\/v2\/comments?post=9535"}],"wp:featuredmedia":[{"embeddable":true,"href":"https:\/\/elrincondefehmi.com\/es\/wp-json\/wp\/v2\/media\/9764"}],"wp:attachment":[{"href":"https:\/\/elrincondefehmi.com\/es\/wp-json\/wp\/v2\/media?parent=9535"}],"wp:term":[{"taxonomy":"product_cat","embeddable":true,"href":"https:\/\/elrincondefehmi.com\/es\/wp-json\/wp\/v2\/product_cat?post=9535"},{"taxonomy":"product_tag","embeddable":true,"href":"https:\/\/elrincondefehmi.com\/es\/wp-json\/wp\/v2\/product_tag?post=9535"}],"curies":[{"name":"wp","href":"https:\/\/api.w.org\/{rel}","templated":true}]}}