{"id":9526,"date":"2023-05-18T05:47:03","date_gmt":"2023-05-18T05:47:03","guid":{"rendered":"https:\/\/elrincondefehmi.com\/es\/?post_type=product&#038;p=9526"},"modified":"2026-04-23T16:37:40","modified_gmt":"2026-04-23T16:37:40","slug":"tienda-de-alfombras-en-las-rozas","status":"publish","type":"product","link":"https:\/\/elrincondefehmi.com\/es\/tienda\/alfombras-turcas\/alfombras-modernas\/tienda-de-alfombras-en-las-rozas\/","title":{"rendered":"FLAME 1937"},"content":{"rendered":"<div class=\"text-base my-auto mx-auto [--thread-content-margin:var(--thread-content-margin-xs,calc(var(--spacing)*4))] @w-sm\/main:[--thread-content-margin:var(--thread-content-margin-sm,calc(var(--spacing)*6))] @w-lg\/main:[--thread-content-margin:var(--thread-content-margin-lg,calc(var(--spacing)*16))] px-(--thread-content-margin)\">\n<div class=\"[--thread-content-max-width:40rem] @w-lg\/main:[--thread-content-max-width:48rem] mx-auto max-w-(--thread-content-max-width) flex-1 group\/turn-messages focus-visible:outline-hidden relative flex w-full min-w-0 flex-col agent-turn\">\n<div class=\"flex max-w-full flex-col gap-4 grow\">\n<div class=\"min-h-8 text-message relative flex w-full flex-col items-end gap-2 text-start break-words whitespace-normal outline-none keyboard-focused:focus-ring [.text-message+&amp;]:mt-1\" dir=\"auto\" data-message-author-role=\"assistant\" data-message-id=\"423ac83f-febb-4b16-88bc-7a0bc9179aac\" data-message-model-slug=\"gpt-5-4-thinking\">\n<div class=\"flex w-full flex-col gap-1 empty:hidden\">\n<div class=\"markdown prose dark:prose-invert w-full wrap-break-word light markdown-new-styling\">\n<h1 data-section-id=\"12gc60v\" data-start=\"138\" data-end=\"172\">TIENDA DE ALFOMBRAS EN LAS ROZAS<\/h1>\n<p data-start=\"174\" data-end=\"496\">Si est\u00e1s buscando una <strong data-start=\"196\" data-end=\"232\">tienda de alfombras en Las Rozas<\/strong>, en El Rinc\u00f3n de Fehmi encontrar\u00e1s una amplia selecci\u00f3n de alfombras modernas, artesanales y de estilo \u00fanico para todo tipo de espacios. En nuestra tienda te ayudamos a elegir la alfombra que mejor se adapta a tu hogar, a tus necesidades y a tu estilo decorativo.<\/p>\n<p data-start=\"498\" data-end=\"769\">Trabajamos con una cuidada colecci\u00f3n de alfombras de diferentes tama\u00f1os, dise\u00f1os y acabados, pensadas para aportar personalidad, calidez y elegancia a cada ambiente. Estaremos encantados de recibirte y asesorarte de forma personalizada para que encuentres la pieza ideal.<\/p>\n<h2 data-section-id=\"cvh65z\" data-start=\"771\" data-end=\"851\">Fibras naturales y materiales de calidad<\/h2>\n<p data-start=\"853\" data-end=\"1161\">Todas nuestras alfombras est\u00e1n elaboradas con fibras naturales y materiales seleccionados por su calidad y belleza. Utilizamos colores vegetales y fibras como la lana, el algod\u00f3n, el bamboo seda, la viscosa y la seda, cuidando cada fase del proceso para ofrecer piezas duraderas y con un acabado excepcional.<\/p>\n<p data-start=\"1163\" data-end=\"1363\">Los <a class=\"decorated-link cursor-pointer\" href=\"https:\/\/www.livitum.com\/ideas-decoracion\/ideas-y-consejos\/como-elegir-alfombras-y-textiles-para-transformar-la-decoracion-de-tu-hogar-1016\" rel=\"noopener\" data-start=\"1167\" data-end=\"1261\"><strong data-start=\"1168\" data-end=\"1234\">materiales naturales son especialmente valorados en decoraci\u00f3n<\/strong><\/a> por su calidez, textura y elegancia, y permiten crear espacios m\u00e1s acogedores y con m\u00e1s personalidad.<\/p>\n<p data-start=\"390\" data-end=\"435\"><strong data-start=\"390\" data-end=\"435\">Alfombras modernas para todos los estilos<\/strong><\/p>\n<p data-start=\"1424\" data-end=\"1716\">En nuestra tienda de alfombras en Las Rozas apostamos por dise\u00f1os que combinan la inspiraci\u00f3n cl\u00e1sica con un estilo m\u00e1s actual. Mezclamos patrones tradicionales con acabados modernos, estampados m\u00e1s difuminados y composiciones capaces de adaptarse a diferentes gustos y estilos de decoraci\u00f3n.<\/p>\n<p data-start=\"1718\" data-end=\"1976\">Gracias a la variedad de colores, formatos y dise\u00f1os, nuestras alfombras pueden integrarse tanto en ambientes contempor\u00e1neos como en espacios m\u00e1s c\u00e1lidos, elegantes o atemporales. Por esa raz\u00f3n, cada alfombra destaca como una pieza \u00fanica con car\u00e1cter propio.<\/p>\n<h2 data-section-id=\"1da3sln\" data-start=\"1978\" data-end=\"2046\">Artesan\u00eda y tradici\u00f3n en nuestra tienda de alfombras en Las Rozas<\/h2>\n<p data-start=\"2048\" data-end=\"2380\">Nuestros valores se inspiran en la filosof\u00eda, la tradici\u00f3n y la artesan\u00eda turca. Hoy en d\u00eda, encontrar un producto verdaderamente artesanal y de origen es cada vez m\u00e1s dif\u00edcil. En El Rinc\u00f3n de Fehmi, nuestro trabajo se basa en la b\u00fasqueda de piezas \u00fanicas que conservan la esencia de la cultura artesanal y el valor de lo aut\u00e9ntico.<\/p>\n<p data-start=\"2382\" data-end=\"2570\">Adem\u00e1s, disponemos de una amplia colecci\u00f3n de alfombras Patchwork, Vintage y <a href=\"https:\/\/elrincondefehmi.com\/es\/categoria-producto\/kilim\/\">Kilims<\/a>. Si buscas una alfombra Patchwork hecha a medida, podemos realizarla seg\u00fan el color y el tama\u00f1o deseado.<\/p>\n<p data-start=\"2572\" data-end=\"2873\">En nuestra tienda te ofrecemos un servicio de asesoramiento personalizado para ayudarte a encontrar la <a href=\"https:\/\/elrincondefehmi.com\/es\/\">alfombra ideal para tu hogar<\/a> o proyecto decorativo. Nuestro equipo de profesionales te atiende de forma individualizada, mostr\u00e1ndote los modelos que mejor encajan con tus preferencias y necesidades.<\/p>\n<p data-start=\"2875\" data-end=\"3062\">Adem\u00e1s, si lo deseas, podemos llevarte las alfombras a casa para que las pruebes sin ning\u00fan tipo de compromiso. Tambi\u00e9n realizamos servicio de limpieza y reparaci\u00f3n de alfombras y kilims.<\/p>\n<p data-start=\"3064\" data-end=\"3223\">Si buscas una <strong data-start=\"3078\" data-end=\"3114\">tienda de alfombras en Las Rozas<\/strong> con atenci\u00f3n personalizada, piezas artesanales y dise\u00f1os con personalidad, estaremos encantados de ayudarte.<\/p>\n<p data-start=\"3225\" data-end=\"3392\">\n<\/div>\n<\/div>\n<\/div>\n<\/div>\n<\/div>\n<\/div>\n","protected":false},"excerpt":{"rendered":"<p>Densidad de nudos: 2.000.000 points m<sup>2<\/sup><\/p>\n<p>Espesor: 7 mm<\/p>\n<p>Edad: Nueva<\/p>\n<p>Origen: Turqu\u00eda<\/p>\n<p>Nudos: Bamb\u00fa seda<\/p>\n<p>Urdimbre: Algod\u00f3n<\/p>\n<p>Tejido de alta precisi\u00f3n<\/p>\n<p>Medidas disponibles: 80 X150 cm, 80 X 300 cm, 100 X 200 cm 100 X 300 cm, 120 X 180 cm, 160 X 230 cm 200 X 290 cm, 240 X 340 cm, 300 X 400 cm<\/p>\n<div class=\"product_meta\"><\/div>\n","protected":false},"featured_media":21840,"comment_status":"open","ping_status":"closed","template":"","meta":[],"product_cat":[19,308,315],"product_tag":[355,353,352,354],"yoast_head":"<!-- This site is optimized with the Yoast SEO plugin v21.5 - https:\/\/yoast.com\/wordpress\/plugins\/seo\/ -->\n<title>Tienda de Alfombras En Las Rozas | El Rinc\u00f3n de Fehmi Madrid<\/title>\n<meta name=\"description\" content=\"Tienda de alfombras en Las Rozas con alfombras modernas, artesanales y fibras naturales. Asesoramiento personalizado, limpieza y reparaci\u00f3n.\" \/>\n<meta name=\"robots\" content=\"index, follow, max-snippet:-1, max-image-preview:large, max-video-preview:-1\" \/>\n<link rel=\"canonical\" href=\"https:\/\/elrincondefehmi.com\/es\/tienda\/alfombras-turcas\/alfombras-modernas\/tienda-de-alfombras-en-las-rozas\/\" \/>\n<meta property=\"og:locale\" content=\"es_ES\" \/>\n<meta property=\"og:type\" content=\"article\" \/>\n<meta property=\"og:title\" content=\"Tienda de Alfombras En Las Rozas | El Rinc\u00f3n de Fehmi Madrid\" \/>\n<meta property=\"og:description\" content=\"Tienda de alfombras en Las Rozas con alfombras modernas, artesanales y fibras naturales. Asesoramiento personalizado, limpieza y reparaci\u00f3n.\" \/>\n<meta property=\"og:url\" content=\"https:\/\/elrincondefehmi.com\/es\/tienda\/alfombras-turcas\/alfombras-modernas\/tienda-de-alfombras-en-las-rozas\/\" \/>\n<meta property=\"og:site_name\" content=\"El Rinc\u00f3n de Fehmi Madrid\" \/>\n<meta property=\"article:modified_time\" content=\"2026-04-23T16:37:40+00:00\" \/>\n<meta property=\"og:image\" content=\"https:\/\/elrincondefehmi.com\/es\/wp-content\/uploads\/2023\/05\/FLAME-1937.jpg\" \/>\n\t<meta property=\"og:image:width\" content=\"930\" \/>\n\t<meta property=\"og:image:height\" content=\"1330\" \/>\n\t<meta property=\"og:image:type\" content=\"image\/jpeg\" \/>\n<meta name=\"twitter:card\" content=\"summary_large_image\" \/>\n<script type=\"application\/ld+json\" class=\"yoast-schema-graph\">{\"@context\":\"https:\/\/schema.org\",\"@graph\":[{\"@type\":\"WebPage\",\"@id\":\"https:\/\/elrincondefehmi.com\/es\/tienda\/alfombras-turcas\/alfombras-modernas\/tienda-de-alfombras-en-las-rozas\/\",\"url\":\"https:\/\/elrincondefehmi.com\/es\/tienda\/alfombras-turcas\/alfombras-modernas\/tienda-de-alfombras-en-las-rozas\/\",\"name\":\"Tienda de Alfombras En Las Rozas | El Rinc\u00f3n de Fehmi Madrid\",\"isPartOf\":{\"@id\":\"https:\/\/elrincondefehmi.com\/es\/#website\"},\"datePublished\":\"2023-05-18T05:47:03+00:00\",\"dateModified\":\"2026-04-23T16:37:40+00:00\",\"description\":\"Tienda de alfombras en Las Rozas con alfombras modernas, artesanales y fibras naturales. Asesoramiento personalizado, limpieza y reparaci\u00f3n.\",\"breadcrumb\":{\"@id\":\"https:\/\/elrincondefehmi.com\/es\/tienda\/alfombras-turcas\/alfombras-modernas\/tienda-de-alfombras-en-las-rozas\/#breadcrumb\"},\"inLanguage\":\"es\",\"potentialAction\":[{\"@type\":\"ReadAction\",\"target\":[\"https:\/\/elrincondefehmi.com\/es\/tienda\/alfombras-turcas\/alfombras-modernas\/tienda-de-alfombras-en-las-rozas\/\"]}]},{\"@type\":\"BreadcrumbList\",\"@id\":\"https:\/\/elrincondefehmi.com\/es\/tienda\/alfombras-turcas\/alfombras-modernas\/tienda-de-alfombras-en-las-rozas\/#breadcrumb\",\"itemListElement\":[{\"@type\":\"ListItem\",\"position\":1,\"name\":\"PRODUCTOS\",\"item\":\"https:\/\/elrincondefehmi.com\/es\/all-product\/\"},{\"@type\":\"ListItem\",\"position\":2,\"name\":\"FLAME 1937\"}]},{\"@type\":\"WebSite\",\"@id\":\"https:\/\/elrincondefehmi.com\/es\/#website\",\"url\":\"https:\/\/elrincondefehmi.com\/es\/\",\"name\":\"El Rinc\u00f3n de Fehmi Madrid\",\"description\":\"Tienda de alfombras en Madrid.  En El Rinc\u00f3n de Fehmi somos especialistas en alfombras artesanales, alfombras modernas contempor\u00e1neas kilims de Turqu\u00eda\",\"potentialAction\":[{\"@type\":\"SearchAction\",\"target\":{\"@type\":\"EntryPoint\",\"urlTemplate\":\"https:\/\/elrincondefehmi.com\/es\/?s={search_term_string}\"},\"query-input\":\"required name=search_term_string\"}],\"inLanguage\":\"es\"}]}<\/script>\n<!-- \/ Yoast SEO plugin. -->","yoast_head_json":{"title":"Tienda de Alfombras En Las Rozas | El Rinc\u00f3n de Fehmi Madrid","description":"Tienda de alfombras en Las Rozas con alfombras modernas, artesanales y fibras naturales. Asesoramiento personalizado, limpieza y reparaci\u00f3n.","robots":{"index":"index","follow":"follow","max-snippet":"max-snippet:-1","max-image-preview":"max-image-preview:large","max-video-preview":"max-video-preview:-1"},"canonical":"https:\/\/elrincondefehmi.com\/es\/tienda\/alfombras-turcas\/alfombras-modernas\/tienda-de-alfombras-en-las-rozas\/","og_locale":"es_ES","og_type":"article","og_title":"Tienda de Alfombras En Las Rozas | El Rinc\u00f3n de Fehmi Madrid","og_description":"Tienda de alfombras en Las Rozas con alfombras modernas, artesanales y fibras naturales. Asesoramiento personalizado, limpieza y reparaci\u00f3n.","og_url":"https:\/\/elrincondefehmi.com\/es\/tienda\/alfombras-turcas\/alfombras-modernas\/tienda-de-alfombras-en-las-rozas\/","og_site_name":"El Rinc\u00f3n de Fehmi Madrid","article_modified_time":"2026-04-23T16:37:40+00:00","og_image":[{"width":930,"height":1330,"url":"https:\/\/elrincondefehmi.com\/es\/wp-content\/uploads\/2023\/05\/FLAME-1937.jpg","type":"image\/jpeg"}],"twitter_card":"summary_large_image","schema":{"@context":"https:\/\/schema.org","@graph":[{"@type":"WebPage","@id":"https:\/\/elrincondefehmi.com\/es\/tienda\/alfombras-turcas\/alfombras-modernas\/tienda-de-alfombras-en-las-rozas\/","url":"https:\/\/elrincondefehmi.com\/es\/tienda\/alfombras-turcas\/alfombras-modernas\/tienda-de-alfombras-en-las-rozas\/","name":"Tienda de Alfombras En Las Rozas | El Rinc\u00f3n de Fehmi Madrid","isPartOf":{"@id":"https:\/\/elrincondefehmi.com\/es\/#website"},"datePublished":"2023-05-18T05:47:03+00:00","dateModified":"2026-04-23T16:37:40+00:00","description":"Tienda de alfombras en Las Rozas con alfombras modernas, artesanales y fibras naturales. Asesoramiento personalizado, limpieza y reparaci\u00f3n.","breadcrumb":{"@id":"https:\/\/elrincondefehmi.com\/es\/tienda\/alfombras-turcas\/alfombras-modernas\/tienda-de-alfombras-en-las-rozas\/#breadcrumb"},"inLanguage":"es","potentialAction":[{"@type":"ReadAction","target":["https:\/\/elrincondefehmi.com\/es\/tienda\/alfombras-turcas\/alfombras-modernas\/tienda-de-alfombras-en-las-rozas\/"]}]},{"@type":"BreadcrumbList","@id":"https:\/\/elrincondefehmi.com\/es\/tienda\/alfombras-turcas\/alfombras-modernas\/tienda-de-alfombras-en-las-rozas\/#breadcrumb","itemListElement":[{"@type":"ListItem","position":1,"name":"PRODUCTOS","item":"https:\/\/elrincondefehmi.com\/es\/all-product\/"},{"@type":"ListItem","position":2,"name":"FLAME 1937"}]},{"@type":"WebSite","@id":"https:\/\/elrincondefehmi.com\/es\/#website","url":"https:\/\/elrincondefehmi.com\/es\/","name":"El Rinc\u00f3n de Fehmi Madrid","description":"Tienda de alfombras en Madrid.  En El Rinc\u00f3n de Fehmi somos especialistas en alfombras artesanales, alfombras modernas contempor\u00e1neas kilims de Turqu\u00eda","potentialAction":[{"@type":"SearchAction","target":{"@type":"EntryPoint","urlTemplate":"https:\/\/elrincondefehmi.com\/es\/?s={search_term_string}"},"query-input":"required name=search_term_string"}],"inLanguage":"es"}]}},"_links":{"self":[{"href":"https:\/\/elrincondefehmi.com\/es\/wp-json\/wp\/v2\/product\/9526"}],"collection":[{"href":"https:\/\/elrincondefehmi.com\/es\/wp-json\/wp\/v2\/product"}],"about":[{"href":"https:\/\/elrincondefehmi.com\/es\/wp-json\/wp\/v2\/types\/product"}],"replies":[{"embeddable":true,"href":"https:\/\/elrincondefehmi.com\/es\/wp-json\/wp\/v2\/comments?post=9526"}],"wp:featuredmedia":[{"embeddable":true,"href":"https:\/\/elrincondefehmi.com\/es\/wp-json\/wp\/v2\/media\/21840"}],"wp:attachment":[{"href":"https:\/\/elrincondefehmi.com\/es\/wp-json\/wp\/v2\/media?parent=9526"}],"wp:term":[{"taxonomy":"product_cat","embeddable":true,"href":"https:\/\/elrincondefehmi.com\/es\/wp-json\/wp\/v2\/product_cat?post=9526"},{"taxonomy":"product_tag","embeddable":true,"href":"https:\/\/elrincondefehmi.com\/es\/wp-json\/wp\/v2\/product_tag?post=9526"}],"curies":[{"name":"wp","href":"https:\/\/api.w.org\/{rel}","templated":true}]}}