{"id":9498,"date":"2023-05-18T05:45:59","date_gmt":"2023-05-18T05:45:59","guid":{"rendered":"https:\/\/elrincondefehmi.com\/es\/?post_type=product&#038;p=9498"},"modified":"2024-05-06T10:08:11","modified_gmt":"2024-05-06T10:08:11","slug":"comprar-alfombras-economicas-en-estambul","status":"publish","type":"product","link":"https:\/\/elrincondefehmi.com\/es\/tienda\/alfombras-turcas\/alfombras-modernas\/comprar-alfombras-economicas-en-estambul\/","title":{"rendered":"BLACK FRAGMENT 3072"},"content":{"rendered":"<h1><strong>COMPRAR ALFOMBRAS ECON\u00d3MICAS EN ESTAMBUL<\/strong><\/h1>\n<p>Si est\u00e1s buscando comprar alfombras econ\u00f3micas en Estambul, \u00a1has llegado al lugar adecuado! En nuestra tienda en l\u00ednea, te ofrecemos una amplia selecci\u00f3n de hermosas alfombras a precios asequibles. Estambul es famosa por sus alfombras de alta calidad y artesan\u00eda excepcional, y estamos orgullosos de ofrecerte opciones econ\u00f3micas sin comprometer la calidad. Navega por nuestra colecci\u00f3n y descubre una variedad de estilos, dise\u00f1os y tama\u00f1os para adaptarse a tus necesidades y presupuesto. Comprar alfombras econ\u00f3micas en Estambul nunca ha sido tan f\u00e1cil. Ofrecemos env\u00edo r\u00e1pido y seguro para que puedas disfrutar de tus alfombras en poco tiempo. Renueva tus espacios con aut\u00e9nticas alfombras turcas sin romper el banco. \u00a1Explora nuestra tienda en l\u00ednea y adquiere las alfombras econ\u00f3micas de tus sue\u00f1os en Estambul hoy mismo!<\/p>\n","protected":false},"excerpt":{"rendered":"<p>Densidad de nudos: 2.000.000 points m<sup>2<\/sup><\/p>\n<p>Espesor: 7 mm<\/p>\n<p>Edad: Nueva<\/p>\n<p>Origen: Turqu\u00eda<\/p>\n<p>Nudos: Bamb\u00fa seda<\/p>\n<p>Urdimbre: Algod\u00f3n<\/p>\n<p>Tejido de alta precisi\u00f3n<\/p>\n<p>Medidas: 80 X150 cm, 80 X 300 cm,100 X 200 cm 100 X 300 cm, 120 X 180 cm, 160 X 230 cm 200 X 290 cm, 240 X 340 cm, 300 X 400<\/p>\n","protected":false},"featured_media":21855,"comment_status":"open","ping_status":"closed","template":"","meta":[],"product_cat":[19,308,315],"product_tag":[355,353,352,354],"yoast_head":"<!-- This site is optimized with the Yoast SEO plugin v21.5 - https:\/\/yoast.com\/wordpress\/plugins\/seo\/ -->\n<title>Comprar Alfombras Econ\u00f3micas en Estambul | El Rinc\u00f3n de Fehmi Madrid<\/title>\n<meta name=\"description\" content=\"\u00a1Comprar Alfombras Econ\u00f3micas en Estambul! En El Rinc\u00f3n de Fehmi disponemos una gran colecci\u00f3n de alfombras, desde las cl\u00e1sicas hasta modernas\" \/>\n<meta name=\"robots\" content=\"index, follow, max-snippet:-1, max-image-preview:large, max-video-preview:-1\" \/>\n<link rel=\"canonical\" href=\"https:\/\/elrincondefehmi.com\/es\/tienda\/alfombras-turcas\/alfombras-modernas\/comprar-alfombras-economicas-en-estambul\/\" \/>\n<meta property=\"og:locale\" content=\"es_ES\" \/>\n<meta property=\"og:type\" content=\"article\" \/>\n<meta property=\"og:title\" content=\"Comprar Alfombras Econ\u00f3micas en Estambul | El Rinc\u00f3n de Fehmi Madrid\" \/>\n<meta property=\"og:description\" content=\"\u00a1Comprar Alfombras Econ\u00f3micas en Estambul! En El Rinc\u00f3n de Fehmi disponemos una gran colecci\u00f3n de alfombras, desde las cl\u00e1sicas hasta modernas\" \/>\n<meta property=\"og:url\" content=\"https:\/\/elrincondefehmi.com\/es\/tienda\/alfombras-turcas\/alfombras-modernas\/comprar-alfombras-economicas-en-estambul\/\" \/>\n<meta property=\"og:site_name\" content=\"El Rinc\u00f3n de Fehmi Madrid\" \/>\n<meta property=\"article:modified_time\" content=\"2024-05-06T10:08:11+00:00\" \/>\n<meta property=\"og:image\" content=\"https:\/\/elrincondefehmi.com\/es\/wp-content\/uploads\/2023\/05\/BLACK-FRAGMENT-3072.jpg\" \/>\n\t<meta property=\"og:image:width\" content=\"783\" \/>\n\t<meta property=\"og:image:height\" content=\"1100\" \/>\n\t<meta property=\"og:image:type\" content=\"image\/jpeg\" \/>\n<meta name=\"twitter:card\" content=\"summary_large_image\" \/>\n<script type=\"application\/ld+json\" class=\"yoast-schema-graph\">{\"@context\":\"https:\/\/schema.org\",\"@graph\":[{\"@type\":\"WebPage\",\"@id\":\"https:\/\/elrincondefehmi.com\/es\/tienda\/alfombras-turcas\/alfombras-modernas\/comprar-alfombras-economicas-en-estambul\/\",\"url\":\"https:\/\/elrincondefehmi.com\/es\/tienda\/alfombras-turcas\/alfombras-modernas\/comprar-alfombras-economicas-en-estambul\/\",\"name\":\"Comprar Alfombras Econ\u00f3micas en Estambul | El Rinc\u00f3n de Fehmi Madrid\",\"isPartOf\":{\"@id\":\"https:\/\/elrincondefehmi.com\/es\/#website\"},\"datePublished\":\"2023-05-18T05:45:59+00:00\",\"dateModified\":\"2024-05-06T10:08:11+00:00\",\"description\":\"\u00a1Comprar Alfombras Econ\u00f3micas en Estambul! En El Rinc\u00f3n de Fehmi disponemos una gran colecci\u00f3n de alfombras, desde las cl\u00e1sicas hasta modernas\",\"breadcrumb\":{\"@id\":\"https:\/\/elrincondefehmi.com\/es\/tienda\/alfombras-turcas\/alfombras-modernas\/comprar-alfombras-economicas-en-estambul\/#breadcrumb\"},\"inLanguage\":\"es\",\"potentialAction\":[{\"@type\":\"ReadAction\",\"target\":[\"https:\/\/elrincondefehmi.com\/es\/tienda\/alfombras-turcas\/alfombras-modernas\/comprar-alfombras-economicas-en-estambul\/\"]}]},{\"@type\":\"BreadcrumbList\",\"@id\":\"https:\/\/elrincondefehmi.com\/es\/tienda\/alfombras-turcas\/alfombras-modernas\/comprar-alfombras-economicas-en-estambul\/#breadcrumb\",\"itemListElement\":[{\"@type\":\"ListItem\",\"position\":1,\"name\":\"PRODUCTOS\",\"item\":\"https:\/\/elrincondefehmi.com\/es\/all-product\/\"},{\"@type\":\"ListItem\",\"position\":2,\"name\":\"BLACK FRAGMENT 3072\"}]},{\"@type\":\"WebSite\",\"@id\":\"https:\/\/elrincondefehmi.com\/es\/#website\",\"url\":\"https:\/\/elrincondefehmi.com\/es\/\",\"name\":\"El Rinc\u00f3n de Fehmi Madrid\",\"description\":\"Tienda de alfombras en Madrid.  En El Rinc\u00f3n de Fehmi somos especialistas en alfombras artesanales, alfombras modernas contempor\u00e1neas kilims de Turqu\u00eda\",\"potentialAction\":[{\"@type\":\"SearchAction\",\"target\":{\"@type\":\"EntryPoint\",\"urlTemplate\":\"https:\/\/elrincondefehmi.com\/es\/?s={search_term_string}\"},\"query-input\":\"required name=search_term_string\"}],\"inLanguage\":\"es\"}]}<\/script>\n<!-- \/ Yoast SEO plugin. -->","yoast_head_json":{"title":"Comprar Alfombras Econ\u00f3micas en Estambul | El Rinc\u00f3n de Fehmi Madrid","description":"\u00a1Comprar Alfombras Econ\u00f3micas en Estambul! En El Rinc\u00f3n de Fehmi disponemos una gran colecci\u00f3n de alfombras, desde las cl\u00e1sicas hasta modernas","robots":{"index":"index","follow":"follow","max-snippet":"max-snippet:-1","max-image-preview":"max-image-preview:large","max-video-preview":"max-video-preview:-1"},"canonical":"https:\/\/elrincondefehmi.com\/es\/tienda\/alfombras-turcas\/alfombras-modernas\/comprar-alfombras-economicas-en-estambul\/","og_locale":"es_ES","og_type":"article","og_title":"Comprar Alfombras Econ\u00f3micas en Estambul | El Rinc\u00f3n de Fehmi Madrid","og_description":"\u00a1Comprar Alfombras Econ\u00f3micas en Estambul! En El Rinc\u00f3n de Fehmi disponemos una gran colecci\u00f3n de alfombras, desde las cl\u00e1sicas hasta modernas","og_url":"https:\/\/elrincondefehmi.com\/es\/tienda\/alfombras-turcas\/alfombras-modernas\/comprar-alfombras-economicas-en-estambul\/","og_site_name":"El Rinc\u00f3n de Fehmi Madrid","article_modified_time":"2024-05-06T10:08:11+00:00","og_image":[{"width":783,"height":1100,"url":"https:\/\/elrincondefehmi.com\/es\/wp-content\/uploads\/2023\/05\/BLACK-FRAGMENT-3072.jpg","type":"image\/jpeg"}],"twitter_card":"summary_large_image","schema":{"@context":"https:\/\/schema.org","@graph":[{"@type":"WebPage","@id":"https:\/\/elrincondefehmi.com\/es\/tienda\/alfombras-turcas\/alfombras-modernas\/comprar-alfombras-economicas-en-estambul\/","url":"https:\/\/elrincondefehmi.com\/es\/tienda\/alfombras-turcas\/alfombras-modernas\/comprar-alfombras-economicas-en-estambul\/","name":"Comprar Alfombras Econ\u00f3micas en Estambul | El Rinc\u00f3n de Fehmi Madrid","isPartOf":{"@id":"https:\/\/elrincondefehmi.com\/es\/#website"},"datePublished":"2023-05-18T05:45:59+00:00","dateModified":"2024-05-06T10:08:11+00:00","description":"\u00a1Comprar Alfombras Econ\u00f3micas en Estambul! En El Rinc\u00f3n de Fehmi disponemos una gran colecci\u00f3n de alfombras, desde las cl\u00e1sicas hasta modernas","breadcrumb":{"@id":"https:\/\/elrincondefehmi.com\/es\/tienda\/alfombras-turcas\/alfombras-modernas\/comprar-alfombras-economicas-en-estambul\/#breadcrumb"},"inLanguage":"es","potentialAction":[{"@type":"ReadAction","target":["https:\/\/elrincondefehmi.com\/es\/tienda\/alfombras-turcas\/alfombras-modernas\/comprar-alfombras-economicas-en-estambul\/"]}]},{"@type":"BreadcrumbList","@id":"https:\/\/elrincondefehmi.com\/es\/tienda\/alfombras-turcas\/alfombras-modernas\/comprar-alfombras-economicas-en-estambul\/#breadcrumb","itemListElement":[{"@type":"ListItem","position":1,"name":"PRODUCTOS","item":"https:\/\/elrincondefehmi.com\/es\/all-product\/"},{"@type":"ListItem","position":2,"name":"BLACK FRAGMENT 3072"}]},{"@type":"WebSite","@id":"https:\/\/elrincondefehmi.com\/es\/#website","url":"https:\/\/elrincondefehmi.com\/es\/","name":"El Rinc\u00f3n de Fehmi Madrid","description":"Tienda de alfombras en Madrid.  En El Rinc\u00f3n de Fehmi somos especialistas en alfombras artesanales, alfombras modernas contempor\u00e1neas kilims de Turqu\u00eda","potentialAction":[{"@type":"SearchAction","target":{"@type":"EntryPoint","urlTemplate":"https:\/\/elrincondefehmi.com\/es\/?s={search_term_string}"},"query-input":"required name=search_term_string"}],"inLanguage":"es"}]}},"_links":{"self":[{"href":"https:\/\/elrincondefehmi.com\/es\/wp-json\/wp\/v2\/product\/9498"}],"collection":[{"href":"https:\/\/elrincondefehmi.com\/es\/wp-json\/wp\/v2\/product"}],"about":[{"href":"https:\/\/elrincondefehmi.com\/es\/wp-json\/wp\/v2\/types\/product"}],"replies":[{"embeddable":true,"href":"https:\/\/elrincondefehmi.com\/es\/wp-json\/wp\/v2\/comments?post=9498"}],"wp:featuredmedia":[{"embeddable":true,"href":"https:\/\/elrincondefehmi.com\/es\/wp-json\/wp\/v2\/media\/21855"}],"wp:attachment":[{"href":"https:\/\/elrincondefehmi.com\/es\/wp-json\/wp\/v2\/media?parent=9498"}],"wp:term":[{"taxonomy":"product_cat","embeddable":true,"href":"https:\/\/elrincondefehmi.com\/es\/wp-json\/wp\/v2\/product_cat?post=9498"},{"taxonomy":"product_tag","embeddable":true,"href":"https:\/\/elrincondefehmi.com\/es\/wp-json\/wp\/v2\/product_tag?post=9498"}],"curies":[{"name":"wp","href":"https:\/\/api.w.org\/{rel}","templated":true}]}}