{"id":9474,"date":"2023-05-18T05:44:50","date_gmt":"2023-05-18T05:44:50","guid":{"rendered":"https:\/\/elrincondefehmi.com\/es\/?post_type=product&#038;p=9474"},"modified":"2025-06-28T15:26:09","modified_gmt":"2025-06-28T15:26:09","slug":"modern-rugs-living-room","status":"publish","type":"product","link":"https:\/\/elrincondefehmi.com\/es\/tienda\/alfombras-turcas\/alfombras-modernas\/modern-rugs-living-room\/","title":{"rendered":"FOG 3076"},"content":{"rendered":"<h1>ALFOMBRAS MODERNAS<\/h1>\n<p>Descubre la fusi\u00f3n perfecta entre lo moderno y lo cl\u00e1sico con nuestra cautivadora alfombra de dise\u00f1o contempor\u00e1neo y motivos difuminados. Esta impresionante pieza combina la elegancia del estilo cl\u00e1sico con un toque moderno y vanguardista. Con tonalidades de color negro en diferentes matices, crea un efecto visual sorprendente y sofisticado en cualquier espacio. La sutileza de los motivos difuminados a\u00f1ade profundidad y encanto a la alfombra, creando un aspecto \u00fanico y art\u00edstico. Fabricada con materiales de alta calidad, esta alfombra moderna con toques de dise\u00f1o cl\u00e1sico no solo es visualmente impactante, sino que tambi\u00e9n ofrece una suavidad y comodidad excepcionales bajo tus pies. Ya sea en el sal\u00f3n, el comedor o el dormitorio, esta alfombra se convertir\u00e1 en el centro de atenci\u00f3n, a\u00f1adiendo estilo y distinci\u00f3n a tu hogar. Descubre la perfecta combinaci\u00f3n de lo cl\u00e1sico y lo moderno en cada detalle de nuestra alfombra con motivos difuminados y tonalidades de color negro. Nuestra colecci\u00f3n de alfombras modernas est\u00e1n dise\u00f1adas y hechas en <a href=\"http:\/\/www.turismodeturquia.org\/\">Turqu\u00eda<\/a>\u00a0por aut\u00e9nticos expertos en crear alfombras. En nuestras tiendas tenemos una amplia colecci\u00f3n de\u00a0<a href=\"https:\/\/www.elrincondefehmi.com\/es\/categoria-producto\/alfombras\/alfombras-clasicas\/\">alfombras ,<\/a>desde las cl\u00e1sicas tradicionales hasta las modernas contempor\u00e1neas\u00a1Si quieres comprar una alfombra moderna y si te gusta este novedoso estilo de alfombras, ven a visitarnos! Tenemos una amplia colecci\u00f3n de\u00a0\u00a0<strong>alfombras modernas abstractas en nuestras tiendas.\u00a0<\/strong>\u00a1Estaremos encantados de conocerle! Te ayudamos y aconsejamos a seleccionar la alfombra que m\u00e1s se adapte a tus espacios y tu estilo. MATERIALES Utilizamos siempre colores vegetales con fibras naturales como la lana, el algod\u00f3n, bamb\u00fa seda, la viscosa y la seda. Por lo tanto, todas las etapas de elaboraci\u00f3n de nuestras alfombras est\u00e1n hechas con materiales de alta calidad. ALFOMBRAS MODERNAS Para conseguir un dise\u00f1o ideal, mezclamos los dise\u00f1os cl\u00e1sicos con los dise\u00f1os modernos con estampados aun menos definidos o m\u00e1s difuminados. Los diferentes colores y tama\u00f1os son capaces de adaptarse a los gustos y necesidades de cada cliente. Por eso raz\u00f3n las consideramos como alfombras \u00fanicas y llenas de personalidad.<\/p>\n<h4>OTROS PRODUCTOS Y SERVICIOS<\/h4>\n<p>En El Rinc\u00f3n de Fehmi tambi\u00e9n disponemos una gran colecci\u00f3n de alfombras\u00a0<a href=\"https:\/\/www.elrincondefehmi.com\/es\/categoria-producto\/alfombras\/alfombras-patchwork\/\">Patchwork<\/a>\u00a0,\u00a0<a href=\"https:\/\/www.elrincondefehmi.com\/es\/categoria-producto\/alfombras\/alfombras-vintage\/\">Vintage y Kilims<\/a>\u00a0Sobre todo si buscas una alfombra Patchwork hecha a medida, te la podemos hacer seg\u00fan el color y tama\u00f1o deseada. En nuestras tiendas tambi\u00e9n te asesoramos para encontrar la alfombra ideal para tu hogar y espacio. Te ofrecemos un servicio de asesoramiento personalizado con el que te resultar\u00e1 m\u00e1s f\u00e1cil el proceso de b\u00fasqueda, adem\u00e1s de ahorrarte tiempo, puesto que disponemos de un gran equipo de profesionales expertos que est\u00e1n a tu disposici\u00f3n para atenderte de forma individualizada y mostrarte los modelos que responden a tus especificaciones. Ademas si deseas podemos llevarte las alfombras a tu casa para probar sin ning\u00fan tipo de compromiso. Por ultimo queremos informarle que realizamos el servicio de\u00a0<a href=\"https:\/\/www.elrincondefehmi.com\/es\/limpieza-y-restauracion-de-alfombras\/\">limpieza y reparaci\u00f3n<\/a>\u00a0de Alfombras y Kilims..<\/p>\n","protected":false},"excerpt":{"rendered":"<p>Densidad de nudos: 2.000.000 points m<sup>2<\/sup><\/p>\n<p>Espesor: 7 mm<\/p>\n<p>Edad: Nueva<\/p>\n<p>Origen: Turqu\u00eda<\/p>\n<p>Nudos: Bamb\u00fa seda<\/p>\n<p>Urdimbre: Algod\u00f3n<\/p>\n<p>Tejido de alta precisi\u00f3n<\/p>\n<p>\u00a0Medidas disponibles: 80 X150 cm, 80 X 300 cm, 100 X 200 cm 100 X 300 cm, 120 X 180 cm, 160 X 230 cm 200 X 290 cm, 240 X 340 cm, 300 X 400 cm<\/p>\n","protected":false},"featured_media":21857,"comment_status":"open","ping_status":"closed","template":"","meta":[],"product_cat":[19,308,315],"product_tag":[355,353,352,354],"yoast_head":"<!-- This site is optimized with the Yoast SEO plugin v21.5 - https:\/\/yoast.com\/wordpress\/plugins\/seo\/ -->\n<title>Modern Rugs Living Room | El Rinc\u00f3n de Fehmi Madrid<\/title>\n<meta name=\"description\" content=\"\u00a1Modern Rugs For Living Room! If you like this new style of carpets, our range of contemporary rugs are sure to inject character into any room.\" \/>\n<meta name=\"robots\" content=\"index, follow, max-snippet:-1, max-image-preview:large, max-video-preview:-1\" \/>\n<link rel=\"canonical\" href=\"https:\/\/elrincondefehmi.com\/es\/tienda\/alfombras-turcas\/alfombras-modernas\/modern-rugs-living-room\/\" \/>\n<meta property=\"og:locale\" content=\"es_ES\" \/>\n<meta property=\"og:type\" content=\"article\" \/>\n<meta property=\"og:title\" content=\"Modern Rugs Living Room | El Rinc\u00f3n de Fehmi Madrid\" \/>\n<meta property=\"og:description\" content=\"\u00a1Modern Rugs For Living Room! If you like this new style of carpets, our range of contemporary rugs are sure to inject character into any room.\" \/>\n<meta property=\"og:url\" content=\"https:\/\/elrincondefehmi.com\/es\/tienda\/alfombras-turcas\/alfombras-modernas\/modern-rugs-living-room\/\" \/>\n<meta property=\"og:site_name\" content=\"El Rinc\u00f3n de Fehmi Madrid\" \/>\n<meta property=\"article:modified_time\" content=\"2025-06-28T15:26:09+00:00\" \/>\n<meta property=\"og:image\" content=\"https:\/\/elrincondefehmi.com\/es\/wp-content\/uploads\/2023\/05\/FOG-3076.jpg\" \/>\n\t<meta property=\"og:image:width\" content=\"784\" \/>\n\t<meta property=\"og:image:height\" content=\"1100\" \/>\n\t<meta property=\"og:image:type\" content=\"image\/jpeg\" \/>\n<meta name=\"twitter:card\" content=\"summary_large_image\" \/>\n<script type=\"application\/ld+json\" class=\"yoast-schema-graph\">{\"@context\":\"https:\/\/schema.org\",\"@graph\":[{\"@type\":\"WebPage\",\"@id\":\"https:\/\/elrincondefehmi.com\/es\/tienda\/alfombras-turcas\/alfombras-modernas\/modern-rugs-living-room\/\",\"url\":\"https:\/\/elrincondefehmi.com\/es\/tienda\/alfombras-turcas\/alfombras-modernas\/modern-rugs-living-room\/\",\"name\":\"Modern Rugs Living Room | El Rinc\u00f3n de Fehmi Madrid\",\"isPartOf\":{\"@id\":\"https:\/\/elrincondefehmi.com\/es\/#website\"},\"datePublished\":\"2023-05-18T05:44:50+00:00\",\"dateModified\":\"2025-06-28T15:26:09+00:00\",\"description\":\"\u00a1Modern Rugs For Living Room! If you like this new style of carpets, our range of contemporary rugs are sure to inject character into any room.\",\"breadcrumb\":{\"@id\":\"https:\/\/elrincondefehmi.com\/es\/tienda\/alfombras-turcas\/alfombras-modernas\/modern-rugs-living-room\/#breadcrumb\"},\"inLanguage\":\"es\",\"potentialAction\":[{\"@type\":\"ReadAction\",\"target\":[\"https:\/\/elrincondefehmi.com\/es\/tienda\/alfombras-turcas\/alfombras-modernas\/modern-rugs-living-room\/\"]}]},{\"@type\":\"BreadcrumbList\",\"@id\":\"https:\/\/elrincondefehmi.com\/es\/tienda\/alfombras-turcas\/alfombras-modernas\/modern-rugs-living-room\/#breadcrumb\",\"itemListElement\":[{\"@type\":\"ListItem\",\"position\":1,\"name\":\"PRODUCTOS\",\"item\":\"https:\/\/elrincondefehmi.com\/es\/all-product\/\"},{\"@type\":\"ListItem\",\"position\":2,\"name\":\"FOG 3076\"}]},{\"@type\":\"WebSite\",\"@id\":\"https:\/\/elrincondefehmi.com\/es\/#website\",\"url\":\"https:\/\/elrincondefehmi.com\/es\/\",\"name\":\"El Rinc\u00f3n de Fehmi Madrid\",\"description\":\"Tienda de alfombras en Madrid.  En El Rinc\u00f3n de Fehmi somos especialistas en alfombras artesanales, alfombras modernas contempor\u00e1neas kilims de Turqu\u00eda\",\"potentialAction\":[{\"@type\":\"SearchAction\",\"target\":{\"@type\":\"EntryPoint\",\"urlTemplate\":\"https:\/\/elrincondefehmi.com\/es\/?s={search_term_string}\"},\"query-input\":\"required name=search_term_string\"}],\"inLanguage\":\"es\"}]}<\/script>\n<!-- \/ Yoast SEO plugin. -->","yoast_head_json":{"title":"Modern Rugs Living Room | El Rinc\u00f3n de Fehmi Madrid","description":"\u00a1Modern Rugs For Living Room! If you like this new style of carpets, our range of contemporary rugs are sure to inject character into any room.","robots":{"index":"index","follow":"follow","max-snippet":"max-snippet:-1","max-image-preview":"max-image-preview:large","max-video-preview":"max-video-preview:-1"},"canonical":"https:\/\/elrincondefehmi.com\/es\/tienda\/alfombras-turcas\/alfombras-modernas\/modern-rugs-living-room\/","og_locale":"es_ES","og_type":"article","og_title":"Modern Rugs Living Room | El Rinc\u00f3n de Fehmi Madrid","og_description":"\u00a1Modern Rugs For Living Room! If you like this new style of carpets, our range of contemporary rugs are sure to inject character into any room.","og_url":"https:\/\/elrincondefehmi.com\/es\/tienda\/alfombras-turcas\/alfombras-modernas\/modern-rugs-living-room\/","og_site_name":"El Rinc\u00f3n de Fehmi Madrid","article_modified_time":"2025-06-28T15:26:09+00:00","og_image":[{"width":784,"height":1100,"url":"https:\/\/elrincondefehmi.com\/es\/wp-content\/uploads\/2023\/05\/FOG-3076.jpg","type":"image\/jpeg"}],"twitter_card":"summary_large_image","schema":{"@context":"https:\/\/schema.org","@graph":[{"@type":"WebPage","@id":"https:\/\/elrincondefehmi.com\/es\/tienda\/alfombras-turcas\/alfombras-modernas\/modern-rugs-living-room\/","url":"https:\/\/elrincondefehmi.com\/es\/tienda\/alfombras-turcas\/alfombras-modernas\/modern-rugs-living-room\/","name":"Modern Rugs Living Room | El Rinc\u00f3n de Fehmi Madrid","isPartOf":{"@id":"https:\/\/elrincondefehmi.com\/es\/#website"},"datePublished":"2023-05-18T05:44:50+00:00","dateModified":"2025-06-28T15:26:09+00:00","description":"\u00a1Modern Rugs For Living Room! If you like this new style of carpets, our range of contemporary rugs are sure to inject character into any room.","breadcrumb":{"@id":"https:\/\/elrincondefehmi.com\/es\/tienda\/alfombras-turcas\/alfombras-modernas\/modern-rugs-living-room\/#breadcrumb"},"inLanguage":"es","potentialAction":[{"@type":"ReadAction","target":["https:\/\/elrincondefehmi.com\/es\/tienda\/alfombras-turcas\/alfombras-modernas\/modern-rugs-living-room\/"]}]},{"@type":"BreadcrumbList","@id":"https:\/\/elrincondefehmi.com\/es\/tienda\/alfombras-turcas\/alfombras-modernas\/modern-rugs-living-room\/#breadcrumb","itemListElement":[{"@type":"ListItem","position":1,"name":"PRODUCTOS","item":"https:\/\/elrincondefehmi.com\/es\/all-product\/"},{"@type":"ListItem","position":2,"name":"FOG 3076"}]},{"@type":"WebSite","@id":"https:\/\/elrincondefehmi.com\/es\/#website","url":"https:\/\/elrincondefehmi.com\/es\/","name":"El Rinc\u00f3n de Fehmi Madrid","description":"Tienda de alfombras en Madrid.  En El Rinc\u00f3n de Fehmi somos especialistas en alfombras artesanales, alfombras modernas contempor\u00e1neas kilims de Turqu\u00eda","potentialAction":[{"@type":"SearchAction","target":{"@type":"EntryPoint","urlTemplate":"https:\/\/elrincondefehmi.com\/es\/?s={search_term_string}"},"query-input":"required name=search_term_string"}],"inLanguage":"es"}]}},"_links":{"self":[{"href":"https:\/\/elrincondefehmi.com\/es\/wp-json\/wp\/v2\/product\/9474"}],"collection":[{"href":"https:\/\/elrincondefehmi.com\/es\/wp-json\/wp\/v2\/product"}],"about":[{"href":"https:\/\/elrincondefehmi.com\/es\/wp-json\/wp\/v2\/types\/product"}],"replies":[{"embeddable":true,"href":"https:\/\/elrincondefehmi.com\/es\/wp-json\/wp\/v2\/comments?post=9474"}],"wp:featuredmedia":[{"embeddable":true,"href":"https:\/\/elrincondefehmi.com\/es\/wp-json\/wp\/v2\/media\/21857"}],"wp:attachment":[{"href":"https:\/\/elrincondefehmi.com\/es\/wp-json\/wp\/v2\/media?parent=9474"}],"wp:term":[{"taxonomy":"product_cat","embeddable":true,"href":"https:\/\/elrincondefehmi.com\/es\/wp-json\/wp\/v2\/product_cat?post=9474"},{"taxonomy":"product_tag","embeddable":true,"href":"https:\/\/elrincondefehmi.com\/es\/wp-json\/wp\/v2\/product_tag?post=9474"}],"curies":[{"name":"wp","href":"https:\/\/api.w.org\/{rel}","templated":true}]}}