{"id":9455,"date":"2023-05-18T05:44:03","date_gmt":"2023-05-18T05:44:03","guid":{"rendered":"https:\/\/elrincondefehmi.com\/es\/?post_type=product&#038;p=9455"},"modified":"2025-04-29T18:24:14","modified_gmt":"2025-04-29T18:24:14","slug":"comprar-alfombras-zigler","status":"publish","type":"product","link":"https:\/\/elrincondefehmi.com\/es\/tienda\/alfombras-turcas\/alfombras-clasicas\/comprar-alfombras-zigler\/","title":{"rendered":"Alfombra Cl\u00e1sica turca 77&#215;121 cm"},"content":{"rendered":"<h1>COMPRAR ALFOMBRAS ZIGLER<\/h1>\n<p>COMPRAR ALFOMBRAS ZIGLER CL\u00c1SICAS<br \/>\nLas alfombras de Ziegler fueron creadas en finales de siglo XVIII, cuando una empresa\u00a0 brit\u00e1nica hizo fabricar este tipo de alfombras.<\/p>\n<p>En principio este tipo de alfombras ten\u00edan un tipo de anudado ligeramente m\u00e1s grueso que las alfombras<a href=\"https:\/\/www.worldhistory.org\/trans\/es\/1-18563\/antigua-persia\/\">\u00a0persas<\/a>\u00a0y turcas cl\u00e1sicas tradicionales para satisfacer la demanda en el mundo occidental m\u00e1s r\u00e1pidamente. No obstante, hoy en d\u00eda la calidad de las alfombras de Ziegler es muy alta y al mismo tiempo a\u00fan m\u00e1s asequible que una alfombra turca o persa tradicional.<\/p>\n<p>En el Rinc\u00f3n de Fehmi nos dedicamos espec\u00edficamente a las alfombras\u00a0<a href=\"https:\/\/www.elrincondefehmi.com\/es\/categoria-producto\/alfombras-turcas\/alfombras-clasicas\/\">turcas y persas<\/a>. Seleccionamos las piezas mas originales y representativas de estos pa\u00edses y su milenaria cultura. En particular, las alfombras cl\u00e1sicas tradicionales son consideradas verdaderas joyas de arte. Est\u00e1n recargadas de motivos tribales y tienen colores muy atractivos. Son alfombras llenas de historia que han ido transmitiendo la cultura oriental de generaci\u00f3n en generaci\u00f3n. Tienen muy buena calidad y son muy resistentes por sus materiales naturales. Adem\u00e1s, suelen tener el pelo corto y r\u00edgido, esto ofrece unas mejores condiciones de mantenimiento.<\/p>\n<p>Una alfombra cl\u00e1sica ofrece en un hogar una pieza exclusiva y \u00fanica, cargada de historia y exotismo. Se adapta a cualquier tipo de ambiente y estilo decorativo, adem\u00e1s de ofrecer una calidad excepcional. Da uniformidad y un toque especial y lleno de personalidad a los espacios. Nosotros, como expertos, son las piezas que con mas cari\u00f1o y orgullo solemos recomendar, dentro de nuestras largas colecciones de alfombras.<\/p>\n<h4>OTROS PRODUCTOS Y SERVICIOS<\/h4>\n<p>En El Rinc\u00f3n de Fehmi tambi\u00e9n disponemos una gran colecci\u00f3n de alfombras\u00a0<a href=\"https:\/\/www.elrincondefehmi.com\/es\/categoria-producto\/alfombras\/alfombras-patchwork\/\">Patchwork<\/a>\u00a0,\u00a0<a href=\"https:\/\/www.elrincondefehmi.com\/es\/categoria-producto\/alfombras\/alfombras-vintage\/\">Vintage y Kilims<\/a>\u00a0Sobre todo si buscas una alfombra Patchwork hecha a medida, te la podemos hacer seg\u00fan el color y tama\u00f1o deseada.<\/p>\n<p>En nuestras tiendas tambi\u00e9n te asesoramos para encontrar la alfombra ideal para tu hogar y espacio. Te ofrecemos un servicio de asesoramiento personalizado con el que te resultar\u00e1 m\u00e1s f\u00e1cil el proceso de b\u00fasqueda, adem\u00e1s de ahorrarte tiempo, puesto que disponemos de un gran equipo de profesionales expertos que est\u00e1n a tu disposici\u00f3n para atenderte de forma individualizada y mostrarte los modelos que responden a tus especificaciones. Ademas si deseas podemos llevarte las alfombras a tu casa para probar sin ning\u00fan tipo de compromiso.<\/p>\n<p>Por ultimo queremos informarle que realizamos el servicio de\u00a0<a href=\"https:\/\/www.elrincondefehmi.com\/es\/limpieza-y-restauracion-de-alfombras\/\">limpieza y reparaci\u00f3n<\/a>\u00a0de Alfombras y Kilims..<\/p>\n","protected":false},"excerpt":{"rendered":"<div class=\"product-short-description\">\n<p>Alfombra cl\u00e1sica turca Usak (Zigler)<br \/>\nMaterial: Lana y algod\u00f3n<br \/>\nMedidas: 77\u00d7121cm<br \/>\nHecho a mano, doble nudo<br \/>\nAproximadamente 200000 \u2013 250000 nudos al metro cuadrado<br \/>\nEdad: Nuevo<\/p>\n<\/div>\n<div class=\"product_meta\"><\/div>\n","protected":false},"featured_media":22187,"comment_status":"open","ping_status":"closed","template":"","meta":[],"product_cat":[19,308,316],"product_tag":[355,353,352,354],"yoast_head":"<!-- This site is optimized with the Yoast SEO plugin v21.5 - https:\/\/yoast.com\/wordpress\/plugins\/seo\/ -->\n<title>Comprar Alfombras Zigler | El Rinc\u00f3n de Fehmi Madrid | Tienda de alfombras<\/title>\n<meta name=\"description\" content=\"\u00a1Comprar Alfombras Zigler en Madrid! Seleccionamos las piezas mas originales y representativas de oriente y su milenaria cultura..\" \/>\n<meta name=\"robots\" content=\"index, follow, max-snippet:-1, max-image-preview:large, max-video-preview:-1\" \/>\n<link rel=\"canonical\" href=\"https:\/\/elrincondefehmi.com\/es\/tienda\/alfombras-turcas\/alfombras-clasicas\/comprar-alfombras-zigler\/\" \/>\n<meta property=\"og:locale\" content=\"es_ES\" \/>\n<meta property=\"og:type\" content=\"article\" \/>\n<meta property=\"og:title\" content=\"Comprar Alfombras Zigler | El Rinc\u00f3n de Fehmi Madrid | Tienda de alfombras\" \/>\n<meta property=\"og:description\" content=\"\u00a1Comprar Alfombras Zigler en Madrid! Seleccionamos las piezas mas originales y representativas de oriente y su milenaria cultura..\" \/>\n<meta property=\"og:url\" content=\"https:\/\/elrincondefehmi.com\/es\/tienda\/alfombras-turcas\/alfombras-clasicas\/comprar-alfombras-zigler\/\" \/>\n<meta property=\"og:site_name\" content=\"El Rinc\u00f3n de Fehmi Madrid\" \/>\n<meta property=\"article:modified_time\" content=\"2025-04-29T18:24:14+00:00\" \/>\n<meta property=\"og:image\" content=\"https:\/\/elrincondefehmi.com\/es\/wp-content\/uploads\/2023\/05\/44.jpg\" \/>\n\t<meta property=\"og:image:width\" content=\"740\" \/>\n\t<meta property=\"og:image:height\" content=\"1070\" \/>\n\t<meta property=\"og:image:type\" content=\"image\/jpeg\" \/>\n<meta name=\"twitter:card\" content=\"summary_large_image\" \/>\n<script type=\"application\/ld+json\" class=\"yoast-schema-graph\">{\"@context\":\"https:\/\/schema.org\",\"@graph\":[{\"@type\":\"WebPage\",\"@id\":\"https:\/\/elrincondefehmi.com\/es\/tienda\/alfombras-turcas\/alfombras-clasicas\/comprar-alfombras-zigler\/\",\"url\":\"https:\/\/elrincondefehmi.com\/es\/tienda\/alfombras-turcas\/alfombras-clasicas\/comprar-alfombras-zigler\/\",\"name\":\"Comprar Alfombras Zigler | El Rinc\u00f3n de Fehmi Madrid | Tienda de alfombras\",\"isPartOf\":{\"@id\":\"https:\/\/elrincondefehmi.com\/es\/#website\"},\"datePublished\":\"2023-05-18T05:44:03+00:00\",\"dateModified\":\"2025-04-29T18:24:14+00:00\",\"description\":\"\u00a1Comprar Alfombras Zigler en Madrid! Seleccionamos las piezas mas originales y representativas de oriente y su milenaria cultura..\",\"breadcrumb\":{\"@id\":\"https:\/\/elrincondefehmi.com\/es\/tienda\/alfombras-turcas\/alfombras-clasicas\/comprar-alfombras-zigler\/#breadcrumb\"},\"inLanguage\":\"es\",\"potentialAction\":[{\"@type\":\"ReadAction\",\"target\":[\"https:\/\/elrincondefehmi.com\/es\/tienda\/alfombras-turcas\/alfombras-clasicas\/comprar-alfombras-zigler\/\"]}]},{\"@type\":\"BreadcrumbList\",\"@id\":\"https:\/\/elrincondefehmi.com\/es\/tienda\/alfombras-turcas\/alfombras-clasicas\/comprar-alfombras-zigler\/#breadcrumb\",\"itemListElement\":[{\"@type\":\"ListItem\",\"position\":1,\"name\":\"PRODUCTOS\",\"item\":\"https:\/\/elrincondefehmi.com\/es\/all-product\/\"},{\"@type\":\"ListItem\",\"position\":2,\"name\":\"Alfombra Cl\u00e1sica turca 77&#215;121 cm\"}]},{\"@type\":\"WebSite\",\"@id\":\"https:\/\/elrincondefehmi.com\/es\/#website\",\"url\":\"https:\/\/elrincondefehmi.com\/es\/\",\"name\":\"El Rinc\u00f3n de Fehmi Madrid\",\"description\":\"Tienda de alfombras en Madrid.  En El Rinc\u00f3n de Fehmi somos especialistas en alfombras artesanales, alfombras modernas contempor\u00e1neas kilims de Turqu\u00eda\",\"potentialAction\":[{\"@type\":\"SearchAction\",\"target\":{\"@type\":\"EntryPoint\",\"urlTemplate\":\"https:\/\/elrincondefehmi.com\/es\/?s={search_term_string}\"},\"query-input\":\"required name=search_term_string\"}],\"inLanguage\":\"es\"}]}<\/script>\n<!-- \/ Yoast SEO plugin. -->","yoast_head_json":{"title":"Comprar Alfombras Zigler | El Rinc\u00f3n de Fehmi Madrid | Tienda de alfombras","description":"\u00a1Comprar Alfombras Zigler en Madrid! Seleccionamos las piezas mas originales y representativas de oriente y su milenaria cultura..","robots":{"index":"index","follow":"follow","max-snippet":"max-snippet:-1","max-image-preview":"max-image-preview:large","max-video-preview":"max-video-preview:-1"},"canonical":"https:\/\/elrincondefehmi.com\/es\/tienda\/alfombras-turcas\/alfombras-clasicas\/comprar-alfombras-zigler\/","og_locale":"es_ES","og_type":"article","og_title":"Comprar Alfombras Zigler | El Rinc\u00f3n de Fehmi Madrid | Tienda de alfombras","og_description":"\u00a1Comprar Alfombras Zigler en Madrid! Seleccionamos las piezas mas originales y representativas de oriente y su milenaria cultura..","og_url":"https:\/\/elrincondefehmi.com\/es\/tienda\/alfombras-turcas\/alfombras-clasicas\/comprar-alfombras-zigler\/","og_site_name":"El Rinc\u00f3n de Fehmi Madrid","article_modified_time":"2025-04-29T18:24:14+00:00","og_image":[{"width":740,"height":1070,"url":"https:\/\/elrincondefehmi.com\/es\/wp-content\/uploads\/2023\/05\/44.jpg","type":"image\/jpeg"}],"twitter_card":"summary_large_image","schema":{"@context":"https:\/\/schema.org","@graph":[{"@type":"WebPage","@id":"https:\/\/elrincondefehmi.com\/es\/tienda\/alfombras-turcas\/alfombras-clasicas\/comprar-alfombras-zigler\/","url":"https:\/\/elrincondefehmi.com\/es\/tienda\/alfombras-turcas\/alfombras-clasicas\/comprar-alfombras-zigler\/","name":"Comprar Alfombras Zigler | El Rinc\u00f3n de Fehmi Madrid | Tienda de alfombras","isPartOf":{"@id":"https:\/\/elrincondefehmi.com\/es\/#website"},"datePublished":"2023-05-18T05:44:03+00:00","dateModified":"2025-04-29T18:24:14+00:00","description":"\u00a1Comprar Alfombras Zigler en Madrid! Seleccionamos las piezas mas originales y representativas de oriente y su milenaria cultura..","breadcrumb":{"@id":"https:\/\/elrincondefehmi.com\/es\/tienda\/alfombras-turcas\/alfombras-clasicas\/comprar-alfombras-zigler\/#breadcrumb"},"inLanguage":"es","potentialAction":[{"@type":"ReadAction","target":["https:\/\/elrincondefehmi.com\/es\/tienda\/alfombras-turcas\/alfombras-clasicas\/comprar-alfombras-zigler\/"]}]},{"@type":"BreadcrumbList","@id":"https:\/\/elrincondefehmi.com\/es\/tienda\/alfombras-turcas\/alfombras-clasicas\/comprar-alfombras-zigler\/#breadcrumb","itemListElement":[{"@type":"ListItem","position":1,"name":"PRODUCTOS","item":"https:\/\/elrincondefehmi.com\/es\/all-product\/"},{"@type":"ListItem","position":2,"name":"Alfombra Cl\u00e1sica turca 77&#215;121 cm"}]},{"@type":"WebSite","@id":"https:\/\/elrincondefehmi.com\/es\/#website","url":"https:\/\/elrincondefehmi.com\/es\/","name":"El Rinc\u00f3n de Fehmi Madrid","description":"Tienda de alfombras en Madrid.  En El Rinc\u00f3n de Fehmi somos especialistas en alfombras artesanales, alfombras modernas contempor\u00e1neas kilims de Turqu\u00eda","potentialAction":[{"@type":"SearchAction","target":{"@type":"EntryPoint","urlTemplate":"https:\/\/elrincondefehmi.com\/es\/?s={search_term_string}"},"query-input":"required name=search_term_string"}],"inLanguage":"es"}]}},"_links":{"self":[{"href":"https:\/\/elrincondefehmi.com\/es\/wp-json\/wp\/v2\/product\/9455"}],"collection":[{"href":"https:\/\/elrincondefehmi.com\/es\/wp-json\/wp\/v2\/product"}],"about":[{"href":"https:\/\/elrincondefehmi.com\/es\/wp-json\/wp\/v2\/types\/product"}],"replies":[{"embeddable":true,"href":"https:\/\/elrincondefehmi.com\/es\/wp-json\/wp\/v2\/comments?post=9455"}],"wp:featuredmedia":[{"embeddable":true,"href":"https:\/\/elrincondefehmi.com\/es\/wp-json\/wp\/v2\/media\/22187"}],"wp:attachment":[{"href":"https:\/\/elrincondefehmi.com\/es\/wp-json\/wp\/v2\/media?parent=9455"}],"wp:term":[{"taxonomy":"product_cat","embeddable":true,"href":"https:\/\/elrincondefehmi.com\/es\/wp-json\/wp\/v2\/product_cat?post=9455"},{"taxonomy":"product_tag","embeddable":true,"href":"https:\/\/elrincondefehmi.com\/es\/wp-json\/wp\/v2\/product_tag?post=9455"}],"curies":[{"name":"wp","href":"https:\/\/api.w.org\/{rel}","templated":true}]}}