{"id":9272,"date":"2023-05-18T05:35:30","date_gmt":"2023-05-18T05:35:30","guid":{"rendered":"https:\/\/elrincondefehmi.com\/es\/?post_type=product&#038;p=9272"},"modified":"2024-05-06T10:12:32","modified_gmt":"2024-05-06T10:12:32","slug":"alfombras-modernas-en-rebajas","status":"publish","type":"product","link":"https:\/\/elrincondefehmi.com\/es\/tienda\/alfombras-turcas\/alfombras-modernas\/alfombras-modernas-en-rebajas\/","title":{"rendered":"GRAVITY 1716"},"content":{"rendered":"<h1>ALFOMBRAS MODERNAS EN REBAJAS<\/h1>\n<p>\u00a1<strong>Alfombras Modernas en Rebajas<\/strong>! Os traemos la artesan\u00eda m\u00e1s representativa de la cultura turca. Ven a visitarnos en nuestras tiendas y te ense\u00f1amos nuestra mejor colecci\u00f3n de alfombras con precios muy econ\u00f3micos. Rebajas disponibles hasta un -30% de descuento en nuestras tiendas.<\/p>\n<p>&nbsp;<\/p>\n<h2>NUESTRAS ALFOMBRAS MODERNAS<\/h2>\n<p>Nuestra colecci\u00f3n de alfombras modernas est\u00e1n dise\u00f1adas y hechas en\u00a0<a href=\"http:\/\/www.turismodeturquia.org\/\">Turqu\u00eda<\/a>\u00a0por aut\u00e9nticos expertos en crear alfombras. En nuestras tiendas tenemos una amplia colecci\u00f3n de\u00a0<a href=\"https:\/\/www.elrincondefehmi.com\/es\/como-decorar-con-una-alfombra\/\">alfombras<\/a>\u00a0,desde las cl\u00e1sicas tradicionales hasta las modernas contempor\u00e1neas\u00a1Si quieres\u00a0comprar una alfombra moderna y si te gusta este novedoso estilo de alfombras, ven a visitarnos! Tenemos una amplia colecci\u00f3n de\u00a0<strong>venta de alfombras sal\u00f3n modernas.\u00a0<\/strong>\u00a1Estaremos encantados de conocerle! Te ayudamos y aconsejamos a seleccionar la alfombra que m\u00e1s se adapte a tus espacios y tu estilo.<\/p>\n<p>Utilizamos siempre colores vegetales con fibras naturales como la lana, el algod\u00f3n, la viscosa y la seda. Por lo tanto, todas las etapas de elaboraci\u00f3n de nuestras alfombras est\u00e1n hechas con materiales de alta calidad.<\/p>\n<h3>DISE\u00d1OS<\/h3>\n<p>Para conseguir un dise\u00f1o ideal, mezclamos los dise\u00f1os cl\u00e1sicos con los dise\u00f1os modernos con estampados aun menos definidos o m\u00e1s difuminados. Los diferentes colores y tama\u00f1os son capaces de adaptarse a los gustos y necesidades de cada cliente. Por eso raz\u00f3n las consideramos como alfombras \u00fanicas y llenas de personalidad.<\/p>\n<h4>OTROS PRODUCTOS Y SERVICIOS<\/h4>\n<p>En El Rinc\u00f3n de Fehmi tambi\u00e9n disponemos una gran colecci\u00f3n de alfombras\u00a0<a href=\"https:\/\/www.elrincondefehmi.com\/es\/categoria-producto\/alfombras\/alfombras-patchwork\/\">Patchwork<\/a>\u00a0,\u00a0<a href=\"https:\/\/www.elrincondefehmi.com\/es\/categoria-producto\/alfombras\/alfombras-vintage\/\">Vintage y Kilims<\/a>\u00a0Sobre todo si buscas una alfombra Patchwork hecha a medida, te la podemos hacer seg\u00fan el color y tama\u00f1o deseada.<\/p>\n<p>En nuestras tiendas tambi\u00e9n te asesoramos para encontrar la alfombra ideal para tu hogar y espacio. Te ofrecemos un servicio de asesoramiento personalizado con el que te resultar\u00e1 m\u00e1s f\u00e1cil el proceso de b\u00fasqueda, adem\u00e1s de ahorrarte tiempo, puesto que disponemos de un gran equipo de profesionales expertos que est\u00e1n a tu disposici\u00f3n para atenderte de forma individualizada y mostrarte los modelos que responden a tus especificaciones. Ademas si deseas podemos llevarte las alfombras a tu casa para probar sin ning\u00fan tipo de compromiso.<\/p>\n<p>Por ultimo queremos informarle que realizamos el servicio de\u00a0<a href=\"https:\/\/www.elrincondefehmi.com\/es\/limpieza-y-restauracion-de-alfombras\/\">limpieza y reparaci\u00f3n<\/a>\u00a0de Alfombras y Kilims..<\/p>\n","protected":false},"excerpt":{"rendered":"<div class=\"product-short-description\">\n<div class=\"product-short-description\">\n<p>Densidad de nudos: 2.000.000 points m<sup>2<\/sup><\/p>\n<p>Espesor: 7 mm<\/p>\n<p>Edad: Nueva<\/p>\n<p>Origen: Turqu\u00eda<\/p>\n<p>Nudos: Bamb\u00fa seda<\/p>\n<p>Urdimbre: Algod\u00f3n<\/p>\n<p>Tejido de alta precisi\u00f3n<\/p>\n<p>Medidas disponibles: 80 X150 cm, 80 X 300 cm,100 X 200 cm, 100 X 300 cm, 120 X 180 cm, 160 X 230 cm 200 X 290 cm, 240 X 340 cm, 300 X 400 cm<\/p><\/div>\n<div class=\"product_meta\">\u00a0<\/div>\n<\/div>\n<div class=\"product_meta\">\u00a0<\/div>\n","protected":false},"featured_media":21899,"comment_status":"open","ping_status":"closed","template":"","meta":[],"product_cat":[19,308,315],"product_tag":[355,353,352,354],"yoast_head":"<!-- This site is optimized with the Yoast SEO plugin v21.5 - https:\/\/yoast.com\/wordpress\/plugins\/seo\/ -->\n<title>Alfombras Modernas en Rebajas | El Rinc\u00f3n de Fehmi Madrid<\/title>\n<meta name=\"description\" content=\"\u00a1Alfombras Modernas en Rebajas! Gran colecci\u00f3n de alfombras modernas contempor\u00e1neas. Rebajas hasta -30% -40% Env\u00edo gratuito\" \/>\n<meta name=\"robots\" content=\"index, follow, max-snippet:-1, max-image-preview:large, max-video-preview:-1\" \/>\n<link rel=\"canonical\" href=\"https:\/\/elrincondefehmi.com\/es\/tienda\/alfombras-turcas\/alfombras-modernas\/alfombras-modernas-en-rebajas\/\" \/>\n<meta property=\"og:locale\" content=\"es_ES\" \/>\n<meta property=\"og:type\" content=\"article\" \/>\n<meta property=\"og:title\" content=\"Alfombras Modernas en Rebajas | El Rinc\u00f3n de Fehmi Madrid\" \/>\n<meta property=\"og:description\" content=\"\u00a1Alfombras Modernas en Rebajas! Gran colecci\u00f3n de alfombras modernas contempor\u00e1neas. Rebajas hasta -30% -40% Env\u00edo gratuito\" \/>\n<meta property=\"og:url\" content=\"https:\/\/elrincondefehmi.com\/es\/tienda\/alfombras-turcas\/alfombras-modernas\/alfombras-modernas-en-rebajas\/\" \/>\n<meta property=\"og:site_name\" content=\"El Rinc\u00f3n de Fehmi Madrid\" \/>\n<meta property=\"article:modified_time\" content=\"2024-05-06T10:12:32+00:00\" \/>\n<meta property=\"og:image\" content=\"https:\/\/elrincondefehmi.com\/es\/wp-content\/uploads\/2023\/05\/GRAVITY-1716.jpg\" \/>\n\t<meta property=\"og:image:width\" content=\"790\" \/>\n\t<meta property=\"og:image:height\" content=\"1080\" \/>\n\t<meta property=\"og:image:type\" content=\"image\/jpeg\" \/>\n<meta name=\"twitter:card\" content=\"summary_large_image\" \/>\n<script type=\"application\/ld+json\" class=\"yoast-schema-graph\">{\"@context\":\"https:\/\/schema.org\",\"@graph\":[{\"@type\":\"WebPage\",\"@id\":\"https:\/\/elrincondefehmi.com\/es\/tienda\/alfombras-turcas\/alfombras-modernas\/alfombras-modernas-en-rebajas\/\",\"url\":\"https:\/\/elrincondefehmi.com\/es\/tienda\/alfombras-turcas\/alfombras-modernas\/alfombras-modernas-en-rebajas\/\",\"name\":\"Alfombras Modernas en Rebajas | El Rinc\u00f3n de Fehmi Madrid\",\"isPartOf\":{\"@id\":\"https:\/\/elrincondefehmi.com\/es\/#website\"},\"datePublished\":\"2023-05-18T05:35:30+00:00\",\"dateModified\":\"2024-05-06T10:12:32+00:00\",\"description\":\"\u00a1Alfombras Modernas en Rebajas! Gran colecci\u00f3n de alfombras modernas contempor\u00e1neas. Rebajas hasta -30% -40% Env\u00edo gratuito\",\"breadcrumb\":{\"@id\":\"https:\/\/elrincondefehmi.com\/es\/tienda\/alfombras-turcas\/alfombras-modernas\/alfombras-modernas-en-rebajas\/#breadcrumb\"},\"inLanguage\":\"es\",\"potentialAction\":[{\"@type\":\"ReadAction\",\"target\":[\"https:\/\/elrincondefehmi.com\/es\/tienda\/alfombras-turcas\/alfombras-modernas\/alfombras-modernas-en-rebajas\/\"]}]},{\"@type\":\"BreadcrumbList\",\"@id\":\"https:\/\/elrincondefehmi.com\/es\/tienda\/alfombras-turcas\/alfombras-modernas\/alfombras-modernas-en-rebajas\/#breadcrumb\",\"itemListElement\":[{\"@type\":\"ListItem\",\"position\":1,\"name\":\"PRODUCTOS\",\"item\":\"https:\/\/elrincondefehmi.com\/es\/all-product\/\"},{\"@type\":\"ListItem\",\"position\":2,\"name\":\"GRAVITY 1716\"}]},{\"@type\":\"WebSite\",\"@id\":\"https:\/\/elrincondefehmi.com\/es\/#website\",\"url\":\"https:\/\/elrincondefehmi.com\/es\/\",\"name\":\"El Rinc\u00f3n de Fehmi Madrid\",\"description\":\"Tienda de alfombras en Madrid.  En El Rinc\u00f3n de Fehmi somos especialistas en alfombras artesanales, alfombras modernas contempor\u00e1neas kilims de Turqu\u00eda\",\"potentialAction\":[{\"@type\":\"SearchAction\",\"target\":{\"@type\":\"EntryPoint\",\"urlTemplate\":\"https:\/\/elrincondefehmi.com\/es\/?s={search_term_string}\"},\"query-input\":\"required name=search_term_string\"}],\"inLanguage\":\"es\"}]}<\/script>\n<!-- \/ Yoast SEO plugin. -->","yoast_head_json":{"title":"Alfombras Modernas en Rebajas | El Rinc\u00f3n de Fehmi Madrid","description":"\u00a1Alfombras Modernas en Rebajas! Gran colecci\u00f3n de alfombras modernas contempor\u00e1neas. Rebajas hasta -30% -40% Env\u00edo gratuito","robots":{"index":"index","follow":"follow","max-snippet":"max-snippet:-1","max-image-preview":"max-image-preview:large","max-video-preview":"max-video-preview:-1"},"canonical":"https:\/\/elrincondefehmi.com\/es\/tienda\/alfombras-turcas\/alfombras-modernas\/alfombras-modernas-en-rebajas\/","og_locale":"es_ES","og_type":"article","og_title":"Alfombras Modernas en Rebajas | El Rinc\u00f3n de Fehmi Madrid","og_description":"\u00a1Alfombras Modernas en Rebajas! Gran colecci\u00f3n de alfombras modernas contempor\u00e1neas. Rebajas hasta -30% -40% Env\u00edo gratuito","og_url":"https:\/\/elrincondefehmi.com\/es\/tienda\/alfombras-turcas\/alfombras-modernas\/alfombras-modernas-en-rebajas\/","og_site_name":"El Rinc\u00f3n de Fehmi Madrid","article_modified_time":"2024-05-06T10:12:32+00:00","og_image":[{"width":790,"height":1080,"url":"https:\/\/elrincondefehmi.com\/es\/wp-content\/uploads\/2023\/05\/GRAVITY-1716.jpg","type":"image\/jpeg"}],"twitter_card":"summary_large_image","schema":{"@context":"https:\/\/schema.org","@graph":[{"@type":"WebPage","@id":"https:\/\/elrincondefehmi.com\/es\/tienda\/alfombras-turcas\/alfombras-modernas\/alfombras-modernas-en-rebajas\/","url":"https:\/\/elrincondefehmi.com\/es\/tienda\/alfombras-turcas\/alfombras-modernas\/alfombras-modernas-en-rebajas\/","name":"Alfombras Modernas en Rebajas | El Rinc\u00f3n de Fehmi Madrid","isPartOf":{"@id":"https:\/\/elrincondefehmi.com\/es\/#website"},"datePublished":"2023-05-18T05:35:30+00:00","dateModified":"2024-05-06T10:12:32+00:00","description":"\u00a1Alfombras Modernas en Rebajas! Gran colecci\u00f3n de alfombras modernas contempor\u00e1neas. Rebajas hasta -30% -40% Env\u00edo gratuito","breadcrumb":{"@id":"https:\/\/elrincondefehmi.com\/es\/tienda\/alfombras-turcas\/alfombras-modernas\/alfombras-modernas-en-rebajas\/#breadcrumb"},"inLanguage":"es","potentialAction":[{"@type":"ReadAction","target":["https:\/\/elrincondefehmi.com\/es\/tienda\/alfombras-turcas\/alfombras-modernas\/alfombras-modernas-en-rebajas\/"]}]},{"@type":"BreadcrumbList","@id":"https:\/\/elrincondefehmi.com\/es\/tienda\/alfombras-turcas\/alfombras-modernas\/alfombras-modernas-en-rebajas\/#breadcrumb","itemListElement":[{"@type":"ListItem","position":1,"name":"PRODUCTOS","item":"https:\/\/elrincondefehmi.com\/es\/all-product\/"},{"@type":"ListItem","position":2,"name":"GRAVITY 1716"}]},{"@type":"WebSite","@id":"https:\/\/elrincondefehmi.com\/es\/#website","url":"https:\/\/elrincondefehmi.com\/es\/","name":"El Rinc\u00f3n de Fehmi Madrid","description":"Tienda de alfombras en Madrid.  En El Rinc\u00f3n de Fehmi somos especialistas en alfombras artesanales, alfombras modernas contempor\u00e1neas kilims de Turqu\u00eda","potentialAction":[{"@type":"SearchAction","target":{"@type":"EntryPoint","urlTemplate":"https:\/\/elrincondefehmi.com\/es\/?s={search_term_string}"},"query-input":"required name=search_term_string"}],"inLanguage":"es"}]}},"_links":{"self":[{"href":"https:\/\/elrincondefehmi.com\/es\/wp-json\/wp\/v2\/product\/9272"}],"collection":[{"href":"https:\/\/elrincondefehmi.com\/es\/wp-json\/wp\/v2\/product"}],"about":[{"href":"https:\/\/elrincondefehmi.com\/es\/wp-json\/wp\/v2\/types\/product"}],"replies":[{"embeddable":true,"href":"https:\/\/elrincondefehmi.com\/es\/wp-json\/wp\/v2\/comments?post=9272"}],"wp:featuredmedia":[{"embeddable":true,"href":"https:\/\/elrincondefehmi.com\/es\/wp-json\/wp\/v2\/media\/21899"}],"wp:attachment":[{"href":"https:\/\/elrincondefehmi.com\/es\/wp-json\/wp\/v2\/media?parent=9272"}],"wp:term":[{"taxonomy":"product_cat","embeddable":true,"href":"https:\/\/elrincondefehmi.com\/es\/wp-json\/wp\/v2\/product_cat?post=9272"},{"taxonomy":"product_tag","embeddable":true,"href":"https:\/\/elrincondefehmi.com\/es\/wp-json\/wp\/v2\/product_tag?post=9272"}],"curies":[{"name":"wp","href":"https:\/\/api.w.org\/{rel}","templated":true}]}}