{"id":9210,"date":"2023-05-18T05:32:49","date_gmt":"2023-05-18T05:32:49","guid":{"rendered":"https:\/\/elrincondefehmi.com\/es\/?post_type=product&#038;p=9210"},"modified":"2025-06-28T16:15:23","modified_gmt":"2025-06-28T16:15:23","slug":"alfombras-modernas-de-diseno","status":"publish","type":"product","link":"https:\/\/elrincondefehmi.com\/es\/tienda\/alfombras-turcas\/alfombras-modernas\/alfombras-modernas-de-diseno\/","title":{"rendered":"BLIZZARD BLUE NV 011"},"content":{"rendered":"<h1><strong>ALFOMBRAS MODERNAS DE DISE\u00d1O<\/strong><\/h1>\n<p>Nuestra alfombra contempor\u00e1nea en tonos de gris y azul clarito es la elecci\u00f3n perfecta para aquellos que buscan una combinaci\u00f3n de estilo moderno y frescura serena. Con un dise\u00f1o contempor\u00e1neo y elegante, esta alfombra aporta un toque de sofisticaci\u00f3n y tranquilidad a cualquier espacio. La combinaci\u00f3n de tonos gris y azul clarito crea un ambiente armonioso y relajante, a\u00f1adiendo un toque de serenidad a tu hogar. Fabricada con materiales de alta calidad, esta alfombra ofrece durabilidad y resistencia al desgaste, asegurando una larga vida \u00fatil. Su textura suave y acogedora proporciona una sensaci\u00f3n de confort bajo tus pies. Ya sea en el sal\u00f3n, el dormitorio o la sala de estar, esta alfombra contempor\u00e1nea en tonos de gris y azul clarito a\u00f1ade calidez y estilo contempor\u00e1neo a tu hogar. Descubre la perfecta combinaci\u00f3n de elegancia y frescura con nuestra alfombra contempor\u00e1nea en tonos de gris y azul clarito. Todas nuestras alfombras est\u00e1n hechas de manera artesanal en Turqu\u00eda. Utilizamos colores vegetales y materiales naturales como la lana, el algod\u00f3n, la viscosa, seda bamb\u00fa y la seda. Por lo tanto todas las etapas de elaboraci\u00f3n de nuestras alfombras est\u00e1n hechas con materiales de alta calidad.<\/p>\n<h4>DISE\u00d1OS<\/h4>\n<p>Para\u00a0<a href=\"https:\/\/kilim-age.com\/es\/como-decorar-con-kilim\/\">conseguir un dise\u00f1o<\/a>\u00a0ideal utilizamos motivos cl\u00e1sicos y contempor\u00e1neos, con estampados definidos o m\u00e1s difuminados con diferentes colores y tama\u00f1os capaces de adaptarse a los gustos y necesidades de cada cliente, por eso raz\u00f3n las consideramos como alfombras \u00fanicas y llenas de personalidad. Si te gusta este novedoso estilo de alfombras, en El Rinc\u00f3n de Fehmi disponemos de una gran colecci\u00f3n, todas dise\u00f1adas por nuestro equipo de profesionales y que son expertos en creaci\u00f3n de alfombras con nuevas tendencias del mundo de artesan\u00eda. Por otro lado, tenemos los recursos suficientes para poder dise\u00f1ar a medida tu propia alfombra. Te ayudamos y aconsejamos a seleccionar la alfombra que m\u00e1s se adapte a tus espacios y tu estilo.<\/p>\n<h4>OTROS PRODUCTOS<\/h4>\n<p>En El Rinc\u00f3n de Fehmi tambi\u00e9n disponemos una gran colecci\u00f3n de alfombras\u00a0<a href=\"https:\/\/www.elrincondefehmi.com\/es\/categoria-producto\/alfombras\/alfombras-patchwork\/\">Patchwork<\/a>\u00a0y\u00a0<a href=\"https:\/\/www.elrincondefehmi.com\/es\/categoria-producto\/alfombras\/alfombras-vintage\/\">Vintage<\/a>. Sobre todo si buscas una alfombra Patchwork hecha a medida, te la podemos hacer seg\u00fan el color y tama\u00f1o deseada. En nuestras tiendas tambi\u00e9n te asesoramos para encontrar la alfombra ideal para tu hogar y espacio. Te ofrecemos un servicio de asesoramiento personalizado con el que te resultar\u00e1 m\u00e1s f\u00e1cil el proceso de b\u00fasqueda, adem\u00e1s de ahorrarte tiempo, puesto que disponemos de un gran equipo de profesionales expertos que est\u00e1n a tu disposici\u00f3n para atenderte de forma individualizada y mostrarte los modelos que responden a tus especificaciones. Por ultimo queremos informarle que realizamos el servicio de\u00a0<a href=\"https:\/\/www.elrincondefehmi.com\/es\/limpieza-y-restauracion-de-alfombras\/\">limpieza y reparaci\u00f3n<\/a>\u00a0de Alfombras y Kilims.<\/p>\n","protected":false},"excerpt":{"rendered":"<p>Densidad de nudos: 2.000.000 points m<sup>2<\/sup><\/p>\n<div class=\"product-short-description\">\n<div class=\"product-short-description\">\n<p>Espesor: 7 mm<\/p>\n<p>Edad: Nueva<\/p>\n<p>Origen: Turqu\u00eda<\/p>\n<p>Nudos: Bamb\u00fa seda<\/p>\n<p>Urdimbre: Algod\u00f3n<\/p>\n<p>Tejido de alta precisi\u00f3n<\/p>\n<\/div>\n<\/div>\n<div class=\"product_meta\">\u00a0<\/div>\n<p>\u00a0<\/p>\n<p>\u00a0<\/p>\n","protected":false},"featured_media":21934,"comment_status":"open","ping_status":"closed","template":"","meta":[],"product_cat":[19,308,315],"product_tag":[355,353,352,354],"yoast_head":"<!-- This site is optimized with the Yoast SEO plugin v21.5 - https:\/\/yoast.com\/wordpress\/plugins\/seo\/ -->\n<title>Alfombras Modernas de Dise\u00f1o | El Rinc\u00f3n de Fehmi Madrid<\/title>\n<meta name=\"description\" content=\"\u00a1Alfombras Modernas de Dise\u00f1o! Si te gusta este novedoso estilo de alfombras, en El Rinc\u00f3n de Fehmi disponemos de una gran colecci\u00f3n..\" \/>\n<meta name=\"robots\" content=\"index, follow, max-snippet:-1, max-image-preview:large, max-video-preview:-1\" \/>\n<link rel=\"canonical\" href=\"https:\/\/elrincondefehmi.com\/es\/tienda\/alfombras-turcas\/alfombras-modernas\/alfombras-modernas-de-diseno\/\" \/>\n<meta property=\"og:locale\" content=\"es_ES\" \/>\n<meta property=\"og:type\" content=\"article\" \/>\n<meta property=\"og:title\" content=\"Alfombras Modernas de Dise\u00f1o | El Rinc\u00f3n de Fehmi Madrid\" \/>\n<meta property=\"og:description\" content=\"\u00a1Alfombras Modernas de Dise\u00f1o! Si te gusta este novedoso estilo de alfombras, en El Rinc\u00f3n de Fehmi disponemos de una gran colecci\u00f3n..\" \/>\n<meta property=\"og:url\" content=\"https:\/\/elrincondefehmi.com\/es\/tienda\/alfombras-turcas\/alfombras-modernas\/alfombras-modernas-de-diseno\/\" \/>\n<meta property=\"og:site_name\" content=\"El Rinc\u00f3n de Fehmi Madrid\" \/>\n<meta property=\"article:modified_time\" content=\"2025-06-28T16:15:23+00:00\" \/>\n<meta property=\"og:image\" content=\"https:\/\/elrincondefehmi.com\/es\/wp-content\/uploads\/2023\/05\/2-BLIZZARD-BLUE-NV-011.jpg\" \/>\n\t<meta property=\"og:image:width\" content=\"767\" \/>\n\t<meta property=\"og:image:height\" content=\"1100\" \/>\n\t<meta property=\"og:image:type\" content=\"image\/jpeg\" \/>\n<meta name=\"twitter:card\" content=\"summary_large_image\" \/>\n<script type=\"application\/ld+json\" class=\"yoast-schema-graph\">{\"@context\":\"https:\/\/schema.org\",\"@graph\":[{\"@type\":\"WebPage\",\"@id\":\"https:\/\/elrincondefehmi.com\/es\/tienda\/alfombras-turcas\/alfombras-modernas\/alfombras-modernas-de-diseno\/\",\"url\":\"https:\/\/elrincondefehmi.com\/es\/tienda\/alfombras-turcas\/alfombras-modernas\/alfombras-modernas-de-diseno\/\",\"name\":\"Alfombras Modernas de Dise\u00f1o | El Rinc\u00f3n de Fehmi Madrid\",\"isPartOf\":{\"@id\":\"https:\/\/elrincondefehmi.com\/es\/#website\"},\"datePublished\":\"2023-05-18T05:32:49+00:00\",\"dateModified\":\"2025-06-28T16:15:23+00:00\",\"description\":\"\u00a1Alfombras Modernas de Dise\u00f1o! Si te gusta este novedoso estilo de alfombras, en El Rinc\u00f3n de Fehmi disponemos de una gran colecci\u00f3n..\",\"breadcrumb\":{\"@id\":\"https:\/\/elrincondefehmi.com\/es\/tienda\/alfombras-turcas\/alfombras-modernas\/alfombras-modernas-de-diseno\/#breadcrumb\"},\"inLanguage\":\"es\",\"potentialAction\":[{\"@type\":\"ReadAction\",\"target\":[\"https:\/\/elrincondefehmi.com\/es\/tienda\/alfombras-turcas\/alfombras-modernas\/alfombras-modernas-de-diseno\/\"]}]},{\"@type\":\"BreadcrumbList\",\"@id\":\"https:\/\/elrincondefehmi.com\/es\/tienda\/alfombras-turcas\/alfombras-modernas\/alfombras-modernas-de-diseno\/#breadcrumb\",\"itemListElement\":[{\"@type\":\"ListItem\",\"position\":1,\"name\":\"PRODUCTOS\",\"item\":\"https:\/\/elrincondefehmi.com\/es\/all-product\/\"},{\"@type\":\"ListItem\",\"position\":2,\"name\":\"BLIZZARD BLUE NV 011\"}]},{\"@type\":\"WebSite\",\"@id\":\"https:\/\/elrincondefehmi.com\/es\/#website\",\"url\":\"https:\/\/elrincondefehmi.com\/es\/\",\"name\":\"El Rinc\u00f3n de Fehmi Madrid\",\"description\":\"Tienda de alfombras en Madrid.  En El Rinc\u00f3n de Fehmi somos especialistas en alfombras artesanales, alfombras modernas contempor\u00e1neas kilims de Turqu\u00eda\",\"potentialAction\":[{\"@type\":\"SearchAction\",\"target\":{\"@type\":\"EntryPoint\",\"urlTemplate\":\"https:\/\/elrincondefehmi.com\/es\/?s={search_term_string}\"},\"query-input\":\"required name=search_term_string\"}],\"inLanguage\":\"es\"}]}<\/script>\n<!-- \/ Yoast SEO plugin. -->","yoast_head_json":{"title":"Alfombras Modernas de Dise\u00f1o | El Rinc\u00f3n de Fehmi Madrid","description":"\u00a1Alfombras Modernas de Dise\u00f1o! Si te gusta este novedoso estilo de alfombras, en El Rinc\u00f3n de Fehmi disponemos de una gran colecci\u00f3n..","robots":{"index":"index","follow":"follow","max-snippet":"max-snippet:-1","max-image-preview":"max-image-preview:large","max-video-preview":"max-video-preview:-1"},"canonical":"https:\/\/elrincondefehmi.com\/es\/tienda\/alfombras-turcas\/alfombras-modernas\/alfombras-modernas-de-diseno\/","og_locale":"es_ES","og_type":"article","og_title":"Alfombras Modernas de Dise\u00f1o | El Rinc\u00f3n de Fehmi Madrid","og_description":"\u00a1Alfombras Modernas de Dise\u00f1o! Si te gusta este novedoso estilo de alfombras, en El Rinc\u00f3n de Fehmi disponemos de una gran colecci\u00f3n..","og_url":"https:\/\/elrincondefehmi.com\/es\/tienda\/alfombras-turcas\/alfombras-modernas\/alfombras-modernas-de-diseno\/","og_site_name":"El Rinc\u00f3n de Fehmi Madrid","article_modified_time":"2025-06-28T16:15:23+00:00","og_image":[{"width":767,"height":1100,"url":"https:\/\/elrincondefehmi.com\/es\/wp-content\/uploads\/2023\/05\/2-BLIZZARD-BLUE-NV-011.jpg","type":"image\/jpeg"}],"twitter_card":"summary_large_image","schema":{"@context":"https:\/\/schema.org","@graph":[{"@type":"WebPage","@id":"https:\/\/elrincondefehmi.com\/es\/tienda\/alfombras-turcas\/alfombras-modernas\/alfombras-modernas-de-diseno\/","url":"https:\/\/elrincondefehmi.com\/es\/tienda\/alfombras-turcas\/alfombras-modernas\/alfombras-modernas-de-diseno\/","name":"Alfombras Modernas de Dise\u00f1o | El Rinc\u00f3n de Fehmi Madrid","isPartOf":{"@id":"https:\/\/elrincondefehmi.com\/es\/#website"},"datePublished":"2023-05-18T05:32:49+00:00","dateModified":"2025-06-28T16:15:23+00:00","description":"\u00a1Alfombras Modernas de Dise\u00f1o! Si te gusta este novedoso estilo de alfombras, en El Rinc\u00f3n de Fehmi disponemos de una gran colecci\u00f3n..","breadcrumb":{"@id":"https:\/\/elrincondefehmi.com\/es\/tienda\/alfombras-turcas\/alfombras-modernas\/alfombras-modernas-de-diseno\/#breadcrumb"},"inLanguage":"es","potentialAction":[{"@type":"ReadAction","target":["https:\/\/elrincondefehmi.com\/es\/tienda\/alfombras-turcas\/alfombras-modernas\/alfombras-modernas-de-diseno\/"]}]},{"@type":"BreadcrumbList","@id":"https:\/\/elrincondefehmi.com\/es\/tienda\/alfombras-turcas\/alfombras-modernas\/alfombras-modernas-de-diseno\/#breadcrumb","itemListElement":[{"@type":"ListItem","position":1,"name":"PRODUCTOS","item":"https:\/\/elrincondefehmi.com\/es\/all-product\/"},{"@type":"ListItem","position":2,"name":"BLIZZARD BLUE NV 011"}]},{"@type":"WebSite","@id":"https:\/\/elrincondefehmi.com\/es\/#website","url":"https:\/\/elrincondefehmi.com\/es\/","name":"El Rinc\u00f3n de Fehmi Madrid","description":"Tienda de alfombras en Madrid.  En El Rinc\u00f3n de Fehmi somos especialistas en alfombras artesanales, alfombras modernas contempor\u00e1neas kilims de Turqu\u00eda","potentialAction":[{"@type":"SearchAction","target":{"@type":"EntryPoint","urlTemplate":"https:\/\/elrincondefehmi.com\/es\/?s={search_term_string}"},"query-input":"required name=search_term_string"}],"inLanguage":"es"}]}},"_links":{"self":[{"href":"https:\/\/elrincondefehmi.com\/es\/wp-json\/wp\/v2\/product\/9210"}],"collection":[{"href":"https:\/\/elrincondefehmi.com\/es\/wp-json\/wp\/v2\/product"}],"about":[{"href":"https:\/\/elrincondefehmi.com\/es\/wp-json\/wp\/v2\/types\/product"}],"replies":[{"embeddable":true,"href":"https:\/\/elrincondefehmi.com\/es\/wp-json\/wp\/v2\/comments?post=9210"}],"wp:featuredmedia":[{"embeddable":true,"href":"https:\/\/elrincondefehmi.com\/es\/wp-json\/wp\/v2\/media\/21934"}],"wp:attachment":[{"href":"https:\/\/elrincondefehmi.com\/es\/wp-json\/wp\/v2\/media?parent=9210"}],"wp:term":[{"taxonomy":"product_cat","embeddable":true,"href":"https:\/\/elrincondefehmi.com\/es\/wp-json\/wp\/v2\/product_cat?post=9210"},{"taxonomy":"product_tag","embeddable":true,"href":"https:\/\/elrincondefehmi.com\/es\/wp-json\/wp\/v2\/product_tag?post=9210"}],"curies":[{"name":"wp","href":"https:\/\/api.w.org\/{rel}","templated":true}]}}