{"id":9179,"date":"2023-05-18T05:31:40","date_gmt":"2023-05-18T05:31:40","guid":{"rendered":"https:\/\/elrincondefehmi.com\/es\/?post_type=product&#038;p=9179"},"modified":"2025-04-29T18:28:05","modified_gmt":"2025-04-29T18:28:05","slug":"alfombras-economicas","status":"publish","type":"product","link":"https:\/\/elrincondefehmi.com\/es\/tienda\/alfombras-turcas\/alfombras-clasicas\/alfombras-economicas\/","title":{"rendered":"Alfombra turca oriental 63&#215;90 cm"},"content":{"rendered":"<h1>ALFOMBRAS ECON\u00d3MICAS<\/h1>\n<p>\u00a1ALFOMBRAS ECON\u00d3MICAS!<\/p>\n<p>Descubre nuestra amplia selecci\u00f3n de alfombras econ\u00f3micas y de alta calidad. En nuestra tienda, nos enorgullece ofrecer una variedad de opciones a precios asequibles para satisfacer tus necesidades de decoraci\u00f3n sin comprometer tu presupuesto.<\/p>\n<p>Nuestras alfombras econ\u00f3micas est\u00e1n dise\u00f1adas para brindarte estilo y comodidad sin tener que gastar una fortuna. Trabajamos directamente con proveedores y fabricantes para ofrecerte precios competitivos y descuentos exclusivos, lo que te permite encontrar la alfombra perfecta a un precio que se ajuste a tu bolsillo.<\/p>\n<p>Desde alfombras modernas y minimalistas hasta dise\u00f1os cl\u00e1sicos y tradicionales, nuestra colecci\u00f3n abarca una amplia gama de estilos para adaptarse a cualquier ambiente. Ya sea que busques una alfombra para tu sal\u00f3n, dormitorio, comedor o cualquier otra \u00e1rea de tu hogar, estamos seguros de que encontrar\u00e1s la opci\u00f3n ideal entre nuestras alfombras econ\u00f3micas.<\/p>\n<p>La calidad no est\u00e1 comprometida en nuestras alfombras econ\u00f3micas. Trabajamos con materiales duraderos y resistentes, para garantizar que tu alfombra se mantenga en perfectas condiciones a lo largo del tiempo.<\/p>\n<p>No necesitas gastar una fortuna para agregar estilo y calidez a tu hogar. Con nuestras alfombras econ\u00f3micas, puedes crear ambientes acogedores y elegantes sin salirte de tu presupuesto. Vis\u00edtanos hoy mismo y descubre nuestra amplia selecci\u00f3n de alfombras econ\u00f3micas que se adaptan a todos los estilos y bolsillos.\u00bb<\/p>\n<p>ALFOMBRA: La alfombra es el producto representativo del arte milenario de anudar la lana, la seda y, posteriormente, el algod\u00f3n. Este arte se inici\u00f3 por los n\u00f3madas del medio oeste, principalmente en la regi\u00f3n del C\u00e1ucaso, Turqu\u00eda e Ir\u00e1n. Estos utilizaban las alfombras como cama port\u00e1til o como manta para resguardarse del fr\u00edo y del desierto. La alfombra cl\u00e1sica es aquella que cumple los patrones originarios de este arte. Se consideran alfombras \u00fanicas ya que est\u00e1n tejidas a mano. Suelen tener motivos tribales, geom\u00e9tricos e hist\u00f3ricos. Su lana est\u00e1 te\u00f1ida con colores naturales conseguidos a partir de minerales. Son alfombras de muy buena calidad y resistencia.<\/p>\n<p>\u00bfD\u00f3nde comprar alfombras econ\u00f3micas? En el <a href=\"https:\/\/www.elrincondefehmi.com\/es\/\">Rinc\u00f3n de Fehmi<\/a>\u00a0nos dedicamos espec\u00edficamente a las alfombras turcas. Seleccionamos las piezas m\u00e1s originales y representativas de este pa\u00eds y su milenaria cultura. En particular, las alfombras cl\u00e1sicas turcas son consideradas verdaderas joyas de arte. Est\u00e1n recargadas de motivos tribales y tienen colores muy vivos. Son alfombras llenas de historia que han ido transmitiendo la cultura turca de generaci\u00f3n en generaci\u00f3n. Tienen muy buena calidad y son muy resistentes por sus materiales naturales. Adem\u00e1s, suelen tener el pelo corto y r\u00edgido, esto ofrece unas mejores condiciones de mantenimiento.<\/p>\n<p>Una alfombra cl\u00e1sica ofrece en un hogar una pieza exclusiva y \u00fanica, cargada de historia y exotismo. Se adapta a cualquier tipo de ambiente y estilo decorativo, adem\u00e1s de ofrecer una calidad excepcional. Da uniformidad y un toque especial y lleno de personalidad a los espacios. Nosotros, como expertos, son las piezas que con mas cari\u00f1o y orgullo solemos recomendar, dentro de nuestras largas colecciones de alfombras.<\/p>\n<p>Si quieres comprar alfombras econ\u00f3micas con calidad, vis\u00edtanos en nuestras tiendas en Estambul, Madrid o Santiago de Chile. Estar\u00edamos encantados de ense\u00f1arte nuestras mejores colecciones de alfombras y kilims.<\/p>\n","protected":false},"excerpt":{"rendered":"<p>Alfombra cl\u00e1sica<br \/>\nMaterial: Lana y algod\u00f3n<br \/>\nMedidas: 63\u00d790 cm<br \/>\nHecho a mano.<\/p>\n","protected":false},"featured_media":9420,"comment_status":"open","ping_status":"closed","template":"","meta":[],"product_cat":[19,308,316],"product_tag":[355,353,352,354],"yoast_head":"<!-- This site is optimized with the Yoast SEO plugin v21.5 - https:\/\/yoast.com\/wordpress\/plugins\/seo\/ -->\n<title>Alfombras Econ\u00f3micas | El Rinc\u00f3n de Fehmi Madrid<\/title>\n<meta name=\"description\" content=\"\u00a1Alfombras Econ\u00f3micas! Aut\u00e9nticas alfombras de Turqu\u00eda. Alfombras modernas, Alfombras cl\u00e1sicas y Kilims. Variedad de medidas..\" \/>\n<meta name=\"robots\" content=\"index, follow, max-snippet:-1, max-image-preview:large, max-video-preview:-1\" \/>\n<link rel=\"canonical\" href=\"https:\/\/elrincondefehmi.com\/es\/tienda\/alfombras-turcas\/alfombras-clasicas\/alfombras-economicas\/\" \/>\n<meta property=\"og:locale\" content=\"es_ES\" \/>\n<meta property=\"og:type\" content=\"article\" \/>\n<meta property=\"og:title\" content=\"Alfombras Econ\u00f3micas | El Rinc\u00f3n de Fehmi Madrid\" \/>\n<meta property=\"og:description\" content=\"\u00a1Alfombras Econ\u00f3micas! Aut\u00e9nticas alfombras de Turqu\u00eda. Alfombras modernas, Alfombras cl\u00e1sicas y Kilims. Variedad de medidas..\" \/>\n<meta property=\"og:url\" content=\"https:\/\/elrincondefehmi.com\/es\/tienda\/alfombras-turcas\/alfombras-clasicas\/alfombras-economicas\/\" \/>\n<meta property=\"og:site_name\" content=\"El Rinc\u00f3n de Fehmi Madrid\" \/>\n<meta property=\"article:modified_time\" content=\"2025-04-29T18:28:05+00:00\" \/>\n<meta property=\"og:image\" content=\"https:\/\/elrincondefehmi.com\/es\/wp-content\/uploads\/2023\/05\/IMG_99701-e1689896444454.jpg\" \/>\n\t<meta property=\"og:image:width\" content=\"715\" \/>\n\t<meta property=\"og:image:height\" content=\"1027\" \/>\n\t<meta property=\"og:image:type\" content=\"image\/jpeg\" \/>\n<meta name=\"twitter:card\" content=\"summary_large_image\" \/>\n<script type=\"application\/ld+json\" class=\"yoast-schema-graph\">{\"@context\":\"https:\/\/schema.org\",\"@graph\":[{\"@type\":\"WebPage\",\"@id\":\"https:\/\/elrincondefehmi.com\/es\/tienda\/alfombras-turcas\/alfombras-clasicas\/alfombras-economicas\/\",\"url\":\"https:\/\/elrincondefehmi.com\/es\/tienda\/alfombras-turcas\/alfombras-clasicas\/alfombras-economicas\/\",\"name\":\"Alfombras Econ\u00f3micas | El Rinc\u00f3n de Fehmi Madrid\",\"isPartOf\":{\"@id\":\"https:\/\/elrincondefehmi.com\/es\/#website\"},\"datePublished\":\"2023-05-18T05:31:40+00:00\",\"dateModified\":\"2025-04-29T18:28:05+00:00\",\"description\":\"\u00a1Alfombras Econ\u00f3micas! Aut\u00e9nticas alfombras de Turqu\u00eda. Alfombras modernas, Alfombras cl\u00e1sicas y Kilims. Variedad de medidas..\",\"breadcrumb\":{\"@id\":\"https:\/\/elrincondefehmi.com\/es\/tienda\/alfombras-turcas\/alfombras-clasicas\/alfombras-economicas\/#breadcrumb\"},\"inLanguage\":\"es\",\"potentialAction\":[{\"@type\":\"ReadAction\",\"target\":[\"https:\/\/elrincondefehmi.com\/es\/tienda\/alfombras-turcas\/alfombras-clasicas\/alfombras-economicas\/\"]}]},{\"@type\":\"BreadcrumbList\",\"@id\":\"https:\/\/elrincondefehmi.com\/es\/tienda\/alfombras-turcas\/alfombras-clasicas\/alfombras-economicas\/#breadcrumb\",\"itemListElement\":[{\"@type\":\"ListItem\",\"position\":1,\"name\":\"PRODUCTOS\",\"item\":\"https:\/\/elrincondefehmi.com\/es\/all-product\/\"},{\"@type\":\"ListItem\",\"position\":2,\"name\":\"Alfombra turca oriental 63&#215;90 cm\"}]},{\"@type\":\"WebSite\",\"@id\":\"https:\/\/elrincondefehmi.com\/es\/#website\",\"url\":\"https:\/\/elrincondefehmi.com\/es\/\",\"name\":\"El Rinc\u00f3n de Fehmi Madrid\",\"description\":\"Tienda de alfombras en Madrid.  En El Rinc\u00f3n de Fehmi somos especialistas en alfombras artesanales, alfombras modernas contempor\u00e1neas kilims de Turqu\u00eda\",\"potentialAction\":[{\"@type\":\"SearchAction\",\"target\":{\"@type\":\"EntryPoint\",\"urlTemplate\":\"https:\/\/elrincondefehmi.com\/es\/?s={search_term_string}\"},\"query-input\":\"required name=search_term_string\"}],\"inLanguage\":\"es\"}]}<\/script>\n<!-- \/ Yoast SEO plugin. -->","yoast_head_json":{"title":"Alfombras Econ\u00f3micas | El Rinc\u00f3n de Fehmi Madrid","description":"\u00a1Alfombras Econ\u00f3micas! Aut\u00e9nticas alfombras de Turqu\u00eda. Alfombras modernas, Alfombras cl\u00e1sicas y Kilims. Variedad de medidas..","robots":{"index":"index","follow":"follow","max-snippet":"max-snippet:-1","max-image-preview":"max-image-preview:large","max-video-preview":"max-video-preview:-1"},"canonical":"https:\/\/elrincondefehmi.com\/es\/tienda\/alfombras-turcas\/alfombras-clasicas\/alfombras-economicas\/","og_locale":"es_ES","og_type":"article","og_title":"Alfombras Econ\u00f3micas | El Rinc\u00f3n de Fehmi Madrid","og_description":"\u00a1Alfombras Econ\u00f3micas! Aut\u00e9nticas alfombras de Turqu\u00eda. Alfombras modernas, Alfombras cl\u00e1sicas y Kilims. Variedad de medidas..","og_url":"https:\/\/elrincondefehmi.com\/es\/tienda\/alfombras-turcas\/alfombras-clasicas\/alfombras-economicas\/","og_site_name":"El Rinc\u00f3n de Fehmi Madrid","article_modified_time":"2025-04-29T18:28:05+00:00","og_image":[{"width":715,"height":1027,"url":"https:\/\/elrincondefehmi.com\/es\/wp-content\/uploads\/2023\/05\/IMG_99701-e1689896444454.jpg","type":"image\/jpeg"}],"twitter_card":"summary_large_image","schema":{"@context":"https:\/\/schema.org","@graph":[{"@type":"WebPage","@id":"https:\/\/elrincondefehmi.com\/es\/tienda\/alfombras-turcas\/alfombras-clasicas\/alfombras-economicas\/","url":"https:\/\/elrincondefehmi.com\/es\/tienda\/alfombras-turcas\/alfombras-clasicas\/alfombras-economicas\/","name":"Alfombras Econ\u00f3micas | El Rinc\u00f3n de Fehmi Madrid","isPartOf":{"@id":"https:\/\/elrincondefehmi.com\/es\/#website"},"datePublished":"2023-05-18T05:31:40+00:00","dateModified":"2025-04-29T18:28:05+00:00","description":"\u00a1Alfombras Econ\u00f3micas! Aut\u00e9nticas alfombras de Turqu\u00eda. Alfombras modernas, Alfombras cl\u00e1sicas y Kilims. Variedad de medidas..","breadcrumb":{"@id":"https:\/\/elrincondefehmi.com\/es\/tienda\/alfombras-turcas\/alfombras-clasicas\/alfombras-economicas\/#breadcrumb"},"inLanguage":"es","potentialAction":[{"@type":"ReadAction","target":["https:\/\/elrincondefehmi.com\/es\/tienda\/alfombras-turcas\/alfombras-clasicas\/alfombras-economicas\/"]}]},{"@type":"BreadcrumbList","@id":"https:\/\/elrincondefehmi.com\/es\/tienda\/alfombras-turcas\/alfombras-clasicas\/alfombras-economicas\/#breadcrumb","itemListElement":[{"@type":"ListItem","position":1,"name":"PRODUCTOS","item":"https:\/\/elrincondefehmi.com\/es\/all-product\/"},{"@type":"ListItem","position":2,"name":"Alfombra turca oriental 63&#215;90 cm"}]},{"@type":"WebSite","@id":"https:\/\/elrincondefehmi.com\/es\/#website","url":"https:\/\/elrincondefehmi.com\/es\/","name":"El Rinc\u00f3n de Fehmi Madrid","description":"Tienda de alfombras en Madrid.  En El Rinc\u00f3n de Fehmi somos especialistas en alfombras artesanales, alfombras modernas contempor\u00e1neas kilims de Turqu\u00eda","potentialAction":[{"@type":"SearchAction","target":{"@type":"EntryPoint","urlTemplate":"https:\/\/elrincondefehmi.com\/es\/?s={search_term_string}"},"query-input":"required name=search_term_string"}],"inLanguage":"es"}]}},"_links":{"self":[{"href":"https:\/\/elrincondefehmi.com\/es\/wp-json\/wp\/v2\/product\/9179"}],"collection":[{"href":"https:\/\/elrincondefehmi.com\/es\/wp-json\/wp\/v2\/product"}],"about":[{"href":"https:\/\/elrincondefehmi.com\/es\/wp-json\/wp\/v2\/types\/product"}],"replies":[{"embeddable":true,"href":"https:\/\/elrincondefehmi.com\/es\/wp-json\/wp\/v2\/comments?post=9179"}],"wp:featuredmedia":[{"embeddable":true,"href":"https:\/\/elrincondefehmi.com\/es\/wp-json\/wp\/v2\/media\/9420"}],"wp:attachment":[{"href":"https:\/\/elrincondefehmi.com\/es\/wp-json\/wp\/v2\/media?parent=9179"}],"wp:term":[{"taxonomy":"product_cat","embeddable":true,"href":"https:\/\/elrincondefehmi.com\/es\/wp-json\/wp\/v2\/product_cat?post=9179"},{"taxonomy":"product_tag","embeddable":true,"href":"https:\/\/elrincondefehmi.com\/es\/wp-json\/wp\/v2\/product_tag?post=9179"}],"curies":[{"name":"wp","href":"https:\/\/api.w.org\/{rel}","templated":true}]}}