{"id":9166,"date":"2023-05-18T05:31:07","date_gmt":"2023-05-18T05:31:07","guid":{"rendered":"https:\/\/elrincondefehmi.com\/es\/?post_type=product&#038;p=9166"},"modified":"2025-06-27T17:52:53","modified_gmt":"2025-06-27T17:52:53","slug":"comprar-alfombras-orientales","status":"publish","type":"product","link":"https:\/\/elrincondefehmi.com\/es\/tienda\/alfombras-turcas\/alfombras-clasicas\/comprar-alfombras-orientales\/","title":{"rendered":"Alfombra turca oriental cl\u00e1sica 248&#215;300 cm"},"content":{"rendered":"<h1>LAS ALFOMBRAS CL\u00c1SICAS<\/h1>\n<h4>COMPRAR ALFOMBRAS ORIENTALES<\/h4>\n<p>La alfombra oriental es el producto representativo del arte milenario de anudar la lana, la seda y, posteriormente, el algod\u00f3n. Este arte se inici\u00f3 por los n\u00f3madas del medio oeste, principalmente en la regi\u00f3n del C\u00e1ucaso, Turqu\u00eda e Ir\u00e1n. Estos utilizaban las alfombras como cama port\u00e1til o como manta para resguardarse del fr\u00edo y del desierto. La <a href=\"https:\/\/www.elrincondefehmi.com\/es\/category\/blog\/\">alfombra cl\u00e1sica<\/a> es aquella que cumple los patrones originarios de este arte. Se consideran alfombras \u00fanicas ya que est\u00e1n tejidas a mano. Suelen tener motivos tribales, geom\u00e9tricos e hist\u00f3ricos. Su lana est\u00e1 te\u00f1ida con colores naturales conseguidos a partir de minerales. Son alfombras de muy buena calidad y resistencia. \u00bfD\u00f3nde comprar alfombras orientales en Madrid? En el <a href=\"https:\/\/www.elrincondefehmi.com\/es\/\">Rinc\u00f3n de Fehmi<\/a>\u00a0nos dedicamos espec\u00edficamente a las alfombras turcas. Seleccionamos las piezas m\u00e1s originales y representativas de este pa\u00eds y su milenaria cultura. En particular, las alfombras cl\u00e1sicas turcas son consideradas verdaderas joyas de arte. Est\u00e1n recargadas de motivos tribales y tienen colores muy vivos. Son alfombras llenas de historia que han ido transmitiendo la cultura turca de generaci\u00f3n en generaci\u00f3n. Tienen muy buena calidad y son muy resistentes por sus materiales naturales. Adem\u00e1s, suelen tener el pelo corto y r\u00edgido, esto ofrece unas mejores condiciones de mantenimiento. Una alfombra cl\u00e1sica ofrece en un hogar una pieza exclusiva y \u00fanica, cargada de historia y exotismo. Se adapta a cualquier tipo de ambiente y estilo decorativo, adem\u00e1s de ofrecer una calidad excepcional. Da uniformidad y un toque especial y lleno de personalidad a los espacios. Nosotros, como expertos, son las piezas que con mas cari\u00f1o y orgullo solemos recomendar, dentro de nuestras largas colecciones de alfombras. Si quieres comprar alfombras orientales, no dudes en contactar con nosotras, estar\u00edamos encantados de atenderte en nuestras tiendas de Estambul, <a href=\"https:\/\/todosobremadrid.com\/municipios\/las-rozas-de-madrid\/\">Las Rozas de Madrid y<\/a> <a href=\"https:\/\/www.chile.travel\/donde-ir\/destino\/santiago-capital\/\">Santiago de Chile<\/a>.<\/p>\n","protected":false},"excerpt":{"rendered":"<p>Alfombra cl\u00e1sica Material: Lana y algod\u00f3n Medidas: 248\u00d7300cm Hecho a mano.[:]<\/p>\n","protected":false},"featured_media":9407,"comment_status":"open","ping_status":"closed","template":"","meta":[],"product_cat":[19,308,316],"product_tag":[355,353,352,354],"yoast_head":"<!-- This site is optimized with the Yoast SEO plugin v21.5 - https:\/\/yoast.com\/wordpress\/plugins\/seo\/ -->\n<title>Comprar Alfombras Orientales | El Rinc\u00f3n de Fehmi Madrid<\/title>\n<meta name=\"description\" content=\"\u00a1Comprar Alfombras Orientales! Aut\u00e9nticas alfombras orientales de Turqu\u00eda, alfombras cl\u00e1sicas, modernas, vintage, patchwork y kilim\" \/>\n<meta name=\"robots\" content=\"index, follow, max-snippet:-1, max-image-preview:large, max-video-preview:-1\" \/>\n<link rel=\"canonical\" href=\"https:\/\/elrincondefehmi.com\/es\/tienda\/alfombras-turcas\/alfombras-clasicas\/comprar-alfombras-orientales\/\" \/>\n<meta property=\"og:locale\" content=\"es_ES\" \/>\n<meta property=\"og:type\" content=\"article\" \/>\n<meta property=\"og:title\" content=\"Comprar Alfombras Orientales | El Rinc\u00f3n de Fehmi Madrid\" \/>\n<meta property=\"og:description\" content=\"\u00a1Comprar Alfombras Orientales! Aut\u00e9nticas alfombras orientales de Turqu\u00eda, alfombras cl\u00e1sicas, modernas, vintage, patchwork y kilim\" \/>\n<meta property=\"og:url\" content=\"https:\/\/elrincondefehmi.com\/es\/tienda\/alfombras-turcas\/alfombras-clasicas\/comprar-alfombras-orientales\/\" \/>\n<meta property=\"og:site_name\" content=\"El Rinc\u00f3n de Fehmi Madrid\" \/>\n<meta property=\"article:modified_time\" content=\"2025-06-27T17:52:53+00:00\" \/>\n<meta property=\"og:image\" content=\"https:\/\/elrincondefehmi.com\/es\/wp-content\/uploads\/2023\/05\/IMG_99591-e1689896663926.jpg\" \/>\n\t<meta property=\"og:image:width\" content=\"838\" \/>\n\t<meta property=\"og:image:height\" content=\"1042\" \/>\n\t<meta property=\"og:image:type\" content=\"image\/jpeg\" \/>\n<meta name=\"twitter:card\" content=\"summary_large_image\" \/>\n<script type=\"application\/ld+json\" class=\"yoast-schema-graph\">{\"@context\":\"https:\/\/schema.org\",\"@graph\":[{\"@type\":\"WebPage\",\"@id\":\"https:\/\/elrincondefehmi.com\/es\/tienda\/alfombras-turcas\/alfombras-clasicas\/comprar-alfombras-orientales\/\",\"url\":\"https:\/\/elrincondefehmi.com\/es\/tienda\/alfombras-turcas\/alfombras-clasicas\/comprar-alfombras-orientales\/\",\"name\":\"Comprar Alfombras Orientales | El Rinc\u00f3n de Fehmi Madrid\",\"isPartOf\":{\"@id\":\"https:\/\/elrincondefehmi.com\/es\/#website\"},\"datePublished\":\"2023-05-18T05:31:07+00:00\",\"dateModified\":\"2025-06-27T17:52:53+00:00\",\"description\":\"\u00a1Comprar Alfombras Orientales! Aut\u00e9nticas alfombras orientales de Turqu\u00eda, alfombras cl\u00e1sicas, modernas, vintage, patchwork y kilim\",\"breadcrumb\":{\"@id\":\"https:\/\/elrincondefehmi.com\/es\/tienda\/alfombras-turcas\/alfombras-clasicas\/comprar-alfombras-orientales\/#breadcrumb\"},\"inLanguage\":\"es\",\"potentialAction\":[{\"@type\":\"ReadAction\",\"target\":[\"https:\/\/elrincondefehmi.com\/es\/tienda\/alfombras-turcas\/alfombras-clasicas\/comprar-alfombras-orientales\/\"]}]},{\"@type\":\"BreadcrumbList\",\"@id\":\"https:\/\/elrincondefehmi.com\/es\/tienda\/alfombras-turcas\/alfombras-clasicas\/comprar-alfombras-orientales\/#breadcrumb\",\"itemListElement\":[{\"@type\":\"ListItem\",\"position\":1,\"name\":\"PRODUCTOS\",\"item\":\"https:\/\/elrincondefehmi.com\/es\/all-product\/\"},{\"@type\":\"ListItem\",\"position\":2,\"name\":\"Alfombra turca oriental cl\u00e1sica 248&#215;300 cm\"}]},{\"@type\":\"WebSite\",\"@id\":\"https:\/\/elrincondefehmi.com\/es\/#website\",\"url\":\"https:\/\/elrincondefehmi.com\/es\/\",\"name\":\"El Rinc\u00f3n de Fehmi Madrid\",\"description\":\"Tienda de alfombras en Madrid.  En El Rinc\u00f3n de Fehmi somos especialistas en alfombras artesanales, alfombras modernas contempor\u00e1neas kilims de Turqu\u00eda\",\"potentialAction\":[{\"@type\":\"SearchAction\",\"target\":{\"@type\":\"EntryPoint\",\"urlTemplate\":\"https:\/\/elrincondefehmi.com\/es\/?s={search_term_string}\"},\"query-input\":\"required name=search_term_string\"}],\"inLanguage\":\"es\"}]}<\/script>\n<!-- \/ Yoast SEO plugin. -->","yoast_head_json":{"title":"Comprar Alfombras Orientales | El Rinc\u00f3n de Fehmi Madrid","description":"\u00a1Comprar Alfombras Orientales! Aut\u00e9nticas alfombras orientales de Turqu\u00eda, alfombras cl\u00e1sicas, modernas, vintage, patchwork y kilim","robots":{"index":"index","follow":"follow","max-snippet":"max-snippet:-1","max-image-preview":"max-image-preview:large","max-video-preview":"max-video-preview:-1"},"canonical":"https:\/\/elrincondefehmi.com\/es\/tienda\/alfombras-turcas\/alfombras-clasicas\/comprar-alfombras-orientales\/","og_locale":"es_ES","og_type":"article","og_title":"Comprar Alfombras Orientales | El Rinc\u00f3n de Fehmi Madrid","og_description":"\u00a1Comprar Alfombras Orientales! Aut\u00e9nticas alfombras orientales de Turqu\u00eda, alfombras cl\u00e1sicas, modernas, vintage, patchwork y kilim","og_url":"https:\/\/elrincondefehmi.com\/es\/tienda\/alfombras-turcas\/alfombras-clasicas\/comprar-alfombras-orientales\/","og_site_name":"El Rinc\u00f3n de Fehmi Madrid","article_modified_time":"2025-06-27T17:52:53+00:00","og_image":[{"width":838,"height":1042,"url":"https:\/\/elrincondefehmi.com\/es\/wp-content\/uploads\/2023\/05\/IMG_99591-e1689896663926.jpg","type":"image\/jpeg"}],"twitter_card":"summary_large_image","schema":{"@context":"https:\/\/schema.org","@graph":[{"@type":"WebPage","@id":"https:\/\/elrincondefehmi.com\/es\/tienda\/alfombras-turcas\/alfombras-clasicas\/comprar-alfombras-orientales\/","url":"https:\/\/elrincondefehmi.com\/es\/tienda\/alfombras-turcas\/alfombras-clasicas\/comprar-alfombras-orientales\/","name":"Comprar Alfombras Orientales | El Rinc\u00f3n de Fehmi Madrid","isPartOf":{"@id":"https:\/\/elrincondefehmi.com\/es\/#website"},"datePublished":"2023-05-18T05:31:07+00:00","dateModified":"2025-06-27T17:52:53+00:00","description":"\u00a1Comprar Alfombras Orientales! Aut\u00e9nticas alfombras orientales de Turqu\u00eda, alfombras cl\u00e1sicas, modernas, vintage, patchwork y kilim","breadcrumb":{"@id":"https:\/\/elrincondefehmi.com\/es\/tienda\/alfombras-turcas\/alfombras-clasicas\/comprar-alfombras-orientales\/#breadcrumb"},"inLanguage":"es","potentialAction":[{"@type":"ReadAction","target":["https:\/\/elrincondefehmi.com\/es\/tienda\/alfombras-turcas\/alfombras-clasicas\/comprar-alfombras-orientales\/"]}]},{"@type":"BreadcrumbList","@id":"https:\/\/elrincondefehmi.com\/es\/tienda\/alfombras-turcas\/alfombras-clasicas\/comprar-alfombras-orientales\/#breadcrumb","itemListElement":[{"@type":"ListItem","position":1,"name":"PRODUCTOS","item":"https:\/\/elrincondefehmi.com\/es\/all-product\/"},{"@type":"ListItem","position":2,"name":"Alfombra turca oriental cl\u00e1sica 248&#215;300 cm"}]},{"@type":"WebSite","@id":"https:\/\/elrincondefehmi.com\/es\/#website","url":"https:\/\/elrincondefehmi.com\/es\/","name":"El Rinc\u00f3n de Fehmi Madrid","description":"Tienda de alfombras en Madrid.  En El Rinc\u00f3n de Fehmi somos especialistas en alfombras artesanales, alfombras modernas contempor\u00e1neas kilims de Turqu\u00eda","potentialAction":[{"@type":"SearchAction","target":{"@type":"EntryPoint","urlTemplate":"https:\/\/elrincondefehmi.com\/es\/?s={search_term_string}"},"query-input":"required name=search_term_string"}],"inLanguage":"es"}]}},"_links":{"self":[{"href":"https:\/\/elrincondefehmi.com\/es\/wp-json\/wp\/v2\/product\/9166"}],"collection":[{"href":"https:\/\/elrincondefehmi.com\/es\/wp-json\/wp\/v2\/product"}],"about":[{"href":"https:\/\/elrincondefehmi.com\/es\/wp-json\/wp\/v2\/types\/product"}],"replies":[{"embeddable":true,"href":"https:\/\/elrincondefehmi.com\/es\/wp-json\/wp\/v2\/comments?post=9166"}],"wp:featuredmedia":[{"embeddable":true,"href":"https:\/\/elrincondefehmi.com\/es\/wp-json\/wp\/v2\/media\/9407"}],"wp:attachment":[{"href":"https:\/\/elrincondefehmi.com\/es\/wp-json\/wp\/v2\/media?parent=9166"}],"wp:term":[{"taxonomy":"product_cat","embeddable":true,"href":"https:\/\/elrincondefehmi.com\/es\/wp-json\/wp\/v2\/product_cat?post=9166"},{"taxonomy":"product_tag","embeddable":true,"href":"https:\/\/elrincondefehmi.com\/es\/wp-json\/wp\/v2\/product_tag?post=9166"}],"curies":[{"name":"wp","href":"https:\/\/api.w.org\/{rel}","templated":true}]}}