{"id":9144,"date":"2023-05-18T05:30:08","date_gmt":"2023-05-18T05:30:08","guid":{"rendered":"https:\/\/elrincondefehmi.com\/es\/?post_type=product&#038;p=9144"},"modified":"2025-06-27T17:53:57","modified_gmt":"2025-06-27T17:53:57","slug":"alfombra-turca-nomada-5024","status":"publish","type":"product","link":"https:\/\/elrincondefehmi.com\/es\/tienda\/alfombras-turcas\/alfombras-clasicas\/alfombra-turca-nomada-5024\/","title":{"rendered":"Alfombra turca n\u00f3mada 189&#215;267 cm"},"content":{"rendered":"<h1 data-start=\"210\" data-end=\"464\">Alfombra N\u00f3mada Semi Antigua<\/h1>\n<p class=\"\" data-start=\"210\" data-end=\"464\">Esta alfombra artesanal semi antigua de origen turco es una joya del arte n\u00f3mada. Tejida a mano con t\u00e9cnicas tradicionales, su dise\u00f1o geom\u00e9trico repetitivo sobre fondo burdeos oscuro y detalles en tonos tierra transmite autenticidad, historia y car\u00e1cter.<\/p>\n<p class=\"\" data-start=\"466\" data-end=\"800\">Su aspecto envejecido natural y su paleta c\u00e1lida hacen de esta pieza una elecci\u00f3n ideal para interiores r\u00fasticos, \u00e9tnicos o boho con personalidad. Cada nudo cuenta una historia, fruto del saber ancestral de los pueblos n\u00f3madas de Anatolia, donde cada alfombra era concebida como un objeto \u00fatil, decorativo y con significado simb\u00f3lico.<\/p>\n<p class=\"\" data-start=\"802\" data-end=\"889\">Perfecta para aportar calidez y un toque cultural a espacios contempor\u00e1neos o cl\u00e1sicos.<\/p>\n<h3 class=\"\" data-start=\"896\" data-end=\"929\">aracter\u00edsticas destacadas:<\/h3>\n<ul data-start=\"931\" data-end=\"1114\">\n<li class=\"\" data-start=\"931\" data-end=\"950\">\n<p class=\"\" data-start=\"933\" data-end=\"950\">Origen: Turqu\u00eda<\/p>\n<\/li>\n<li class=\"\" data-start=\"951\" data-end=\"983\">\n<p class=\"\" data-start=\"953\" data-end=\"983\">Estilo: N\u00f3mada, semi antigua<\/p>\n<\/li>\n<li class=\"\" data-start=\"984\" data-end=\"1010\">\n<p class=\"\" data-start=\"986\" data-end=\"1010\">T\u00e9cnica: Tejida a mano<\/p>\n<\/li>\n<li class=\"\" data-start=\"1011\" data-end=\"1058\">\n<p class=\"\" data-start=\"1013\" data-end=\"1058\">Tonos: burdeos, marr\u00f3n, negro, verde oscuro<\/p>\n<\/li>\n<li class=\"\" data-start=\"1059\" data-end=\"1114\">\n<p class=\"\" data-start=\"1061\" data-end=\"1114\">Ideal para decoraci\u00f3n \u00e9tnica, bohemia o tradicional<\/p>\n<\/li>\n<\/ul>\n<p>\u00a0<\/p>\n","protected":false},"excerpt":{"rendered":"<p>Alfombra n\u00f3mada cl\u00e1sica Material: Lana Medidas: 189\u00d7267 cm Hecho a mano Semi antigua 30-40 a\u00f1os<\/p>\n","protected":false},"featured_media":9376,"comment_status":"open","ping_status":"closed","template":"","meta":[],"product_cat":[19,308,316],"product_tag":[355,353,352,354],"yoast_head":"<!-- This site is optimized with the Yoast SEO plugin v21.5 - https:\/\/yoast.com\/wordpress\/plugins\/seo\/ -->\n<title>Alfombra n\u00f3mada turca artesanal | El Rinc\u00f3n de Fehmi Madrid<\/title>\n<meta name=\"description\" content=\"Alfombra n\u00f3mada turca artesanal, semi antigua y tejida a mano. Ideal para espacios c\u00e1lidos con estilo boho, r\u00fastico o \u00e9tnico.\" \/>\n<meta name=\"robots\" content=\"index, follow, max-snippet:-1, max-image-preview:large, max-video-preview:-1\" \/>\n<link rel=\"canonical\" href=\"https:\/\/elrincondefehmi.com\/es\/tienda\/alfombras-turcas\/alfombras-clasicas\/alfombra-turca-nomada-5024\/\" \/>\n<meta property=\"og:locale\" content=\"es_ES\" \/>\n<meta property=\"og:type\" content=\"article\" \/>\n<meta property=\"og:title\" content=\"Alfombra n\u00f3mada turca artesanal | El Rinc\u00f3n de Fehmi Madrid\" \/>\n<meta property=\"og:description\" content=\"Alfombra n\u00f3mada turca artesanal, semi antigua y tejida a mano. Ideal para espacios c\u00e1lidos con estilo boho, r\u00fastico o \u00e9tnico.\" \/>\n<meta property=\"og:url\" content=\"https:\/\/elrincondefehmi.com\/es\/tienda\/alfombras-turcas\/alfombras-clasicas\/alfombra-turca-nomada-5024\/\" \/>\n<meta property=\"og:site_name\" content=\"El Rinc\u00f3n de Fehmi Madrid\" \/>\n<meta property=\"article:modified_time\" content=\"2025-06-27T17:53:57+00:00\" \/>\n<meta property=\"og:image\" content=\"https:\/\/elrincondefehmi.com\/es\/wp-content\/uploads\/2023\/05\/IMG_99861-e1689934086208.jpg\" \/>\n\t<meta property=\"og:image:width\" content=\"798\" \/>\n\t<meta property=\"og:image:height\" content=\"1046\" \/>\n\t<meta property=\"og:image:type\" content=\"image\/jpeg\" \/>\n<meta name=\"twitter:card\" content=\"summary_large_image\" \/>\n<script type=\"application\/ld+json\" class=\"yoast-schema-graph\">{\"@context\":\"https:\/\/schema.org\",\"@graph\":[{\"@type\":\"WebPage\",\"@id\":\"https:\/\/elrincondefehmi.com\/es\/tienda\/alfombras-turcas\/alfombras-clasicas\/alfombra-turca-nomada-5024\/\",\"url\":\"https:\/\/elrincondefehmi.com\/es\/tienda\/alfombras-turcas\/alfombras-clasicas\/alfombra-turca-nomada-5024\/\",\"name\":\"Alfombra n\u00f3mada turca artesanal | El Rinc\u00f3n de Fehmi Madrid\",\"isPartOf\":{\"@id\":\"https:\/\/elrincondefehmi.com\/es\/#website\"},\"datePublished\":\"2023-05-18T05:30:08+00:00\",\"dateModified\":\"2025-06-27T17:53:57+00:00\",\"description\":\"Alfombra n\u00f3mada turca artesanal, semi antigua y tejida a mano. Ideal para espacios c\u00e1lidos con estilo boho, r\u00fastico o \u00e9tnico.\",\"breadcrumb\":{\"@id\":\"https:\/\/elrincondefehmi.com\/es\/tienda\/alfombras-turcas\/alfombras-clasicas\/alfombra-turca-nomada-5024\/#breadcrumb\"},\"inLanguage\":\"es\",\"potentialAction\":[{\"@type\":\"ReadAction\",\"target\":[\"https:\/\/elrincondefehmi.com\/es\/tienda\/alfombras-turcas\/alfombras-clasicas\/alfombra-turca-nomada-5024\/\"]}]},{\"@type\":\"BreadcrumbList\",\"@id\":\"https:\/\/elrincondefehmi.com\/es\/tienda\/alfombras-turcas\/alfombras-clasicas\/alfombra-turca-nomada-5024\/#breadcrumb\",\"itemListElement\":[{\"@type\":\"ListItem\",\"position\":1,\"name\":\"PRODUCTOS\",\"item\":\"https:\/\/elrincondefehmi.com\/es\/all-product\/\"},{\"@type\":\"ListItem\",\"position\":2,\"name\":\"Alfombra turca n\u00f3mada 189&#215;267 cm\"}]},{\"@type\":\"WebSite\",\"@id\":\"https:\/\/elrincondefehmi.com\/es\/#website\",\"url\":\"https:\/\/elrincondefehmi.com\/es\/\",\"name\":\"El Rinc\u00f3n de Fehmi Madrid\",\"description\":\"Tienda de alfombras en Madrid.  En El Rinc\u00f3n de Fehmi somos especialistas en alfombras artesanales, alfombras modernas contempor\u00e1neas kilims de Turqu\u00eda\",\"potentialAction\":[{\"@type\":\"SearchAction\",\"target\":{\"@type\":\"EntryPoint\",\"urlTemplate\":\"https:\/\/elrincondefehmi.com\/es\/?s={search_term_string}\"},\"query-input\":\"required name=search_term_string\"}],\"inLanguage\":\"es\"}]}<\/script>\n<!-- \/ Yoast SEO plugin. -->","yoast_head_json":{"title":"Alfombra n\u00f3mada turca artesanal | El Rinc\u00f3n de Fehmi Madrid","description":"Alfombra n\u00f3mada turca artesanal, semi antigua y tejida a mano. Ideal para espacios c\u00e1lidos con estilo boho, r\u00fastico o \u00e9tnico.","robots":{"index":"index","follow":"follow","max-snippet":"max-snippet:-1","max-image-preview":"max-image-preview:large","max-video-preview":"max-video-preview:-1"},"canonical":"https:\/\/elrincondefehmi.com\/es\/tienda\/alfombras-turcas\/alfombras-clasicas\/alfombra-turca-nomada-5024\/","og_locale":"es_ES","og_type":"article","og_title":"Alfombra n\u00f3mada turca artesanal | El Rinc\u00f3n de Fehmi Madrid","og_description":"Alfombra n\u00f3mada turca artesanal, semi antigua y tejida a mano. Ideal para espacios c\u00e1lidos con estilo boho, r\u00fastico o \u00e9tnico.","og_url":"https:\/\/elrincondefehmi.com\/es\/tienda\/alfombras-turcas\/alfombras-clasicas\/alfombra-turca-nomada-5024\/","og_site_name":"El Rinc\u00f3n de Fehmi Madrid","article_modified_time":"2025-06-27T17:53:57+00:00","og_image":[{"width":798,"height":1046,"url":"https:\/\/elrincondefehmi.com\/es\/wp-content\/uploads\/2023\/05\/IMG_99861-e1689934086208.jpg","type":"image\/jpeg"}],"twitter_card":"summary_large_image","schema":{"@context":"https:\/\/schema.org","@graph":[{"@type":"WebPage","@id":"https:\/\/elrincondefehmi.com\/es\/tienda\/alfombras-turcas\/alfombras-clasicas\/alfombra-turca-nomada-5024\/","url":"https:\/\/elrincondefehmi.com\/es\/tienda\/alfombras-turcas\/alfombras-clasicas\/alfombra-turca-nomada-5024\/","name":"Alfombra n\u00f3mada turca artesanal | El Rinc\u00f3n de Fehmi Madrid","isPartOf":{"@id":"https:\/\/elrincondefehmi.com\/es\/#website"},"datePublished":"2023-05-18T05:30:08+00:00","dateModified":"2025-06-27T17:53:57+00:00","description":"Alfombra n\u00f3mada turca artesanal, semi antigua y tejida a mano. Ideal para espacios c\u00e1lidos con estilo boho, r\u00fastico o \u00e9tnico.","breadcrumb":{"@id":"https:\/\/elrincondefehmi.com\/es\/tienda\/alfombras-turcas\/alfombras-clasicas\/alfombra-turca-nomada-5024\/#breadcrumb"},"inLanguage":"es","potentialAction":[{"@type":"ReadAction","target":["https:\/\/elrincondefehmi.com\/es\/tienda\/alfombras-turcas\/alfombras-clasicas\/alfombra-turca-nomada-5024\/"]}]},{"@type":"BreadcrumbList","@id":"https:\/\/elrincondefehmi.com\/es\/tienda\/alfombras-turcas\/alfombras-clasicas\/alfombra-turca-nomada-5024\/#breadcrumb","itemListElement":[{"@type":"ListItem","position":1,"name":"PRODUCTOS","item":"https:\/\/elrincondefehmi.com\/es\/all-product\/"},{"@type":"ListItem","position":2,"name":"Alfombra turca n\u00f3mada 189&#215;267 cm"}]},{"@type":"WebSite","@id":"https:\/\/elrincondefehmi.com\/es\/#website","url":"https:\/\/elrincondefehmi.com\/es\/","name":"El Rinc\u00f3n de Fehmi Madrid","description":"Tienda de alfombras en Madrid.  En El Rinc\u00f3n de Fehmi somos especialistas en alfombras artesanales, alfombras modernas contempor\u00e1neas kilims de Turqu\u00eda","potentialAction":[{"@type":"SearchAction","target":{"@type":"EntryPoint","urlTemplate":"https:\/\/elrincondefehmi.com\/es\/?s={search_term_string}"},"query-input":"required name=search_term_string"}],"inLanguage":"es"}]}},"_links":{"self":[{"href":"https:\/\/elrincondefehmi.com\/es\/wp-json\/wp\/v2\/product\/9144"}],"collection":[{"href":"https:\/\/elrincondefehmi.com\/es\/wp-json\/wp\/v2\/product"}],"about":[{"href":"https:\/\/elrincondefehmi.com\/es\/wp-json\/wp\/v2\/types\/product"}],"replies":[{"embeddable":true,"href":"https:\/\/elrincondefehmi.com\/es\/wp-json\/wp\/v2\/comments?post=9144"}],"wp:featuredmedia":[{"embeddable":true,"href":"https:\/\/elrincondefehmi.com\/es\/wp-json\/wp\/v2\/media\/9376"}],"wp:attachment":[{"href":"https:\/\/elrincondefehmi.com\/es\/wp-json\/wp\/v2\/media?parent=9144"}],"wp:term":[{"taxonomy":"product_cat","embeddable":true,"href":"https:\/\/elrincondefehmi.com\/es\/wp-json\/wp\/v2\/product_cat?post=9144"},{"taxonomy":"product_tag","embeddable":true,"href":"https:\/\/elrincondefehmi.com\/es\/wp-json\/wp\/v2\/product_tag?post=9144"}],"curies":[{"name":"wp","href":"https:\/\/api.w.org\/{rel}","templated":true}]}}