{"id":9135,"date":"2023-05-18T05:29:46","date_gmt":"2023-05-18T05:29:46","guid":{"rendered":"https:\/\/elrincondefehmi.com\/es\/?post_type=product&#038;p=9135"},"modified":"2025-06-27T17:54:54","modified_gmt":"2025-06-27T17:54:54","slug":"alfombras-para-comedor","status":"publish","type":"product","link":"https:\/\/elrincondefehmi.com\/es\/tienda\/alfombras-turcas\/alfombras-clasicas\/alfombras-para-comedor\/","title":{"rendered":"Alfombra cl\u00e1sica turca 201&#215;280 cm"},"content":{"rendered":"<h1>ALFOMBRA CL\u00c1SICA MODERNA<\/h1>\n<h3>ALFOMBRAS PARA COMEDOR<\/h3>\n<p>Alfombra artesanal de estilo cl\u00e1sico y moderna fabricada en Turqu\u00eda a mano en lana y seda de bamb\u00fa. ( Alfombras Para Comedor ). Su dise\u00f1o es estilo floral al centro y en los laterales lineas doradas sobre un fondo de color beige claro. Es tejida a mano con el antiguo arte de anudaci\u00f3n. Posee un dise\u00f1o precioso que ofrece sensaci\u00f3n de tranquilidad y paz, as\u00ed como,\u00a0 un tacto suave y agradable que te encantar\u00e1. Ofrece calidez y viste cualquier espacio para darles consistencia y robustez.\u00a0L\u00facela en tu sal\u00f3n o habitaci\u00f3n en incluso en tu despacho u oficina comercial y embellecer\u00e1s con gran elegancia ese espacio tan importante para ti y tu negocio, de forma moderna y actual. Esta alfombra turca moderna es parte de nuestro variado stock de colores, tama\u00f1os y dise\u00f1os de\u00a0<a href=\"https:\/\/www.elrincondefehmi.com\/es\/categoria-producto\/alfombras\/alfombras-modernas\/\">alfombras modernas\u00a0<\/a>que puedes comprar en nuestra tienda de Madrid en Las Rozas. En El Rinc\u00f3n de Fehmi tambi\u00e9n disponemos una amplia gama de Alfombras para Comedor. Para m\u00e1s informaci\u00f3n pueden visitar nuetras tiendas de <a href=\"https:\/\/www.estambul.es\/\">Estambul<\/a>, Madrid y Santiago de Chile.<\/p>\n","protected":false},"excerpt":{"rendered":"<p>Alfombra cl\u00e1sica moderna Material: Lana, algod\u00f3n y bambu seda Medidas: 201\u00d7280 cm Hecho a mano.<\/p>\n","protected":false},"featured_media":9352,"comment_status":"open","ping_status":"closed","template":"","meta":[],"product_cat":[19,308,316],"product_tag":[355,353,352,354],"yoast_head":"<!-- This site is optimized with the Yoast SEO plugin v21.5 - https:\/\/yoast.com\/wordpress\/plugins\/seo\/ -->\n<title>Alfombras Para Comedor | El Rinc\u00f3n de Fehmi Madrid<\/title>\n<meta name=\"description\" content=\"Alfombras Para Comedor. En El Rinc\u00f3n de Fehmi disponemos una amplia gama de alfombras grandes para comedor. Ofertas hasta un -50%\" \/>\n<meta name=\"robots\" content=\"index, follow, max-snippet:-1, max-image-preview:large, max-video-preview:-1\" \/>\n<link rel=\"canonical\" href=\"https:\/\/elrincondefehmi.com\/es\/tienda\/alfombras-turcas\/alfombras-clasicas\/alfombras-para-comedor\/\" \/>\n<meta property=\"og:locale\" content=\"es_ES\" \/>\n<meta property=\"og:type\" content=\"article\" \/>\n<meta property=\"og:title\" content=\"Alfombras Para Comedor | El Rinc\u00f3n de Fehmi Madrid\" \/>\n<meta property=\"og:description\" content=\"Alfombras Para Comedor. En El Rinc\u00f3n de Fehmi disponemos una amplia gama de alfombras grandes para comedor. Ofertas hasta un -50%\" \/>\n<meta property=\"og:url\" content=\"https:\/\/elrincondefehmi.com\/es\/tienda\/alfombras-turcas\/alfombras-clasicas\/alfombras-para-comedor\/\" \/>\n<meta property=\"og:site_name\" content=\"El Rinc\u00f3n de Fehmi Madrid\" \/>\n<meta property=\"article:modified_time\" content=\"2025-06-27T17:54:54+00:00\" \/>\n<meta property=\"og:image\" content=\"https:\/\/elrincondefehmi.com\/es\/wp-content\/uploads\/2023\/05\/IMG_9981-1-e1689934984918.jpg\" \/>\n\t<meta property=\"og:image:width\" content=\"773\" \/>\n\t<meta property=\"og:image:height\" content=\"1056\" \/>\n\t<meta property=\"og:image:type\" content=\"image\/jpeg\" \/>\n<meta name=\"twitter:card\" content=\"summary_large_image\" \/>\n<script type=\"application\/ld+json\" class=\"yoast-schema-graph\">{\"@context\":\"https:\/\/schema.org\",\"@graph\":[{\"@type\":\"WebPage\",\"@id\":\"https:\/\/elrincondefehmi.com\/es\/tienda\/alfombras-turcas\/alfombras-clasicas\/alfombras-para-comedor\/\",\"url\":\"https:\/\/elrincondefehmi.com\/es\/tienda\/alfombras-turcas\/alfombras-clasicas\/alfombras-para-comedor\/\",\"name\":\"Alfombras Para Comedor | El Rinc\u00f3n de Fehmi Madrid\",\"isPartOf\":{\"@id\":\"https:\/\/elrincondefehmi.com\/es\/#website\"},\"datePublished\":\"2023-05-18T05:29:46+00:00\",\"dateModified\":\"2025-06-27T17:54:54+00:00\",\"description\":\"Alfombras Para Comedor. En El Rinc\u00f3n de Fehmi disponemos una amplia gama de alfombras grandes para comedor. Ofertas hasta un -50%\",\"breadcrumb\":{\"@id\":\"https:\/\/elrincondefehmi.com\/es\/tienda\/alfombras-turcas\/alfombras-clasicas\/alfombras-para-comedor\/#breadcrumb\"},\"inLanguage\":\"es\",\"potentialAction\":[{\"@type\":\"ReadAction\",\"target\":[\"https:\/\/elrincondefehmi.com\/es\/tienda\/alfombras-turcas\/alfombras-clasicas\/alfombras-para-comedor\/\"]}]},{\"@type\":\"BreadcrumbList\",\"@id\":\"https:\/\/elrincondefehmi.com\/es\/tienda\/alfombras-turcas\/alfombras-clasicas\/alfombras-para-comedor\/#breadcrumb\",\"itemListElement\":[{\"@type\":\"ListItem\",\"position\":1,\"name\":\"PRODUCTOS\",\"item\":\"https:\/\/elrincondefehmi.com\/es\/all-product\/\"},{\"@type\":\"ListItem\",\"position\":2,\"name\":\"Alfombra cl\u00e1sica turca 201&#215;280 cm\"}]},{\"@type\":\"WebSite\",\"@id\":\"https:\/\/elrincondefehmi.com\/es\/#website\",\"url\":\"https:\/\/elrincondefehmi.com\/es\/\",\"name\":\"El Rinc\u00f3n de Fehmi Madrid\",\"description\":\"Tienda de alfombras en Madrid.  En El Rinc\u00f3n de Fehmi somos especialistas en alfombras artesanales, alfombras modernas contempor\u00e1neas kilims de Turqu\u00eda\",\"potentialAction\":[{\"@type\":\"SearchAction\",\"target\":{\"@type\":\"EntryPoint\",\"urlTemplate\":\"https:\/\/elrincondefehmi.com\/es\/?s={search_term_string}\"},\"query-input\":\"required name=search_term_string\"}],\"inLanguage\":\"es\"}]}<\/script>\n<!-- \/ Yoast SEO plugin. -->","yoast_head_json":{"title":"Alfombras Para Comedor | El Rinc\u00f3n de Fehmi Madrid","description":"Alfombras Para Comedor. En El Rinc\u00f3n de Fehmi disponemos una amplia gama de alfombras grandes para comedor. Ofertas hasta un -50%","robots":{"index":"index","follow":"follow","max-snippet":"max-snippet:-1","max-image-preview":"max-image-preview:large","max-video-preview":"max-video-preview:-1"},"canonical":"https:\/\/elrincondefehmi.com\/es\/tienda\/alfombras-turcas\/alfombras-clasicas\/alfombras-para-comedor\/","og_locale":"es_ES","og_type":"article","og_title":"Alfombras Para Comedor | El Rinc\u00f3n de Fehmi Madrid","og_description":"Alfombras Para Comedor. En El Rinc\u00f3n de Fehmi disponemos una amplia gama de alfombras grandes para comedor. Ofertas hasta un -50%","og_url":"https:\/\/elrincondefehmi.com\/es\/tienda\/alfombras-turcas\/alfombras-clasicas\/alfombras-para-comedor\/","og_site_name":"El Rinc\u00f3n de Fehmi Madrid","article_modified_time":"2025-06-27T17:54:54+00:00","og_image":[{"width":773,"height":1056,"url":"https:\/\/elrincondefehmi.com\/es\/wp-content\/uploads\/2023\/05\/IMG_9981-1-e1689934984918.jpg","type":"image\/jpeg"}],"twitter_card":"summary_large_image","schema":{"@context":"https:\/\/schema.org","@graph":[{"@type":"WebPage","@id":"https:\/\/elrincondefehmi.com\/es\/tienda\/alfombras-turcas\/alfombras-clasicas\/alfombras-para-comedor\/","url":"https:\/\/elrincondefehmi.com\/es\/tienda\/alfombras-turcas\/alfombras-clasicas\/alfombras-para-comedor\/","name":"Alfombras Para Comedor | El Rinc\u00f3n de Fehmi Madrid","isPartOf":{"@id":"https:\/\/elrincondefehmi.com\/es\/#website"},"datePublished":"2023-05-18T05:29:46+00:00","dateModified":"2025-06-27T17:54:54+00:00","description":"Alfombras Para Comedor. En El Rinc\u00f3n de Fehmi disponemos una amplia gama de alfombras grandes para comedor. Ofertas hasta un -50%","breadcrumb":{"@id":"https:\/\/elrincondefehmi.com\/es\/tienda\/alfombras-turcas\/alfombras-clasicas\/alfombras-para-comedor\/#breadcrumb"},"inLanguage":"es","potentialAction":[{"@type":"ReadAction","target":["https:\/\/elrincondefehmi.com\/es\/tienda\/alfombras-turcas\/alfombras-clasicas\/alfombras-para-comedor\/"]}]},{"@type":"BreadcrumbList","@id":"https:\/\/elrincondefehmi.com\/es\/tienda\/alfombras-turcas\/alfombras-clasicas\/alfombras-para-comedor\/#breadcrumb","itemListElement":[{"@type":"ListItem","position":1,"name":"PRODUCTOS","item":"https:\/\/elrincondefehmi.com\/es\/all-product\/"},{"@type":"ListItem","position":2,"name":"Alfombra cl\u00e1sica turca 201&#215;280 cm"}]},{"@type":"WebSite","@id":"https:\/\/elrincondefehmi.com\/es\/#website","url":"https:\/\/elrincondefehmi.com\/es\/","name":"El Rinc\u00f3n de Fehmi Madrid","description":"Tienda de alfombras en Madrid.  En El Rinc\u00f3n de Fehmi somos especialistas en alfombras artesanales, alfombras modernas contempor\u00e1neas kilims de Turqu\u00eda","potentialAction":[{"@type":"SearchAction","target":{"@type":"EntryPoint","urlTemplate":"https:\/\/elrincondefehmi.com\/es\/?s={search_term_string}"},"query-input":"required name=search_term_string"}],"inLanguage":"es"}]}},"_links":{"self":[{"href":"https:\/\/elrincondefehmi.com\/es\/wp-json\/wp\/v2\/product\/9135"}],"collection":[{"href":"https:\/\/elrincondefehmi.com\/es\/wp-json\/wp\/v2\/product"}],"about":[{"href":"https:\/\/elrincondefehmi.com\/es\/wp-json\/wp\/v2\/types\/product"}],"replies":[{"embeddable":true,"href":"https:\/\/elrincondefehmi.com\/es\/wp-json\/wp\/v2\/comments?post=9135"}],"wp:featuredmedia":[{"embeddable":true,"href":"https:\/\/elrincondefehmi.com\/es\/wp-json\/wp\/v2\/media\/9352"}],"wp:attachment":[{"href":"https:\/\/elrincondefehmi.com\/es\/wp-json\/wp\/v2\/media?parent=9135"}],"wp:term":[{"taxonomy":"product_cat","embeddable":true,"href":"https:\/\/elrincondefehmi.com\/es\/wp-json\/wp\/v2\/product_cat?post=9135"},{"taxonomy":"product_tag","embeddable":true,"href":"https:\/\/elrincondefehmi.com\/es\/wp-json\/wp\/v2\/product_tag?post=9135"}],"curies":[{"name":"wp","href":"https:\/\/api.w.org\/{rel}","templated":true}]}}