{"id":9100,"date":"2023-05-18T05:28:36","date_gmt":"2023-05-18T05:28:36","guid":{"rendered":"https:\/\/elrincondefehmi.com\/es\/?post_type=product&#038;p=9100"},"modified":"2025-06-27T18:01:41","modified_gmt":"2025-06-27T18:01:41","slug":"alfombras-y-kilims-en-madrid","status":"publish","type":"product","link":"https:\/\/elrincondefehmi.com\/es\/tienda\/alfombras-turcas\/alfombras-clasicas\/alfombras-y-kilims-en-madrid\/","title":{"rendered":"Alfombra turca Shirwan 140&#215;187 cm"},"content":{"rendered":"<h1>LAS ALFOMBRAS NOMADAS<\/h1>\n<p>ALFOMBRAS Y KILIMS EN MADRID<\/p>\n<p>La alfombra es el producto representativo del arte milenario de anudar la lana, la seda y, posteriormente, el algod\u00f3n. Este arte se inici\u00f3 por los n\u00f3madas del medio oeste, principalmente en la regi\u00f3n del C\u00e1ucaso, Turqu\u00eda e Ir\u00e1n. Estos utilizaban las alfombras como cama port\u00e1til o como manta para resguardarse del fr\u00edo y del desierto.\u00a0<a href=\"https:\/\/www.elrincondefehmi.com\/es\/como-decorar-con-una-alfombra\/\">La alfombra cl\u00e1sica<\/a>\u00a0es aquella que cumple los patrones originarios de este arte. Se consideran alfombras \u00fanicas ya que est\u00e1n tejidas a mano. Suelen tener motivos tribales, geom\u00e9tricos e hist\u00f3ricos. Su lana est\u00e1 te\u00f1ida con colores naturales conseguidos a partir de minerales. Son alfombras de muy buena calidad y resistencia.<\/p>\n<p>En el\u00a0<a href=\"https:\/\/www.elrincondefehmi.com\/es\/\">Rinc\u00f3n de Fehmi<\/a>\u00a0nos dedicamos espec\u00edficamente a las alfombras turcas. Seleccionamos las piezas m\u00e1s originales y representativas de este pa\u00eds y su milenaria cultura. En particular, las alfombras cl\u00e1sicas turcas son consideradas verdaderas joyas de arte. Est\u00e1n recargadas de motivos tribales y tienen colores muy vivos. Son alfombras llenas de historia que han ido transmitiendo la cultura turca de generaci\u00f3n en generaci\u00f3n. Tienen muy buena calidad y son muy resistentes por sus materiales naturales. Adem\u00e1s, suelen tener el pelo corto y r\u00edgido, esto ofrece unas mejores condiciones de mantenimiento.<\/p>\n<p>Una alfombra cl\u00e1sica ofrece en un hogar una pieza exclusiva y \u00fanica, cargada de historia y exotismo. Se adapta a cualquier tipo de ambiente y estilo decorativo, adem\u00e1s de ofrecer una calidad excepcional. Da uniformidad y un toque especial y lleno de personalidad a los espacios. Nosotros, como expertos, son las piezas que con mas cari\u00f1o y orgullo solemos recomendar, dentro de nuestras largas colecciones de alfombras.<\/p>\n<p>\u00bfBuscas alfombras y kilims en Madrid?\u00a0 Contacta con nosotros, estar\u00edamos encantados de atenderte.<\/p>\n","protected":false},"excerpt":{"rendered":"<p>Alfombra turca Shirwan<br \/>\nMaterial: Lana y algod\u00f3n<br \/>\nMedidas: 140\u00d7187 cm<br \/>\nHecho a mano<br \/>\n36 nudos por cm\u00b2<br \/>\n360,000 nudos por m\u00b2<\/p>\n","protected":false},"featured_media":9274,"comment_status":"open","ping_status":"closed","template":"","meta":[],"product_cat":[19,308,316],"product_tag":[355,353,352,354],"yoast_head":"<!-- This site is optimized with the Yoast SEO plugin v21.5 - https:\/\/yoast.com\/wordpress\/plugins\/seo\/ -->\n<title>Alfombras y Kilims en Madrid | El Rinc\u00f3n de Fehmi Madrid<\/title>\n<meta name=\"description\" content=\"Comprar Alfombras y Kilims en Madrid. Tenemos una amplia gama de alfombras turcas con precios muy econ\u00f3micos.\" \/>\n<meta name=\"robots\" content=\"index, follow, max-snippet:-1, max-image-preview:large, max-video-preview:-1\" \/>\n<link rel=\"canonical\" href=\"https:\/\/elrincondefehmi.com\/es\/tienda\/alfombras-turcas\/alfombras-clasicas\/alfombras-y-kilims-en-madrid\/\" \/>\n<meta property=\"og:locale\" content=\"es_ES\" \/>\n<meta property=\"og:type\" content=\"article\" \/>\n<meta property=\"og:title\" content=\"Alfombras y Kilims en Madrid | El Rinc\u00f3n de Fehmi Madrid\" \/>\n<meta property=\"og:description\" content=\"Comprar Alfombras y Kilims en Madrid. Tenemos una amplia gama de alfombras turcas con precios muy econ\u00f3micos.\" \/>\n<meta property=\"og:url\" content=\"https:\/\/elrincondefehmi.com\/es\/tienda\/alfombras-turcas\/alfombras-clasicas\/alfombras-y-kilims-en-madrid\/\" \/>\n<meta property=\"og:site_name\" content=\"El Rinc\u00f3n de Fehmi Madrid\" \/>\n<meta property=\"article:modified_time\" content=\"2025-06-27T18:01:41+00:00\" \/>\n<meta property=\"og:image\" content=\"https:\/\/elrincondefehmi.com\/es\/wp-content\/uploads\/2023\/05\/IMG_9949-e1689937877384.jpg\" \/>\n\t<meta property=\"og:image:width\" content=\"739\" \/>\n\t<meta property=\"og:image:height\" content=\"1050\" \/>\n\t<meta property=\"og:image:type\" content=\"image\/jpeg\" \/>\n<meta name=\"twitter:card\" content=\"summary_large_image\" \/>\n<script type=\"application\/ld+json\" class=\"yoast-schema-graph\">{\"@context\":\"https:\/\/schema.org\",\"@graph\":[{\"@type\":\"WebPage\",\"@id\":\"https:\/\/elrincondefehmi.com\/es\/tienda\/alfombras-turcas\/alfombras-clasicas\/alfombras-y-kilims-en-madrid\/\",\"url\":\"https:\/\/elrincondefehmi.com\/es\/tienda\/alfombras-turcas\/alfombras-clasicas\/alfombras-y-kilims-en-madrid\/\",\"name\":\"Alfombras y Kilims en Madrid | El Rinc\u00f3n de Fehmi Madrid\",\"isPartOf\":{\"@id\":\"https:\/\/elrincondefehmi.com\/es\/#website\"},\"datePublished\":\"2023-05-18T05:28:36+00:00\",\"dateModified\":\"2025-06-27T18:01:41+00:00\",\"description\":\"Comprar Alfombras y Kilims en Madrid. Tenemos una amplia gama de alfombras turcas con precios muy econ\u00f3micos.\",\"breadcrumb\":{\"@id\":\"https:\/\/elrincondefehmi.com\/es\/tienda\/alfombras-turcas\/alfombras-clasicas\/alfombras-y-kilims-en-madrid\/#breadcrumb\"},\"inLanguage\":\"es\",\"potentialAction\":[{\"@type\":\"ReadAction\",\"target\":[\"https:\/\/elrincondefehmi.com\/es\/tienda\/alfombras-turcas\/alfombras-clasicas\/alfombras-y-kilims-en-madrid\/\"]}]},{\"@type\":\"BreadcrumbList\",\"@id\":\"https:\/\/elrincondefehmi.com\/es\/tienda\/alfombras-turcas\/alfombras-clasicas\/alfombras-y-kilims-en-madrid\/#breadcrumb\",\"itemListElement\":[{\"@type\":\"ListItem\",\"position\":1,\"name\":\"PRODUCTOS\",\"item\":\"https:\/\/elrincondefehmi.com\/es\/all-product\/\"},{\"@type\":\"ListItem\",\"position\":2,\"name\":\"Alfombra turca Shirwan 140&#215;187 cm\"}]},{\"@type\":\"WebSite\",\"@id\":\"https:\/\/elrincondefehmi.com\/es\/#website\",\"url\":\"https:\/\/elrincondefehmi.com\/es\/\",\"name\":\"El Rinc\u00f3n de Fehmi Madrid\",\"description\":\"Tienda de alfombras en Madrid.  En El Rinc\u00f3n de Fehmi somos especialistas en alfombras artesanales, alfombras modernas contempor\u00e1neas kilims de Turqu\u00eda\",\"potentialAction\":[{\"@type\":\"SearchAction\",\"target\":{\"@type\":\"EntryPoint\",\"urlTemplate\":\"https:\/\/elrincondefehmi.com\/es\/?s={search_term_string}\"},\"query-input\":\"required name=search_term_string\"}],\"inLanguage\":\"es\"}]}<\/script>\n<!-- \/ Yoast SEO plugin. -->","yoast_head_json":{"title":"Alfombras y Kilims en Madrid | El Rinc\u00f3n de Fehmi Madrid","description":"Comprar Alfombras y Kilims en Madrid. Tenemos una amplia gama de alfombras turcas con precios muy econ\u00f3micos.","robots":{"index":"index","follow":"follow","max-snippet":"max-snippet:-1","max-image-preview":"max-image-preview:large","max-video-preview":"max-video-preview:-1"},"canonical":"https:\/\/elrincondefehmi.com\/es\/tienda\/alfombras-turcas\/alfombras-clasicas\/alfombras-y-kilims-en-madrid\/","og_locale":"es_ES","og_type":"article","og_title":"Alfombras y Kilims en Madrid | El Rinc\u00f3n de Fehmi Madrid","og_description":"Comprar Alfombras y Kilims en Madrid. Tenemos una amplia gama de alfombras turcas con precios muy econ\u00f3micos.","og_url":"https:\/\/elrincondefehmi.com\/es\/tienda\/alfombras-turcas\/alfombras-clasicas\/alfombras-y-kilims-en-madrid\/","og_site_name":"El Rinc\u00f3n de Fehmi Madrid","article_modified_time":"2025-06-27T18:01:41+00:00","og_image":[{"width":739,"height":1050,"url":"https:\/\/elrincondefehmi.com\/es\/wp-content\/uploads\/2023\/05\/IMG_9949-e1689937877384.jpg","type":"image\/jpeg"}],"twitter_card":"summary_large_image","schema":{"@context":"https:\/\/schema.org","@graph":[{"@type":"WebPage","@id":"https:\/\/elrincondefehmi.com\/es\/tienda\/alfombras-turcas\/alfombras-clasicas\/alfombras-y-kilims-en-madrid\/","url":"https:\/\/elrincondefehmi.com\/es\/tienda\/alfombras-turcas\/alfombras-clasicas\/alfombras-y-kilims-en-madrid\/","name":"Alfombras y Kilims en Madrid | El Rinc\u00f3n de Fehmi Madrid","isPartOf":{"@id":"https:\/\/elrincondefehmi.com\/es\/#website"},"datePublished":"2023-05-18T05:28:36+00:00","dateModified":"2025-06-27T18:01:41+00:00","description":"Comprar Alfombras y Kilims en Madrid. Tenemos una amplia gama de alfombras turcas con precios muy econ\u00f3micos.","breadcrumb":{"@id":"https:\/\/elrincondefehmi.com\/es\/tienda\/alfombras-turcas\/alfombras-clasicas\/alfombras-y-kilims-en-madrid\/#breadcrumb"},"inLanguage":"es","potentialAction":[{"@type":"ReadAction","target":["https:\/\/elrincondefehmi.com\/es\/tienda\/alfombras-turcas\/alfombras-clasicas\/alfombras-y-kilims-en-madrid\/"]}]},{"@type":"BreadcrumbList","@id":"https:\/\/elrincondefehmi.com\/es\/tienda\/alfombras-turcas\/alfombras-clasicas\/alfombras-y-kilims-en-madrid\/#breadcrumb","itemListElement":[{"@type":"ListItem","position":1,"name":"PRODUCTOS","item":"https:\/\/elrincondefehmi.com\/es\/all-product\/"},{"@type":"ListItem","position":2,"name":"Alfombra turca Shirwan 140&#215;187 cm"}]},{"@type":"WebSite","@id":"https:\/\/elrincondefehmi.com\/es\/#website","url":"https:\/\/elrincondefehmi.com\/es\/","name":"El Rinc\u00f3n de Fehmi Madrid","description":"Tienda de alfombras en Madrid.  En El Rinc\u00f3n de Fehmi somos especialistas en alfombras artesanales, alfombras modernas contempor\u00e1neas kilims de Turqu\u00eda","potentialAction":[{"@type":"SearchAction","target":{"@type":"EntryPoint","urlTemplate":"https:\/\/elrincondefehmi.com\/es\/?s={search_term_string}"},"query-input":"required name=search_term_string"}],"inLanguage":"es"}]}},"_links":{"self":[{"href":"https:\/\/elrincondefehmi.com\/es\/wp-json\/wp\/v2\/product\/9100"}],"collection":[{"href":"https:\/\/elrincondefehmi.com\/es\/wp-json\/wp\/v2\/product"}],"about":[{"href":"https:\/\/elrincondefehmi.com\/es\/wp-json\/wp\/v2\/types\/product"}],"replies":[{"embeddable":true,"href":"https:\/\/elrincondefehmi.com\/es\/wp-json\/wp\/v2\/comments?post=9100"}],"wp:featuredmedia":[{"embeddable":true,"href":"https:\/\/elrincondefehmi.com\/es\/wp-json\/wp\/v2\/media\/9274"}],"wp:attachment":[{"href":"https:\/\/elrincondefehmi.com\/es\/wp-json\/wp\/v2\/media?parent=9100"}],"wp:term":[{"taxonomy":"product_cat","embeddable":true,"href":"https:\/\/elrincondefehmi.com\/es\/wp-json\/wp\/v2\/product_cat?post=9100"},{"taxonomy":"product_tag","embeddable":true,"href":"https:\/\/elrincondefehmi.com\/es\/wp-json\/wp\/v2\/product_tag?post=9100"}],"curies":[{"name":"wp","href":"https:\/\/api.w.org\/{rel}","templated":true}]}}