{"id":9085,"date":"2023-05-18T05:28:13","date_gmt":"2023-05-18T05:28:13","guid":{"rendered":"https:\/\/elrincondefehmi.com\/es\/?post_type=product&#038;p=9085"},"modified":"2025-06-27T18:03:26","modified_gmt":"2025-06-27T18:03:26","slug":"alfombra-clasica-5010","status":"publish","type":"product","link":"https:\/\/elrincondefehmi.com\/es\/tienda\/alfombras-turcas\/alfombras-clasicas\/alfombra-clasica-5010\/","title":{"rendered":"Alfombra n\u00f3mada Shirwan 140&#215;196 cm"},"content":{"rendered":"<p data-start=\"153\" data-end=\"604\"><span class=\"_fadeIn_m1hgl_8\">Esta <\/span><strong data-start=\"158\" data-end=\"177\"><span class=\"_fadeIn_m1hgl_8\">alfombra <\/span><span class=\"_fadeIn_m1hgl_8\">n\u00f3mada<\/span><\/strong> <span class=\"_fadeIn_m1hgl_8\">de <\/span><strong data-start=\"181\" data-end=\"195\"><span class=\"_fadeIn_m1hgl_8\">140&#215;195 <\/span><span class=\"_fadeIn_m1hgl_8\">cm<\/span><\/strong> <span class=\"_fadeIn_m1hgl_8\">representa <\/span><span class=\"_fadeIn_m1hgl_8\">una <\/span><span class=\"_fadeIn_m1hgl_8\">fusi\u00f3n <\/span><span class=\"_fadeIn_m1hgl_8\">perfecta <\/span><span class=\"_fadeIn_m1hgl_8\">entre <\/span><span class=\"_fadeIn_m1hgl_8\">tradici\u00f3n <\/span><span class=\"_fadeIn_m1hgl_8\">y <\/span><span class=\"_fadeIn_m1hgl_8\">color. <\/span><span class=\"_fadeIn_m1hgl_8\">Tejida <\/span><span class=\"_fadeIn_m1hgl_8\">a <\/span><span class=\"_fadeIn_m1hgl_8\">mano <\/span><span class=\"_fadeIn_m1hgl_8\">con <\/span><span class=\"_fadeIn_m1hgl_8\">lana <\/span><span class=\"_fadeIn_m1hgl_8\">natural <\/span><span class=\"_fadeIn_m1hgl_8\">sobre <\/span><span class=\"_fadeIn_m1hgl_8\">base <\/span><span class=\"_fadeIn_m1hgl_8\">de <\/span><span class=\"_fadeIn_m1hgl_8\">algod\u00f3n, <\/span><span class=\"_fadeIn_m1hgl_8\">muestra <\/span><span class=\"_fadeIn_m1hgl_8\">un <\/span><span class=\"_fadeIn_m1hgl_8\">dise\u00f1o <\/span><span class=\"_fadeIn_m1hgl_8\">geom\u00e9trico <\/span><span class=\"_fadeIn_m1hgl_8\">tribal <\/span><span class=\"_fadeIn_m1hgl_8\">muy <\/span><span class=\"_fadeIn_m1hgl_8\">caracter\u00edstico <\/span><span class=\"_fadeIn_m1hgl_8\">de <\/span><span class=\"_fadeIn_m1hgl_8\">las <\/span><span class=\"_fadeIn_m1hgl_8\">culturas <\/span><span class=\"_fadeIn_m1hgl_8\">del <\/span><span class=\"_fadeIn_m1hgl_8\">C\u00e1ucaso <\/span><span class=\"_fadeIn_m1hgl_8\">y <\/span><span class=\"_fadeIn_m1hgl_8\">Anatolia. <\/span><span class=\"_fadeIn_m1hgl_8\">El <\/span><span class=\"_fadeIn_m1hgl_8\">fondo <\/span><span class=\"_fadeIn_m1hgl_8\">en <\/span><span class=\"_fadeIn_m1hgl_8\">verde <\/span><span class=\"_fadeIn_m1hgl_8\">azulado <\/span><span class=\"_fadeIn_m1hgl_8\">sirve <\/span><span class=\"_fadeIn_m1hgl_8\">de <\/span><span class=\"_fadeIn_m1hgl_8\">base <\/span><span class=\"_fadeIn_m1hgl_8\">para <\/span><span class=\"_fadeIn_m1hgl_8\">tres <\/span><span class=\"_fadeIn_m1hgl_8\">medallones <\/span><span class=\"_fadeIn_m1hgl_8\">sim\u00e9tricos <\/span><span class=\"_fadeIn_m1hgl_8\">en <\/span><span class=\"_fadeIn_m1hgl_8\">tonos <\/span><span class=\"_fadeIn_m1hgl_8\">rojo, <\/span><span class=\"_fadeIn_m1hgl_8\">marfil <\/span><span class=\"_fadeIn_m1hgl_8\">y <\/span><span class=\"_fadeIn_m1hgl_8\">azul, <\/span><span class=\"_fadeIn_m1hgl_8\">rodeados <\/span><span class=\"_fadeIn_m1hgl_8\">de <\/span><span class=\"_fadeIn_m1hgl_8\">peque\u00f1as <\/span><span class=\"_fadeIn_m1hgl_8\">figuras <\/span><span class=\"_fadeIn_m1hgl_8\">decorativas <\/span><span class=\"_fadeIn_m1hgl_8\">que <\/span><span class=\"_fadeIn_m1hgl_8\">simbolizan <\/span><span class=\"_fadeIn_m1hgl_8\">la <\/span><span class=\"_fadeIn_m1hgl_8\">protecci\u00f3n, <\/span><span class=\"_fadeIn_m1hgl_8\">la <\/span><span class=\"_fadeIn_m1hgl_8\">naturaleza <\/span><span class=\"_fadeIn_m1hgl_8\">y <\/span><span class=\"_fadeIn_m1hgl_8\">la <\/span><span class=\"_fadeIn_m1hgl_8\">abundancia.<\/span><\/p>\n<p data-start=\"606\" data-end=\"871\"><span class=\"_fadeIn_m1hgl_8\">Cada <\/span><span class=\"_fadeIn_m1hgl_8\">pieza <\/span><span class=\"_fadeIn_m1hgl_8\">como <\/span><span class=\"_fadeIn_m1hgl_8\">esta <\/span><span class=\"_fadeIn_m1hgl_8\">es <\/span><span class=\"_fadeIn_m1hgl_8\">fruto <\/span><span class=\"_fadeIn_m1hgl_8\">de <\/span><span class=\"_fadeIn_m1hgl_8\">semanas <\/span><span class=\"_fadeIn_m1hgl_8\">de <\/span><span class=\"_fadeIn_m1hgl_8\">trabajo <\/span><span class=\"_fadeIn_m1hgl_8\">artesanal, <\/span><span class=\"_fadeIn_m1hgl_8\">donde <\/span><span class=\"_fadeIn_m1hgl_8\">cada <\/span><span class=\"_fadeIn_m1hgl_8\">nudo <\/span><span class=\"_fadeIn_m1hgl_8\">se <\/span><span class=\"_fadeIn_m1hgl_8\">convierte <\/span><span class=\"_fadeIn_m1hgl_8\">en <\/span><span class=\"_fadeIn_m1hgl_8\">parte <\/span><span class=\"_fadeIn_m1hgl_8\">de <\/span><span class=\"_fadeIn_m1hgl_8\">una <\/span><span class=\"_fadeIn_m1hgl_8\">historia <\/span><span class=\"_fadeIn_m1hgl_8\">textil <\/span><span class=\"_fadeIn_m1hgl_8\">transmitida <\/span><span class=\"_fadeIn_m1hgl_8\">por <\/span><span class=\"_fadeIn_m1hgl_8\">generaciones. <\/span><span class=\"_fadeIn_m1hgl_8\">Es <\/span><span class=\"_fadeIn_m1hgl_8\">ideal <\/span><span class=\"_fadeIn_m1hgl_8\">para <\/span><span class=\"_fadeIn_m1hgl_8\">dar <\/span><span class=\"_fadeIn_m1hgl_8\">personalidad <\/span><span class=\"_fadeIn_m1hgl_8\">a <\/span><span class=\"_fadeIn_m1hgl_8\">un <\/span><span class=\"_fadeIn_m1hgl_8\">sal\u00f3n, <\/span><span class=\"_fadeIn_m1hgl_8\">despacho <\/span><span class=\"_fadeIn_m1hgl_8\">o <\/span><span class=\"_fadeIn_m1hgl_8\">dormitorio, <\/span><span class=\"_fadeIn_m1hgl_8\">aportando <\/span><span class=\"_fadeIn_m1hgl_8\">textura, <\/span><span class=\"_fadeIn_m1hgl_8\">calidez <\/span><span class=\"_fadeIn_m1hgl_8\">y <\/span><span class=\"_fadeIn_m1hgl_8\">car\u00e1cter <\/span><span class=\"_fadeIn_m1hgl_8\">\u00e9tnico.<\/span><\/p>\n<p data-start=\"873\" data-end=\"1061\"><span class=\"_fadeIn_m1hgl_8\">Adem\u00e1s, <\/span><span class=\"_fadeIn_m1hgl_8\">puedes <\/span><span class=\"_fadeIn_m1hgl_8\">combinarla <\/span><span class=\"_fadeIn_m1hgl_8\">f\u00e1cilmente <\/span><span class=\"_fadeIn_m1hgl_8\">con <\/span><span class=\"_fadeIn_m1hgl_8\">otras <\/span><span class=\"_fadeIn_m1hgl_8\">piezas <\/span><span class=\"_fadeIn_m1hgl_8\">de <\/span><span class=\"_fadeIn_m1hgl_8\">nuestra <\/span><a class=\"cursor-pointer\" target=\"_new\" rel=\"noopener\" data-start=\"938\" data-end=\"1015\"><span class=\"_fadeIn_m1hgl_8\">colecci\u00f3n <\/span><span class=\"_fadeIn_m1hgl_8\">de <\/span><span class=\"_fadeIn_m1hgl_8\">alfombras <\/span><span class=\"_fadeIn_m1hgl_8\">orientales<\/span><\/a> <span class=\"_fadeIn_m1hgl_8\">para <\/span><span class=\"_fadeIn_m1hgl_8\">crear <\/span><span class=\"_fadeIn_m1hgl_8\">un <\/span><span class=\"_fadeIn_m1hgl_8\">ambiente <\/span><span class=\"_fadeIn_m1hgl_8\">coherente <\/span><span class=\"_fadeIn_m1hgl_8\">y <\/span><span class=\"_fadeIn_m1hgl_8\">armonioso.<\/span><\/p>\n<p data-start=\"1063\" data-end=\"1325\"><span class=\"_fadeIn_m1hgl_8\">Para <\/span><span class=\"_fadeIn_m1hgl_8\">aprender <\/span><span class=\"_fadeIn_m1hgl_8\">m\u00e1s <\/span><span class=\"_fadeIn_m1hgl_8\">sobre <\/span><span class=\"_fadeIn_m1hgl_8\">las <\/span><span class=\"_fadeIn_m1hgl_8\">t\u00e9cnicas <\/span><span class=\"_fadeIn_m1hgl_8\">de <\/span><span class=\"_fadeIn_m1hgl_8\">tejido <\/span><span class=\"_fadeIn_m1hgl_8\">tradicionales, <\/span><span class=\"_fadeIn_m1hgl_8\">puedes <\/span><span class=\"_fadeIn_m1hgl_8\">visitar <\/span><span class=\"_fadeIn_m1hgl_8\">este <\/span><span class=\"_fadeIn_m1hgl_8\">art\u00edculo <\/span><span class=\"_fadeIn_m1hgl_8\">de <\/span><span class=\"_fadeIn_m1hgl_8\">la <\/span><span class=\"_fadeIn_m1hgl_8\">UNESCO <\/span><span class=\"_fadeIn_m1hgl_8\">sobre <\/span><span class=\"_fadeIn_m1hgl_8\">las <\/span><span class=\"_fadeIn_m1hgl_8\">habilidades <\/span><span class=\"_fadeIn_m1hgl_8\">tradicionales <\/span><span class=\"_fadeIn_m1hgl_8\">de <\/span><span class=\"_fadeIn_m1hgl_8\">tejido <\/span><span class=\"_fadeIn_m1hgl_8\">de <\/span><span class=\"_fadeIn_m1hgl_8\">alfombras <\/span><span class=\"_fadeIn_m1hgl_8\">en <\/span><span class=\"_fadeIn_m1hgl_8\">Fars:<\/span><br data-start=\"1169\" data-end=\"1172\" \/><a class=\"\" href=\"https:\/\/ich.unesco.org\/en\/RL\/traditional-skills-of-carpet-weaving-in-fars-00382\" target=\"_new\" rel=\"noopener\" data-start=\"1172\" data-end=\"1321\"><span class=\"_fadeIn_m1hgl_8\">Traditional <\/span><span class=\"_fadeIn_m1hgl_8\">skills <\/span><span class=\"_fadeIn_m1hgl_8\">of <\/span><span class=\"_fadeIn_m1hgl_8\">carpet <\/span><span class=\"_fadeIn_m1hgl_8\">weaving <\/span><span class=\"_fadeIn_m1hgl_8\">in <\/span><span class=\"_fadeIn_m1hgl_8\">Fars &#8211; <\/span><span class=\"_fadeIn_m1hgl_8\">intangible <\/span><span class=\"_fadeIn_m1hgl_8\">heritage<\/span><\/a><span class=\"_fadeIn_m1hgl_8\">.<\/span><\/p>\n<h3 data-start=\"1332\" data-end=\"1365\"><span class=\"_fadeIn_m1hgl_8\">Caracter\u00edsticas <\/span><span class=\"_fadeIn_m1hgl_8\">destacadas:<\/span><\/h3>\n<ul data-start=\"1367\" data-end=\"1615\">\n<li data-start=\"1367\" data-end=\"1400\">\n<p data-start=\"1369\" data-end=\"1400\"><span class=\"_fadeIn_m1hgl_8\">Alfombra <\/span><span class=\"_fadeIn_m1hgl_8\">n\u00f3mada <\/span><span class=\"_fadeIn_m1hgl_8\">tejida <\/span><span class=\"_fadeIn_m1hgl_8\">a <\/span><span class=\"_fadeIn_m1hgl_8\">mano<\/span><\/p>\n<\/li>\n<li data-start=\"1460\" data-end=\"1513\">\n<p data-start=\"1462\" data-end=\"1513\"><span class=\"_fadeIn_m1hgl_8\">Colores: <\/span><span class=\"_fadeIn_m1hgl_8\">verde <\/span><span class=\"_fadeIn_m1hgl_8\">azulado, <\/span><span class=\"_fadeIn_m1hgl_8\">rojo, <\/span><span class=\"_fadeIn_m1hgl_8\">marfil, <\/span><span class=\"_fadeIn_m1hgl_8\">azul <\/span><span class=\"_fadeIn_m1hgl_8\">oscuro<\/span><\/p>\n<\/li>\n<li data-start=\"1514\" data-end=\"1559\">\n<p data-start=\"1516\" data-end=\"1559\"><span class=\"_fadeIn_m1hgl_8\">Dise\u00f1o <\/span><span class=\"_fadeIn_m1hgl_8\">geom\u00e9trico <\/span><span class=\"_fadeIn_m1hgl_8\">con <\/span><span class=\"_fadeIn_m1hgl_8\">medallones <\/span><span class=\"_fadeIn_m1hgl_8\">tribales<\/span><\/p>\n<\/li>\n<li data-start=\"1560\" data-end=\"1615\">\n<p data-start=\"1562\" data-end=\"1615\"><span class=\"_fadeIn_m1hgl_8\">Ideal <\/span><span class=\"_fadeIn_m1hgl_8\">para <\/span><span class=\"_fadeIn_m1hgl_8\">espacios <\/span><span class=\"_fadeIn_m1hgl_8\">con <\/span><span class=\"_fadeIn_m1hgl_8\">estilo <\/span><span class=\"_fadeIn_m1hgl_8\">boho, <\/span><span class=\"_fadeIn_m1hgl_8\">\u00e9tnico <\/span><span class=\"_fadeIn_m1hgl_8\">o <\/span><span class=\"_fadeIn_m1hgl_8\">r\u00fastico<\/span><\/p>\n<\/li>\n<\/ul>\n<h3 data-start=\"1332\" data-end=\"1365\">\u00a0<\/h3>\n<p>\u00a0<\/p>\n","protected":false},"excerpt":{"rendered":"<p>Alfombra cl\u00e1sica turca Material: Lana y algod\u00f3n Medidas: 140&#215;196 cm Hecho a mano 360,000 nudos\/m\u00b2<\/p>\n","protected":false},"featured_media":9220,"comment_status":"open","ping_status":"closed","template":"","meta":[],"product_cat":[19,308,316],"product_tag":[355,353,352,354],"yoast_head":"<!-- This site is optimized with the Yoast SEO plugin v21.5 - https:\/\/yoast.com\/wordpress\/plugins\/seo\/ -->\n<title>Classic Turkish Rug&#039;s | El Rinc\u00f3n de Fehmi Madrid | Best Carpet Shop in Istanbul<\/title>\n<meta name=\"description\" content=\"Classic Turkish Rug&#039;s! We select the most unique and original pieces, which represent the rich Anatolian Turkish culture. Free Delivery Worldwide!\" \/>\n<meta name=\"robots\" content=\"index, follow, max-snippet:-1, max-image-preview:large, max-video-preview:-1\" \/>\n<link rel=\"canonical\" href=\"https:\/\/elrincondefehmi.com\/es\/tienda\/alfombras-turcas\/alfombras-clasicas\/alfombra-clasica-5010\/\" \/>\n<meta property=\"og:locale\" content=\"es_ES\" \/>\n<meta property=\"og:type\" content=\"article\" \/>\n<meta property=\"og:title\" content=\"Classic Turkish Rug&#039;s | El Rinc\u00f3n de Fehmi Madrid | Best Carpet Shop in Istanbul\" \/>\n<meta property=\"og:description\" content=\"Classic Turkish Rug&#039;s! We select the most unique and original pieces, which represent the rich Anatolian Turkish culture. Free Delivery Worldwide!\" \/>\n<meta property=\"og:url\" content=\"https:\/\/elrincondefehmi.com\/es\/tienda\/alfombras-turcas\/alfombras-clasicas\/alfombra-clasica-5010\/\" \/>\n<meta property=\"og:site_name\" content=\"El Rinc\u00f3n de Fehmi Madrid\" \/>\n<meta property=\"article:modified_time\" content=\"2025-06-27T18:03:26+00:00\" \/>\n<meta property=\"og:image\" content=\"https:\/\/elrincondefehmi.com\/es\/wp-content\/uploads\/2023\/05\/IMG_9966-e1689940495570.jpg\" \/>\n\t<meta property=\"og:image:width\" content=\"769\" \/>\n\t<meta property=\"og:image:height\" content=\"1034\" \/>\n\t<meta property=\"og:image:type\" content=\"image\/jpeg\" \/>\n<meta name=\"twitter:card\" content=\"summary_large_image\" \/>\n<script type=\"application\/ld+json\" class=\"yoast-schema-graph\">{\"@context\":\"https:\/\/schema.org\",\"@graph\":[{\"@type\":\"WebPage\",\"@id\":\"https:\/\/elrincondefehmi.com\/es\/tienda\/alfombras-turcas\/alfombras-clasicas\/alfombra-clasica-5010\/\",\"url\":\"https:\/\/elrincondefehmi.com\/es\/tienda\/alfombras-turcas\/alfombras-clasicas\/alfombra-clasica-5010\/\",\"name\":\"Classic Turkish Rug's | El Rinc\u00f3n de Fehmi Madrid | Best Carpet Shop in Istanbul\",\"isPartOf\":{\"@id\":\"https:\/\/elrincondefehmi.com\/es\/#website\"},\"datePublished\":\"2023-05-18T05:28:13+00:00\",\"dateModified\":\"2025-06-27T18:03:26+00:00\",\"description\":\"Classic Turkish Rug's! We select the most unique and original pieces, which represent the rich Anatolian Turkish culture. Free Delivery Worldwide!\",\"breadcrumb\":{\"@id\":\"https:\/\/elrincondefehmi.com\/es\/tienda\/alfombras-turcas\/alfombras-clasicas\/alfombra-clasica-5010\/#breadcrumb\"},\"inLanguage\":\"es\",\"potentialAction\":[{\"@type\":\"ReadAction\",\"target\":[\"https:\/\/elrincondefehmi.com\/es\/tienda\/alfombras-turcas\/alfombras-clasicas\/alfombra-clasica-5010\/\"]}]},{\"@type\":\"BreadcrumbList\",\"@id\":\"https:\/\/elrincondefehmi.com\/es\/tienda\/alfombras-turcas\/alfombras-clasicas\/alfombra-clasica-5010\/#breadcrumb\",\"itemListElement\":[{\"@type\":\"ListItem\",\"position\":1,\"name\":\"PRODUCTOS\",\"item\":\"https:\/\/elrincondefehmi.com\/es\/all-product\/\"},{\"@type\":\"ListItem\",\"position\":2,\"name\":\"Alfombra n\u00f3mada Shirwan 140&#215;196 cm\"}]},{\"@type\":\"WebSite\",\"@id\":\"https:\/\/elrincondefehmi.com\/es\/#website\",\"url\":\"https:\/\/elrincondefehmi.com\/es\/\",\"name\":\"El Rinc\u00f3n de Fehmi Madrid\",\"description\":\"Tienda de alfombras en Madrid.  En El Rinc\u00f3n de Fehmi somos especialistas en alfombras artesanales, alfombras modernas contempor\u00e1neas kilims de Turqu\u00eda\",\"potentialAction\":[{\"@type\":\"SearchAction\",\"target\":{\"@type\":\"EntryPoint\",\"urlTemplate\":\"https:\/\/elrincondefehmi.com\/es\/?s={search_term_string}\"},\"query-input\":\"required name=search_term_string\"}],\"inLanguage\":\"es\"}]}<\/script>\n<!-- \/ Yoast SEO plugin. -->","yoast_head_json":{"title":"Classic Turkish Rug's | El Rinc\u00f3n de Fehmi Madrid | Best Carpet Shop in Istanbul","description":"Classic Turkish Rug's! We select the most unique and original pieces, which represent the rich Anatolian Turkish culture. Free Delivery Worldwide!","robots":{"index":"index","follow":"follow","max-snippet":"max-snippet:-1","max-image-preview":"max-image-preview:large","max-video-preview":"max-video-preview:-1"},"canonical":"https:\/\/elrincondefehmi.com\/es\/tienda\/alfombras-turcas\/alfombras-clasicas\/alfombra-clasica-5010\/","og_locale":"es_ES","og_type":"article","og_title":"Classic Turkish Rug's | El Rinc\u00f3n de Fehmi Madrid | Best Carpet Shop in Istanbul","og_description":"Classic Turkish Rug's! We select the most unique and original pieces, which represent the rich Anatolian Turkish culture. Free Delivery Worldwide!","og_url":"https:\/\/elrincondefehmi.com\/es\/tienda\/alfombras-turcas\/alfombras-clasicas\/alfombra-clasica-5010\/","og_site_name":"El Rinc\u00f3n de Fehmi Madrid","article_modified_time":"2025-06-27T18:03:26+00:00","og_image":[{"width":769,"height":1034,"url":"https:\/\/elrincondefehmi.com\/es\/wp-content\/uploads\/2023\/05\/IMG_9966-e1689940495570.jpg","type":"image\/jpeg"}],"twitter_card":"summary_large_image","schema":{"@context":"https:\/\/schema.org","@graph":[{"@type":"WebPage","@id":"https:\/\/elrincondefehmi.com\/es\/tienda\/alfombras-turcas\/alfombras-clasicas\/alfombra-clasica-5010\/","url":"https:\/\/elrincondefehmi.com\/es\/tienda\/alfombras-turcas\/alfombras-clasicas\/alfombra-clasica-5010\/","name":"Classic Turkish Rug's | El Rinc\u00f3n de Fehmi Madrid | Best Carpet Shop in Istanbul","isPartOf":{"@id":"https:\/\/elrincondefehmi.com\/es\/#website"},"datePublished":"2023-05-18T05:28:13+00:00","dateModified":"2025-06-27T18:03:26+00:00","description":"Classic Turkish Rug's! We select the most unique and original pieces, which represent the rich Anatolian Turkish culture. Free Delivery Worldwide!","breadcrumb":{"@id":"https:\/\/elrincondefehmi.com\/es\/tienda\/alfombras-turcas\/alfombras-clasicas\/alfombra-clasica-5010\/#breadcrumb"},"inLanguage":"es","potentialAction":[{"@type":"ReadAction","target":["https:\/\/elrincondefehmi.com\/es\/tienda\/alfombras-turcas\/alfombras-clasicas\/alfombra-clasica-5010\/"]}]},{"@type":"BreadcrumbList","@id":"https:\/\/elrincondefehmi.com\/es\/tienda\/alfombras-turcas\/alfombras-clasicas\/alfombra-clasica-5010\/#breadcrumb","itemListElement":[{"@type":"ListItem","position":1,"name":"PRODUCTOS","item":"https:\/\/elrincondefehmi.com\/es\/all-product\/"},{"@type":"ListItem","position":2,"name":"Alfombra n\u00f3mada Shirwan 140&#215;196 cm"}]},{"@type":"WebSite","@id":"https:\/\/elrincondefehmi.com\/es\/#website","url":"https:\/\/elrincondefehmi.com\/es\/","name":"El Rinc\u00f3n de Fehmi Madrid","description":"Tienda de alfombras en Madrid.  En El Rinc\u00f3n de Fehmi somos especialistas en alfombras artesanales, alfombras modernas contempor\u00e1neas kilims de Turqu\u00eda","potentialAction":[{"@type":"SearchAction","target":{"@type":"EntryPoint","urlTemplate":"https:\/\/elrincondefehmi.com\/es\/?s={search_term_string}"},"query-input":"required name=search_term_string"}],"inLanguage":"es"}]}},"_links":{"self":[{"href":"https:\/\/elrincondefehmi.com\/es\/wp-json\/wp\/v2\/product\/9085"}],"collection":[{"href":"https:\/\/elrincondefehmi.com\/es\/wp-json\/wp\/v2\/product"}],"about":[{"href":"https:\/\/elrincondefehmi.com\/es\/wp-json\/wp\/v2\/types\/product"}],"replies":[{"embeddable":true,"href":"https:\/\/elrincondefehmi.com\/es\/wp-json\/wp\/v2\/comments?post=9085"}],"wp:featuredmedia":[{"embeddable":true,"href":"https:\/\/elrincondefehmi.com\/es\/wp-json\/wp\/v2\/media\/9220"}],"wp:attachment":[{"href":"https:\/\/elrincondefehmi.com\/es\/wp-json\/wp\/v2\/media?parent=9085"}],"wp:term":[{"taxonomy":"product_cat","embeddable":true,"href":"https:\/\/elrincondefehmi.com\/es\/wp-json\/wp\/v2\/product_cat?post=9085"},{"taxonomy":"product_tag","embeddable":true,"href":"https:\/\/elrincondefehmi.com\/es\/wp-json\/wp\/v2\/product_tag?post=9085"}],"curies":[{"name":"wp","href":"https:\/\/api.w.org\/{rel}","templated":true}]}}