{"id":9031,"date":"2023-05-18T05:26:14","date_gmt":"2023-05-18T05:26:14","guid":{"rendered":"https:\/\/elrincondefehmi.com\/es\/?post_type=product&#038;p=9031"},"modified":"2025-06-28T16:19:30","modified_gmt":"2025-06-28T16:19:30","slug":"alfombras-grandes-para-comedor","status":"publish","type":"product","link":"https:\/\/elrincondefehmi.com\/es\/tienda\/alfombras-turcas\/alfombras-modernas\/alfombras-grandes-para-comedor\/","title":{"rendered":"Grey Fragment 3607"},"content":{"rendered":"<h1>ALFOMBRAS GRANDES PARA COMEDOR<\/h1>\n<p>Nuestra colecci\u00f3n de alfombras modernas para comedor est\u00e1n dise\u00f1adas y hechas en <a href=\"http:\/\/www.turismodeturquia.org\/\">Turqu\u00eda<\/a> por aut\u00e9nticos expertos en crear alfombras. En nuestras tiendas tenemos una amplia colecci\u00f3n de <a href=\"https:\/\/elrincondefehmi.k8s.optimizaclick.com\/es\/categoria-producto\/alfombras\/alfombras-clasicas\/\">alfombras ,<\/a>desde las cl\u00e1sicas tradicionales hasta las modernas contempor\u00e1neas\u00a1<\/p>\n<h2>MATERIALES<\/h2>\n<p>Utilizamos siempre colores vegetales con fibras naturales como la lana, el algod\u00f3n, la viscosa y la seda. Por lo tanto, todas las etapas de elaboraci\u00f3n de nuestras alfombras est\u00e1n hechas con materiales de alta calidad.<\/p>\n<h3>ALFOMBRAS PARA COMEDOR<\/h3>\n<p>Para conseguir un dise\u00f1o ideal, mezclamos los dise\u00f1os cl\u00e1sicos con los dise\u00f1os modernos con estampados aun menos definidos o m\u00e1s difuminados. Los diferentes colores y tama\u00f1os son capaces de adaptarse a los gustos y necesidades de cada cliente. Por eso raz\u00f3n las consideramos como alfombras \u00fanicas y llenas de personalidad. Si quieres comprar una alfombra moderna<strong>\u00a0<\/strong>y si te gusta este novedoso estilo de alfombras, ven a visitarnos! \u00a1Estaremos encantados de conocerle! Te ayudamos y aconsejamos a seleccionar la alfombra que m\u00e1s se adapte a tus espacios y tu estilo.<\/p>\n<h4>OTROS PRODUCTOS Y SERVICIOS<\/h4>\n<p>En El Rinc\u00f3n de Fehmi tambi\u00e9n disponemos una gran colecci\u00f3n de alfombras\u00a0<a href=\"https:\/\/www.elrincondefehmi.com\/es\/categoria-producto\/alfombras\/alfombras-patchwork\/\">Patchwork<\/a>\u00a0,\u00a0<a href=\"https:\/\/www.elrincondefehmi.com\/es\/categoria-producto\/alfombras\/alfombras-vintage\/\">Vintage y Kilims<\/a>\u00a0Sobre todo si buscas una alfombra Patchwork hecha a medida, te la podemos hacer seg\u00fan el color y tama\u00f1o deseada. En nuestras tiendas tambi\u00e9n te asesoramos para encontrar la alfombra ideal para tu hogar y espacio. Te ofrecemos un servicio de asesoramiento personalizado con el que te resultar\u00e1 m\u00e1s f\u00e1cil el proceso de b\u00fasqueda, adem\u00e1s de ahorrarte tiempo, puesto que disponemos de un gran equipo de profesionales expertos que est\u00e1n a tu disposici\u00f3n para atenderte de forma individualizada y mostrarte los modelos que responden a tus especificaciones. Ademas si deseas podemos llevarte las alfombras a tu casa para probar sin ning\u00fan tipo de compromiso. Por ultimo queremos informarle que realizamos el servicio de\u00a0<a href=\"https:\/\/www.elrincondefehmi.com\/es\/limpieza-y-restauracion-de-alfombras\/\">limpieza y reparaci\u00f3n<\/a>\u00a0de Alfombras y Kilims.. \u00a0<\/p>\n","protected":false},"excerpt":{"rendered":"<p>Densidad de nudos: 2.000.000 points m<sup>2<\/sup><\/p>\n<p>Espesor: 7 mm<\/p>\n<p>Edad: Nueva<\/p>\n<p>Origen: Turqu\u00eda<\/p>\n<p>Nudos: Bamb\u00fa seda<\/p>\n<p>Urdimbre: Algod\u00f3n<\/p>\n<p>Tejido de alta precisi\u00f3n<\/p>\n<p style=\"background: white;margin: 0cm 0cm 15.6pt 0cm\"><span style=\"font-size: 100%;font-family: Arial, sans-serif;color: #333333\">Medidas disponibles:<\/span><\/p>\n<p><span style=\"font-size: 100%;font-family: Arial, sans-serif;color: #333333\">80 X150 cm, <\/span><span style=\"font-size: 100%;font-family: Arial, sans-serif;color: #333333\">80 X 300 cm, <\/span><span style=\"font-size: 100%;font-family: Arial, sans-serif;color: #333333\">100 X 200 cm<\/span> <span style=\"font-size: 100%;font-family: Arial, sans-serif;color: #333333\">100 X 300 cm, <\/span><span style=\"font-size: 100%;font-family: Arial, sans-serif;color: #333333\">120 X 180 cm, <\/span><span style=\"font-size: 100%;font-family: Arial, sans-serif;color: #333333\">160 X 230 cm<\/span> <span style=\"font-size: 100%;font-family: Arial, sans-serif;color: #333333\">200 X 290 cm, <\/span><span style=\"font-size: 100%;font-family: Arial, sans-serif;color: #333333\">240 X 320 cm<\/span> <span style=\"color: #333333;font-family: Arial, sans-serif\">\u00a0<\/span><\/p>\n","protected":false},"featured_media":22028,"comment_status":"open","ping_status":"closed","template":"","meta":[],"product_cat":[19,308,315],"product_tag":[355,353,352,354],"yoast_head":"<!-- This site is optimized with the Yoast SEO plugin v21.5 - https:\/\/yoast.com\/wordpress\/plugins\/seo\/ -->\n<title>Alfombras Grandes Para Comedor | El Rinc\u00f3n de Fehmi Madrid<\/title>\n<meta name=\"description\" content=\"\u00a1Alfombras Grandes Para Comedor! Alfombras modernas de gran calidad, todas nuestras alfombras est\u00e1n hechas con materiales de alta calidad..\" \/>\n<meta name=\"robots\" content=\"index, follow, max-snippet:-1, max-image-preview:large, max-video-preview:-1\" \/>\n<link rel=\"canonical\" href=\"https:\/\/elrincondefehmi.com\/es\/tienda\/alfombras-turcas\/alfombras-modernas\/alfombras-grandes-para-comedor\/\" \/>\n<meta property=\"og:locale\" content=\"es_ES\" \/>\n<meta property=\"og:type\" content=\"article\" \/>\n<meta property=\"og:title\" content=\"Alfombras Grandes Para Comedor | El Rinc\u00f3n de Fehmi Madrid\" \/>\n<meta property=\"og:description\" content=\"\u00a1Alfombras Grandes Para Comedor! Alfombras modernas de gran calidad, todas nuestras alfombras est\u00e1n hechas con materiales de alta calidad..\" \/>\n<meta property=\"og:url\" content=\"https:\/\/elrincondefehmi.com\/es\/tienda\/alfombras-turcas\/alfombras-modernas\/alfombras-grandes-para-comedor\/\" \/>\n<meta property=\"og:site_name\" content=\"El Rinc\u00f3n de Fehmi Madrid\" \/>\n<meta property=\"article:modified_time\" content=\"2025-06-28T16:19:30+00:00\" \/>\n<meta property=\"og:image\" content=\"https:\/\/elrincondefehmi.com\/es\/wp-content\/uploads\/2023\/05\/1b433.jpg\" \/>\n\t<meta property=\"og:image:width\" content=\"778\" \/>\n\t<meta property=\"og:image:height\" content=\"1070\" \/>\n\t<meta property=\"og:image:type\" content=\"image\/jpeg\" \/>\n<meta name=\"twitter:card\" content=\"summary_large_image\" \/>\n<script type=\"application\/ld+json\" class=\"yoast-schema-graph\">{\"@context\":\"https:\/\/schema.org\",\"@graph\":[{\"@type\":\"WebPage\",\"@id\":\"https:\/\/elrincondefehmi.com\/es\/tienda\/alfombras-turcas\/alfombras-modernas\/alfombras-grandes-para-comedor\/\",\"url\":\"https:\/\/elrincondefehmi.com\/es\/tienda\/alfombras-turcas\/alfombras-modernas\/alfombras-grandes-para-comedor\/\",\"name\":\"Alfombras Grandes Para Comedor | El Rinc\u00f3n de Fehmi Madrid\",\"isPartOf\":{\"@id\":\"https:\/\/elrincondefehmi.com\/es\/#website\"},\"datePublished\":\"2023-05-18T05:26:14+00:00\",\"dateModified\":\"2025-06-28T16:19:30+00:00\",\"description\":\"\u00a1Alfombras Grandes Para Comedor! Alfombras modernas de gran calidad, todas nuestras alfombras est\u00e1n hechas con materiales de alta calidad..\",\"breadcrumb\":{\"@id\":\"https:\/\/elrincondefehmi.com\/es\/tienda\/alfombras-turcas\/alfombras-modernas\/alfombras-grandes-para-comedor\/#breadcrumb\"},\"inLanguage\":\"es\",\"potentialAction\":[{\"@type\":\"ReadAction\",\"target\":[\"https:\/\/elrincondefehmi.com\/es\/tienda\/alfombras-turcas\/alfombras-modernas\/alfombras-grandes-para-comedor\/\"]}]},{\"@type\":\"BreadcrumbList\",\"@id\":\"https:\/\/elrincondefehmi.com\/es\/tienda\/alfombras-turcas\/alfombras-modernas\/alfombras-grandes-para-comedor\/#breadcrumb\",\"itemListElement\":[{\"@type\":\"ListItem\",\"position\":1,\"name\":\"PRODUCTOS\",\"item\":\"https:\/\/elrincondefehmi.com\/es\/all-product\/\"},{\"@type\":\"ListItem\",\"position\":2,\"name\":\"Grey Fragment 3607\"}]},{\"@type\":\"WebSite\",\"@id\":\"https:\/\/elrincondefehmi.com\/es\/#website\",\"url\":\"https:\/\/elrincondefehmi.com\/es\/\",\"name\":\"El Rinc\u00f3n de Fehmi Madrid\",\"description\":\"Tienda de alfombras en Madrid.  En El Rinc\u00f3n de Fehmi somos especialistas en alfombras artesanales, alfombras modernas contempor\u00e1neas kilims de Turqu\u00eda\",\"potentialAction\":[{\"@type\":\"SearchAction\",\"target\":{\"@type\":\"EntryPoint\",\"urlTemplate\":\"https:\/\/elrincondefehmi.com\/es\/?s={search_term_string}\"},\"query-input\":\"required name=search_term_string\"}],\"inLanguage\":\"es\"}]}<\/script>\n<!-- \/ Yoast SEO plugin. -->","yoast_head_json":{"title":"Alfombras Grandes Para Comedor | El Rinc\u00f3n de Fehmi Madrid","description":"\u00a1Alfombras Grandes Para Comedor! Alfombras modernas de gran calidad, todas nuestras alfombras est\u00e1n hechas con materiales de alta calidad..","robots":{"index":"index","follow":"follow","max-snippet":"max-snippet:-1","max-image-preview":"max-image-preview:large","max-video-preview":"max-video-preview:-1"},"canonical":"https:\/\/elrincondefehmi.com\/es\/tienda\/alfombras-turcas\/alfombras-modernas\/alfombras-grandes-para-comedor\/","og_locale":"es_ES","og_type":"article","og_title":"Alfombras Grandes Para Comedor | El Rinc\u00f3n de Fehmi Madrid","og_description":"\u00a1Alfombras Grandes Para Comedor! Alfombras modernas de gran calidad, todas nuestras alfombras est\u00e1n hechas con materiales de alta calidad..","og_url":"https:\/\/elrincondefehmi.com\/es\/tienda\/alfombras-turcas\/alfombras-modernas\/alfombras-grandes-para-comedor\/","og_site_name":"El Rinc\u00f3n de Fehmi Madrid","article_modified_time":"2025-06-28T16:19:30+00:00","og_image":[{"width":778,"height":1070,"url":"https:\/\/elrincondefehmi.com\/es\/wp-content\/uploads\/2023\/05\/1b433.jpg","type":"image\/jpeg"}],"twitter_card":"summary_large_image","schema":{"@context":"https:\/\/schema.org","@graph":[{"@type":"WebPage","@id":"https:\/\/elrincondefehmi.com\/es\/tienda\/alfombras-turcas\/alfombras-modernas\/alfombras-grandes-para-comedor\/","url":"https:\/\/elrincondefehmi.com\/es\/tienda\/alfombras-turcas\/alfombras-modernas\/alfombras-grandes-para-comedor\/","name":"Alfombras Grandes Para Comedor | El Rinc\u00f3n de Fehmi Madrid","isPartOf":{"@id":"https:\/\/elrincondefehmi.com\/es\/#website"},"datePublished":"2023-05-18T05:26:14+00:00","dateModified":"2025-06-28T16:19:30+00:00","description":"\u00a1Alfombras Grandes Para Comedor! Alfombras modernas de gran calidad, todas nuestras alfombras est\u00e1n hechas con materiales de alta calidad..","breadcrumb":{"@id":"https:\/\/elrincondefehmi.com\/es\/tienda\/alfombras-turcas\/alfombras-modernas\/alfombras-grandes-para-comedor\/#breadcrumb"},"inLanguage":"es","potentialAction":[{"@type":"ReadAction","target":["https:\/\/elrincondefehmi.com\/es\/tienda\/alfombras-turcas\/alfombras-modernas\/alfombras-grandes-para-comedor\/"]}]},{"@type":"BreadcrumbList","@id":"https:\/\/elrincondefehmi.com\/es\/tienda\/alfombras-turcas\/alfombras-modernas\/alfombras-grandes-para-comedor\/#breadcrumb","itemListElement":[{"@type":"ListItem","position":1,"name":"PRODUCTOS","item":"https:\/\/elrincondefehmi.com\/es\/all-product\/"},{"@type":"ListItem","position":2,"name":"Grey Fragment 3607"}]},{"@type":"WebSite","@id":"https:\/\/elrincondefehmi.com\/es\/#website","url":"https:\/\/elrincondefehmi.com\/es\/","name":"El Rinc\u00f3n de Fehmi Madrid","description":"Tienda de alfombras en Madrid.  En El Rinc\u00f3n de Fehmi somos especialistas en alfombras artesanales, alfombras modernas contempor\u00e1neas kilims de Turqu\u00eda","potentialAction":[{"@type":"SearchAction","target":{"@type":"EntryPoint","urlTemplate":"https:\/\/elrincondefehmi.com\/es\/?s={search_term_string}"},"query-input":"required name=search_term_string"}],"inLanguage":"es"}]}},"_links":{"self":[{"href":"https:\/\/elrincondefehmi.com\/es\/wp-json\/wp\/v2\/product\/9031"}],"collection":[{"href":"https:\/\/elrincondefehmi.com\/es\/wp-json\/wp\/v2\/product"}],"about":[{"href":"https:\/\/elrincondefehmi.com\/es\/wp-json\/wp\/v2\/types\/product"}],"replies":[{"embeddable":true,"href":"https:\/\/elrincondefehmi.com\/es\/wp-json\/wp\/v2\/comments?post=9031"}],"wp:featuredmedia":[{"embeddable":true,"href":"https:\/\/elrincondefehmi.com\/es\/wp-json\/wp\/v2\/media\/22028"}],"wp:attachment":[{"href":"https:\/\/elrincondefehmi.com\/es\/wp-json\/wp\/v2\/media?parent=9031"}],"wp:term":[{"taxonomy":"product_cat","embeddable":true,"href":"https:\/\/elrincondefehmi.com\/es\/wp-json\/wp\/v2\/product_cat?post=9031"},{"taxonomy":"product_tag","embeddable":true,"href":"https:\/\/elrincondefehmi.com\/es\/wp-json\/wp\/v2\/product_tag?post=9031"}],"curies":[{"name":"wp","href":"https:\/\/api.w.org\/{rel}","templated":true}]}}