{"id":8990,"date":"2023-05-18T05:24:53","date_gmt":"2023-05-18T05:24:53","guid":{"rendered":"https:\/\/elrincondefehmi.com\/es\/?post_type=product&#038;p=8990"},"modified":"2025-06-28T16:22:29","modified_gmt":"2025-06-28T16:22:29","slug":"alfombras-modernas-grandes","status":"publish","type":"product","link":"https:\/\/elrincondefehmi.com\/es\/tienda\/alfombras-turcas\/alfombras-modernas\/alfombras-modernas-grandes\/","title":{"rendered":"New Art 1948"},"content":{"rendered":"<h1>ALFOMBRAS MODERNAS GRANDES<\/h1>\n<p>Descubre la elegancia y amplitud de nuestras alfombras modernas grandes en tonos beige crema clarito. Estas impresionantes alfombras son la opci\u00f3n perfecta para a\u00f1adir estilo y comodidad a tus espacios m\u00e1s grandes. Con un dise\u00f1o moderno y sofisticado, estas alfombras combinan a la perfecci\u00f3n con cualquier decoraci\u00f3n. Fabricadas con materiales de alta calidad, nuestras alfombras grandes ofrecen una suavidad y durabilidad excepcionales. Ya sea en el sal\u00f3n, el comedor o el dormitorio, estas alfombras se convierten en el punto focal de tu hogar, brindando una sensaci\u00f3n de amplitud y calidez. Descubre la perfecta combinaci\u00f3n de dise\u00f1o contempor\u00e1neo y tama\u00f1o generoso con nuestras alfombras modernas grandes en tonos beige crema clarito. Embellece tu hogar con estilo y confort con nuestras alfombras perfectamente dise\u00f1adas para tus espacios m\u00e1s grandes. Nuestra colecci\u00f3n de alfombras est\u00e1n dise\u00f1adas y hechas en <a href=\"http:\/\/www.turismodeturquia.org\/\">Turqu\u00eda<\/a> por aut\u00e9nticos expertos en crear alfombras. En nuestras tiendas tenemos una amplia colecci\u00f3n de <a href=\"https:\/\/elrincondefehmi.k8s.optimizaclick.com\/es\/categoria-producto\/alfombras\/alfombras-clasicas\/\">alfombras ,<\/a>desde las cl\u00e1sicas tradicionales hasta las modernas contempor\u00e1neas\u00a1<\/p>\n<h3>MATERIALES<\/h3>\n<p>Utilizamos siempre colores vegetales con fibras naturales como la lana, el algod\u00f3n, la viscosa y la seda. Por lo tanto, todas las etapas de elaboraci\u00f3n de nuestras alfombras est\u00e1n hechas con materiales de alta calidad.<\/p>\n<h3>DISE\u00d1OS<\/h3>\n<p>Para conseguir un dise\u00f1o ideal, mezclamos los dise\u00f1os cl\u00e1sicos con los dise\u00f1os modernos con estampados aun menos definidos o m\u00e1s difuminados. Los diferentes colores y tama\u00f1os son capaces de adaptarse a los gustos y necesidades de cada cliente. Por eso raz\u00f3n las consideramos como alfombras \u00fanicas y llenas de personalidad. Si quieres comprar <strong>alfombras modernas<\/strong>\u00a0y si te gusta este novedoso estilo de alfombras, ven a visitarnos! \u00a1Estaremos encantados de conocerle!\u00a0Te ayudamos y aconsejamos a seleccionar la alfombra que m\u00e1s se adapte a tus espacios y tu estilo.<\/p>\n","protected":false},"excerpt":{"rendered":"<p>Densidad de nudos: 2.000.000 points m<sup>2<\/sup><\/p>\n<p>Espesor: 7 mm<\/p>\n<p>Edad: Nueva<\/p>\n<p>Origen: Turqu\u00eda<\/p>\n<p>Nudos: Bamb\u00fa seda<\/p>\n<p>Urdimbre: Algod\u00f3n<\/p>\n<p>Tejido de alta precisi\u00f3n<\/p>\n<p style=\"background: white;margin: 0cm 0cm 15.6pt 0cm\"><span style=\"font-size: 100%;font-family: Arial, sans-serif;color: #333333\">Medidas disponibles:<\/span><\/p>\n<p><span style=\"font-size: 100%;font-family: Arial, sans-serif;color: #333333\">80 X150 cm<\/span> <span style=\"font-size: 100%;font-family: Arial, sans-serif;color: #333333\">80 X 300 cm<\/span> <span style=\"font-size: 100%;font-family: Arial, sans-serif;color: #333333\">100 X 200 cm<\/span> <span style=\"font-size: 100%;font-family: Arial, sans-serif;color: #333333\">100 X 300 cm<\/span> <span style=\"font-size: 100%;font-family: Arial, sans-serif;color: #333333\">120 X 180 cm<\/span> <span style=\"font-size: 100%;font-family: Arial, sans-serif;color: #333333\">160 X 230 cm<\/span> <span style=\"font-size: 100%;font-family: Arial, sans-serif;color: #333333\">200 X 290 cm<\/span> <span style=\"font-size: 100%;font-family: Arial, sans-serif;color: #333333\">240 X 340 cm<\/span> <span style=\"font-size: 100%;font-family: Arial, sans-serif;color: #333333\">300 X 400 cm<\/span><\/p>\n","protected":false},"featured_media":22036,"comment_status":"open","ping_status":"closed","template":"","meta":[],"product_cat":[19,308,315],"product_tag":[355,353,352,354],"yoast_head":"<!-- This site is optimized with the Yoast SEO plugin v21.5 - https:\/\/yoast.com\/wordpress\/plugins\/seo\/ -->\n<title>Alfombras Modernas Grandes | El Rinc\u00f3n de Fehmi Madrid | Tienda de Alfombras<\/title>\n<meta name=\"description\" content=\"Alfombras Modernas Grandes Econ\u00f3micas! Tenemos alfombras grandes de todos los estilos, Alfombras Cl\u00e1sicas, Modernas, Patchwork y Vintage..\" \/>\n<meta name=\"robots\" content=\"index, follow, max-snippet:-1, max-image-preview:large, max-video-preview:-1\" \/>\n<link rel=\"canonical\" href=\"https:\/\/elrincondefehmi.com\/es\/tienda\/alfombras-turcas\/alfombras-modernas\/alfombras-modernas-grandes\/\" \/>\n<meta property=\"og:locale\" content=\"es_ES\" \/>\n<meta property=\"og:type\" content=\"article\" \/>\n<meta property=\"og:title\" content=\"Alfombras Modernas Grandes | El Rinc\u00f3n de Fehmi Madrid | Tienda de Alfombras\" \/>\n<meta property=\"og:description\" content=\"Alfombras Modernas Grandes Econ\u00f3micas! Tenemos alfombras grandes de todos los estilos, Alfombras Cl\u00e1sicas, Modernas, Patchwork y Vintage..\" \/>\n<meta property=\"og:url\" content=\"https:\/\/elrincondefehmi.com\/es\/tienda\/alfombras-turcas\/alfombras-modernas\/alfombras-modernas-grandes\/\" \/>\n<meta property=\"og:site_name\" content=\"El Rinc\u00f3n de Fehmi Madrid\" \/>\n<meta property=\"article:modified_time\" content=\"2025-06-28T16:22:29+00:00\" \/>\n<meta property=\"og:image\" content=\"https:\/\/elrincondefehmi.com\/es\/wp-content\/uploads\/2023\/05\/321d.jpg\" \/>\n\t<meta property=\"og:image:width\" content=\"755\" \/>\n\t<meta property=\"og:image:height\" content=\"1070\" \/>\n\t<meta property=\"og:image:type\" content=\"image\/jpeg\" \/>\n<meta name=\"twitter:card\" content=\"summary_large_image\" \/>\n<script type=\"application\/ld+json\" class=\"yoast-schema-graph\">{\"@context\":\"https:\/\/schema.org\",\"@graph\":[{\"@type\":\"WebPage\",\"@id\":\"https:\/\/elrincondefehmi.com\/es\/tienda\/alfombras-turcas\/alfombras-modernas\/alfombras-modernas-grandes\/\",\"url\":\"https:\/\/elrincondefehmi.com\/es\/tienda\/alfombras-turcas\/alfombras-modernas\/alfombras-modernas-grandes\/\",\"name\":\"Alfombras Modernas Grandes | El Rinc\u00f3n de Fehmi Madrid | Tienda de Alfombras\",\"isPartOf\":{\"@id\":\"https:\/\/elrincondefehmi.com\/es\/#website\"},\"datePublished\":\"2023-05-18T05:24:53+00:00\",\"dateModified\":\"2025-06-28T16:22:29+00:00\",\"description\":\"Alfombras Modernas Grandes Econ\u00f3micas! Tenemos alfombras grandes de todos los estilos, Alfombras Cl\u00e1sicas, Modernas, Patchwork y Vintage..\",\"breadcrumb\":{\"@id\":\"https:\/\/elrincondefehmi.com\/es\/tienda\/alfombras-turcas\/alfombras-modernas\/alfombras-modernas-grandes\/#breadcrumb\"},\"inLanguage\":\"es\",\"potentialAction\":[{\"@type\":\"ReadAction\",\"target\":[\"https:\/\/elrincondefehmi.com\/es\/tienda\/alfombras-turcas\/alfombras-modernas\/alfombras-modernas-grandes\/\"]}]},{\"@type\":\"BreadcrumbList\",\"@id\":\"https:\/\/elrincondefehmi.com\/es\/tienda\/alfombras-turcas\/alfombras-modernas\/alfombras-modernas-grandes\/#breadcrumb\",\"itemListElement\":[{\"@type\":\"ListItem\",\"position\":1,\"name\":\"PRODUCTOS\",\"item\":\"https:\/\/elrincondefehmi.com\/es\/all-product\/\"},{\"@type\":\"ListItem\",\"position\":2,\"name\":\"New Art 1948\"}]},{\"@type\":\"WebSite\",\"@id\":\"https:\/\/elrincondefehmi.com\/es\/#website\",\"url\":\"https:\/\/elrincondefehmi.com\/es\/\",\"name\":\"El Rinc\u00f3n de Fehmi Madrid\",\"description\":\"Tienda de alfombras en Madrid.  En El Rinc\u00f3n de Fehmi somos especialistas en alfombras artesanales, alfombras modernas contempor\u00e1neas kilims de Turqu\u00eda\",\"potentialAction\":[{\"@type\":\"SearchAction\",\"target\":{\"@type\":\"EntryPoint\",\"urlTemplate\":\"https:\/\/elrincondefehmi.com\/es\/?s={search_term_string}\"},\"query-input\":\"required name=search_term_string\"}],\"inLanguage\":\"es\"}]}<\/script>\n<!-- \/ Yoast SEO plugin. -->","yoast_head_json":{"title":"Alfombras Modernas Grandes | El Rinc\u00f3n de Fehmi Madrid | Tienda de Alfombras","description":"Alfombras Modernas Grandes Econ\u00f3micas! Tenemos alfombras grandes de todos los estilos, Alfombras Cl\u00e1sicas, Modernas, Patchwork y Vintage..","robots":{"index":"index","follow":"follow","max-snippet":"max-snippet:-1","max-image-preview":"max-image-preview:large","max-video-preview":"max-video-preview:-1"},"canonical":"https:\/\/elrincondefehmi.com\/es\/tienda\/alfombras-turcas\/alfombras-modernas\/alfombras-modernas-grandes\/","og_locale":"es_ES","og_type":"article","og_title":"Alfombras Modernas Grandes | El Rinc\u00f3n de Fehmi Madrid | Tienda de Alfombras","og_description":"Alfombras Modernas Grandes Econ\u00f3micas! Tenemos alfombras grandes de todos los estilos, Alfombras Cl\u00e1sicas, Modernas, Patchwork y Vintage..","og_url":"https:\/\/elrincondefehmi.com\/es\/tienda\/alfombras-turcas\/alfombras-modernas\/alfombras-modernas-grandes\/","og_site_name":"El Rinc\u00f3n de Fehmi Madrid","article_modified_time":"2025-06-28T16:22:29+00:00","og_image":[{"width":755,"height":1070,"url":"https:\/\/elrincondefehmi.com\/es\/wp-content\/uploads\/2023\/05\/321d.jpg","type":"image\/jpeg"}],"twitter_card":"summary_large_image","schema":{"@context":"https:\/\/schema.org","@graph":[{"@type":"WebPage","@id":"https:\/\/elrincondefehmi.com\/es\/tienda\/alfombras-turcas\/alfombras-modernas\/alfombras-modernas-grandes\/","url":"https:\/\/elrincondefehmi.com\/es\/tienda\/alfombras-turcas\/alfombras-modernas\/alfombras-modernas-grandes\/","name":"Alfombras Modernas Grandes | El Rinc\u00f3n de Fehmi Madrid | Tienda de Alfombras","isPartOf":{"@id":"https:\/\/elrincondefehmi.com\/es\/#website"},"datePublished":"2023-05-18T05:24:53+00:00","dateModified":"2025-06-28T16:22:29+00:00","description":"Alfombras Modernas Grandes Econ\u00f3micas! Tenemos alfombras grandes de todos los estilos, Alfombras Cl\u00e1sicas, Modernas, Patchwork y Vintage..","breadcrumb":{"@id":"https:\/\/elrincondefehmi.com\/es\/tienda\/alfombras-turcas\/alfombras-modernas\/alfombras-modernas-grandes\/#breadcrumb"},"inLanguage":"es","potentialAction":[{"@type":"ReadAction","target":["https:\/\/elrincondefehmi.com\/es\/tienda\/alfombras-turcas\/alfombras-modernas\/alfombras-modernas-grandes\/"]}]},{"@type":"BreadcrumbList","@id":"https:\/\/elrincondefehmi.com\/es\/tienda\/alfombras-turcas\/alfombras-modernas\/alfombras-modernas-grandes\/#breadcrumb","itemListElement":[{"@type":"ListItem","position":1,"name":"PRODUCTOS","item":"https:\/\/elrincondefehmi.com\/es\/all-product\/"},{"@type":"ListItem","position":2,"name":"New Art 1948"}]},{"@type":"WebSite","@id":"https:\/\/elrincondefehmi.com\/es\/#website","url":"https:\/\/elrincondefehmi.com\/es\/","name":"El Rinc\u00f3n de Fehmi Madrid","description":"Tienda de alfombras en Madrid.  En El Rinc\u00f3n de Fehmi somos especialistas en alfombras artesanales, alfombras modernas contempor\u00e1neas kilims de Turqu\u00eda","potentialAction":[{"@type":"SearchAction","target":{"@type":"EntryPoint","urlTemplate":"https:\/\/elrincondefehmi.com\/es\/?s={search_term_string}"},"query-input":"required name=search_term_string"}],"inLanguage":"es"}]}},"_links":{"self":[{"href":"https:\/\/elrincondefehmi.com\/es\/wp-json\/wp\/v2\/product\/8990"}],"collection":[{"href":"https:\/\/elrincondefehmi.com\/es\/wp-json\/wp\/v2\/product"}],"about":[{"href":"https:\/\/elrincondefehmi.com\/es\/wp-json\/wp\/v2\/types\/product"}],"replies":[{"embeddable":true,"href":"https:\/\/elrincondefehmi.com\/es\/wp-json\/wp\/v2\/comments?post=8990"}],"wp:featuredmedia":[{"embeddable":true,"href":"https:\/\/elrincondefehmi.com\/es\/wp-json\/wp\/v2\/media\/22036"}],"wp:attachment":[{"href":"https:\/\/elrincondefehmi.com\/es\/wp-json\/wp\/v2\/media?parent=8990"}],"wp:term":[{"taxonomy":"product_cat","embeddable":true,"href":"https:\/\/elrincondefehmi.com\/es\/wp-json\/wp\/v2\/product_cat?post=8990"},{"taxonomy":"product_tag","embeddable":true,"href":"https:\/\/elrincondefehmi.com\/es\/wp-json\/wp\/v2\/product_tag?post=8990"}],"curies":[{"name":"wp","href":"https:\/\/api.w.org\/{rel}","templated":true}]}}