{"id":8943,"date":"2023-05-18T05:22:50","date_gmt":"2023-05-18T05:22:50","guid":{"rendered":"https:\/\/elrincondefehmi.com\/es\/?post_type=product&#038;p=8943"},"modified":"2025-06-27T15:54:52","modified_gmt":"2025-06-27T15:54:52","slug":"comprar-alfombras-modernas-en-madrid","status":"publish","type":"product","link":"https:\/\/elrincondefehmi.com\/es\/tienda\/alfombras-turcas\/alfombras-modernas\/comprar-alfombras-modernas-en-madrid\/","title":{"rendered":"Old Fragment 1955"},"content":{"rendered":"<h1>COMPRAR ALFOMBRAS MODERNAS EN MADRID<\/h1>\n<p>\u00a1Comprar Alfombras Modernas en Madrid! Descubre la esencia de la elegancia contempor\u00e1nea con nuestras alfombras modernas. Con dise\u00f1os vanguardistas y sofisticados, estas piezas transformar\u00e1n tu hogar en un espacio lleno de estilo y personalidad. Nuestra colecci\u00f3n de alfombras modernas ofrece una amplia variedad de patrones geom\u00e9tricos, abstractos y minimalistas, as\u00ed como una gama de colores vibrantes y audaces que a\u00f1adir\u00e1n un toque de frescura a cualquier ambiente. Fabricadas con materiales de alta calidad y t\u00e9cnicas de fabricaci\u00f3n avanzadas, nuestras alfombras modernas son duraderas y f\u00e1ciles de mantener. Desde el sal\u00f3n hasta el dormitorio o la sala de estar, estas alfombras se adaptan perfectamente a cualquier espacio, brindando confort y un impacto visual impresionante. Descubre la belleza y la versatilidad de nuestras alfombras modernas y d\u00e9jate seducir por su est\u00e9tica contempor\u00e1nea que marcar\u00e1 la diferencia en tu decoraci\u00f3n.<\/p>\n<p>Nuestra colecci\u00f3n de alfombras modernas est\u00e1n dise\u00f1adas y hechas en <a href=\"http:\/\/www.turismodeturquia.org\/\">Turqu\u00eda<\/a> por aut\u00e9nticos expertos en crear alfombras. <a href=\"https:\/\/elrincondefehmi.com\/es\/categoria-producto\/alfombras-turcas\/alfombras-modernas\/\">En nuestras tiendas<\/a> tenemos una amplia colecci\u00f3n de <a href=\"https:\/\/elrincondefehmi.com\/es\/categoria-producto\/alfombras-turcas\/alfombras-clasicas\/\">alfombras ,<\/a>desde las cl\u00e1sicas tradicionales hasta las modernas contempor\u00e1neas.<\/p>\n<h2>\u00bfQuieres adquirir alfombras modernas en Madrid?<\/h2>\n<p>No dudes en visitarnos, nuestras alfombras est\u00e1n hechas siempre con colores vegetales con fibras naturales como la lana, el algod\u00f3n, la viscosa y la y seda bamb\u00fa.<\/p>\n<p>Por lo tanto, todas las etapas de elaboraci\u00f3n de nuestras alfombras est\u00e1n hechas con materiales de alta calidad.<\/p>\n<h3>DISE\u00d1OS<\/h3>\n<p>Para conseguir un dise\u00f1o ideal, mezclamos los dise\u00f1os cl\u00e1sicos con los dise\u00f1os modernos con estampados aun menos definidos o m\u00e1s difuminados. Los diferentes colores y tama\u00f1os son capaces de adaptarse a los gustos y necesidades de cada cliente. Por eso raz\u00f3n las consideramos como alfombras \u00fanicas y llenas de personalidad.<\/p>\n<p>Si quieres comprar <strong>alfombras modernas<\/strong> y si te gusta este novedoso estilo de alfombras, ven a visitarnos! \u00a1Estaremos encantados de conocerle!\u00a0Te ayudamos y aconsejamos a seleccionar la alfombra que m\u00e1s se adapte a tus espacios y tu estilo.<\/p>\n","protected":false},"excerpt":{"rendered":"<p>Densidad de nudos: 2.000.000 points m<sup>2<\/sup><\/p>\n<p>Espesor: 7 mm<\/p>\n<p>Edad: Nueva<\/p>\n<p>Origen: Turqu\u00eda<\/p>\n<p>Nudos: Bamb\u00fa seda<\/p>\n<p>Urdimbre: Algod\u00f3n<\/p>\n<p>Tejido de alta precisi\u00f3n<\/p>\n<p style=\"background: white; margin: 0cm 0cm 15.6pt 0cm;\"><span style=\"font-size: 100%; font-family: Arial, sans-serif; color: #333333;\">\u00a0<\/span><\/p>\n","protected":false},"featured_media":9101,"comment_status":"open","ping_status":"closed","template":"","meta":[],"product_cat":[19,308,315],"product_tag":[355,353,352,354],"yoast_head":"<!-- This site is optimized with the Yoast SEO plugin v21.5 - https:\/\/yoast.com\/wordpress\/plugins\/seo\/ -->\n<title>Comprar Alfombras Modernas en Madrid | El Rinc\u00f3n de Fehmi Madrid<\/title>\n<meta name=\"description\" content=\"Comprar Alfombras Modernas en Madrid! En nuestra tienda de Madrid tenemos una amplia colecci\u00f3n de Alfombras Modernas Econ\u00f3micas!\" \/>\n<meta name=\"robots\" content=\"index, follow, max-snippet:-1, max-image-preview:large, max-video-preview:-1\" \/>\n<link rel=\"canonical\" href=\"https:\/\/elrincondefehmi.com\/es\/tienda\/alfombras-turcas\/alfombras-modernas\/comprar-alfombras-modernas-en-madrid\/\" \/>\n<meta property=\"og:locale\" content=\"es_ES\" \/>\n<meta property=\"og:type\" content=\"article\" \/>\n<meta property=\"og:title\" content=\"Comprar Alfombras Modernas en Madrid | El Rinc\u00f3n de Fehmi Madrid\" \/>\n<meta property=\"og:description\" content=\"Comprar Alfombras Modernas en Madrid! En nuestra tienda de Madrid tenemos una amplia colecci\u00f3n de Alfombras Modernas Econ\u00f3micas!\" \/>\n<meta property=\"og:url\" content=\"https:\/\/elrincondefehmi.com\/es\/tienda\/alfombras-turcas\/alfombras-modernas\/comprar-alfombras-modernas-en-madrid\/\" \/>\n<meta property=\"og:site_name\" content=\"El Rinc\u00f3n de Fehmi Madrid\" \/>\n<meta property=\"article:modified_time\" content=\"2025-06-27T15:54:52+00:00\" \/>\n<meta property=\"og:image\" content=\"https:\/\/elrincondefehmi.com\/es\/wp-content\/uploads\/2023\/05\/Modern-carpet-1955-1-e1689866021211.jpg\" \/>\n\t<meta property=\"og:image:width\" content=\"754\" \/>\n\t<meta property=\"og:image:height\" content=\"1069\" \/>\n\t<meta property=\"og:image:type\" content=\"image\/jpeg\" \/>\n<meta name=\"twitter:card\" content=\"summary_large_image\" \/>\n<script type=\"application\/ld+json\" class=\"yoast-schema-graph\">{\"@context\":\"https:\/\/schema.org\",\"@graph\":[{\"@type\":\"WebPage\",\"@id\":\"https:\/\/elrincondefehmi.com\/es\/tienda\/alfombras-turcas\/alfombras-modernas\/comprar-alfombras-modernas-en-madrid\/\",\"url\":\"https:\/\/elrincondefehmi.com\/es\/tienda\/alfombras-turcas\/alfombras-modernas\/comprar-alfombras-modernas-en-madrid\/\",\"name\":\"Comprar Alfombras Modernas en Madrid | El Rinc\u00f3n de Fehmi Madrid\",\"isPartOf\":{\"@id\":\"https:\/\/elrincondefehmi.com\/es\/#website\"},\"datePublished\":\"2023-05-18T05:22:50+00:00\",\"dateModified\":\"2025-06-27T15:54:52+00:00\",\"description\":\"Comprar Alfombras Modernas en Madrid! En nuestra tienda de Madrid tenemos una amplia colecci\u00f3n de Alfombras Modernas Econ\u00f3micas!\",\"breadcrumb\":{\"@id\":\"https:\/\/elrincondefehmi.com\/es\/tienda\/alfombras-turcas\/alfombras-modernas\/comprar-alfombras-modernas-en-madrid\/#breadcrumb\"},\"inLanguage\":\"es\",\"potentialAction\":[{\"@type\":\"ReadAction\",\"target\":[\"https:\/\/elrincondefehmi.com\/es\/tienda\/alfombras-turcas\/alfombras-modernas\/comprar-alfombras-modernas-en-madrid\/\"]}]},{\"@type\":\"BreadcrumbList\",\"@id\":\"https:\/\/elrincondefehmi.com\/es\/tienda\/alfombras-turcas\/alfombras-modernas\/comprar-alfombras-modernas-en-madrid\/#breadcrumb\",\"itemListElement\":[{\"@type\":\"ListItem\",\"position\":1,\"name\":\"PRODUCTOS\",\"item\":\"https:\/\/elrincondefehmi.com\/es\/all-product\/\"},{\"@type\":\"ListItem\",\"position\":2,\"name\":\"Old Fragment 1955\"}]},{\"@type\":\"WebSite\",\"@id\":\"https:\/\/elrincondefehmi.com\/es\/#website\",\"url\":\"https:\/\/elrincondefehmi.com\/es\/\",\"name\":\"El Rinc\u00f3n de Fehmi Madrid\",\"description\":\"Tienda de alfombras en Madrid.  En El Rinc\u00f3n de Fehmi somos especialistas en alfombras artesanales, alfombras modernas contempor\u00e1neas kilims de Turqu\u00eda\",\"potentialAction\":[{\"@type\":\"SearchAction\",\"target\":{\"@type\":\"EntryPoint\",\"urlTemplate\":\"https:\/\/elrincondefehmi.com\/es\/?s={search_term_string}\"},\"query-input\":\"required name=search_term_string\"}],\"inLanguage\":\"es\"}]}<\/script>\n<!-- \/ Yoast SEO plugin. -->","yoast_head_json":{"title":"Comprar Alfombras Modernas en Madrid | El Rinc\u00f3n de Fehmi Madrid","description":"Comprar Alfombras Modernas en Madrid! En nuestra tienda de Madrid tenemos una amplia colecci\u00f3n de Alfombras Modernas Econ\u00f3micas!","robots":{"index":"index","follow":"follow","max-snippet":"max-snippet:-1","max-image-preview":"max-image-preview:large","max-video-preview":"max-video-preview:-1"},"canonical":"https:\/\/elrincondefehmi.com\/es\/tienda\/alfombras-turcas\/alfombras-modernas\/comprar-alfombras-modernas-en-madrid\/","og_locale":"es_ES","og_type":"article","og_title":"Comprar Alfombras Modernas en Madrid | El Rinc\u00f3n de Fehmi Madrid","og_description":"Comprar Alfombras Modernas en Madrid! En nuestra tienda de Madrid tenemos una amplia colecci\u00f3n de Alfombras Modernas Econ\u00f3micas!","og_url":"https:\/\/elrincondefehmi.com\/es\/tienda\/alfombras-turcas\/alfombras-modernas\/comprar-alfombras-modernas-en-madrid\/","og_site_name":"El Rinc\u00f3n de Fehmi Madrid","article_modified_time":"2025-06-27T15:54:52+00:00","og_image":[{"width":754,"height":1069,"url":"https:\/\/elrincondefehmi.com\/es\/wp-content\/uploads\/2023\/05\/Modern-carpet-1955-1-e1689866021211.jpg","type":"image\/jpeg"}],"twitter_card":"summary_large_image","schema":{"@context":"https:\/\/schema.org","@graph":[{"@type":"WebPage","@id":"https:\/\/elrincondefehmi.com\/es\/tienda\/alfombras-turcas\/alfombras-modernas\/comprar-alfombras-modernas-en-madrid\/","url":"https:\/\/elrincondefehmi.com\/es\/tienda\/alfombras-turcas\/alfombras-modernas\/comprar-alfombras-modernas-en-madrid\/","name":"Comprar Alfombras Modernas en Madrid | El Rinc\u00f3n de Fehmi Madrid","isPartOf":{"@id":"https:\/\/elrincondefehmi.com\/es\/#website"},"datePublished":"2023-05-18T05:22:50+00:00","dateModified":"2025-06-27T15:54:52+00:00","description":"Comprar Alfombras Modernas en Madrid! En nuestra tienda de Madrid tenemos una amplia colecci\u00f3n de Alfombras Modernas Econ\u00f3micas!","breadcrumb":{"@id":"https:\/\/elrincondefehmi.com\/es\/tienda\/alfombras-turcas\/alfombras-modernas\/comprar-alfombras-modernas-en-madrid\/#breadcrumb"},"inLanguage":"es","potentialAction":[{"@type":"ReadAction","target":["https:\/\/elrincondefehmi.com\/es\/tienda\/alfombras-turcas\/alfombras-modernas\/comprar-alfombras-modernas-en-madrid\/"]}]},{"@type":"BreadcrumbList","@id":"https:\/\/elrincondefehmi.com\/es\/tienda\/alfombras-turcas\/alfombras-modernas\/comprar-alfombras-modernas-en-madrid\/#breadcrumb","itemListElement":[{"@type":"ListItem","position":1,"name":"PRODUCTOS","item":"https:\/\/elrincondefehmi.com\/es\/all-product\/"},{"@type":"ListItem","position":2,"name":"Old Fragment 1955"}]},{"@type":"WebSite","@id":"https:\/\/elrincondefehmi.com\/es\/#website","url":"https:\/\/elrincondefehmi.com\/es\/","name":"El Rinc\u00f3n de Fehmi Madrid","description":"Tienda de alfombras en Madrid.  En El Rinc\u00f3n de Fehmi somos especialistas en alfombras artesanales, alfombras modernas contempor\u00e1neas kilims de Turqu\u00eda","potentialAction":[{"@type":"SearchAction","target":{"@type":"EntryPoint","urlTemplate":"https:\/\/elrincondefehmi.com\/es\/?s={search_term_string}"},"query-input":"required name=search_term_string"}],"inLanguage":"es"}]}},"_links":{"self":[{"href":"https:\/\/elrincondefehmi.com\/es\/wp-json\/wp\/v2\/product\/8943"}],"collection":[{"href":"https:\/\/elrincondefehmi.com\/es\/wp-json\/wp\/v2\/product"}],"about":[{"href":"https:\/\/elrincondefehmi.com\/es\/wp-json\/wp\/v2\/types\/product"}],"replies":[{"embeddable":true,"href":"https:\/\/elrincondefehmi.com\/es\/wp-json\/wp\/v2\/comments?post=8943"}],"wp:featuredmedia":[{"embeddable":true,"href":"https:\/\/elrincondefehmi.com\/es\/wp-json\/wp\/v2\/media\/9101"}],"wp:attachment":[{"href":"https:\/\/elrincondefehmi.com\/es\/wp-json\/wp\/v2\/media?parent=8943"}],"wp:term":[{"taxonomy":"product_cat","embeddable":true,"href":"https:\/\/elrincondefehmi.com\/es\/wp-json\/wp\/v2\/product_cat?post=8943"},{"taxonomy":"product_tag","embeddable":true,"href":"https:\/\/elrincondefehmi.com\/es\/wp-json\/wp\/v2\/product_tag?post=8943"}],"curies":[{"name":"wp","href":"https:\/\/api.w.org\/{rel}","templated":true}]}}