{"id":8933,"date":"2023-05-18T05:22:24","date_gmt":"2023-05-18T05:22:24","guid":{"rendered":"https:\/\/elrincondefehmi.com\/es\/?post_type=product&#038;p=8933"},"modified":"2025-06-28T16:28:25","modified_gmt":"2025-06-28T16:28:25","slug":"alfombras-modernas-7","status":"publish","type":"product","link":"https:\/\/elrincondefehmi.com\/es\/tienda\/alfombras-turcas\/alfombras-modernas\/alfombras-modernas-7\/","title":{"rendered":"New Art 1930"},"content":{"rendered":"<h1>NEW ART<\/h1>\n<p>Sum\u00e9rgete en la creatividad y originalidad con nuestra sorprendente alfombra de estilo abstracto. Con un dise\u00f1o difuminado y manchas de colores beige y gris, esta alfombra es una verdadera obra de arte para tu hogar. Las formas difuminadas y los colores suaves se combinan para crear un efecto visualmente cautivador y \u00fanico. Fabricada con materiales de alta calidad, esta alfombra ofrece suavidad y durabilidad para un uso prolongado. Ya sea en el sal\u00f3n, el dormitorio o la sala de estar, esta alfombra de estilo abstracto se convertir\u00e1 en el punto focal de tu decoraci\u00f3n, a\u00f1adiendo un toque de modernidad y sofisticaci\u00f3n a tu hogar. Descubre la perfecta combinaci\u00f3n de creatividad y comodidad con nuestra alfombra de dise\u00f1o difuminado y manchas de colores beige y gris. Embellece tus espacios con esta pieza \u00fanica y crea un ambiente lleno de arte y estilo en tu hogar. \u00a1D\u00e9jate inspirar por la originalidad de nuestra alfombra abstracta y dale a tu hogar un toque de elegancia contempor\u00e1nea!<\/p>\n<h3>MATERIALES<\/h3>\n<p>Utilizamos siempre colores vegetales con fibras naturales como la lana, el algod\u00f3n, la viscosa y la seda. Por lo tanto, todas las etapas de elaboraci\u00f3n de nuestras alfombras est\u00e1n hechas con materiales de alta calidad.<\/p>\n<h3>DISE\u00d1OS<\/h3>\n<p>Para conseguir un dise\u00f1o ideal, mezclamos los dise\u00f1os cl\u00e1sicos con los dise\u00f1os modernos con estampados aun menos definidos o m\u00e1s difuminados. Los diferentes colores y tama\u00f1os son capaces de adaptarse a los gustos y necesidades de cada cliente. Por eso raz\u00f3n las consideramos como alfombras \u00fanicas y llenas de personalidad. Si quieres comprar <a href=\"https:\/\/elrincondefehmi.k8s.optimizaclick.com\/es\/categoria-producto\/alfombras\/alfombras-pasilleras-kilim\/\"><strong>alfombras modernas<\/strong><\/a> y si te gusta este novedoso estilo de alfombras, ven a visitarnos! \u00a1Estaremos encantados de conocerle!\u00a0Te ayudamos y aconsejamos a seleccionar la alfombra que m\u00e1s se adapte a tus espacios y tu estilo.<\/p>\n","protected":false},"excerpt":{"rendered":"<p>Densidad de nudos: 2.000.000 points m<sup>2<\/sup><\/p>\n<p>Espesor: 7 mm<\/p>\n<p>Edad: Nueva<\/p>\n<p>Origen: Turqu\u00eda<\/p>\n<p>Nudos: Bamb\u00fa seda<\/p>\n<p>Urdimbre: Algod\u00f3n<\/p>\n<p>Tejido de alta precisi\u00f3n<\/p>\n<p>\u00a0<\/p>\n","protected":false},"featured_media":22144,"comment_status":"open","ping_status":"closed","template":"","meta":[],"product_cat":[19,308,315],"product_tag":[355,353,352,354],"yoast_head":"<!-- This site is optimized with the Yoast SEO plugin v21.5 - https:\/\/yoast.com\/wordpress\/plugins\/seo\/ -->\n<title>Alfombras y Kilims en Madrid | El Rinc\u00f3n de Fehmi Madrid | Alfombras Modernas<\/title>\n<meta name=\"description\" content=\"Nuestras alfombras est\u00e1n dise\u00f1adas y hechas en Turqu\u00eda por aut\u00e9nticos expertos en crear alfombras.Te aconsejamos a seleccionar la alfombra que m\u00e1s se adapte a tus espacios\" \/>\n<meta name=\"robots\" content=\"index, follow, max-snippet:-1, max-image-preview:large, max-video-preview:-1\" \/>\n<link rel=\"canonical\" href=\"https:\/\/elrincondefehmi.com\/es\/tienda\/alfombras-turcas\/alfombras-modernas\/alfombras-modernas-7\/\" \/>\n<meta property=\"og:locale\" content=\"es_ES\" \/>\n<meta property=\"og:type\" content=\"article\" \/>\n<meta property=\"og:title\" content=\"Alfombras y Kilims en Madrid | El Rinc\u00f3n de Fehmi Madrid | Alfombras Modernas\" \/>\n<meta property=\"og:description\" content=\"Nuestras alfombras est\u00e1n dise\u00f1adas y hechas en Turqu\u00eda por aut\u00e9nticos expertos en crear alfombras.Te aconsejamos a seleccionar la alfombra que m\u00e1s se adapte a tus espacios\" \/>\n<meta property=\"og:url\" content=\"https:\/\/elrincondefehmi.com\/es\/tienda\/alfombras-turcas\/alfombras-modernas\/alfombras-modernas-7\/\" \/>\n<meta property=\"og:site_name\" content=\"El Rinc\u00f3n de Fehmi Madrid\" \/>\n<meta property=\"article:modified_time\" content=\"2025-06-28T16:28:25+00:00\" \/>\n<meta property=\"og:image\" content=\"https:\/\/elrincondefehmi.com\/es\/wp-content\/uploads\/2023\/05\/3974ec.jpg\" \/>\n\t<meta property=\"og:image:width\" content=\"785\" \/>\n\t<meta property=\"og:image:height\" content=\"1080\" \/>\n\t<meta property=\"og:image:type\" content=\"image\/jpeg\" \/>\n<meta name=\"twitter:card\" content=\"summary_large_image\" \/>\n<script type=\"application\/ld+json\" class=\"yoast-schema-graph\">{\"@context\":\"https:\/\/schema.org\",\"@graph\":[{\"@type\":\"WebPage\",\"@id\":\"https:\/\/elrincondefehmi.com\/es\/tienda\/alfombras-turcas\/alfombras-modernas\/alfombras-modernas-7\/\",\"url\":\"https:\/\/elrincondefehmi.com\/es\/tienda\/alfombras-turcas\/alfombras-modernas\/alfombras-modernas-7\/\",\"name\":\"Alfombras y Kilims en Madrid | El Rinc\u00f3n de Fehmi Madrid | Alfombras Modernas\",\"isPartOf\":{\"@id\":\"https:\/\/elrincondefehmi.com\/es\/#website\"},\"datePublished\":\"2023-05-18T05:22:24+00:00\",\"dateModified\":\"2025-06-28T16:28:25+00:00\",\"description\":\"Nuestras alfombras est\u00e1n dise\u00f1adas y hechas en Turqu\u00eda por aut\u00e9nticos expertos en crear alfombras.Te aconsejamos a seleccionar la alfombra que m\u00e1s se adapte a tus espacios\",\"breadcrumb\":{\"@id\":\"https:\/\/elrincondefehmi.com\/es\/tienda\/alfombras-turcas\/alfombras-modernas\/alfombras-modernas-7\/#breadcrumb\"},\"inLanguage\":\"es\",\"potentialAction\":[{\"@type\":\"ReadAction\",\"target\":[\"https:\/\/elrincondefehmi.com\/es\/tienda\/alfombras-turcas\/alfombras-modernas\/alfombras-modernas-7\/\"]}]},{\"@type\":\"BreadcrumbList\",\"@id\":\"https:\/\/elrincondefehmi.com\/es\/tienda\/alfombras-turcas\/alfombras-modernas\/alfombras-modernas-7\/#breadcrumb\",\"itemListElement\":[{\"@type\":\"ListItem\",\"position\":1,\"name\":\"PRODUCTOS\",\"item\":\"https:\/\/elrincondefehmi.com\/es\/all-product\/\"},{\"@type\":\"ListItem\",\"position\":2,\"name\":\"New Art 1930\"}]},{\"@type\":\"WebSite\",\"@id\":\"https:\/\/elrincondefehmi.com\/es\/#website\",\"url\":\"https:\/\/elrincondefehmi.com\/es\/\",\"name\":\"El Rinc\u00f3n de Fehmi Madrid\",\"description\":\"Tienda de alfombras en Madrid.  En El Rinc\u00f3n de Fehmi somos especialistas en alfombras artesanales, alfombras modernas contempor\u00e1neas kilims de Turqu\u00eda\",\"potentialAction\":[{\"@type\":\"SearchAction\",\"target\":{\"@type\":\"EntryPoint\",\"urlTemplate\":\"https:\/\/elrincondefehmi.com\/es\/?s={search_term_string}\"},\"query-input\":\"required name=search_term_string\"}],\"inLanguage\":\"es\"}]}<\/script>\n<!-- \/ Yoast SEO plugin. -->","yoast_head_json":{"title":"Alfombras y Kilims en Madrid | El Rinc\u00f3n de Fehmi Madrid | Alfombras Modernas","description":"Nuestras alfombras est\u00e1n dise\u00f1adas y hechas en Turqu\u00eda por aut\u00e9nticos expertos en crear alfombras.Te aconsejamos a seleccionar la alfombra que m\u00e1s se adapte a tus espacios","robots":{"index":"index","follow":"follow","max-snippet":"max-snippet:-1","max-image-preview":"max-image-preview:large","max-video-preview":"max-video-preview:-1"},"canonical":"https:\/\/elrincondefehmi.com\/es\/tienda\/alfombras-turcas\/alfombras-modernas\/alfombras-modernas-7\/","og_locale":"es_ES","og_type":"article","og_title":"Alfombras y Kilims en Madrid | El Rinc\u00f3n de Fehmi Madrid | Alfombras Modernas","og_description":"Nuestras alfombras est\u00e1n dise\u00f1adas y hechas en Turqu\u00eda por aut\u00e9nticos expertos en crear alfombras.Te aconsejamos a seleccionar la alfombra que m\u00e1s se adapte a tus espacios","og_url":"https:\/\/elrincondefehmi.com\/es\/tienda\/alfombras-turcas\/alfombras-modernas\/alfombras-modernas-7\/","og_site_name":"El Rinc\u00f3n de Fehmi Madrid","article_modified_time":"2025-06-28T16:28:25+00:00","og_image":[{"width":785,"height":1080,"url":"https:\/\/elrincondefehmi.com\/es\/wp-content\/uploads\/2023\/05\/3974ec.jpg","type":"image\/jpeg"}],"twitter_card":"summary_large_image","schema":{"@context":"https:\/\/schema.org","@graph":[{"@type":"WebPage","@id":"https:\/\/elrincondefehmi.com\/es\/tienda\/alfombras-turcas\/alfombras-modernas\/alfombras-modernas-7\/","url":"https:\/\/elrincondefehmi.com\/es\/tienda\/alfombras-turcas\/alfombras-modernas\/alfombras-modernas-7\/","name":"Alfombras y Kilims en Madrid | El Rinc\u00f3n de Fehmi Madrid | Alfombras Modernas","isPartOf":{"@id":"https:\/\/elrincondefehmi.com\/es\/#website"},"datePublished":"2023-05-18T05:22:24+00:00","dateModified":"2025-06-28T16:28:25+00:00","description":"Nuestras alfombras est\u00e1n dise\u00f1adas y hechas en Turqu\u00eda por aut\u00e9nticos expertos en crear alfombras.Te aconsejamos a seleccionar la alfombra que m\u00e1s se adapte a tus espacios","breadcrumb":{"@id":"https:\/\/elrincondefehmi.com\/es\/tienda\/alfombras-turcas\/alfombras-modernas\/alfombras-modernas-7\/#breadcrumb"},"inLanguage":"es","potentialAction":[{"@type":"ReadAction","target":["https:\/\/elrincondefehmi.com\/es\/tienda\/alfombras-turcas\/alfombras-modernas\/alfombras-modernas-7\/"]}]},{"@type":"BreadcrumbList","@id":"https:\/\/elrincondefehmi.com\/es\/tienda\/alfombras-turcas\/alfombras-modernas\/alfombras-modernas-7\/#breadcrumb","itemListElement":[{"@type":"ListItem","position":1,"name":"PRODUCTOS","item":"https:\/\/elrincondefehmi.com\/es\/all-product\/"},{"@type":"ListItem","position":2,"name":"New Art 1930"}]},{"@type":"WebSite","@id":"https:\/\/elrincondefehmi.com\/es\/#website","url":"https:\/\/elrincondefehmi.com\/es\/","name":"El Rinc\u00f3n de Fehmi Madrid","description":"Tienda de alfombras en Madrid.  En El Rinc\u00f3n de Fehmi somos especialistas en alfombras artesanales, alfombras modernas contempor\u00e1neas kilims de Turqu\u00eda","potentialAction":[{"@type":"SearchAction","target":{"@type":"EntryPoint","urlTemplate":"https:\/\/elrincondefehmi.com\/es\/?s={search_term_string}"},"query-input":"required name=search_term_string"}],"inLanguage":"es"}]}},"_links":{"self":[{"href":"https:\/\/elrincondefehmi.com\/es\/wp-json\/wp\/v2\/product\/8933"}],"collection":[{"href":"https:\/\/elrincondefehmi.com\/es\/wp-json\/wp\/v2\/product"}],"about":[{"href":"https:\/\/elrincondefehmi.com\/es\/wp-json\/wp\/v2\/types\/product"}],"replies":[{"embeddable":true,"href":"https:\/\/elrincondefehmi.com\/es\/wp-json\/wp\/v2\/comments?post=8933"}],"wp:featuredmedia":[{"embeddable":true,"href":"https:\/\/elrincondefehmi.com\/es\/wp-json\/wp\/v2\/media\/22144"}],"wp:attachment":[{"href":"https:\/\/elrincondefehmi.com\/es\/wp-json\/wp\/v2\/media?parent=8933"}],"wp:term":[{"taxonomy":"product_cat","embeddable":true,"href":"https:\/\/elrincondefehmi.com\/es\/wp-json\/wp\/v2\/product_cat?post=8933"},{"taxonomy":"product_tag","embeddable":true,"href":"https:\/\/elrincondefehmi.com\/es\/wp-json\/wp\/v2\/product_tag?post=8933"}],"curies":[{"name":"wp","href":"https:\/\/api.w.org\/{rel}","templated":true}]}}