{"id":8794,"date":"2023-05-18T05:17:14","date_gmt":"2023-05-18T05:17:14","guid":{"rendered":"https:\/\/elrincondefehmi.com\/es\/?post_type=product&#038;p=8794"},"modified":"2025-06-27T16:00:05","modified_gmt":"2025-06-27T16:00:05","slug":"original-kilim-shoes","status":"publish","type":"product","link":"https:\/\/elrincondefehmi.com\/es\/tienda\/kilim-shoes\/boots-dallas-cowboys\/original-kilim-shoes\/","title":{"rendered":"Botas Dallas Cowboys 101"},"content":{"rendered":"<p>[:es]<\/p>\n<h1><span style=\"font-size: 75%;\">SOBRE NUESTRAS BOTAS DE DALLAS COWBOYS<\/span><\/h1>\n<p>Nuestras botas Dallas Cowboys se fabrican de manera artesanal con los aut\u00e9nticos KILIMS originales de Turqu\u00eda.<\/p>\n<p>Todos nuestros zapatos est\u00e1n hechos de cuero, piel y por supuesto kilim, es este \u00faltimo material lo que los hace tan aut\u00e9nticos y especiales, se consigue la tela de semi antiguas kilims por lo que es muy dif\u00edcil, casi imposible, conseguir dos pares iguales\u2026<\/p>\n<p>NUESTROS PRODUCTOS<\/p>\n<p>Todos nuestros productos son muy c\u00f3modos e ideales tanto como para mujeres, hombres y ni\u00f1os.<\/p>\n<p>En el Rinc\u00f3n de Fehmi somos expertos en aut\u00e9nticas alfombras, kilims y productos artesanales.<\/p>\n<p>&nbsp;[:en]<\/p>\n<h1><span style=\"font-size: 75%;\">ABOUT OUR KILIM LOAFERS<\/span><\/h1>\n<p>Our shoes are handcrafted with the authentic original KILIMS from Turkey. Leather sole, leather inside and outside 100% wool KILIM.<\/p>\n<p>All our shoes are made of leather, leather and of course kilim, it is this last material that makes them so authentic and special, you get the fabric of semi old kilims, so it is very difficult, almost impossible, to get two equal pairs\u2026<\/p>\n<h2><span style=\"font-size: 75%;\">ORIGINAL KILIM SHOES<\/span><\/h2>\n<p>Our bestselling <a href=\"https:\/\/elrincondefehmi.k8s.optimizaclick.com\/en\/zapatos-kilim\/\">Kilim shoes<\/a> are hand-crafted from original vintage Turkish Kilim and carpets. Each pair is truly unique and impossible to replicate.<\/p>\n<p>All our shoes are a cult favorite amongst fashionable and worldly women, men, and children for their comfort and originality.<\/p>\n<p>Rinc\u00f3n de Fehmi we are expert in authentic Carpets, <a href=\"https:\/\/kilim-age.com\/es\/zapatos-kilim\/\">Kilims and handcrafted products.<\/a><\/p>\n<p class=\"alt-font\"><span style=\"font-size: 12.24px;\">\u00a0<\/span><\/p>\n<p>[:]<\/p>\n","protected":false},"excerpt":{"rendered":"<p>[:es]Calza: 40<\/p>\n<p>Material: Kilim \/ Lana<\/p>\n<p>Interior: Piel<\/p>\n<p>Suela: Cuero[:en]Size: 40<\/p>\n<p>Material: Kilim \/ Wool<\/p>\n<p>Inside: Leather<\/p>\n<p>Sole: Leather[:]<\/p>\n","protected":false},"featured_media":9045,"comment_status":"open","ping_status":"closed","template":"","meta":[],"product_cat":[143,133],"product_tag":[140],"yoast_head":"<!-- This site is optimized with the Yoast SEO plugin v21.5 - https:\/\/yoast.com\/wordpress\/plugins\/seo\/ -->\n<title>ORIGINAL KILIM SHOES LOAFERS| El Rinc\u00f3n de Fehmi Madrid<\/title>\n<meta name=\"description\" content=\"Original handmade Kilim Shoes from Turkey! We have a great colection, fashionable and worldly women, men, and children for their comfort and originality!\" \/>\n<meta name=\"robots\" content=\"index, follow, max-snippet:-1, max-image-preview:large, max-video-preview:-1\" \/>\n<link rel=\"canonical\" href=\"https:\/\/elrincondefehmi.com\/es\/tienda\/kilim-shoes\/boots-dallas-cowboys\/original-kilim-shoes\/\" \/>\n<meta property=\"og:locale\" content=\"es_ES\" \/>\n<meta property=\"og:type\" content=\"article\" \/>\n<meta property=\"og:title\" content=\"ORIGINAL KILIM SHOES LOAFERS| El Rinc\u00f3n de Fehmi Madrid\" \/>\n<meta property=\"og:description\" content=\"Original handmade Kilim Shoes from Turkey! We have a great colection, fashionable and worldly women, men, and children for their comfort and originality!\" \/>\n<meta property=\"og:url\" content=\"https:\/\/elrincondefehmi.com\/es\/tienda\/kilim-shoes\/boots-dallas-cowboys\/original-kilim-shoes\/\" \/>\n<meta property=\"og:site_name\" content=\"El Rinc\u00f3n de Fehmi Madrid\" \/>\n<meta property=\"article:modified_time\" content=\"2025-06-27T16:00:05+00:00\" \/>\n<meta property=\"og:image\" content=\"https:\/\/elrincondefehmi.com\/es\/wp-content\/uploads\/2023\/05\/1.jpg\" \/>\n\t<meta property=\"og:image:width\" content=\"2500\" \/>\n\t<meta property=\"og:image:height\" content=\"2500\" \/>\n\t<meta property=\"og:image:type\" content=\"image\/jpeg\" \/>\n<meta name=\"twitter:card\" content=\"summary_large_image\" \/>\n<script type=\"application\/ld+json\" class=\"yoast-schema-graph\">{\"@context\":\"https:\/\/schema.org\",\"@graph\":[{\"@type\":\"WebPage\",\"@id\":\"https:\/\/elrincondefehmi.com\/es\/tienda\/kilim-shoes\/boots-dallas-cowboys\/original-kilim-shoes\/\",\"url\":\"https:\/\/elrincondefehmi.com\/es\/tienda\/kilim-shoes\/boots-dallas-cowboys\/original-kilim-shoes\/\",\"name\":\"ORIGINAL KILIM SHOES LOAFERS| El Rinc\u00f3n de Fehmi Madrid\",\"isPartOf\":{\"@id\":\"https:\/\/elrincondefehmi.com\/es\/#website\"},\"datePublished\":\"2023-05-18T05:17:14+00:00\",\"dateModified\":\"2025-06-27T16:00:05+00:00\",\"description\":\"Original handmade Kilim Shoes from Turkey! We have a great colection, fashionable and worldly women, men, and children for their comfort and originality!\",\"breadcrumb\":{\"@id\":\"https:\/\/elrincondefehmi.com\/es\/tienda\/kilim-shoes\/boots-dallas-cowboys\/original-kilim-shoes\/#breadcrumb\"},\"inLanguage\":\"es\",\"potentialAction\":[{\"@type\":\"ReadAction\",\"target\":[\"https:\/\/elrincondefehmi.com\/es\/tienda\/kilim-shoes\/boots-dallas-cowboys\/original-kilim-shoes\/\"]}]},{\"@type\":\"BreadcrumbList\",\"@id\":\"https:\/\/elrincondefehmi.com\/es\/tienda\/kilim-shoes\/boots-dallas-cowboys\/original-kilim-shoes\/#breadcrumb\",\"itemListElement\":[{\"@type\":\"ListItem\",\"position\":1,\"name\":\"PRODUCTOS\",\"item\":\"https:\/\/elrincondefehmi.com\/es\/all-product\/\"},{\"@type\":\"ListItem\",\"position\":2,\"name\":\"Botas Dallas Cowboys 101\"}]},{\"@type\":\"WebSite\",\"@id\":\"https:\/\/elrincondefehmi.com\/es\/#website\",\"url\":\"https:\/\/elrincondefehmi.com\/es\/\",\"name\":\"El Rinc\u00f3n de Fehmi Madrid\",\"description\":\"Tienda de alfombras en Madrid.  En El Rinc\u00f3n de Fehmi somos especialistas en alfombras artesanales, alfombras modernas contempor\u00e1neas kilims de Turqu\u00eda\",\"potentialAction\":[{\"@type\":\"SearchAction\",\"target\":{\"@type\":\"EntryPoint\",\"urlTemplate\":\"https:\/\/elrincondefehmi.com\/es\/?s={search_term_string}\"},\"query-input\":\"required name=search_term_string\"}],\"inLanguage\":\"es\"}]}<\/script>\n<!-- \/ Yoast SEO plugin. -->","yoast_head_json":{"title":"ORIGINAL KILIM SHOES LOAFERS| El Rinc\u00f3n de Fehmi Madrid","description":"Original handmade Kilim Shoes from Turkey! We have a great colection, fashionable and worldly women, men, and children for their comfort and originality!","robots":{"index":"index","follow":"follow","max-snippet":"max-snippet:-1","max-image-preview":"max-image-preview:large","max-video-preview":"max-video-preview:-1"},"canonical":"https:\/\/elrincondefehmi.com\/es\/tienda\/kilim-shoes\/boots-dallas-cowboys\/original-kilim-shoes\/","og_locale":"es_ES","og_type":"article","og_title":"ORIGINAL KILIM SHOES LOAFERS| El Rinc\u00f3n de Fehmi Madrid","og_description":"Original handmade Kilim Shoes from Turkey! We have a great colection, fashionable and worldly women, men, and children for their comfort and originality!","og_url":"https:\/\/elrincondefehmi.com\/es\/tienda\/kilim-shoes\/boots-dallas-cowboys\/original-kilim-shoes\/","og_site_name":"El Rinc\u00f3n de Fehmi Madrid","article_modified_time":"2025-06-27T16:00:05+00:00","og_image":[{"width":2500,"height":2500,"url":"https:\/\/elrincondefehmi.com\/es\/wp-content\/uploads\/2023\/05\/1.jpg","type":"image\/jpeg"}],"twitter_card":"summary_large_image","schema":{"@context":"https:\/\/schema.org","@graph":[{"@type":"WebPage","@id":"https:\/\/elrincondefehmi.com\/es\/tienda\/kilim-shoes\/boots-dallas-cowboys\/original-kilim-shoes\/","url":"https:\/\/elrincondefehmi.com\/es\/tienda\/kilim-shoes\/boots-dallas-cowboys\/original-kilim-shoes\/","name":"ORIGINAL KILIM SHOES LOAFERS| El Rinc\u00f3n de Fehmi Madrid","isPartOf":{"@id":"https:\/\/elrincondefehmi.com\/es\/#website"},"datePublished":"2023-05-18T05:17:14+00:00","dateModified":"2025-06-27T16:00:05+00:00","description":"Original handmade Kilim Shoes from Turkey! We have a great colection, fashionable and worldly women, men, and children for their comfort and originality!","breadcrumb":{"@id":"https:\/\/elrincondefehmi.com\/es\/tienda\/kilim-shoes\/boots-dallas-cowboys\/original-kilim-shoes\/#breadcrumb"},"inLanguage":"es","potentialAction":[{"@type":"ReadAction","target":["https:\/\/elrincondefehmi.com\/es\/tienda\/kilim-shoes\/boots-dallas-cowboys\/original-kilim-shoes\/"]}]},{"@type":"BreadcrumbList","@id":"https:\/\/elrincondefehmi.com\/es\/tienda\/kilim-shoes\/boots-dallas-cowboys\/original-kilim-shoes\/#breadcrumb","itemListElement":[{"@type":"ListItem","position":1,"name":"PRODUCTOS","item":"https:\/\/elrincondefehmi.com\/es\/all-product\/"},{"@type":"ListItem","position":2,"name":"Botas Dallas Cowboys 101"}]},{"@type":"WebSite","@id":"https:\/\/elrincondefehmi.com\/es\/#website","url":"https:\/\/elrincondefehmi.com\/es\/","name":"El Rinc\u00f3n de Fehmi Madrid","description":"Tienda de alfombras en Madrid.  En El Rinc\u00f3n de Fehmi somos especialistas en alfombras artesanales, alfombras modernas contempor\u00e1neas kilims de Turqu\u00eda","potentialAction":[{"@type":"SearchAction","target":{"@type":"EntryPoint","urlTemplate":"https:\/\/elrincondefehmi.com\/es\/?s={search_term_string}"},"query-input":"required name=search_term_string"}],"inLanguage":"es"}]}},"_links":{"self":[{"href":"https:\/\/elrincondefehmi.com\/es\/wp-json\/wp\/v2\/product\/8794"}],"collection":[{"href":"https:\/\/elrincondefehmi.com\/es\/wp-json\/wp\/v2\/product"}],"about":[{"href":"https:\/\/elrincondefehmi.com\/es\/wp-json\/wp\/v2\/types\/product"}],"replies":[{"embeddable":true,"href":"https:\/\/elrincondefehmi.com\/es\/wp-json\/wp\/v2\/comments?post=8794"}],"wp:featuredmedia":[{"embeddable":true,"href":"https:\/\/elrincondefehmi.com\/es\/wp-json\/wp\/v2\/media\/9045"}],"wp:attachment":[{"href":"https:\/\/elrincondefehmi.com\/es\/wp-json\/wp\/v2\/media?parent=8794"}],"wp:term":[{"taxonomy":"product_cat","embeddable":true,"href":"https:\/\/elrincondefehmi.com\/es\/wp-json\/wp\/v2\/product_cat?post=8794"},{"taxonomy":"product_tag","embeddable":true,"href":"https:\/\/elrincondefehmi.com\/es\/wp-json\/wp\/v2\/product_tag?post=8794"}],"curies":[{"name":"wp","href":"https:\/\/api.w.org\/{rel}","templated":true}]}}