{"id":8736,"date":"2023-05-18T05:14:58","date_gmt":"2023-05-18T05:14:58","guid":{"rendered":"https:\/\/elrincondefehmi.com\/es\/?post_type=product&#038;p=8736"},"modified":"2023-07-10T11:31:53","modified_gmt":"2023-07-10T11:31:53","slug":"talla-38","status":"publish","type":"product","link":"https:\/\/elrincondefehmi.com\/es\/tienda\/kilim-shoes\/smoking-shoes\/talla-38\/","title":{"rendered":"Ikat Smoking Shoes 38"},"content":{"rendered":"<p>[:es]<\/p>\n<h1><span style=\"font-size: 75%;\">SOBRE NUESTROS ZAPATOS DE IKAT<\/span><\/h1>\n<p>Nuestros zapatos se fabrican de manera artesanal con los aut\u00e9nticos IKAT\u00b4S originales de Uzbekist\u00e1n.<\/p>\n<p>Todos nuestros zapatos est\u00e1n hechos de cuero, piel y por supuesto Ikat, es este \u00faltimo material lo que los hace tan aut\u00e9nticos y especiales, se consigue la tela de ikat\u00b4s por lo que es muy dif\u00edcil, casi imposible, conseguir dos pares iguales\u2026<\/p>\n<h2><span style=\"font-size: 75%;\">NUESTROS PRODUCTOS<\/span><\/h2>\n<p>Todos nuestros productos son muy c\u00f3modos e ideales tanto como para mujeres, hombres y ni\u00f1os.<\/p>\n<p>En el Rinc\u00f3n de Fehmi somos expertos en aut\u00e9nticas alfombras, kilims y productos artesanales.<\/p>\n<p>&nbsp;[:en]<\/p>\n<h1><span style=\"font-size: 75%;\">ABOUT OUR IKAT LOAFERS<\/span><\/h1>\n<p>Our shoes are handcrafted with the authentic original IKAT\u00b4S from Uzbekistan. Leather sole, leather inside and outside 100% Silk IKAT.<\/p>\n<p>All our shoes are made of leather, leather and of course ikat, it is this last material that makes them so authentic and special, you get the fabric of ikat, so it is very difficult, almost impossible, to get two equal pairs\u2026<\/p>\n<h2><span style=\"font-size: 75%;\">ORIGINAL KILIM SHOES<\/span><\/h2>\n<p>All our shoes are a cult favorite amongst fashionable and worldly women, men, and children for their comfort and originality.<\/p>\n<p>Rinc\u00f3n de Fehmi we are expert in authentic Carpets, Kilims and handcrafted products.[:]<\/p>\n","protected":false},"excerpt":{"rendered":"<p>[:es]Calza: 38<\/p>\n<p>Material: Ikat terciopelo<\/p>\n<p>Interior: Piel<\/p>\n<p>Suela: Cuero[:en]Size: 38<\/p>\n<p>Material: Ikat velvet<\/p>\n<p>Inside: Leather<\/p>\n<p>Sole: Leather[:]<\/p>\n","protected":false},"featured_media":9005,"comment_status":"open","ping_status":"closed","template":"","meta":[],"product_cat":[134,133],"product_tag":[137,136],"yoast_head":"<!-- This site is optimized with the Yoast SEO plugin v21.5 - https:\/\/yoast.com\/wordpress\/plugins\/seo\/ -->\n<title>IKAT SHOES | El Rinc\u00f3n de Fehmi Madrid<\/title>\n<meta name=\"robots\" content=\"index, follow, max-snippet:-1, max-image-preview:large, max-video-preview:-1\" \/>\n<link rel=\"canonical\" href=\"https:\/\/elrincondefehmi.com\/es\/tienda\/kilim-shoes\/smoking-shoes\/talla-38\/\" \/>\n<meta property=\"og:locale\" content=\"es_ES\" \/>\n<meta property=\"og:type\" content=\"article\" \/>\n<meta property=\"og:title\" content=\"IKAT SHOES | El Rinc\u00f3n de Fehmi Madrid\" \/>\n<meta property=\"og:description\" content=\"[:es]Calza: 38  Material: Ikat terciopelo  Interior: Piel  Suela: Cuero[:en]Size: 38  Material: Ikat velvet  Inside: Leather  Sole: Leather[:]\" \/>\n<meta property=\"og:url\" content=\"https:\/\/elrincondefehmi.com\/es\/tienda\/kilim-shoes\/smoking-shoes\/talla-38\/\" \/>\n<meta property=\"og:site_name\" content=\"El Rinc\u00f3n de Fehmi Madrid\" \/>\n<meta property=\"article:modified_time\" content=\"2023-07-10T11:31:53+00:00\" \/>\n<meta property=\"og:image\" content=\"https:\/\/elrincondefehmi.com\/es\/wp-content\/uploads\/2023\/05\/IMG_9939-1.jpg\" \/>\n\t<meta property=\"og:image:width\" content=\"1200\" \/>\n\t<meta property=\"og:image:height\" content=\"850\" \/>\n\t<meta property=\"og:image:type\" content=\"image\/jpeg\" \/>\n<meta name=\"twitter:card\" content=\"summary_large_image\" \/>\n<script type=\"application\/ld+json\" class=\"yoast-schema-graph\">{\"@context\":\"https:\/\/schema.org\",\"@graph\":[{\"@type\":\"WebPage\",\"@id\":\"https:\/\/elrincondefehmi.com\/es\/tienda\/kilim-shoes\/smoking-shoes\/talla-38\/\",\"url\":\"https:\/\/elrincondefehmi.com\/es\/tienda\/kilim-shoes\/smoking-shoes\/talla-38\/\",\"name\":\"IKAT SHOES | El Rinc\u00f3n de Fehmi Madrid\",\"isPartOf\":{\"@id\":\"https:\/\/elrincondefehmi.com\/es\/#website\"},\"datePublished\":\"2023-05-18T05:14:58+00:00\",\"dateModified\":\"2023-07-10T11:31:53+00:00\",\"breadcrumb\":{\"@id\":\"https:\/\/elrincondefehmi.com\/es\/tienda\/kilim-shoes\/smoking-shoes\/talla-38\/#breadcrumb\"},\"inLanguage\":\"es\",\"potentialAction\":[{\"@type\":\"ReadAction\",\"target\":[\"https:\/\/elrincondefehmi.com\/es\/tienda\/kilim-shoes\/smoking-shoes\/talla-38\/\"]}]},{\"@type\":\"BreadcrumbList\",\"@id\":\"https:\/\/elrincondefehmi.com\/es\/tienda\/kilim-shoes\/smoking-shoes\/talla-38\/#breadcrumb\",\"itemListElement\":[{\"@type\":\"ListItem\",\"position\":1,\"name\":\"PRODUCTOS\",\"item\":\"https:\/\/elrincondefehmi.com\/es\/all-product\/\"},{\"@type\":\"ListItem\",\"position\":2,\"name\":\"Ikat Smoking Shoes 38\"}]},{\"@type\":\"WebSite\",\"@id\":\"https:\/\/elrincondefehmi.com\/es\/#website\",\"url\":\"https:\/\/elrincondefehmi.com\/es\/\",\"name\":\"El Rinc\u00f3n de Fehmi Madrid\",\"description\":\"Tienda de alfombras en Madrid.  En El Rinc\u00f3n de Fehmi somos especialistas en alfombras artesanales, alfombras modernas contempor\u00e1neas kilims de Turqu\u00eda\",\"potentialAction\":[{\"@type\":\"SearchAction\",\"target\":{\"@type\":\"EntryPoint\",\"urlTemplate\":\"https:\/\/elrincondefehmi.com\/es\/?s={search_term_string}\"},\"query-input\":\"required name=search_term_string\"}],\"inLanguage\":\"es\"}]}<\/script>\n<!-- \/ Yoast SEO plugin. -->","yoast_head_json":{"title":"IKAT SHOES | El Rinc\u00f3n de Fehmi Madrid","robots":{"index":"index","follow":"follow","max-snippet":"max-snippet:-1","max-image-preview":"max-image-preview:large","max-video-preview":"max-video-preview:-1"},"canonical":"https:\/\/elrincondefehmi.com\/es\/tienda\/kilim-shoes\/smoking-shoes\/talla-38\/","og_locale":"es_ES","og_type":"article","og_title":"IKAT SHOES | El Rinc\u00f3n de Fehmi Madrid","og_description":"[:es]Calza: 38  Material: Ikat terciopelo  Interior: Piel  Suela: Cuero[:en]Size: 38  Material: Ikat velvet  Inside: Leather  Sole: Leather[:]","og_url":"https:\/\/elrincondefehmi.com\/es\/tienda\/kilim-shoes\/smoking-shoes\/talla-38\/","og_site_name":"El Rinc\u00f3n de Fehmi Madrid","article_modified_time":"2023-07-10T11:31:53+00:00","og_image":[{"width":1200,"height":850,"url":"https:\/\/elrincondefehmi.com\/es\/wp-content\/uploads\/2023\/05\/IMG_9939-1.jpg","type":"image\/jpeg"}],"twitter_card":"summary_large_image","schema":{"@context":"https:\/\/schema.org","@graph":[{"@type":"WebPage","@id":"https:\/\/elrincondefehmi.com\/es\/tienda\/kilim-shoes\/smoking-shoes\/talla-38\/","url":"https:\/\/elrincondefehmi.com\/es\/tienda\/kilim-shoes\/smoking-shoes\/talla-38\/","name":"IKAT SHOES | El Rinc\u00f3n de Fehmi Madrid","isPartOf":{"@id":"https:\/\/elrincondefehmi.com\/es\/#website"},"datePublished":"2023-05-18T05:14:58+00:00","dateModified":"2023-07-10T11:31:53+00:00","breadcrumb":{"@id":"https:\/\/elrincondefehmi.com\/es\/tienda\/kilim-shoes\/smoking-shoes\/talla-38\/#breadcrumb"},"inLanguage":"es","potentialAction":[{"@type":"ReadAction","target":["https:\/\/elrincondefehmi.com\/es\/tienda\/kilim-shoes\/smoking-shoes\/talla-38\/"]}]},{"@type":"BreadcrumbList","@id":"https:\/\/elrincondefehmi.com\/es\/tienda\/kilim-shoes\/smoking-shoes\/talla-38\/#breadcrumb","itemListElement":[{"@type":"ListItem","position":1,"name":"PRODUCTOS","item":"https:\/\/elrincondefehmi.com\/es\/all-product\/"},{"@type":"ListItem","position":2,"name":"Ikat Smoking Shoes 38"}]},{"@type":"WebSite","@id":"https:\/\/elrincondefehmi.com\/es\/#website","url":"https:\/\/elrincondefehmi.com\/es\/","name":"El Rinc\u00f3n de Fehmi Madrid","description":"Tienda de alfombras en Madrid.  En El Rinc\u00f3n de Fehmi somos especialistas en alfombras artesanales, alfombras modernas contempor\u00e1neas kilims de Turqu\u00eda","potentialAction":[{"@type":"SearchAction","target":{"@type":"EntryPoint","urlTemplate":"https:\/\/elrincondefehmi.com\/es\/?s={search_term_string}"},"query-input":"required name=search_term_string"}],"inLanguage":"es"}]}},"_links":{"self":[{"href":"https:\/\/elrincondefehmi.com\/es\/wp-json\/wp\/v2\/product\/8736"}],"collection":[{"href":"https:\/\/elrincondefehmi.com\/es\/wp-json\/wp\/v2\/product"}],"about":[{"href":"https:\/\/elrincondefehmi.com\/es\/wp-json\/wp\/v2\/types\/product"}],"replies":[{"embeddable":true,"href":"https:\/\/elrincondefehmi.com\/es\/wp-json\/wp\/v2\/comments?post=8736"}],"wp:featuredmedia":[{"embeddable":true,"href":"https:\/\/elrincondefehmi.com\/es\/wp-json\/wp\/v2\/media\/9005"}],"wp:attachment":[{"href":"https:\/\/elrincondefehmi.com\/es\/wp-json\/wp\/v2\/media?parent=8736"}],"wp:term":[{"taxonomy":"product_cat","embeddable":true,"href":"https:\/\/elrincondefehmi.com\/es\/wp-json\/wp\/v2\/product_cat?post=8736"},{"taxonomy":"product_tag","embeddable":true,"href":"https:\/\/elrincondefehmi.com\/es\/wp-json\/wp\/v2\/product_tag?post=8736"}],"curies":[{"name":"wp","href":"https:\/\/api.w.org\/{rel}","templated":true}]}}