{"id":8717,"date":"2023-05-18T05:14:07","date_gmt":"2023-05-18T05:14:07","guid":{"rendered":"https:\/\/elrincondefehmi.com\/es\/?post_type=product&#038;p=8717"},"modified":"2025-06-28T17:26:15","modified_gmt":"2025-06-28T17:26:15","slug":"alfombra-vintage-209-x-112-cm","status":"publish","type":"product","link":"https:\/\/elrincondefehmi.com\/es\/tienda\/alfombras-turcas\/alfombras-vintage\/alfombra-vintage-209-x-112-cm\/","title":{"rendered":"Alfombra Vintage 112&#215;209 cm"},"content":{"rendered":"<h3 style=\"text-align: justify\"><strong>ALFOMBRAS VINTAGE<\/strong><\/h3>\n<p style=\"text-align: justify\">La <a href=\"https:\/\/elrincondefehmi.k8s.optimizaclick.com\/es\/alfombras-turcas-madrid\/\">alfombra<\/a> es el producto representativo del arte milenario de anudar la lana, la seda y, posteriormente, el algod\u00f3n.( Alfombras vintage econ\u00f3micas en Madrid )Este arte se inici\u00f3 por los n\u00f3madas del medio oeste, principalmente en la regi\u00f3n del C\u00e1ucaso, Turqu\u00eda e Ir\u00e1n. Estos utilizaban las alfombras como cama port\u00e1til o como manta para resguardarse del fr\u00edo y del desierto. La alfombra cl\u00e1sica es aquella que cumple los patrones originarios de este arte. Se consideran alfombras \u00fanicas ya que est\u00e1n tejidas a mano. Suelen tener motivos tribales, geom\u00e9tricos e hist\u00f3ricos. Su lana est\u00e1 te\u00f1ida con colores naturales conseguidos a partir de minerales. Son alfombras de muy buena calidad y resistencia.<\/p>\n<p style=\"text-align: justify\">En el Rinc\u00f3n de Fehmi nos dedicamos espec\u00edficamente a las alfombras turcas. Seleccionamos las piezas m\u00e1s originales y representativas de este pa\u00eds y su milenaria cultura. En particular, las alfombras cl\u00e1sicas turcas son consideradas verdaderas joyas de arte. Est\u00e1n recargadas de motivos tribales y tienen colores muy vivos. Son alfombras llenas de historia que han ido transmitiendo la cultura turca de generaci\u00f3n en generaci\u00f3n. Tienen muy buena calidad y son muy resistentes por sus materiales naturales. Adem\u00e1s, suelen tener el pelo corto y r\u00edgido, esto ofrece unas mejores condiciones de mantenimiento.<\/p>\n<p style=\"text-align: justify\">Una alfombra cl\u00e1sica ofrece en un hogar una pieza exclusiva y \u00fanica, cargada de historia y exotismo. Se adapta a cualquier tipo de ambiente y estilo decorativo, adem\u00e1s de ofrecer una calidad excepcional. Da uniformidad y un toque especial y lleno de personalidad a los espacios. Nosotros, como expertos, son las piezas que con m\u00e1s cari\u00f1o y orgullo solemos recomendar, dentro de nuestras largas colecciones de alfombras.<\/p>\n<p>\u00a0<\/p>\n","protected":false},"excerpt":{"rendered":"<p>Alfombra cl\u00e1sica Material: Lana y algod\u00f3n Medidas: 209 X 112 cm Hecho a mano.<\/p>\n","protected":false},"featured_media":8991,"comment_status":"open","ping_status":"closed","template":"","meta":[],"product_cat":[19,308,317],"product_tag":[132,49],"yoast_head":"<!-- This site is optimized with the Yoast SEO plugin v21.5 - https:\/\/yoast.com\/wordpress\/plugins\/seo\/ -->\n<title>Alfombras vintage Ec\u00f3nomicas en Madrid | El Rinc\u00f3n de Fehmi Madrid<\/title>\n<meta name=\"description\" content=\"Somos especialistas en Alfombras! Tenemos aut\u00e9nticas alfombras Vintage econ\u00f3micas en Madrid traidas directamente desde Turqu\u00eda, Precios muy econ\u00f3micos!\" \/>\n<meta name=\"robots\" content=\"index, follow, max-snippet:-1, max-image-preview:large, max-video-preview:-1\" \/>\n<link rel=\"canonical\" href=\"https:\/\/elrincondefehmi.com\/es\/tienda\/alfombras-turcas\/alfombras-vintage\/alfombra-vintage-209-x-112-cm\/\" \/>\n<meta property=\"og:locale\" content=\"es_ES\" \/>\n<meta property=\"og:type\" content=\"article\" \/>\n<meta property=\"og:title\" content=\"Alfombras vintage Ec\u00f3nomicas en Madrid | El Rinc\u00f3n de Fehmi Madrid\" \/>\n<meta property=\"og:description\" content=\"Somos especialistas en Alfombras! Tenemos aut\u00e9nticas alfombras Vintage econ\u00f3micas en Madrid traidas directamente desde Turqu\u00eda, Precios muy econ\u00f3micos!\" \/>\n<meta property=\"og:url\" content=\"https:\/\/elrincondefehmi.com\/es\/tienda\/alfombras-turcas\/alfombras-vintage\/alfombra-vintage-209-x-112-cm\/\" \/>\n<meta property=\"og:site_name\" content=\"El Rinc\u00f3n de Fehmi Madrid\" \/>\n<meta property=\"article:modified_time\" content=\"2025-06-28T17:26:15+00:00\" \/>\n<meta property=\"og:image\" content=\"https:\/\/elrincondefehmi.com\/es\/wp-content\/uploads\/2023\/05\/IMG_0240-1.jpg\" \/>\n\t<meta property=\"og:image:width\" content=\"1000\" \/>\n\t<meta property=\"og:image:height\" content=\"1300\" \/>\n\t<meta property=\"og:image:type\" content=\"image\/jpeg\" \/>\n<meta name=\"twitter:card\" content=\"summary_large_image\" \/>\n<script type=\"application\/ld+json\" class=\"yoast-schema-graph\">{\"@context\":\"https:\/\/schema.org\",\"@graph\":[{\"@type\":\"WebPage\",\"@id\":\"https:\/\/elrincondefehmi.com\/es\/tienda\/alfombras-turcas\/alfombras-vintage\/alfombra-vintage-209-x-112-cm\/\",\"url\":\"https:\/\/elrincondefehmi.com\/es\/tienda\/alfombras-turcas\/alfombras-vintage\/alfombra-vintage-209-x-112-cm\/\",\"name\":\"Alfombras vintage Ec\u00f3nomicas en Madrid | El Rinc\u00f3n de Fehmi Madrid\",\"isPartOf\":{\"@id\":\"https:\/\/elrincondefehmi.com\/es\/#website\"},\"datePublished\":\"2023-05-18T05:14:07+00:00\",\"dateModified\":\"2025-06-28T17:26:15+00:00\",\"description\":\"Somos especialistas en Alfombras! Tenemos aut\u00e9nticas alfombras Vintage econ\u00f3micas en Madrid traidas directamente desde Turqu\u00eda, Precios muy econ\u00f3micos!\",\"breadcrumb\":{\"@id\":\"https:\/\/elrincondefehmi.com\/es\/tienda\/alfombras-turcas\/alfombras-vintage\/alfombra-vintage-209-x-112-cm\/#breadcrumb\"},\"inLanguage\":\"es\",\"potentialAction\":[{\"@type\":\"ReadAction\",\"target\":[\"https:\/\/elrincondefehmi.com\/es\/tienda\/alfombras-turcas\/alfombras-vintage\/alfombra-vintage-209-x-112-cm\/\"]}]},{\"@type\":\"BreadcrumbList\",\"@id\":\"https:\/\/elrincondefehmi.com\/es\/tienda\/alfombras-turcas\/alfombras-vintage\/alfombra-vintage-209-x-112-cm\/#breadcrumb\",\"itemListElement\":[{\"@type\":\"ListItem\",\"position\":1,\"name\":\"PRODUCTOS\",\"item\":\"https:\/\/elrincondefehmi.com\/es\/all-product\/\"},{\"@type\":\"ListItem\",\"position\":2,\"name\":\"Alfombra Vintage 112&#215;209 cm\"}]},{\"@type\":\"WebSite\",\"@id\":\"https:\/\/elrincondefehmi.com\/es\/#website\",\"url\":\"https:\/\/elrincondefehmi.com\/es\/\",\"name\":\"El Rinc\u00f3n de Fehmi Madrid\",\"description\":\"Tienda de alfombras en Madrid.  En El Rinc\u00f3n de Fehmi somos especialistas en alfombras artesanales, alfombras modernas contempor\u00e1neas kilims de Turqu\u00eda\",\"potentialAction\":[{\"@type\":\"SearchAction\",\"target\":{\"@type\":\"EntryPoint\",\"urlTemplate\":\"https:\/\/elrincondefehmi.com\/es\/?s={search_term_string}\"},\"query-input\":\"required name=search_term_string\"}],\"inLanguage\":\"es\"}]}<\/script>\n<!-- \/ Yoast SEO plugin. -->","yoast_head_json":{"title":"Alfombras vintage Ec\u00f3nomicas en Madrid | El Rinc\u00f3n de Fehmi Madrid","description":"Somos especialistas en Alfombras! Tenemos aut\u00e9nticas alfombras Vintage econ\u00f3micas en Madrid traidas directamente desde Turqu\u00eda, Precios muy econ\u00f3micos!","robots":{"index":"index","follow":"follow","max-snippet":"max-snippet:-1","max-image-preview":"max-image-preview:large","max-video-preview":"max-video-preview:-1"},"canonical":"https:\/\/elrincondefehmi.com\/es\/tienda\/alfombras-turcas\/alfombras-vintage\/alfombra-vintage-209-x-112-cm\/","og_locale":"es_ES","og_type":"article","og_title":"Alfombras vintage Ec\u00f3nomicas en Madrid | El Rinc\u00f3n de Fehmi Madrid","og_description":"Somos especialistas en Alfombras! Tenemos aut\u00e9nticas alfombras Vintage econ\u00f3micas en Madrid traidas directamente desde Turqu\u00eda, Precios muy econ\u00f3micos!","og_url":"https:\/\/elrincondefehmi.com\/es\/tienda\/alfombras-turcas\/alfombras-vintage\/alfombra-vintage-209-x-112-cm\/","og_site_name":"El Rinc\u00f3n de Fehmi Madrid","article_modified_time":"2025-06-28T17:26:15+00:00","og_image":[{"width":1000,"height":1300,"url":"https:\/\/elrincondefehmi.com\/es\/wp-content\/uploads\/2023\/05\/IMG_0240-1.jpg","type":"image\/jpeg"}],"twitter_card":"summary_large_image","schema":{"@context":"https:\/\/schema.org","@graph":[{"@type":"WebPage","@id":"https:\/\/elrincondefehmi.com\/es\/tienda\/alfombras-turcas\/alfombras-vintage\/alfombra-vintage-209-x-112-cm\/","url":"https:\/\/elrincondefehmi.com\/es\/tienda\/alfombras-turcas\/alfombras-vintage\/alfombra-vintage-209-x-112-cm\/","name":"Alfombras vintage Ec\u00f3nomicas en Madrid | El Rinc\u00f3n de Fehmi Madrid","isPartOf":{"@id":"https:\/\/elrincondefehmi.com\/es\/#website"},"datePublished":"2023-05-18T05:14:07+00:00","dateModified":"2025-06-28T17:26:15+00:00","description":"Somos especialistas en Alfombras! Tenemos aut\u00e9nticas alfombras Vintage econ\u00f3micas en Madrid traidas directamente desde Turqu\u00eda, Precios muy econ\u00f3micos!","breadcrumb":{"@id":"https:\/\/elrincondefehmi.com\/es\/tienda\/alfombras-turcas\/alfombras-vintage\/alfombra-vintage-209-x-112-cm\/#breadcrumb"},"inLanguage":"es","potentialAction":[{"@type":"ReadAction","target":["https:\/\/elrincondefehmi.com\/es\/tienda\/alfombras-turcas\/alfombras-vintage\/alfombra-vintage-209-x-112-cm\/"]}]},{"@type":"BreadcrumbList","@id":"https:\/\/elrincondefehmi.com\/es\/tienda\/alfombras-turcas\/alfombras-vintage\/alfombra-vintage-209-x-112-cm\/#breadcrumb","itemListElement":[{"@type":"ListItem","position":1,"name":"PRODUCTOS","item":"https:\/\/elrincondefehmi.com\/es\/all-product\/"},{"@type":"ListItem","position":2,"name":"Alfombra Vintage 112&#215;209 cm"}]},{"@type":"WebSite","@id":"https:\/\/elrincondefehmi.com\/es\/#website","url":"https:\/\/elrincondefehmi.com\/es\/","name":"El Rinc\u00f3n de Fehmi Madrid","description":"Tienda de alfombras en Madrid.  En El Rinc\u00f3n de Fehmi somos especialistas en alfombras artesanales, alfombras modernas contempor\u00e1neas kilims de Turqu\u00eda","potentialAction":[{"@type":"SearchAction","target":{"@type":"EntryPoint","urlTemplate":"https:\/\/elrincondefehmi.com\/es\/?s={search_term_string}"},"query-input":"required name=search_term_string"}],"inLanguage":"es"}]}},"_links":{"self":[{"href":"https:\/\/elrincondefehmi.com\/es\/wp-json\/wp\/v2\/product\/8717"}],"collection":[{"href":"https:\/\/elrincondefehmi.com\/es\/wp-json\/wp\/v2\/product"}],"about":[{"href":"https:\/\/elrincondefehmi.com\/es\/wp-json\/wp\/v2\/types\/product"}],"replies":[{"embeddable":true,"href":"https:\/\/elrincondefehmi.com\/es\/wp-json\/wp\/v2\/comments?post=8717"}],"wp:featuredmedia":[{"embeddable":true,"href":"https:\/\/elrincondefehmi.com\/es\/wp-json\/wp\/v2\/media\/8991"}],"wp:attachment":[{"href":"https:\/\/elrincondefehmi.com\/es\/wp-json\/wp\/v2\/media?parent=8717"}],"wp:term":[{"taxonomy":"product_cat","embeddable":true,"href":"https:\/\/elrincondefehmi.com\/es\/wp-json\/wp\/v2\/product_cat?post=8717"},{"taxonomy":"product_tag","embeddable":true,"href":"https:\/\/elrincondefehmi.com\/es\/wp-json\/wp\/v2\/product_tag?post=8717"}],"curies":[{"name":"wp","href":"https:\/\/api.w.org\/{rel}","templated":true}]}}