{"id":8688,"date":"2023-05-18T05:12:51","date_gmt":"2023-05-18T05:12:51","guid":{"rendered":"https:\/\/elrincondefehmi.com\/es\/?post_type=product&#038;p=8688"},"modified":"2025-06-30T17:57:25","modified_gmt":"2025-06-30T17:57:25","slug":"eskilim-moderno-133-x-90-cmenmodern-kilim-133-x-90-cm","status":"publish","type":"product","link":"https:\/\/elrincondefehmi.com\/es\/tienda\/kilim\/modern-kilim-colection\/eskilim-moderno-133-x-90-cmenmodern-kilim-133-x-90-cm\/","title":{"rendered":"Kilim dise\u00f1o moderno 90&#215;133 cm"},"content":{"rendered":"<h3 style=\"text-align: justify\"><strong>COMPRAR KILIMS MODERNOS EN MADRID<\/strong><\/h3>\n<p style=\"text-align: justify\">Comprar Kilims Modernos en Madrid: El kilim es una t\u00e9cnica de urdimbre simple. En comparaci\u00f3n con la t\u00e9cnica de anudar de las <a href=\"https:\/\/elrincondefehmi.k8s.optimizaclick.com\/es\/categoria-producto\/alfombras\/\">alfombras<\/a>, los kilims se crean a partir de una trama de urdimbre plana. Su origen se remonta a los n\u00f3madas de <a href=\"https:\/\/www.advantour.com\/es\/asia-central\/index.htm\">Asia Central<\/a>, quienes los usaban como cama, como elemento para montar sus tiendas para resguardarse del desierto o incluso como maletas. Los dise\u00f1os de estos kilims no estaban basados simplemente en la creatividad de estos n\u00f3madas, si no que estaban basados en simbolismos. Los dibujos significaban acontecimientos, mensajes, creencias y sentimientos. Su confecci\u00f3n era totalmente espont\u00e1nea. Su principal caracter\u00edstica es que son piezas muy livianas y ligeras ya que se dise\u00f1aban para poder ser transportadas.<\/p>\n<p style=\"text-align: justify\">En <a href=\"https:\/\/elrincondefehmi.k8s.optimizaclick.com\/es\/\">El Rinc\u00f3n de Fehmi<\/a> consideramos los kilims piezas \u00fanicas. Seleccionamos los kilims m\u00e1s representativos de la cultura turca, las cuales mantienen las t\u00e9cnicas antiguas y artesanales para su confecci\u00f3n. Con ello, ofrecemos a nuestros clientes la seguridad de tener piezas originales, resistentes y de alta calidad. En cuanto a su mantenimiento, los kilim son piezas que pueden manejarse con agilidad. Requieren muy poca exigencia en cuanto a su lavado. Como piezas de decoraci\u00f3n, suponen elementos decorativos de estilo \u00e9tnico, que se fusionan dentro de cualquier ambiente.<\/p>\n<p>\u00a0<\/p>\n","protected":false},"excerpt":{"rendered":"<p>Origen: Turqu\u00eda Material: Lana. Medidas: 90&#215;133 cm Hecho a mano.<\/p>\n","protected":false},"featured_media":24697,"comment_status":"open","ping_status":"closed","template":"","meta":[],"product_cat":[434,34,16],"product_tag":[391,355,353,352],"yoast_head":"<!-- This site is optimized with the Yoast SEO plugin v21.5 - https:\/\/yoast.com\/wordpress\/plugins\/seo\/ -->\n<title>COMPRAR KILIMS MODERNOS EN MADRID | El Rinc\u00f3n de Fehmi Madrid<\/title>\n<meta name=\"description\" content=\"Comprar Kilims Modernos en Madrid! Seleccionamos los kilims m\u00e1s representativos de la cultura turca. Piezas \u00fanicas y originales! Precios muy Econ\u00f3mocos.\" \/>\n<meta name=\"robots\" content=\"index, follow, max-snippet:-1, max-image-preview:large, max-video-preview:-1\" \/>\n<link rel=\"canonical\" href=\"https:\/\/elrincondefehmi.com\/es\/tienda\/kilim\/modern-kilim-colection\/eskilim-moderno-133-x-90-cmenmodern-kilim-133-x-90-cm\/\" \/>\n<meta property=\"og:locale\" content=\"es_ES\" \/>\n<meta property=\"og:type\" content=\"article\" \/>\n<meta property=\"og:title\" content=\"COMPRAR KILIMS MODERNOS EN MADRID | El Rinc\u00f3n de Fehmi Madrid\" \/>\n<meta property=\"og:description\" content=\"Comprar Kilims Modernos en Madrid! Seleccionamos los kilims m\u00e1s representativos de la cultura turca. Piezas \u00fanicas y originales! Precios muy Econ\u00f3mocos.\" \/>\n<meta property=\"og:url\" content=\"https:\/\/elrincondefehmi.com\/es\/tienda\/kilim\/modern-kilim-colection\/eskilim-moderno-133-x-90-cmenmodern-kilim-133-x-90-cm\/\" \/>\n<meta property=\"og:site_name\" content=\"El Rinc\u00f3n de Fehmi Madrid\" \/>\n<meta property=\"article:modified_time\" content=\"2025-06-30T17:57:25+00:00\" \/>\n<meta property=\"og:image\" content=\"https:\/\/elrincondefehmi.com\/es\/wp-content\/uploads\/2023\/05\/IMG_06341-1.jpg\" \/>\n\t<meta property=\"og:image:width\" content=\"700\" \/>\n\t<meta property=\"og:image:height\" content=\"1070\" \/>\n\t<meta property=\"og:image:type\" content=\"image\/jpeg\" \/>\n<meta name=\"twitter:card\" content=\"summary_large_image\" \/>\n<script type=\"application\/ld+json\" class=\"yoast-schema-graph\">{\"@context\":\"https:\/\/schema.org\",\"@graph\":[{\"@type\":\"WebPage\",\"@id\":\"https:\/\/elrincondefehmi.com\/es\/tienda\/kilim\/modern-kilim-colection\/eskilim-moderno-133-x-90-cmenmodern-kilim-133-x-90-cm\/\",\"url\":\"https:\/\/elrincondefehmi.com\/es\/tienda\/kilim\/modern-kilim-colection\/eskilim-moderno-133-x-90-cmenmodern-kilim-133-x-90-cm\/\",\"name\":\"COMPRAR KILIMS MODERNOS EN MADRID | El Rinc\u00f3n de Fehmi Madrid\",\"isPartOf\":{\"@id\":\"https:\/\/elrincondefehmi.com\/es\/#website\"},\"datePublished\":\"2023-05-18T05:12:51+00:00\",\"dateModified\":\"2025-06-30T17:57:25+00:00\",\"description\":\"Comprar Kilims Modernos en Madrid! Seleccionamos los kilims m\u00e1s representativos de la cultura turca. Piezas \u00fanicas y originales! Precios muy Econ\u00f3mocos.\",\"breadcrumb\":{\"@id\":\"https:\/\/elrincondefehmi.com\/es\/tienda\/kilim\/modern-kilim-colection\/eskilim-moderno-133-x-90-cmenmodern-kilim-133-x-90-cm\/#breadcrumb\"},\"inLanguage\":\"es\",\"potentialAction\":[{\"@type\":\"ReadAction\",\"target\":[\"https:\/\/elrincondefehmi.com\/es\/tienda\/kilim\/modern-kilim-colection\/eskilim-moderno-133-x-90-cmenmodern-kilim-133-x-90-cm\/\"]}]},{\"@type\":\"BreadcrumbList\",\"@id\":\"https:\/\/elrincondefehmi.com\/es\/tienda\/kilim\/modern-kilim-colection\/eskilim-moderno-133-x-90-cmenmodern-kilim-133-x-90-cm\/#breadcrumb\",\"itemListElement\":[{\"@type\":\"ListItem\",\"position\":1,\"name\":\"PRODUCTOS\",\"item\":\"https:\/\/elrincondefehmi.com\/es\/all-product\/\"},{\"@type\":\"ListItem\",\"position\":2,\"name\":\"Kilim dise\u00f1o moderno 90&#215;133 cm\"}]},{\"@type\":\"WebSite\",\"@id\":\"https:\/\/elrincondefehmi.com\/es\/#website\",\"url\":\"https:\/\/elrincondefehmi.com\/es\/\",\"name\":\"El Rinc\u00f3n de Fehmi Madrid\",\"description\":\"Tienda de alfombras en Madrid.  En El Rinc\u00f3n de Fehmi somos especialistas en alfombras artesanales, alfombras modernas contempor\u00e1neas kilims de Turqu\u00eda\",\"potentialAction\":[{\"@type\":\"SearchAction\",\"target\":{\"@type\":\"EntryPoint\",\"urlTemplate\":\"https:\/\/elrincondefehmi.com\/es\/?s={search_term_string}\"},\"query-input\":\"required name=search_term_string\"}],\"inLanguage\":\"es\"}]}<\/script>\n<!-- \/ Yoast SEO plugin. -->","yoast_head_json":{"title":"COMPRAR KILIMS MODERNOS EN MADRID | El Rinc\u00f3n de Fehmi Madrid","description":"Comprar Kilims Modernos en Madrid! Seleccionamos los kilims m\u00e1s representativos de la cultura turca. Piezas \u00fanicas y originales! Precios muy Econ\u00f3mocos.","robots":{"index":"index","follow":"follow","max-snippet":"max-snippet:-1","max-image-preview":"max-image-preview:large","max-video-preview":"max-video-preview:-1"},"canonical":"https:\/\/elrincondefehmi.com\/es\/tienda\/kilim\/modern-kilim-colection\/eskilim-moderno-133-x-90-cmenmodern-kilim-133-x-90-cm\/","og_locale":"es_ES","og_type":"article","og_title":"COMPRAR KILIMS MODERNOS EN MADRID | El Rinc\u00f3n de Fehmi Madrid","og_description":"Comprar Kilims Modernos en Madrid! Seleccionamos los kilims m\u00e1s representativos de la cultura turca. Piezas \u00fanicas y originales! Precios muy Econ\u00f3mocos.","og_url":"https:\/\/elrincondefehmi.com\/es\/tienda\/kilim\/modern-kilim-colection\/eskilim-moderno-133-x-90-cmenmodern-kilim-133-x-90-cm\/","og_site_name":"El Rinc\u00f3n de Fehmi Madrid","article_modified_time":"2025-06-30T17:57:25+00:00","og_image":[{"width":700,"height":1070,"url":"https:\/\/elrincondefehmi.com\/es\/wp-content\/uploads\/2023\/05\/IMG_06341-1.jpg","type":"image\/jpeg"}],"twitter_card":"summary_large_image","schema":{"@context":"https:\/\/schema.org","@graph":[{"@type":"WebPage","@id":"https:\/\/elrincondefehmi.com\/es\/tienda\/kilim\/modern-kilim-colection\/eskilim-moderno-133-x-90-cmenmodern-kilim-133-x-90-cm\/","url":"https:\/\/elrincondefehmi.com\/es\/tienda\/kilim\/modern-kilim-colection\/eskilim-moderno-133-x-90-cmenmodern-kilim-133-x-90-cm\/","name":"COMPRAR KILIMS MODERNOS EN MADRID | El Rinc\u00f3n de Fehmi Madrid","isPartOf":{"@id":"https:\/\/elrincondefehmi.com\/es\/#website"},"datePublished":"2023-05-18T05:12:51+00:00","dateModified":"2025-06-30T17:57:25+00:00","description":"Comprar Kilims Modernos en Madrid! Seleccionamos los kilims m\u00e1s representativos de la cultura turca. Piezas \u00fanicas y originales! Precios muy Econ\u00f3mocos.","breadcrumb":{"@id":"https:\/\/elrincondefehmi.com\/es\/tienda\/kilim\/modern-kilim-colection\/eskilim-moderno-133-x-90-cmenmodern-kilim-133-x-90-cm\/#breadcrumb"},"inLanguage":"es","potentialAction":[{"@type":"ReadAction","target":["https:\/\/elrincondefehmi.com\/es\/tienda\/kilim\/modern-kilim-colection\/eskilim-moderno-133-x-90-cmenmodern-kilim-133-x-90-cm\/"]}]},{"@type":"BreadcrumbList","@id":"https:\/\/elrincondefehmi.com\/es\/tienda\/kilim\/modern-kilim-colection\/eskilim-moderno-133-x-90-cmenmodern-kilim-133-x-90-cm\/#breadcrumb","itemListElement":[{"@type":"ListItem","position":1,"name":"PRODUCTOS","item":"https:\/\/elrincondefehmi.com\/es\/all-product\/"},{"@type":"ListItem","position":2,"name":"Kilim dise\u00f1o moderno 90&#215;133 cm"}]},{"@type":"WebSite","@id":"https:\/\/elrincondefehmi.com\/es\/#website","url":"https:\/\/elrincondefehmi.com\/es\/","name":"El Rinc\u00f3n de Fehmi Madrid","description":"Tienda de alfombras en Madrid.  En El Rinc\u00f3n de Fehmi somos especialistas en alfombras artesanales, alfombras modernas contempor\u00e1neas kilims de Turqu\u00eda","potentialAction":[{"@type":"SearchAction","target":{"@type":"EntryPoint","urlTemplate":"https:\/\/elrincondefehmi.com\/es\/?s={search_term_string}"},"query-input":"required name=search_term_string"}],"inLanguage":"es"}]}},"_links":{"self":[{"href":"https:\/\/elrincondefehmi.com\/es\/wp-json\/wp\/v2\/product\/8688"}],"collection":[{"href":"https:\/\/elrincondefehmi.com\/es\/wp-json\/wp\/v2\/product"}],"about":[{"href":"https:\/\/elrincondefehmi.com\/es\/wp-json\/wp\/v2\/types\/product"}],"replies":[{"embeddable":true,"href":"https:\/\/elrincondefehmi.com\/es\/wp-json\/wp\/v2\/comments?post=8688"}],"wp:featuredmedia":[{"embeddable":true,"href":"https:\/\/elrincondefehmi.com\/es\/wp-json\/wp\/v2\/media\/24697"}],"wp:attachment":[{"href":"https:\/\/elrincondefehmi.com\/es\/wp-json\/wp\/v2\/media?parent=8688"}],"wp:term":[{"taxonomy":"product_cat","embeddable":true,"href":"https:\/\/elrincondefehmi.com\/es\/wp-json\/wp\/v2\/product_cat?post=8688"},{"taxonomy":"product_tag","embeddable":true,"href":"https:\/\/elrincondefehmi.com\/es\/wp-json\/wp\/v2\/product_tag?post=8688"}],"curies":[{"name":"wp","href":"https:\/\/api.w.org\/{rel}","templated":true}]}}