{"id":8639,"date":"2023-05-18T05:11:00","date_gmt":"2023-05-18T05:11:00","guid":{"rendered":"https:\/\/elrincondefehmi.com\/es\/?post_type=product&#038;p=8639"},"modified":"2025-06-27T16:05:35","modified_gmt":"2025-06-27T16:05:35","slug":"alfombra-moderna-de-pasillo-325-x-83-cm","status":"publish","type":"product","link":"https:\/\/elrincondefehmi.com\/es\/tienda\/alfombras-turcas\/alfombras-pasilleras-kilim\/alfombra-moderna-de-pasillo-325-x-83-cm\/","title":{"rendered":"Alfombra Moderna para Pasillo 83&#215;325 cm"},"content":{"rendered":"<h4><strong>ALFOMBRAS MODERNAS DE PASILLO\u00a0<\/strong><\/h4>\n<p><span style=\"font-size: 14.4px;\"><a href=\"https:\/\/elrincondefehmi.k8s.optimizaclick.com\/es\/alfombras-economicas-madrid\/\">En El Rinc\u00f3n de Fehmi<\/a> disponemos una gran variedad de alfombras modernas de pasillo.<\/span><\/p>\n<p><span style=\"font-size: 14.4px;\">Todas nuestras alfombras est\u00e1n hechas de manera artesanal en Turqu\u00eda. <\/span>Utilizamos colores vegetales y materiales naturales como la lana, el algod\u00f3n, la viscosa y la seda. Por lo tanto todas las etapas de elaboraci\u00f3n de nuestras alfombras est\u00e1n hechas con materiales de alta calidad.<\/p>\n<h4>DISE\u00d1OS<\/h4>\n<p>Para <a href=\"https:\/\/kilim-age.com\/es\/como-decorar-con-kilim\/\">conseguir un dise\u00f1o<\/a> ideal utilizamos motivos cl\u00e1sicos y contempor\u00e1neos, con estampados definidos o m\u00e1s difuminados con diferentes colores y tama\u00f1os capaces de adaptarse a los gustos y necesidades de cada cliente, por eso raz\u00f3n las consideramos como alfombras \u00fanicas y llenas de personalidad.<\/p>\n<p>Si te gusta este novedoso estilo de alfombras, en El Rinc\u00f3n de Fehmi disponemos de una gran colecci\u00f3n, todas dise\u00f1adas por nuestro equipo de profesionales y que son expertos en creaci\u00f3n de alfombras con nuevas tendencias del mundo de artesan\u00eda.<\/p>\n<p>Por otro lado, tenemos los recursos suficientes para poder dise\u00f1ar a medida tu propia alfombra. Te ayudamos y aconsejamos a seleccionar la alfombra que m\u00e1s se adapte a tus espacios y tu estilo.<\/p>\n<h4>OTROS PRODUCTOS<\/h4>\n<p>En El Rinc\u00f3n de Fehmi tambi\u00e9n disponemos una gran colecci\u00f3n de alfombras <a href=\"https:\/\/elrincondefehmi.k8s.optimizaclick.com\/es\/categoria-producto\/alfombras\/alfombras-patchwork\/\">Patchwork<\/a> y <a href=\"https:\/\/elrincondefehmi.k8s.optimizaclick.com\/es\/categoria-producto\/alfombras\/alfombras-vintage\/\">Vintage<\/a>. Sobre todo si buscas una alfombra Patchwork hecha a medida, te la podemos hacer seg\u00fan el color y tama\u00f1o deseada.<\/p>\n<p>En nuestras tiendas tambi\u00e9n te asesoramos para encontrar la alfombra ideal para tu hogar y espacio. Te ofrecemos un servicio de asesoramiento personalizado con el que te resultar\u00e1 m\u00e1s f\u00e1cil el proceso de b\u00fasqueda, adem\u00e1s de ahorrarte tiempo, puesto que disponemos de un gran equipo de profesionales expertos que est\u00e1n a tu disposici\u00f3n para atenderte de forma individualizada y mostrarte los modelos que responden a tus especificaciones.<\/p>\n<p>Por ultimo queremos informarle que realizamos el servicio de <a href=\"https:\/\/elrincondefehmi.k8s.optimizaclick.com\/es\/limpieza-y-restauracion-de-alfombras\/\">limpieza y reparaci\u00f3n<\/a> de Alfombras y Kilims..<\/p>\n","protected":false},"excerpt":{"rendered":"<p>[:es]Alfombra Moderna<br \/>\nMaterial: Lana y algod\u00f3n<br \/>\nTama\u00f1o: 325 X 83 cm.<br \/>\nHecho a mano.[:en]Modern handmade carpet.<br \/>\nMaterial: Wool and cotton<br \/>\nSize: 325 X 83 cm.<br \/>\nHand made.[:]<\/p>\n","protected":false},"featured_media":8795,"comment_status":"open","ping_status":"closed","template":"","meta":[],"product_cat":[19,308,312],"product_tag":[355,353,352,354],"yoast_head":"<!-- This site is optimized with the Yoast SEO plugin v21.5 - https:\/\/yoast.com\/wordpress\/plugins\/seo\/ -->\n<title>Alfombras Modernas de Pasillo | El Rinc\u00f3n de Fehmi Madrid<\/title>\n<meta name=\"description\" content=\"Alfombras Modernas de Pasillo! En El Rinc\u00f3n de Fehmi disponemos una gran variedad de alfombras modernas de pasillo. Precios muy Econ\u00f3micos! Envio Gratis..\" \/>\n<meta name=\"robots\" content=\"index, follow, max-snippet:-1, max-image-preview:large, max-video-preview:-1\" \/>\n<link rel=\"canonical\" href=\"https:\/\/elrincondefehmi.com\/es\/tienda\/alfombras-turcas\/alfombras-pasilleras-kilim\/alfombra-moderna-de-pasillo-325-x-83-cm\/\" \/>\n<meta property=\"og:locale\" content=\"es_ES\" \/>\n<meta property=\"og:type\" content=\"article\" \/>\n<meta property=\"og:title\" content=\"Alfombras Modernas de Pasillo | El Rinc\u00f3n de Fehmi Madrid\" \/>\n<meta property=\"og:description\" content=\"Alfombras Modernas de Pasillo! En El Rinc\u00f3n de Fehmi disponemos una gran variedad de alfombras modernas de pasillo. Precios muy Econ\u00f3micos! Envio Gratis..\" \/>\n<meta property=\"og:url\" content=\"https:\/\/elrincondefehmi.com\/es\/tienda\/alfombras-turcas\/alfombras-pasilleras-kilim\/alfombra-moderna-de-pasillo-325-x-83-cm\/\" \/>\n<meta property=\"og:site_name\" content=\"El Rinc\u00f3n de Fehmi Madrid\" \/>\n<meta property=\"article:modified_time\" content=\"2025-06-27T16:05:35+00:00\" \/>\n<meta property=\"og:image\" content=\"https:\/\/elrincondefehmi.com\/es\/wp-content\/uploads\/2023\/05\/IMG_0495-copia-e1579104284944.jpg\" \/>\n\t<meta property=\"og:image:width\" content=\"500\" \/>\n\t<meta property=\"og:image:height\" content=\"1250\" \/>\n\t<meta property=\"og:image:type\" content=\"image\/jpeg\" \/>\n<meta name=\"twitter:card\" content=\"summary_large_image\" \/>\n<script type=\"application\/ld+json\" class=\"yoast-schema-graph\">{\"@context\":\"https:\/\/schema.org\",\"@graph\":[{\"@type\":\"WebPage\",\"@id\":\"https:\/\/elrincondefehmi.com\/es\/tienda\/alfombras-turcas\/alfombras-pasilleras-kilim\/alfombra-moderna-de-pasillo-325-x-83-cm\/\",\"url\":\"https:\/\/elrincondefehmi.com\/es\/tienda\/alfombras-turcas\/alfombras-pasilleras-kilim\/alfombra-moderna-de-pasillo-325-x-83-cm\/\",\"name\":\"Alfombras Modernas de Pasillo | El Rinc\u00f3n de Fehmi Madrid\",\"isPartOf\":{\"@id\":\"https:\/\/elrincondefehmi.com\/es\/#website\"},\"datePublished\":\"2023-05-18T05:11:00+00:00\",\"dateModified\":\"2025-06-27T16:05:35+00:00\",\"description\":\"Alfombras Modernas de Pasillo! En El Rinc\u00f3n de Fehmi disponemos una gran variedad de alfombras modernas de pasillo. Precios muy Econ\u00f3micos! Envio Gratis..\",\"breadcrumb\":{\"@id\":\"https:\/\/elrincondefehmi.com\/es\/tienda\/alfombras-turcas\/alfombras-pasilleras-kilim\/alfombra-moderna-de-pasillo-325-x-83-cm\/#breadcrumb\"},\"inLanguage\":\"es\",\"potentialAction\":[{\"@type\":\"ReadAction\",\"target\":[\"https:\/\/elrincondefehmi.com\/es\/tienda\/alfombras-turcas\/alfombras-pasilleras-kilim\/alfombra-moderna-de-pasillo-325-x-83-cm\/\"]}]},{\"@type\":\"BreadcrumbList\",\"@id\":\"https:\/\/elrincondefehmi.com\/es\/tienda\/alfombras-turcas\/alfombras-pasilleras-kilim\/alfombra-moderna-de-pasillo-325-x-83-cm\/#breadcrumb\",\"itemListElement\":[{\"@type\":\"ListItem\",\"position\":1,\"name\":\"PRODUCTOS\",\"item\":\"https:\/\/elrincondefehmi.com\/es\/all-product\/\"},{\"@type\":\"ListItem\",\"position\":2,\"name\":\"Alfombra Moderna para Pasillo 83&#215;325 cm\"}]},{\"@type\":\"WebSite\",\"@id\":\"https:\/\/elrincondefehmi.com\/es\/#website\",\"url\":\"https:\/\/elrincondefehmi.com\/es\/\",\"name\":\"El Rinc\u00f3n de Fehmi Madrid\",\"description\":\"Tienda de alfombras en Madrid.  En El Rinc\u00f3n de Fehmi somos especialistas en alfombras artesanales, alfombras modernas contempor\u00e1neas kilims de Turqu\u00eda\",\"potentialAction\":[{\"@type\":\"SearchAction\",\"target\":{\"@type\":\"EntryPoint\",\"urlTemplate\":\"https:\/\/elrincondefehmi.com\/es\/?s={search_term_string}\"},\"query-input\":\"required name=search_term_string\"}],\"inLanguage\":\"es\"}]}<\/script>\n<!-- \/ Yoast SEO plugin. -->","yoast_head_json":{"title":"Alfombras Modernas de Pasillo | El Rinc\u00f3n de Fehmi Madrid","description":"Alfombras Modernas de Pasillo! En El Rinc\u00f3n de Fehmi disponemos una gran variedad de alfombras modernas de pasillo. Precios muy Econ\u00f3micos! Envio Gratis..","robots":{"index":"index","follow":"follow","max-snippet":"max-snippet:-1","max-image-preview":"max-image-preview:large","max-video-preview":"max-video-preview:-1"},"canonical":"https:\/\/elrincondefehmi.com\/es\/tienda\/alfombras-turcas\/alfombras-pasilleras-kilim\/alfombra-moderna-de-pasillo-325-x-83-cm\/","og_locale":"es_ES","og_type":"article","og_title":"Alfombras Modernas de Pasillo | El Rinc\u00f3n de Fehmi Madrid","og_description":"Alfombras Modernas de Pasillo! En El Rinc\u00f3n de Fehmi disponemos una gran variedad de alfombras modernas de pasillo. Precios muy Econ\u00f3micos! Envio Gratis..","og_url":"https:\/\/elrincondefehmi.com\/es\/tienda\/alfombras-turcas\/alfombras-pasilleras-kilim\/alfombra-moderna-de-pasillo-325-x-83-cm\/","og_site_name":"El Rinc\u00f3n de Fehmi Madrid","article_modified_time":"2025-06-27T16:05:35+00:00","og_image":[{"width":500,"height":1250,"url":"https:\/\/elrincondefehmi.com\/es\/wp-content\/uploads\/2023\/05\/IMG_0495-copia-e1579104284944.jpg","type":"image\/jpeg"}],"twitter_card":"summary_large_image","schema":{"@context":"https:\/\/schema.org","@graph":[{"@type":"WebPage","@id":"https:\/\/elrincondefehmi.com\/es\/tienda\/alfombras-turcas\/alfombras-pasilleras-kilim\/alfombra-moderna-de-pasillo-325-x-83-cm\/","url":"https:\/\/elrincondefehmi.com\/es\/tienda\/alfombras-turcas\/alfombras-pasilleras-kilim\/alfombra-moderna-de-pasillo-325-x-83-cm\/","name":"Alfombras Modernas de Pasillo | El Rinc\u00f3n de Fehmi Madrid","isPartOf":{"@id":"https:\/\/elrincondefehmi.com\/es\/#website"},"datePublished":"2023-05-18T05:11:00+00:00","dateModified":"2025-06-27T16:05:35+00:00","description":"Alfombras Modernas de Pasillo! En El Rinc\u00f3n de Fehmi disponemos una gran variedad de alfombras modernas de pasillo. Precios muy Econ\u00f3micos! Envio Gratis..","breadcrumb":{"@id":"https:\/\/elrincondefehmi.com\/es\/tienda\/alfombras-turcas\/alfombras-pasilleras-kilim\/alfombra-moderna-de-pasillo-325-x-83-cm\/#breadcrumb"},"inLanguage":"es","potentialAction":[{"@type":"ReadAction","target":["https:\/\/elrincondefehmi.com\/es\/tienda\/alfombras-turcas\/alfombras-pasilleras-kilim\/alfombra-moderna-de-pasillo-325-x-83-cm\/"]}]},{"@type":"BreadcrumbList","@id":"https:\/\/elrincondefehmi.com\/es\/tienda\/alfombras-turcas\/alfombras-pasilleras-kilim\/alfombra-moderna-de-pasillo-325-x-83-cm\/#breadcrumb","itemListElement":[{"@type":"ListItem","position":1,"name":"PRODUCTOS","item":"https:\/\/elrincondefehmi.com\/es\/all-product\/"},{"@type":"ListItem","position":2,"name":"Alfombra Moderna para Pasillo 83&#215;325 cm"}]},{"@type":"WebSite","@id":"https:\/\/elrincondefehmi.com\/es\/#website","url":"https:\/\/elrincondefehmi.com\/es\/","name":"El Rinc\u00f3n de Fehmi Madrid","description":"Tienda de alfombras en Madrid.  En El Rinc\u00f3n de Fehmi somos especialistas en alfombras artesanales, alfombras modernas contempor\u00e1neas kilims de Turqu\u00eda","potentialAction":[{"@type":"SearchAction","target":{"@type":"EntryPoint","urlTemplate":"https:\/\/elrincondefehmi.com\/es\/?s={search_term_string}"},"query-input":"required name=search_term_string"}],"inLanguage":"es"}]}},"_links":{"self":[{"href":"https:\/\/elrincondefehmi.com\/es\/wp-json\/wp\/v2\/product\/8639"}],"collection":[{"href":"https:\/\/elrincondefehmi.com\/es\/wp-json\/wp\/v2\/product"}],"about":[{"href":"https:\/\/elrincondefehmi.com\/es\/wp-json\/wp\/v2\/types\/product"}],"replies":[{"embeddable":true,"href":"https:\/\/elrincondefehmi.com\/es\/wp-json\/wp\/v2\/comments?post=8639"}],"wp:featuredmedia":[{"embeddable":true,"href":"https:\/\/elrincondefehmi.com\/es\/wp-json\/wp\/v2\/media\/8795"}],"wp:attachment":[{"href":"https:\/\/elrincondefehmi.com\/es\/wp-json\/wp\/v2\/media?parent=8639"}],"wp:term":[{"taxonomy":"product_cat","embeddable":true,"href":"https:\/\/elrincondefehmi.com\/es\/wp-json\/wp\/v2\/product_cat?post=8639"},{"taxonomy":"product_tag","embeddable":true,"href":"https:\/\/elrincondefehmi.com\/es\/wp-json\/wp\/v2\/product_tag?post=8639"}],"curies":[{"name":"wp","href":"https:\/\/api.w.org\/{rel}","templated":true}]}}