{"id":848,"date":"2023-05-18T00:23:59","date_gmt":"2023-05-18T00:23:59","guid":{"rendered":"https:\/\/elrincondefehmi.com\/es\/?post_type=product&#038;p=848"},"modified":"2025-07-01T15:17:26","modified_gmt":"2025-07-01T15:17:26","slug":"cicim-kilim-200-x-164-cm","status":"publish","type":"product","link":"https:\/\/elrincondefehmi.com\/es\/tienda\/kilim\/kilim-turco\/cicim-kilim-200-x-164-cm\/","title":{"rendered":"Kilim bordado cicim 164&#215;200 cm"},"content":{"rendered":"<div class=\"flex flex-grow flex-col max-w-full\">\n<div class=\"min-h-[20px] text-message flex flex-col items-start whitespace-pre-wrap break-words [.text-message+&amp;]:mt-5 juice:w-full juice:items-end overflow-x-auto gap-2\" dir=\"auto\" data-message-author-role=\"assistant\" data-message-id=\"1cf76a95-cb02-4481-9795-f11705e965cd\">\n<div class=\"flex w-full flex-col gap-1 juice:empty:hidden juice:first:pt-[3px]\">\n<div class=\"markdown prose w-full break-words dark:prose-invert light\">Este es un impresionante kilim cicim de <a href=\"https:\/\/www.evaneos.es\/turquia\/?gclsrc=3p.ds&amp;&amp;gclid=db158c73a04f1fca5bb6ea1256b82a19&amp;gclsrc=3p.ds&amp;msclkid=db158c73a04f1fca5bb6ea1256b82a19&amp;utm_source=bing&amp;utm_medium=cpc&amp;utm_campaign=B_DES_CTH-Turquia_ES_es_ES_D%3A22&amp;utm_term=turquia%20guia%20viaje&amp;utm_content=TOP_Guias_D%3A22_ALL\">Anatolia central<\/a>, conocido por su t\u00e9cnica de bordado distintiva. Este tipo de kilim, llamado \u00abcicim\u00bb, se caracteriza por su intrincado dise\u00f1o geom\u00e9trico y el uso de m\u00faltiples colores vibrantes. Con unas medidas de 164&#215;200 cm, este kilim es un verdadero ejemplo de la maestr\u00eda artesanal turca. Los kilims cicim son famosos por sus complejos patrones bordados que se superponen a la estructura tejida b\u00e1sica del kilim. Este kilim en particular presenta una serie de motivos geom\u00e9tricos en una rica paleta de colores, que incluye tonos de rojo, amarillo, azul y negro. Estos colores no solo realzan la belleza del dise\u00f1o, sino que tambi\u00e9n tienen significados culturales y simb\u00f3licos profundos. El rojo, por ejemplo, a menudo simboliza el poder y la pasi\u00f3n, mientras que el azul puede representar la protecci\u00f3n y la buena fortuna. El uso de formas geom\u00e9tricas, como rombos y cuadrados, es t\u00edpico de los kilims cicim y a\u00f1ade un elemento de sofisticaci\u00f3n y dinamismo al dise\u00f1o. Cada motivo est\u00e1 cuidadosamente bordado, lo que demuestra la habilidad y la dedicaci\u00f3n del artesano. Este kilim no solo es una pieza <a href=\"https:\/\/elrincondefehmi.com\/es\/como-decorar-con-una-alfombra\/\">decorativa<\/a> impresionante, sino tambi\u00e9n un testimonio del rico patrimonio cultural de Anatolia. Adem\u00e1s, los kilims de este tipo son muy valorados no solo por su belleza, sino tambi\u00e9n por su durabilidad. La t\u00e9cnica de bordado cicim fortalece la estructura del kilim, haci\u00e9ndolo ideal para el uso diario. Este kilim geom\u00e9trico multicolor es una adici\u00f3n \u00fanica y valiosa para cualquier hogar, ofreciendo tanto funcionalidad como una conexi\u00f3n tangible con la tradici\u00f3n artesanal turca.<\/div>\n<\/div>\n<\/div>\n<\/div>\n","protected":false},"excerpt":{"rendered":"<p>Kilim cicim Origen: Turqu\u00eda, centro de Anatolia Material: Lana Medidas: 164&#215;200 cm Hecho a mano<\/p>\n","protected":false},"featured_media":24595,"comment_status":"open","ping_status":"closed","template":"","meta":[],"product_cat":[434,16],"product_tag":[391,355,353,352],"yoast_head":"<!-- This site is optimized with the Yoast SEO plugin v21.5 - https:\/\/yoast.com\/wordpress\/plugins\/seo\/ -->\n<title>Kilim Geom\u00e9trico Multicolor | El Rinc\u00f3n de Fehmi Madrid | Aut\u00e9nticos Kilims de Turqu\u00eda.<\/title>\n<meta name=\"description\" content=\"Los kilims cicim son famosos por sus complejos patrones bordados que se superponen a la estructura tejida b\u00e1sica del kilim.\" \/>\n<meta name=\"robots\" content=\"index, follow, max-snippet:-1, max-image-preview:large, max-video-preview:-1\" \/>\n<link rel=\"canonical\" href=\"https:\/\/elrincondefehmi.com\/es\/tienda\/kilim\/kilim-turco\/cicim-kilim-200-x-164-cm\/\" \/>\n<meta property=\"og:locale\" content=\"es_ES\" \/>\n<meta property=\"og:type\" content=\"article\" \/>\n<meta property=\"og:title\" content=\"Kilim Geom\u00e9trico Multicolor | El Rinc\u00f3n de Fehmi Madrid | Aut\u00e9nticos Kilims de Turqu\u00eda.\" \/>\n<meta property=\"og:description\" content=\"Los kilims cicim son famosos por sus complejos patrones bordados que se superponen a la estructura tejida b\u00e1sica del kilim.\" \/>\n<meta property=\"og:url\" content=\"https:\/\/elrincondefehmi.com\/es\/tienda\/kilim\/kilim-turco\/cicim-kilim-200-x-164-cm\/\" \/>\n<meta property=\"og:site_name\" content=\"El Rinc\u00f3n de Fehmi Madrid\" \/>\n<meta property=\"article:modified_time\" content=\"2025-07-01T15:17:26+00:00\" \/>\n<meta property=\"og:image\" content=\"https:\/\/elrincondefehmi.com\/es\/wp-content\/uploads\/2023\/05\/IMG_33773.jpg\" \/>\n\t<meta property=\"og:image:width\" content=\"852\" \/>\n\t<meta property=\"og:image:height\" content=\"1070\" \/>\n\t<meta property=\"og:image:type\" content=\"image\/jpeg\" \/>\n<meta name=\"twitter:card\" content=\"summary_large_image\" \/>\n<script type=\"application\/ld+json\" class=\"yoast-schema-graph\">{\"@context\":\"https:\/\/schema.org\",\"@graph\":[{\"@type\":\"WebPage\",\"@id\":\"https:\/\/elrincondefehmi.com\/es\/tienda\/kilim\/kilim-turco\/cicim-kilim-200-x-164-cm\/\",\"url\":\"https:\/\/elrincondefehmi.com\/es\/tienda\/kilim\/kilim-turco\/cicim-kilim-200-x-164-cm\/\",\"name\":\"Kilim Geom\u00e9trico Multicolor | El Rinc\u00f3n de Fehmi Madrid | Aut\u00e9nticos Kilims de Turqu\u00eda.\",\"isPartOf\":{\"@id\":\"https:\/\/elrincondefehmi.com\/es\/#website\"},\"datePublished\":\"2023-05-18T00:23:59+00:00\",\"dateModified\":\"2025-07-01T15:17:26+00:00\",\"description\":\"Los kilims cicim son famosos por sus complejos patrones bordados que se superponen a la estructura tejida b\u00e1sica del kilim.\",\"breadcrumb\":{\"@id\":\"https:\/\/elrincondefehmi.com\/es\/tienda\/kilim\/kilim-turco\/cicim-kilim-200-x-164-cm\/#breadcrumb\"},\"inLanguage\":\"es\",\"potentialAction\":[{\"@type\":\"ReadAction\",\"target\":[\"https:\/\/elrincondefehmi.com\/es\/tienda\/kilim\/kilim-turco\/cicim-kilim-200-x-164-cm\/\"]}]},{\"@type\":\"BreadcrumbList\",\"@id\":\"https:\/\/elrincondefehmi.com\/es\/tienda\/kilim\/kilim-turco\/cicim-kilim-200-x-164-cm\/#breadcrumb\",\"itemListElement\":[{\"@type\":\"ListItem\",\"position\":1,\"name\":\"PRODUCTOS\",\"item\":\"https:\/\/elrincondefehmi.com\/es\/all-product\/\"},{\"@type\":\"ListItem\",\"position\":2,\"name\":\"Kilim bordado cicim 164&#215;200 cm\"}]},{\"@type\":\"WebSite\",\"@id\":\"https:\/\/elrincondefehmi.com\/es\/#website\",\"url\":\"https:\/\/elrincondefehmi.com\/es\/\",\"name\":\"El Rinc\u00f3n de Fehmi Madrid\",\"description\":\"Tienda de alfombras en Madrid.  En El Rinc\u00f3n de Fehmi somos especialistas en alfombras artesanales, alfombras modernas contempor\u00e1neas kilims de Turqu\u00eda\",\"potentialAction\":[{\"@type\":\"SearchAction\",\"target\":{\"@type\":\"EntryPoint\",\"urlTemplate\":\"https:\/\/elrincondefehmi.com\/es\/?s={search_term_string}\"},\"query-input\":\"required name=search_term_string\"}],\"inLanguage\":\"es\"}]}<\/script>\n<!-- \/ Yoast SEO plugin. -->","yoast_head_json":{"title":"Kilim Geom\u00e9trico Multicolor | El Rinc\u00f3n de Fehmi Madrid | Aut\u00e9nticos Kilims de Turqu\u00eda.","description":"Los kilims cicim son famosos por sus complejos patrones bordados que se superponen a la estructura tejida b\u00e1sica del kilim.","robots":{"index":"index","follow":"follow","max-snippet":"max-snippet:-1","max-image-preview":"max-image-preview:large","max-video-preview":"max-video-preview:-1"},"canonical":"https:\/\/elrincondefehmi.com\/es\/tienda\/kilim\/kilim-turco\/cicim-kilim-200-x-164-cm\/","og_locale":"es_ES","og_type":"article","og_title":"Kilim Geom\u00e9trico Multicolor | El Rinc\u00f3n de Fehmi Madrid | Aut\u00e9nticos Kilims de Turqu\u00eda.","og_description":"Los kilims cicim son famosos por sus complejos patrones bordados que se superponen a la estructura tejida b\u00e1sica del kilim.","og_url":"https:\/\/elrincondefehmi.com\/es\/tienda\/kilim\/kilim-turco\/cicim-kilim-200-x-164-cm\/","og_site_name":"El Rinc\u00f3n de Fehmi Madrid","article_modified_time":"2025-07-01T15:17:26+00:00","og_image":[{"width":852,"height":1070,"url":"https:\/\/elrincondefehmi.com\/es\/wp-content\/uploads\/2023\/05\/IMG_33773.jpg","type":"image\/jpeg"}],"twitter_card":"summary_large_image","schema":{"@context":"https:\/\/schema.org","@graph":[{"@type":"WebPage","@id":"https:\/\/elrincondefehmi.com\/es\/tienda\/kilim\/kilim-turco\/cicim-kilim-200-x-164-cm\/","url":"https:\/\/elrincondefehmi.com\/es\/tienda\/kilim\/kilim-turco\/cicim-kilim-200-x-164-cm\/","name":"Kilim Geom\u00e9trico Multicolor | El Rinc\u00f3n de Fehmi Madrid | Aut\u00e9nticos Kilims de Turqu\u00eda.","isPartOf":{"@id":"https:\/\/elrincondefehmi.com\/es\/#website"},"datePublished":"2023-05-18T00:23:59+00:00","dateModified":"2025-07-01T15:17:26+00:00","description":"Los kilims cicim son famosos por sus complejos patrones bordados que se superponen a la estructura tejida b\u00e1sica del kilim.","breadcrumb":{"@id":"https:\/\/elrincondefehmi.com\/es\/tienda\/kilim\/kilim-turco\/cicim-kilim-200-x-164-cm\/#breadcrumb"},"inLanguage":"es","potentialAction":[{"@type":"ReadAction","target":["https:\/\/elrincondefehmi.com\/es\/tienda\/kilim\/kilim-turco\/cicim-kilim-200-x-164-cm\/"]}]},{"@type":"BreadcrumbList","@id":"https:\/\/elrincondefehmi.com\/es\/tienda\/kilim\/kilim-turco\/cicim-kilim-200-x-164-cm\/#breadcrumb","itemListElement":[{"@type":"ListItem","position":1,"name":"PRODUCTOS","item":"https:\/\/elrincondefehmi.com\/es\/all-product\/"},{"@type":"ListItem","position":2,"name":"Kilim bordado cicim 164&#215;200 cm"}]},{"@type":"WebSite","@id":"https:\/\/elrincondefehmi.com\/es\/#website","url":"https:\/\/elrincondefehmi.com\/es\/","name":"El Rinc\u00f3n de Fehmi Madrid","description":"Tienda de alfombras en Madrid.  En El Rinc\u00f3n de Fehmi somos especialistas en alfombras artesanales, alfombras modernas contempor\u00e1neas kilims de Turqu\u00eda","potentialAction":[{"@type":"SearchAction","target":{"@type":"EntryPoint","urlTemplate":"https:\/\/elrincondefehmi.com\/es\/?s={search_term_string}"},"query-input":"required name=search_term_string"}],"inLanguage":"es"}]}},"_links":{"self":[{"href":"https:\/\/elrincondefehmi.com\/es\/wp-json\/wp\/v2\/product\/848"}],"collection":[{"href":"https:\/\/elrincondefehmi.com\/es\/wp-json\/wp\/v2\/product"}],"about":[{"href":"https:\/\/elrincondefehmi.com\/es\/wp-json\/wp\/v2\/types\/product"}],"replies":[{"embeddable":true,"href":"https:\/\/elrincondefehmi.com\/es\/wp-json\/wp\/v2\/comments?post=848"}],"wp:featuredmedia":[{"embeddable":true,"href":"https:\/\/elrincondefehmi.com\/es\/wp-json\/wp\/v2\/media\/24595"}],"wp:attachment":[{"href":"https:\/\/elrincondefehmi.com\/es\/wp-json\/wp\/v2\/media?parent=848"}],"wp:term":[{"taxonomy":"product_cat","embeddable":true,"href":"https:\/\/elrincondefehmi.com\/es\/wp-json\/wp\/v2\/product_cat?post=848"},{"taxonomy":"product_tag","embeddable":true,"href":"https:\/\/elrincondefehmi.com\/es\/wp-json\/wp\/v2\/product_tag?post=848"}],"curies":[{"name":"wp","href":"https:\/\/api.w.org\/{rel}","templated":true}]}}