{"id":8124,"date":"2023-05-18T04:13:04","date_gmt":"2023-05-18T04:13:04","guid":{"rendered":"https:\/\/elrincondefehmi.com\/es\/?post_type=product&#038;p=8124"},"modified":"2025-06-30T18:27:02","modified_gmt":"2025-06-30T18:27:02","slug":"sumak-kilim-rahrah-100x87cm","status":"publish","type":"product","link":"https:\/\/elrincondefehmi.com\/es\/tienda\/kilim\/sumak\/sumak-kilim-rahrah-100x87cm\/","title":{"rendered":"Rahrah kilim 104&#215;141 cm"},"content":{"rendered":"<p><strong>Kilim Rahrah de la Regi\u00f3n de Van &#8211; 104&#215;141 cm<\/strong> Este impresionante kilim Rahrah proviene de la zona noreste de Turqu\u00eda, espec\u00edficamente de la regi\u00f3n de la ciudad de Van. Con unas dimensiones de 104&#215;141 cm, este kilim destaca no solo por su tama\u00f1o, sino tambi\u00e9n por la calidad y detalle de su confecci\u00f3n. <strong>Colores y Motivos:<\/strong> El kilim presenta una gran paleta de colores dominada por tonos rojos, azul marino y beige. Estos colores se obtienen de tintes vegetales naturales, lo que garantiza su durabilidad y resistencia al desvanecimiento. Los motivos geom\u00e9tricos y florales que adornan el kilim tienen un profundo significado cultural, representando la fertilidad, la protecci\u00f3n y la prosperidad. <strong>T\u00e9cnica Especial:<\/strong> A diferencia de otros kilims, el Rahrah se teje utilizando una t\u00e9cnica especial que incorpora patrones m\u00e1s intrincados y detallados. Esta t\u00e9cnica, que requiere una gran habilidad y precisi\u00f3n, permite crear dise\u00f1os m\u00e1s complejos y elaborados que son un sello distintivo de los kilims de la regi\u00f3n de Van. <strong>Material:<\/strong> Este kilim est\u00e1 confeccionado con lana de alta calidad hilada a mano, lo que le confiere una textura suave y una apariencia robusta. La lana utilizada es conocida por su resistencia y capacidad de mantener su forma y color con el tiempo. <strong>Decoraci\u00f3n:<\/strong> El kilim Rahrah es ideal para a\u00f1adir un toque de autenticidad y tradici\u00f3n a cualquier espacio. Su dise\u00f1o intrincado y sus colores vibrantes lo hacen perfecto para una decoraci\u00f3n r\u00fastica o \u00e9tnica, aportando calidez y car\u00e1cter a la estancia. Este kilim Rahrah no solo es una pieza decorativa, sino tambi\u00e9n un testimonio de la rica herencia artesanal de Turqu\u00eda, una pieza \u00fanica que aportar\u00e1 historia y elegancia a su hogar.<\/p>\n","protected":false},"excerpt":{"rendered":"<p>Rahrah kilim Material: Lana Medidas: 104&#215;141 cm Hecho a mano Origen: Noreste de Turqu\u00eda, la regi\u00f3n de Van<\/p>\n","protected":false},"featured_media":24371,"comment_status":"open","ping_status":"closed","template":"","meta":[],"product_cat":[434,103,16],"product_tag":[391,355,353,352],"yoast_head":"<!-- This site is optimized with the Yoast SEO plugin v21.5 - https:\/\/yoast.com\/wordpress\/plugins\/seo\/ -->\n<title>Alfombras y Kilims en Madrid | El Rinc\u00f3n de Fehmi Madrid<\/title>\n<meta name=\"robots\" content=\"index, follow, max-snippet:-1, max-image-preview:large, max-video-preview:-1\" \/>\n<link rel=\"canonical\" href=\"https:\/\/elrincondefehmi.com\/es\/tienda\/kilim\/sumak\/sumak-kilim-rahrah-100x87cm\/\" \/>\n<meta property=\"og:locale\" content=\"es_ES\" \/>\n<meta property=\"og:type\" content=\"article\" \/>\n<meta property=\"og:title\" content=\"Alfombras y Kilims en Madrid | El Rinc\u00f3n de Fehmi Madrid\" \/>\n<meta property=\"og:description\" content=\"Rahrah kilim Material: Lana Medidas: 104x141 cm Hecho a mano Origen: Noreste de Turqu\u00eda, la regi\u00f3n de Van\" \/>\n<meta property=\"og:url\" content=\"https:\/\/elrincondefehmi.com\/es\/tienda\/kilim\/sumak\/sumak-kilim-rahrah-100x87cm\/\" \/>\n<meta property=\"og:site_name\" content=\"El Rinc\u00f3n de Fehmi Madrid\" \/>\n<meta property=\"article:modified_time\" content=\"2025-06-30T18:27:02+00:00\" \/>\n<meta property=\"og:image\" content=\"https:\/\/elrincondefehmi.com\/es\/wp-content\/uploads\/2023\/05\/IMG_3523.jpg\" \/>\n\t<meta property=\"og:image:width\" content=\"800\" \/>\n\t<meta property=\"og:image:height\" content=\"1070\" \/>\n\t<meta property=\"og:image:type\" content=\"image\/jpeg\" \/>\n<meta name=\"twitter:card\" content=\"summary_large_image\" \/>\n<script type=\"application\/ld+json\" class=\"yoast-schema-graph\">{\"@context\":\"https:\/\/schema.org\",\"@graph\":[{\"@type\":\"WebPage\",\"@id\":\"https:\/\/elrincondefehmi.com\/es\/tienda\/kilim\/sumak\/sumak-kilim-rahrah-100x87cm\/\",\"url\":\"https:\/\/elrincondefehmi.com\/es\/tienda\/kilim\/sumak\/sumak-kilim-rahrah-100x87cm\/\",\"name\":\"Alfombras y Kilims en Madrid | El Rinc\u00f3n de Fehmi Madrid\",\"isPartOf\":{\"@id\":\"https:\/\/elrincondefehmi.com\/es\/#website\"},\"datePublished\":\"2023-05-18T04:13:04+00:00\",\"dateModified\":\"2025-06-30T18:27:02+00:00\",\"breadcrumb\":{\"@id\":\"https:\/\/elrincondefehmi.com\/es\/tienda\/kilim\/sumak\/sumak-kilim-rahrah-100x87cm\/#breadcrumb\"},\"inLanguage\":\"es\",\"potentialAction\":[{\"@type\":\"ReadAction\",\"target\":[\"https:\/\/elrincondefehmi.com\/es\/tienda\/kilim\/sumak\/sumak-kilim-rahrah-100x87cm\/\"]}]},{\"@type\":\"BreadcrumbList\",\"@id\":\"https:\/\/elrincondefehmi.com\/es\/tienda\/kilim\/sumak\/sumak-kilim-rahrah-100x87cm\/#breadcrumb\",\"itemListElement\":[{\"@type\":\"ListItem\",\"position\":1,\"name\":\"PRODUCTOS\",\"item\":\"https:\/\/elrincondefehmi.com\/es\/all-product\/\"},{\"@type\":\"ListItem\",\"position\":2,\"name\":\"Rahrah kilim 104&#215;141 cm\"}]},{\"@type\":\"WebSite\",\"@id\":\"https:\/\/elrincondefehmi.com\/es\/#website\",\"url\":\"https:\/\/elrincondefehmi.com\/es\/\",\"name\":\"El Rinc\u00f3n de Fehmi Madrid\",\"description\":\"Tienda de alfombras en Madrid.  En El Rinc\u00f3n de Fehmi somos especialistas en alfombras artesanales, alfombras modernas contempor\u00e1neas kilims de Turqu\u00eda\",\"potentialAction\":[{\"@type\":\"SearchAction\",\"target\":{\"@type\":\"EntryPoint\",\"urlTemplate\":\"https:\/\/elrincondefehmi.com\/es\/?s={search_term_string}\"},\"query-input\":\"required name=search_term_string\"}],\"inLanguage\":\"es\"}]}<\/script>\n<!-- \/ Yoast SEO plugin. -->","yoast_head_json":{"title":"Alfombras y Kilims en Madrid | El Rinc\u00f3n de Fehmi Madrid","robots":{"index":"index","follow":"follow","max-snippet":"max-snippet:-1","max-image-preview":"max-image-preview:large","max-video-preview":"max-video-preview:-1"},"canonical":"https:\/\/elrincondefehmi.com\/es\/tienda\/kilim\/sumak\/sumak-kilim-rahrah-100x87cm\/","og_locale":"es_ES","og_type":"article","og_title":"Alfombras y Kilims en Madrid | El Rinc\u00f3n de Fehmi Madrid","og_description":"Rahrah kilim Material: Lana Medidas: 104x141 cm Hecho a mano Origen: Noreste de Turqu\u00eda, la regi\u00f3n de Van","og_url":"https:\/\/elrincondefehmi.com\/es\/tienda\/kilim\/sumak\/sumak-kilim-rahrah-100x87cm\/","og_site_name":"El Rinc\u00f3n de Fehmi Madrid","article_modified_time":"2025-06-30T18:27:02+00:00","og_image":[{"width":800,"height":1070,"url":"https:\/\/elrincondefehmi.com\/es\/wp-content\/uploads\/2023\/05\/IMG_3523.jpg","type":"image\/jpeg"}],"twitter_card":"summary_large_image","schema":{"@context":"https:\/\/schema.org","@graph":[{"@type":"WebPage","@id":"https:\/\/elrincondefehmi.com\/es\/tienda\/kilim\/sumak\/sumak-kilim-rahrah-100x87cm\/","url":"https:\/\/elrincondefehmi.com\/es\/tienda\/kilim\/sumak\/sumak-kilim-rahrah-100x87cm\/","name":"Alfombras y Kilims en Madrid | El Rinc\u00f3n de Fehmi Madrid","isPartOf":{"@id":"https:\/\/elrincondefehmi.com\/es\/#website"},"datePublished":"2023-05-18T04:13:04+00:00","dateModified":"2025-06-30T18:27:02+00:00","breadcrumb":{"@id":"https:\/\/elrincondefehmi.com\/es\/tienda\/kilim\/sumak\/sumak-kilim-rahrah-100x87cm\/#breadcrumb"},"inLanguage":"es","potentialAction":[{"@type":"ReadAction","target":["https:\/\/elrincondefehmi.com\/es\/tienda\/kilim\/sumak\/sumak-kilim-rahrah-100x87cm\/"]}]},{"@type":"BreadcrumbList","@id":"https:\/\/elrincondefehmi.com\/es\/tienda\/kilim\/sumak\/sumak-kilim-rahrah-100x87cm\/#breadcrumb","itemListElement":[{"@type":"ListItem","position":1,"name":"PRODUCTOS","item":"https:\/\/elrincondefehmi.com\/es\/all-product\/"},{"@type":"ListItem","position":2,"name":"Rahrah kilim 104&#215;141 cm"}]},{"@type":"WebSite","@id":"https:\/\/elrincondefehmi.com\/es\/#website","url":"https:\/\/elrincondefehmi.com\/es\/","name":"El Rinc\u00f3n de Fehmi Madrid","description":"Tienda de alfombras en Madrid.  En El Rinc\u00f3n de Fehmi somos especialistas en alfombras artesanales, alfombras modernas contempor\u00e1neas kilims de Turqu\u00eda","potentialAction":[{"@type":"SearchAction","target":{"@type":"EntryPoint","urlTemplate":"https:\/\/elrincondefehmi.com\/es\/?s={search_term_string}"},"query-input":"required name=search_term_string"}],"inLanguage":"es"}]}},"_links":{"self":[{"href":"https:\/\/elrincondefehmi.com\/es\/wp-json\/wp\/v2\/product\/8124"}],"collection":[{"href":"https:\/\/elrincondefehmi.com\/es\/wp-json\/wp\/v2\/product"}],"about":[{"href":"https:\/\/elrincondefehmi.com\/es\/wp-json\/wp\/v2\/types\/product"}],"replies":[{"embeddable":true,"href":"https:\/\/elrincondefehmi.com\/es\/wp-json\/wp\/v2\/comments?post=8124"}],"wp:featuredmedia":[{"embeddable":true,"href":"https:\/\/elrincondefehmi.com\/es\/wp-json\/wp\/v2\/media\/24371"}],"wp:attachment":[{"href":"https:\/\/elrincondefehmi.com\/es\/wp-json\/wp\/v2\/media?parent=8124"}],"wp:term":[{"taxonomy":"product_cat","embeddable":true,"href":"https:\/\/elrincondefehmi.com\/es\/wp-json\/wp\/v2\/product_cat?post=8124"},{"taxonomy":"product_tag","embeddable":true,"href":"https:\/\/elrincondefehmi.com\/es\/wp-json\/wp\/v2\/product_tag?post=8124"}],"curies":[{"name":"wp","href":"https:\/\/api.w.org\/{rel}","templated":true}]}}