{"id":8111,"date":"2023-05-18T04:12:34","date_gmt":"2023-05-18T04:12:34","guid":{"rendered":"https:\/\/elrincondefehmi.com\/es\/?post_type=product&#038;p=8111"},"modified":"2025-06-30T18:29:01","modified_gmt":"2025-06-30T18:29:01","slug":"kilim-rahrah-102x83cm","status":"publish","type":"product","link":"https:\/\/elrincondefehmi.com\/es\/tienda\/kilim\/kilim-turco\/kilim-rahrah-102x83cm\/","title":{"rendered":"Kilim Rahrah turco 102&#215;136 cm"},"content":{"rendered":"<h3>Kilim Rahrah de la Regi\u00f3n de Van 102&#215;136 cm<\/h3>\n<p>Este kilim Rahrah, originario de la regi\u00f3n de Van en el noreste de Turqu\u00eda, mide 102&#215;136 cm. Confeccionado con t\u00e9cnicas tradicionales de tejido, este kilim se distingue por su elaboraci\u00f3n artesanal y su durabilidad excepcional. Los kilims Rahrah se caracterizan por la densidad de sus nudos y la precisi\u00f3n en sus dise\u00f1os geom\u00e9tricos. Los colores predominantes de este kilim incluyen tonos c\u00e1lidos de rojo, beige y azul marino, que se combinan armoniosamente para crear un patr\u00f3n intrincado y atractivo. Los motivos geom\u00e9tricos presentes en el dise\u00f1o simbolizan elementos culturales y tradicionales, como la protecci\u00f3n y la prosperidad. El uso de lana de alta calidad hilada a mano y tintes naturales asegura que este kilim no solo sea una pieza decorativa, sino tambi\u00e9n una inversi\u00f3n en calidad y artesan\u00eda. La t\u00e9cnica especial de tejido Rahrah aporta una textura \u00fanica y una resistencia superior, diferenci\u00e1ndolo de los kilims comunes. Ideal para espacios r\u00fasticos y modernos, este kilim Rahrah es una expresi\u00f3n de la rica herencia cultural de la regi\u00f3n de Van, aportando un toque de autenticidad y elegancia a cualquier ambiente.<\/p>\n","protected":false},"excerpt":{"rendered":"<p>Origen: Noreste de Turqu\u00eda la regi\u00f3n de Van Material: Lana Medidas: 102&#215;136 cm Hecho a mano<\/p>\n","protected":false},"featured_media":24394,"comment_status":"open","ping_status":"closed","template":"","meta":[],"product_cat":[434,16],"product_tag":[391,355,353,352],"yoast_head":"<!-- This site is optimized with the Yoast SEO plugin v21.5 - https:\/\/yoast.com\/wordpress\/plugins\/seo\/ -->\n<title>Alfombras y Kilims en Madrid | El Rinc\u00f3n de Fehmi Madrid<\/title>\n<meta name=\"robots\" content=\"index, follow, max-snippet:-1, max-image-preview:large, max-video-preview:-1\" \/>\n<link rel=\"canonical\" href=\"https:\/\/elrincondefehmi.com\/es\/tienda\/kilim\/kilim-turco\/kilim-rahrah-102x83cm\/\" \/>\n<meta property=\"og:locale\" content=\"es_ES\" \/>\n<meta property=\"og:type\" content=\"article\" \/>\n<meta property=\"og:title\" content=\"Alfombras y Kilims en Madrid | El Rinc\u00f3n de Fehmi Madrid\" \/>\n<meta property=\"og:description\" content=\"Origen: Noreste de Turqu\u00eda la regi\u00f3n de Van Material: Lana Medidas: 102x136 cm Hecho a mano\" \/>\n<meta property=\"og:url\" content=\"https:\/\/elrincondefehmi.com\/es\/tienda\/kilim\/kilim-turco\/kilim-rahrah-102x83cm\/\" \/>\n<meta property=\"og:site_name\" content=\"El Rinc\u00f3n de Fehmi Madrid\" \/>\n<meta property=\"article:modified_time\" content=\"2025-06-30T18:29:01+00:00\" \/>\n<meta property=\"og:image\" content=\"https:\/\/elrincondefehmi.com\/es\/wp-content\/uploads\/2023\/05\/IMG_3560.jpg\" \/>\n\t<meta property=\"og:image:width\" content=\"810\" \/>\n\t<meta property=\"og:image:height\" content=\"1070\" \/>\n\t<meta property=\"og:image:type\" content=\"image\/jpeg\" \/>\n<meta name=\"twitter:card\" content=\"summary_large_image\" \/>\n<script type=\"application\/ld+json\" class=\"yoast-schema-graph\">{\"@context\":\"https:\/\/schema.org\",\"@graph\":[{\"@type\":\"WebPage\",\"@id\":\"https:\/\/elrincondefehmi.com\/es\/tienda\/kilim\/kilim-turco\/kilim-rahrah-102x83cm\/\",\"url\":\"https:\/\/elrincondefehmi.com\/es\/tienda\/kilim\/kilim-turco\/kilim-rahrah-102x83cm\/\",\"name\":\"Alfombras y Kilims en Madrid | El Rinc\u00f3n de Fehmi Madrid\",\"isPartOf\":{\"@id\":\"https:\/\/elrincondefehmi.com\/es\/#website\"},\"datePublished\":\"2023-05-18T04:12:34+00:00\",\"dateModified\":\"2025-06-30T18:29:01+00:00\",\"breadcrumb\":{\"@id\":\"https:\/\/elrincondefehmi.com\/es\/tienda\/kilim\/kilim-turco\/kilim-rahrah-102x83cm\/#breadcrumb\"},\"inLanguage\":\"es\",\"potentialAction\":[{\"@type\":\"ReadAction\",\"target\":[\"https:\/\/elrincondefehmi.com\/es\/tienda\/kilim\/kilim-turco\/kilim-rahrah-102x83cm\/\"]}]},{\"@type\":\"BreadcrumbList\",\"@id\":\"https:\/\/elrincondefehmi.com\/es\/tienda\/kilim\/kilim-turco\/kilim-rahrah-102x83cm\/#breadcrumb\",\"itemListElement\":[{\"@type\":\"ListItem\",\"position\":1,\"name\":\"PRODUCTOS\",\"item\":\"https:\/\/elrincondefehmi.com\/es\/all-product\/\"},{\"@type\":\"ListItem\",\"position\":2,\"name\":\"Kilim Rahrah turco 102&#215;136 cm\"}]},{\"@type\":\"WebSite\",\"@id\":\"https:\/\/elrincondefehmi.com\/es\/#website\",\"url\":\"https:\/\/elrincondefehmi.com\/es\/\",\"name\":\"El Rinc\u00f3n de Fehmi Madrid\",\"description\":\"Tienda de alfombras en Madrid.  En El Rinc\u00f3n de Fehmi somos especialistas en alfombras artesanales, alfombras modernas contempor\u00e1neas kilims de Turqu\u00eda\",\"potentialAction\":[{\"@type\":\"SearchAction\",\"target\":{\"@type\":\"EntryPoint\",\"urlTemplate\":\"https:\/\/elrincondefehmi.com\/es\/?s={search_term_string}\"},\"query-input\":\"required name=search_term_string\"}],\"inLanguage\":\"es\"}]}<\/script>\n<!-- \/ Yoast SEO plugin. -->","yoast_head_json":{"title":"Alfombras y Kilims en Madrid | El Rinc\u00f3n de Fehmi Madrid","robots":{"index":"index","follow":"follow","max-snippet":"max-snippet:-1","max-image-preview":"max-image-preview:large","max-video-preview":"max-video-preview:-1"},"canonical":"https:\/\/elrincondefehmi.com\/es\/tienda\/kilim\/kilim-turco\/kilim-rahrah-102x83cm\/","og_locale":"es_ES","og_type":"article","og_title":"Alfombras y Kilims en Madrid | El Rinc\u00f3n de Fehmi Madrid","og_description":"Origen: Noreste de Turqu\u00eda la regi\u00f3n de Van Material: Lana Medidas: 102x136 cm Hecho a mano","og_url":"https:\/\/elrincondefehmi.com\/es\/tienda\/kilim\/kilim-turco\/kilim-rahrah-102x83cm\/","og_site_name":"El Rinc\u00f3n de Fehmi Madrid","article_modified_time":"2025-06-30T18:29:01+00:00","og_image":[{"width":810,"height":1070,"url":"https:\/\/elrincondefehmi.com\/es\/wp-content\/uploads\/2023\/05\/IMG_3560.jpg","type":"image\/jpeg"}],"twitter_card":"summary_large_image","schema":{"@context":"https:\/\/schema.org","@graph":[{"@type":"WebPage","@id":"https:\/\/elrincondefehmi.com\/es\/tienda\/kilim\/kilim-turco\/kilim-rahrah-102x83cm\/","url":"https:\/\/elrincondefehmi.com\/es\/tienda\/kilim\/kilim-turco\/kilim-rahrah-102x83cm\/","name":"Alfombras y Kilims en Madrid | El Rinc\u00f3n de Fehmi Madrid","isPartOf":{"@id":"https:\/\/elrincondefehmi.com\/es\/#website"},"datePublished":"2023-05-18T04:12:34+00:00","dateModified":"2025-06-30T18:29:01+00:00","breadcrumb":{"@id":"https:\/\/elrincondefehmi.com\/es\/tienda\/kilim\/kilim-turco\/kilim-rahrah-102x83cm\/#breadcrumb"},"inLanguage":"es","potentialAction":[{"@type":"ReadAction","target":["https:\/\/elrincondefehmi.com\/es\/tienda\/kilim\/kilim-turco\/kilim-rahrah-102x83cm\/"]}]},{"@type":"BreadcrumbList","@id":"https:\/\/elrincondefehmi.com\/es\/tienda\/kilim\/kilim-turco\/kilim-rahrah-102x83cm\/#breadcrumb","itemListElement":[{"@type":"ListItem","position":1,"name":"PRODUCTOS","item":"https:\/\/elrincondefehmi.com\/es\/all-product\/"},{"@type":"ListItem","position":2,"name":"Kilim Rahrah turco 102&#215;136 cm"}]},{"@type":"WebSite","@id":"https:\/\/elrincondefehmi.com\/es\/#website","url":"https:\/\/elrincondefehmi.com\/es\/","name":"El Rinc\u00f3n de Fehmi Madrid","description":"Tienda de alfombras en Madrid.  En El Rinc\u00f3n de Fehmi somos especialistas en alfombras artesanales, alfombras modernas contempor\u00e1neas kilims de Turqu\u00eda","potentialAction":[{"@type":"SearchAction","target":{"@type":"EntryPoint","urlTemplate":"https:\/\/elrincondefehmi.com\/es\/?s={search_term_string}"},"query-input":"required name=search_term_string"}],"inLanguage":"es"}]}},"_links":{"self":[{"href":"https:\/\/elrincondefehmi.com\/es\/wp-json\/wp\/v2\/product\/8111"}],"collection":[{"href":"https:\/\/elrincondefehmi.com\/es\/wp-json\/wp\/v2\/product"}],"about":[{"href":"https:\/\/elrincondefehmi.com\/es\/wp-json\/wp\/v2\/types\/product"}],"replies":[{"embeddable":true,"href":"https:\/\/elrincondefehmi.com\/es\/wp-json\/wp\/v2\/comments?post=8111"}],"wp:featuredmedia":[{"embeddable":true,"href":"https:\/\/elrincondefehmi.com\/es\/wp-json\/wp\/v2\/media\/24394"}],"wp:attachment":[{"href":"https:\/\/elrincondefehmi.com\/es\/wp-json\/wp\/v2\/media?parent=8111"}],"wp:term":[{"taxonomy":"product_cat","embeddable":true,"href":"https:\/\/elrincondefehmi.com\/es\/wp-json\/wp\/v2\/product_cat?post=8111"},{"taxonomy":"product_tag","embeddable":true,"href":"https:\/\/elrincondefehmi.com\/es\/wp-json\/wp\/v2\/product_tag?post=8111"}],"curies":[{"name":"wp","href":"https:\/\/api.w.org\/{rel}","templated":true}]}}