{"id":8065,"date":"2023-05-18T04:10:49","date_gmt":"2023-05-18T04:10:49","guid":{"rendered":"https:\/\/elrincondefehmi.com\/es\/?post_type=product&#038;p=8065"},"modified":"2025-07-01T09:51:14","modified_gmt":"2025-07-01T09:51:14","slug":"kilim-rahrah-203x124cm","status":"publish","type":"product","link":"https:\/\/elrincondefehmi.com\/es\/tienda\/kilim\/sumak\/kilim-rahrah-203x124cm\/","title":{"rendered":"Kilim bordado Soumak 102&#215;149 cm"},"content":{"rendered":"<h3>Kilim Soumak Seda y Algod\u00f3n 100&#215;142 cm<\/h3>\n<p>Este elegante kilim Soumak, con medidas de 100&#215;142 cm, es una obra maestra que combina seda y algod\u00f3n para crear un dise\u00f1o de gran sofisticaci\u00f3n y durabilidad. El interior del kilim est\u00e1 hecho de algod\u00f3n, mientras que la superficie est\u00e1 tejida con seda, otorg\u00e1ndole un brillo y suavidad excepcionales. Los kilims Soumak se caracterizan por su t\u00e9cnica de tejido \u00fanica que produce una textura distintiva y compleja. Esta t\u00e9cnica, originaria del C\u00e1ucaso y extendida a otras regiones como Ir\u00e1n y Turqu\u00eda, involucra un proceso de tejido plano con hilos adicionales que se entrelazan sobre la base para crear patrones intrincados y elevados. Este m\u00e9todo no solo proporciona una rica apariencia visual, sino tambi\u00e9n una durabilidad superior. El dise\u00f1o de este kilim Soumak presenta un patr\u00f3n geom\u00e9trico complejo con colores vivos y detalles minuciosos que narran historias y s\u00edmbolos culturales. Los motivos pueden incluir elementos como figuras de animales, motivos florales y s\u00edmbolos abstractos que representan diversos aspectos de la vida y la naturaleza. Los kilims Soumak son valorados no solo por su belleza est\u00e9tica sino tambi\u00e9n por su herencia cultural. Este kilim en particular, con su combinaci\u00f3n de seda y algod\u00f3n, es ideal para a\u00f1adir un toque de lujo y tradici\u00f3n a cualquier espacio.<\/p>\n","protected":false},"excerpt":{"rendered":"<p>Kilim bordado Soumak Origen: La regi\u00f3n Caucaso Material: Algod\u00f3n y seda Medidas: 102&#215;149 cm Hecho a mano<\/p>\n","protected":false},"featured_media":24645,"comment_status":"open","ping_status":"closed","template":"","meta":[],"product_cat":[434,103,16],"product_tag":[391,355,353,352],"yoast_head":"<!-- This site is optimized with the Yoast SEO plugin v21.5 - https:\/\/yoast.com\/wordpress\/plugins\/seo\/ -->\n<title>Comprar Kilim Soumak | El Rinc\u00f3n de Fehmi Madrid | Original Art<\/title>\n<meta name=\"description\" content=\"Este elegante kilim Soumak, es una obra maestra que combina seda y algod\u00f3n para crear un dise\u00f1o de gran sofisticaci\u00f3n y durabilidad.\" \/>\n<meta name=\"robots\" content=\"index, follow, max-snippet:-1, max-image-preview:large, max-video-preview:-1\" \/>\n<link rel=\"canonical\" href=\"https:\/\/elrincondefehmi.com\/es\/tienda\/kilim\/sumak\/kilim-rahrah-203x124cm\/\" \/>\n<meta property=\"og:locale\" content=\"es_ES\" \/>\n<meta property=\"og:type\" content=\"article\" \/>\n<meta property=\"og:title\" content=\"Comprar Kilim Soumak | El Rinc\u00f3n de Fehmi Madrid | Original Art\" \/>\n<meta property=\"og:description\" content=\"Este elegante kilim Soumak, es una obra maestra que combina seda y algod\u00f3n para crear un dise\u00f1o de gran sofisticaci\u00f3n y durabilidad.\" \/>\n<meta property=\"og:url\" content=\"https:\/\/elrincondefehmi.com\/es\/tienda\/kilim\/sumak\/kilim-rahrah-203x124cm\/\" \/>\n<meta property=\"og:site_name\" content=\"El Rinc\u00f3n de Fehmi Madrid\" \/>\n<meta property=\"article:modified_time\" content=\"2025-07-01T09:51:14+00:00\" \/>\n<meta property=\"og:image\" content=\"https:\/\/elrincondefehmi.com\/es\/wp-content\/uploads\/2023\/05\/IMG_3796.jpg\" \/>\n\t<meta property=\"og:image:width\" content=\"750\" \/>\n\t<meta property=\"og:image:height\" content=\"1050\" \/>\n\t<meta property=\"og:image:type\" content=\"image\/jpeg\" \/>\n<meta name=\"twitter:card\" content=\"summary_large_image\" \/>\n<script type=\"application\/ld+json\" class=\"yoast-schema-graph\">{\"@context\":\"https:\/\/schema.org\",\"@graph\":[{\"@type\":\"WebPage\",\"@id\":\"https:\/\/elrincondefehmi.com\/es\/tienda\/kilim\/sumak\/kilim-rahrah-203x124cm\/\",\"url\":\"https:\/\/elrincondefehmi.com\/es\/tienda\/kilim\/sumak\/kilim-rahrah-203x124cm\/\",\"name\":\"Comprar Kilim Soumak | El Rinc\u00f3n de Fehmi Madrid | Original Art\",\"isPartOf\":{\"@id\":\"https:\/\/elrincondefehmi.com\/es\/#website\"},\"datePublished\":\"2023-05-18T04:10:49+00:00\",\"dateModified\":\"2025-07-01T09:51:14+00:00\",\"description\":\"Este elegante kilim Soumak, es una obra maestra que combina seda y algod\u00f3n para crear un dise\u00f1o de gran sofisticaci\u00f3n y durabilidad.\",\"breadcrumb\":{\"@id\":\"https:\/\/elrincondefehmi.com\/es\/tienda\/kilim\/sumak\/kilim-rahrah-203x124cm\/#breadcrumb\"},\"inLanguage\":\"es\",\"potentialAction\":[{\"@type\":\"ReadAction\",\"target\":[\"https:\/\/elrincondefehmi.com\/es\/tienda\/kilim\/sumak\/kilim-rahrah-203x124cm\/\"]}]},{\"@type\":\"BreadcrumbList\",\"@id\":\"https:\/\/elrincondefehmi.com\/es\/tienda\/kilim\/sumak\/kilim-rahrah-203x124cm\/#breadcrumb\",\"itemListElement\":[{\"@type\":\"ListItem\",\"position\":1,\"name\":\"PRODUCTOS\",\"item\":\"https:\/\/elrincondefehmi.com\/es\/all-product\/\"},{\"@type\":\"ListItem\",\"position\":2,\"name\":\"Kilim bordado Soumak 102&#215;149 cm\"}]},{\"@type\":\"WebSite\",\"@id\":\"https:\/\/elrincondefehmi.com\/es\/#website\",\"url\":\"https:\/\/elrincondefehmi.com\/es\/\",\"name\":\"El Rinc\u00f3n de Fehmi Madrid\",\"description\":\"Tienda de alfombras en Madrid.  En El Rinc\u00f3n de Fehmi somos especialistas en alfombras artesanales, alfombras modernas contempor\u00e1neas kilims de Turqu\u00eda\",\"potentialAction\":[{\"@type\":\"SearchAction\",\"target\":{\"@type\":\"EntryPoint\",\"urlTemplate\":\"https:\/\/elrincondefehmi.com\/es\/?s={search_term_string}\"},\"query-input\":\"required name=search_term_string\"}],\"inLanguage\":\"es\"}]}<\/script>\n<!-- \/ Yoast SEO plugin. -->","yoast_head_json":{"title":"Comprar Kilim Soumak | El Rinc\u00f3n de Fehmi Madrid | Original Art","description":"Este elegante kilim Soumak, es una obra maestra que combina seda y algod\u00f3n para crear un dise\u00f1o de gran sofisticaci\u00f3n y durabilidad.","robots":{"index":"index","follow":"follow","max-snippet":"max-snippet:-1","max-image-preview":"max-image-preview:large","max-video-preview":"max-video-preview:-1"},"canonical":"https:\/\/elrincondefehmi.com\/es\/tienda\/kilim\/sumak\/kilim-rahrah-203x124cm\/","og_locale":"es_ES","og_type":"article","og_title":"Comprar Kilim Soumak | El Rinc\u00f3n de Fehmi Madrid | Original Art","og_description":"Este elegante kilim Soumak, es una obra maestra que combina seda y algod\u00f3n para crear un dise\u00f1o de gran sofisticaci\u00f3n y durabilidad.","og_url":"https:\/\/elrincondefehmi.com\/es\/tienda\/kilim\/sumak\/kilim-rahrah-203x124cm\/","og_site_name":"El Rinc\u00f3n de Fehmi Madrid","article_modified_time":"2025-07-01T09:51:14+00:00","og_image":[{"width":750,"height":1050,"url":"https:\/\/elrincondefehmi.com\/es\/wp-content\/uploads\/2023\/05\/IMG_3796.jpg","type":"image\/jpeg"}],"twitter_card":"summary_large_image","schema":{"@context":"https:\/\/schema.org","@graph":[{"@type":"WebPage","@id":"https:\/\/elrincondefehmi.com\/es\/tienda\/kilim\/sumak\/kilim-rahrah-203x124cm\/","url":"https:\/\/elrincondefehmi.com\/es\/tienda\/kilim\/sumak\/kilim-rahrah-203x124cm\/","name":"Comprar Kilim Soumak | El Rinc\u00f3n de Fehmi Madrid | Original Art","isPartOf":{"@id":"https:\/\/elrincondefehmi.com\/es\/#website"},"datePublished":"2023-05-18T04:10:49+00:00","dateModified":"2025-07-01T09:51:14+00:00","description":"Este elegante kilim Soumak, es una obra maestra que combina seda y algod\u00f3n para crear un dise\u00f1o de gran sofisticaci\u00f3n y durabilidad.","breadcrumb":{"@id":"https:\/\/elrincondefehmi.com\/es\/tienda\/kilim\/sumak\/kilim-rahrah-203x124cm\/#breadcrumb"},"inLanguage":"es","potentialAction":[{"@type":"ReadAction","target":["https:\/\/elrincondefehmi.com\/es\/tienda\/kilim\/sumak\/kilim-rahrah-203x124cm\/"]}]},{"@type":"BreadcrumbList","@id":"https:\/\/elrincondefehmi.com\/es\/tienda\/kilim\/sumak\/kilim-rahrah-203x124cm\/#breadcrumb","itemListElement":[{"@type":"ListItem","position":1,"name":"PRODUCTOS","item":"https:\/\/elrincondefehmi.com\/es\/all-product\/"},{"@type":"ListItem","position":2,"name":"Kilim bordado Soumak 102&#215;149 cm"}]},{"@type":"WebSite","@id":"https:\/\/elrincondefehmi.com\/es\/#website","url":"https:\/\/elrincondefehmi.com\/es\/","name":"El Rinc\u00f3n de Fehmi Madrid","description":"Tienda de alfombras en Madrid.  En El Rinc\u00f3n de Fehmi somos especialistas en alfombras artesanales, alfombras modernas contempor\u00e1neas kilims de Turqu\u00eda","potentialAction":[{"@type":"SearchAction","target":{"@type":"EntryPoint","urlTemplate":"https:\/\/elrincondefehmi.com\/es\/?s={search_term_string}"},"query-input":"required name=search_term_string"}],"inLanguage":"es"}]}},"_links":{"self":[{"href":"https:\/\/elrincondefehmi.com\/es\/wp-json\/wp\/v2\/product\/8065"}],"collection":[{"href":"https:\/\/elrincondefehmi.com\/es\/wp-json\/wp\/v2\/product"}],"about":[{"href":"https:\/\/elrincondefehmi.com\/es\/wp-json\/wp\/v2\/types\/product"}],"replies":[{"embeddable":true,"href":"https:\/\/elrincondefehmi.com\/es\/wp-json\/wp\/v2\/comments?post=8065"}],"wp:featuredmedia":[{"embeddable":true,"href":"https:\/\/elrincondefehmi.com\/es\/wp-json\/wp\/v2\/media\/24645"}],"wp:attachment":[{"href":"https:\/\/elrincondefehmi.com\/es\/wp-json\/wp\/v2\/media?parent=8065"}],"wp:term":[{"taxonomy":"product_cat","embeddable":true,"href":"https:\/\/elrincondefehmi.com\/es\/wp-json\/wp\/v2\/product_cat?post=8065"},{"taxonomy":"product_tag","embeddable":true,"href":"https:\/\/elrincondefehmi.com\/es\/wp-json\/wp\/v2\/product_tag?post=8065"}],"curies":[{"name":"wp","href":"https:\/\/api.w.org\/{rel}","templated":true}]}}