{"id":7937,"date":"2023-05-18T04:05:58","date_gmt":"2023-05-18T04:05:58","guid":{"rendered":"https:\/\/elrincondefehmi.com\/es\/?post_type=product&#038;p=7937"},"modified":"2025-07-01T10:30:36","modified_gmt":"2025-07-01T10:30:36","slug":"rahrah-kilim-388x295cm","status":"publish","type":"product","link":"https:\/\/elrincondefehmi.com\/es\/tienda\/kilim\/sumak\/rahrah-kilim-388x295cm\/","title":{"rendered":"Kilim Shiraz 245&#215;357 cm"},"content":{"rendered":"<p><strong>Kilim Persa Grande<\/strong>: Este es un kilim grande con las medidas de 245&#215;357 cm, proveniente de la regi\u00f3n de Shiraz en Ir\u00e1n. Este kilim se distingue por sus vibrantes colores y patrones geom\u00e9tricos intrincados, que son t\u00edpicos de la artesan\u00eda de <a href=\"https:\/\/againstthecompass.com\/es\/cosas-no-turisticas-que-ver-en-shiraz\/\">Shiraz<\/a>.<\/p>\n<h3>Descripci\u00f3n<\/h3>\n<p>El kilim persa grande presenta una paleta de colores c\u00e1lidos y ricos, dominada por tonos de rojo, naranja, azul y negro, que se entrelazan para crear un dise\u00f1o din\u00e1mico y atractivo. En el centro, se encuentra un gran medall\u00f3n de diamante que simboliza protecci\u00f3n y seguridad, rodeado de motivos geom\u00e9tricos que representan la naturaleza y la fertilidad, comunes en los dise\u00f1os de kilims de Shiraz.<\/p>\n<h3>T\u00e9cnica y Calidad<\/h3>\n<p>Este kilim ha sido <a href=\"https:\/\/elrincondefehmi.com\/es\/tejiendo-hilos-de-historia-alfombras-a-lo-largo-de-la-ruta-de-la-seda\/\">tejido<\/a> a mano utilizando lana de alta calidad, lo que garantiza su durabilidad y suavidad. La t\u00e9cnica de tejido utilizada es tradicional de Shiraz, donde los tejedores emplean un entramado denso que permite la creaci\u00f3n de patrones detallados y bien definidos. Los colores se obtienen a partir de tintes naturales, lo que no solo resalta la belleza del kilim sino que tambi\u00e9n asegura que los colores se mantendr\u00e1n vibrantes durante muchos a\u00f1os.<\/p>\n<h3>\u00a0<\/h3>\n<p>\u00a0<\/p>\n","protected":false},"excerpt":{"rendered":"<p>Kilim Shiraz Origen: Iran Material: Lana Medidas: 245&#215;357 cm Hecho a mano<\/p>\n","protected":false},"featured_media":24622,"comment_status":"open","ping_status":"closed","template":"","meta":[],"product_cat":[434,103,16],"product_tag":[391,355,353,352],"yoast_head":"<!-- This site is optimized with the Yoast SEO plugin v21.5 - https:\/\/yoast.com\/wordpress\/plugins\/seo\/ -->\n<title>Kilim Persa Grande | El Rinc\u00f3n de Fehmi Madrid | Los mejores Kilims persas<\/title>\n<meta name=\"description\" content=\"Kilim Persa Grande. Descubre la belleza y la autenticidad del kilim persa grande proveniente de Shiraz, Ir\u00e1n. Este kilim es ideal para espacios amplios\" \/>\n<meta name=\"robots\" content=\"index, follow, max-snippet:-1, max-image-preview:large, max-video-preview:-1\" \/>\n<link rel=\"canonical\" href=\"https:\/\/elrincondefehmi.com\/es\/tienda\/kilim\/sumak\/rahrah-kilim-388x295cm\/\" \/>\n<meta property=\"og:locale\" content=\"es_ES\" \/>\n<meta property=\"og:type\" content=\"article\" \/>\n<meta property=\"og:title\" content=\"Kilim Persa Grande | El Rinc\u00f3n de Fehmi Madrid | Los mejores Kilims persas\" \/>\n<meta property=\"og:description\" content=\"Kilim Persa Grande. Descubre la belleza y la autenticidad del kilim persa grande proveniente de Shiraz, Ir\u00e1n. Este kilim es ideal para espacios amplios\" \/>\n<meta property=\"og:url\" content=\"https:\/\/elrincondefehmi.com\/es\/tienda\/kilim\/sumak\/rahrah-kilim-388x295cm\/\" \/>\n<meta property=\"og:site_name\" content=\"El Rinc\u00f3n de Fehmi Madrid\" \/>\n<meta property=\"article:modified_time\" content=\"2025-07-01T10:30:36+00:00\" \/>\n<meta property=\"og:image\" content=\"https:\/\/elrincondefehmi.com\/es\/wp-content\/uploads\/2023\/05\/206244-1.jpg\" \/>\n\t<meta property=\"og:image:width\" content=\"750\" \/>\n\t<meta property=\"og:image:height\" content=\"1050\" \/>\n\t<meta property=\"og:image:type\" content=\"image\/jpeg\" \/>\n<meta name=\"twitter:card\" content=\"summary_large_image\" \/>\n<script type=\"application\/ld+json\" class=\"yoast-schema-graph\">{\"@context\":\"https:\/\/schema.org\",\"@graph\":[{\"@type\":\"WebPage\",\"@id\":\"https:\/\/elrincondefehmi.com\/es\/tienda\/kilim\/sumak\/rahrah-kilim-388x295cm\/\",\"url\":\"https:\/\/elrincondefehmi.com\/es\/tienda\/kilim\/sumak\/rahrah-kilim-388x295cm\/\",\"name\":\"Kilim Persa Grande | El Rinc\u00f3n de Fehmi Madrid | Los mejores Kilims persas\",\"isPartOf\":{\"@id\":\"https:\/\/elrincondefehmi.com\/es\/#website\"},\"datePublished\":\"2023-05-18T04:05:58+00:00\",\"dateModified\":\"2025-07-01T10:30:36+00:00\",\"description\":\"Kilim Persa Grande. Descubre la belleza y la autenticidad del kilim persa grande proveniente de Shiraz, Ir\u00e1n. Este kilim es ideal para espacios amplios\",\"breadcrumb\":{\"@id\":\"https:\/\/elrincondefehmi.com\/es\/tienda\/kilim\/sumak\/rahrah-kilim-388x295cm\/#breadcrumb\"},\"inLanguage\":\"es\",\"potentialAction\":[{\"@type\":\"ReadAction\",\"target\":[\"https:\/\/elrincondefehmi.com\/es\/tienda\/kilim\/sumak\/rahrah-kilim-388x295cm\/\"]}]},{\"@type\":\"BreadcrumbList\",\"@id\":\"https:\/\/elrincondefehmi.com\/es\/tienda\/kilim\/sumak\/rahrah-kilim-388x295cm\/#breadcrumb\",\"itemListElement\":[{\"@type\":\"ListItem\",\"position\":1,\"name\":\"PRODUCTOS\",\"item\":\"https:\/\/elrincondefehmi.com\/es\/all-product\/\"},{\"@type\":\"ListItem\",\"position\":2,\"name\":\"Kilim Shiraz 245&#215;357 cm\"}]},{\"@type\":\"WebSite\",\"@id\":\"https:\/\/elrincondefehmi.com\/es\/#website\",\"url\":\"https:\/\/elrincondefehmi.com\/es\/\",\"name\":\"El Rinc\u00f3n de Fehmi Madrid\",\"description\":\"Tienda de alfombras en Madrid.  En El Rinc\u00f3n de Fehmi somos especialistas en alfombras artesanales, alfombras modernas contempor\u00e1neas kilims de Turqu\u00eda\",\"potentialAction\":[{\"@type\":\"SearchAction\",\"target\":{\"@type\":\"EntryPoint\",\"urlTemplate\":\"https:\/\/elrincondefehmi.com\/es\/?s={search_term_string}\"},\"query-input\":\"required name=search_term_string\"}],\"inLanguage\":\"es\"}]}<\/script>\n<!-- \/ Yoast SEO plugin. -->","yoast_head_json":{"title":"Kilim Persa Grande | El Rinc\u00f3n de Fehmi Madrid | Los mejores Kilims persas","description":"Kilim Persa Grande. Descubre la belleza y la autenticidad del kilim persa grande proveniente de Shiraz, Ir\u00e1n. Este kilim es ideal para espacios amplios","robots":{"index":"index","follow":"follow","max-snippet":"max-snippet:-1","max-image-preview":"max-image-preview:large","max-video-preview":"max-video-preview:-1"},"canonical":"https:\/\/elrincondefehmi.com\/es\/tienda\/kilim\/sumak\/rahrah-kilim-388x295cm\/","og_locale":"es_ES","og_type":"article","og_title":"Kilim Persa Grande | El Rinc\u00f3n de Fehmi Madrid | Los mejores Kilims persas","og_description":"Kilim Persa Grande. Descubre la belleza y la autenticidad del kilim persa grande proveniente de Shiraz, Ir\u00e1n. Este kilim es ideal para espacios amplios","og_url":"https:\/\/elrincondefehmi.com\/es\/tienda\/kilim\/sumak\/rahrah-kilim-388x295cm\/","og_site_name":"El Rinc\u00f3n de Fehmi Madrid","article_modified_time":"2025-07-01T10:30:36+00:00","og_image":[{"width":750,"height":1050,"url":"https:\/\/elrincondefehmi.com\/es\/wp-content\/uploads\/2023\/05\/206244-1.jpg","type":"image\/jpeg"}],"twitter_card":"summary_large_image","schema":{"@context":"https:\/\/schema.org","@graph":[{"@type":"WebPage","@id":"https:\/\/elrincondefehmi.com\/es\/tienda\/kilim\/sumak\/rahrah-kilim-388x295cm\/","url":"https:\/\/elrincondefehmi.com\/es\/tienda\/kilim\/sumak\/rahrah-kilim-388x295cm\/","name":"Kilim Persa Grande | El Rinc\u00f3n de Fehmi Madrid | Los mejores Kilims persas","isPartOf":{"@id":"https:\/\/elrincondefehmi.com\/es\/#website"},"datePublished":"2023-05-18T04:05:58+00:00","dateModified":"2025-07-01T10:30:36+00:00","description":"Kilim Persa Grande. Descubre la belleza y la autenticidad del kilim persa grande proveniente de Shiraz, Ir\u00e1n. Este kilim es ideal para espacios amplios","breadcrumb":{"@id":"https:\/\/elrincondefehmi.com\/es\/tienda\/kilim\/sumak\/rahrah-kilim-388x295cm\/#breadcrumb"},"inLanguage":"es","potentialAction":[{"@type":"ReadAction","target":["https:\/\/elrincondefehmi.com\/es\/tienda\/kilim\/sumak\/rahrah-kilim-388x295cm\/"]}]},{"@type":"BreadcrumbList","@id":"https:\/\/elrincondefehmi.com\/es\/tienda\/kilim\/sumak\/rahrah-kilim-388x295cm\/#breadcrumb","itemListElement":[{"@type":"ListItem","position":1,"name":"PRODUCTOS","item":"https:\/\/elrincondefehmi.com\/es\/all-product\/"},{"@type":"ListItem","position":2,"name":"Kilim Shiraz 245&#215;357 cm"}]},{"@type":"WebSite","@id":"https:\/\/elrincondefehmi.com\/es\/#website","url":"https:\/\/elrincondefehmi.com\/es\/","name":"El Rinc\u00f3n de Fehmi Madrid","description":"Tienda de alfombras en Madrid.  En El Rinc\u00f3n de Fehmi somos especialistas en alfombras artesanales, alfombras modernas contempor\u00e1neas kilims de Turqu\u00eda","potentialAction":[{"@type":"SearchAction","target":{"@type":"EntryPoint","urlTemplate":"https:\/\/elrincondefehmi.com\/es\/?s={search_term_string}"},"query-input":"required name=search_term_string"}],"inLanguage":"es"}]}},"_links":{"self":[{"href":"https:\/\/elrincondefehmi.com\/es\/wp-json\/wp\/v2\/product\/7937"}],"collection":[{"href":"https:\/\/elrincondefehmi.com\/es\/wp-json\/wp\/v2\/product"}],"about":[{"href":"https:\/\/elrincondefehmi.com\/es\/wp-json\/wp\/v2\/types\/product"}],"replies":[{"embeddable":true,"href":"https:\/\/elrincondefehmi.com\/es\/wp-json\/wp\/v2\/comments?post=7937"}],"wp:featuredmedia":[{"embeddable":true,"href":"https:\/\/elrincondefehmi.com\/es\/wp-json\/wp\/v2\/media\/24622"}],"wp:attachment":[{"href":"https:\/\/elrincondefehmi.com\/es\/wp-json\/wp\/v2\/media?parent=7937"}],"wp:term":[{"taxonomy":"product_cat","embeddable":true,"href":"https:\/\/elrincondefehmi.com\/es\/wp-json\/wp\/v2\/product_cat?post=7937"},{"taxonomy":"product_tag","embeddable":true,"href":"https:\/\/elrincondefehmi.com\/es\/wp-json\/wp\/v2\/product_tag?post=7937"}],"curies":[{"name":"wp","href":"https:\/\/api.w.org\/{rel}","templated":true}]}}