{"id":6750,"date":"2023-05-18T03:20:10","date_gmt":"2023-05-18T03:20:10","guid":{"rendered":"https:\/\/elrincondefehmi.com\/es\/?post_type=product&#038;p=6750"},"modified":"2025-06-28T11:07:38","modified_gmt":"2025-06-28T11:07:38","slug":"alfombra-clasica-288-x-78-cm","status":"publish","type":"product","link":"https:\/\/elrincondefehmi.com\/es\/tienda\/alfombras-turcas\/alfombras-pasilleras-kilim\/alfombra-clasica-288-x-78-cm\/","title":{"rendered":"Alfombra para pasillo 78&#215;288 cm"},"content":{"rendered":"<p><strong>Alfombras para Pasillo\u00a0\u00a0<\/strong> Las alfombras para pasillo son una excelente manera de embellecer y proteger las \u00e1reas m\u00e1s transitadas de tu hogar. Con un dise\u00f1o adecuado y materiales de alta calidad, estas alfombras no solo aportan estilo, sino que tambi\u00e9n mejoran la funcionalidad de tu hogar. <strong>Descripci\u00f3n del producto:<\/strong> Esta alfombra de pasillo mide 78&#215;288 cm y presenta un dise\u00f1o elegante y funcional. Sus colores c\u00e1lidos, que pueden incluir tonos como el beige, gris, marr\u00f3n, o incluso toques m\u00e1s vibrantes, se adaptan perfectamente a diferentes estilos de decoraci\u00f3n. Est\u00e1 fabricada con materiales de alta calidad, lo que garantiza durabilidad y resistencia al tr\u00e1fico diario. <strong>Caracter\u00edsticas principales:<\/strong><\/p>\n<ul>\n<li><strong>Dimensiones:<\/strong> Con su tama\u00f1o de 78&#215;288 cm, es ideal para pasillos y \u00e1reas de paso.<\/li>\n<li><strong>Dise\u00f1o:<\/strong> Elegante y funcional, perfecto para mejorar la est\u00e9tica de tu hogar.<\/li>\n<li><strong>Calidad:<\/strong> Hecha con materiales duraderos, esta alfombra resiste el uso frecuente.<\/li>\n<\/ul>\n<p>Las alfombras para pasillo son una forma inteligente de a\u00f1adir calidez y estilo a tu hogar, mientras protegen los suelos de ara\u00f1azos y desgaste. Esta alfombra de pasillo es la elecci\u00f3n perfecta para aquellos que buscan una soluci\u00f3n pr\u00e1ctica y decorativa.<\/p>\n","protected":false},"excerpt":{"rendered":"<p>Alfombra cl\u00e1sica turca Material: Lana y algod\u00f3n Tama\u00f1o: 78&#215;288 cm. Hecho a mano.<\/p>\n","protected":false},"featured_media":7049,"comment_status":"open","ping_status":"closed","template":"","meta":[],"product_cat":[19,308,316,312],"product_tag":[355,353,352,354],"yoast_head":"<!-- This site is optimized with the Yoast SEO plugin v21.5 - https:\/\/yoast.com\/wordpress\/plugins\/seo\/ -->\n<title>Alfombras Para Pasillo | El Rinc\u00f3n de Fehmi Madrid | Alfombras turcas y persas en Madrid<\/title>\n<meta name=\"description\" content=\"Alfombras Para Pasillo. Las alfombras para pasillo son una excelente manera de embellecer y proteger las \u00e1reas m\u00e1s transitadas de tu hogar.\" \/>\n<meta name=\"robots\" content=\"index, follow, max-snippet:-1, max-image-preview:large, max-video-preview:-1\" \/>\n<link rel=\"canonical\" href=\"https:\/\/elrincondefehmi.com\/es\/tienda\/alfombras-turcas\/alfombras-pasilleras-kilim\/alfombra-clasica-288-x-78-cm\/\" \/>\n<meta property=\"og:locale\" content=\"es_ES\" \/>\n<meta property=\"og:type\" content=\"article\" \/>\n<meta property=\"og:title\" content=\"Alfombras Para Pasillo | El Rinc\u00f3n de Fehmi Madrid | Alfombras turcas y persas en Madrid\" \/>\n<meta property=\"og:description\" content=\"Alfombras Para Pasillo. Las alfombras para pasillo son una excelente manera de embellecer y proteger las \u00e1reas m\u00e1s transitadas de tu hogar.\" \/>\n<meta property=\"og:url\" content=\"https:\/\/elrincondefehmi.com\/es\/tienda\/alfombras-turcas\/alfombras-pasilleras-kilim\/alfombra-clasica-288-x-78-cm\/\" \/>\n<meta property=\"og:site_name\" content=\"El Rinc\u00f3n de Fehmi Madrid\" \/>\n<meta property=\"article:modified_time\" content=\"2025-06-28T11:07:38+00:00\" \/>\n<meta property=\"og:image\" content=\"https:\/\/elrincondefehmi.com\/es\/wp-content\/uploads\/2023\/05\/IMG_12-e1690366432674.jpg\" \/>\n\t<meta property=\"og:image:width\" content=\"749\" \/>\n\t<meta property=\"og:image:height\" content=\"1053\" \/>\n\t<meta property=\"og:image:type\" content=\"image\/jpeg\" \/>\n<meta name=\"twitter:card\" content=\"summary_large_image\" \/>\n<script type=\"application\/ld+json\" class=\"yoast-schema-graph\">{\"@context\":\"https:\/\/schema.org\",\"@graph\":[{\"@type\":\"WebPage\",\"@id\":\"https:\/\/elrincondefehmi.com\/es\/tienda\/alfombras-turcas\/alfombras-pasilleras-kilim\/alfombra-clasica-288-x-78-cm\/\",\"url\":\"https:\/\/elrincondefehmi.com\/es\/tienda\/alfombras-turcas\/alfombras-pasilleras-kilim\/alfombra-clasica-288-x-78-cm\/\",\"name\":\"Alfombras Para Pasillo | El Rinc\u00f3n de Fehmi Madrid | Alfombras turcas y persas en Madrid\",\"isPartOf\":{\"@id\":\"https:\/\/elrincondefehmi.com\/es\/#website\"},\"datePublished\":\"2023-05-18T03:20:10+00:00\",\"dateModified\":\"2025-06-28T11:07:38+00:00\",\"description\":\"Alfombras Para Pasillo. Las alfombras para pasillo son una excelente manera de embellecer y proteger las \u00e1reas m\u00e1s transitadas de tu hogar.\",\"breadcrumb\":{\"@id\":\"https:\/\/elrincondefehmi.com\/es\/tienda\/alfombras-turcas\/alfombras-pasilleras-kilim\/alfombra-clasica-288-x-78-cm\/#breadcrumb\"},\"inLanguage\":\"es\",\"potentialAction\":[{\"@type\":\"ReadAction\",\"target\":[\"https:\/\/elrincondefehmi.com\/es\/tienda\/alfombras-turcas\/alfombras-pasilleras-kilim\/alfombra-clasica-288-x-78-cm\/\"]}]},{\"@type\":\"BreadcrumbList\",\"@id\":\"https:\/\/elrincondefehmi.com\/es\/tienda\/alfombras-turcas\/alfombras-pasilleras-kilim\/alfombra-clasica-288-x-78-cm\/#breadcrumb\",\"itemListElement\":[{\"@type\":\"ListItem\",\"position\":1,\"name\":\"PRODUCTOS\",\"item\":\"https:\/\/elrincondefehmi.com\/es\/all-product\/\"},{\"@type\":\"ListItem\",\"position\":2,\"name\":\"Alfombra para pasillo 78&#215;288 cm\"}]},{\"@type\":\"WebSite\",\"@id\":\"https:\/\/elrincondefehmi.com\/es\/#website\",\"url\":\"https:\/\/elrincondefehmi.com\/es\/\",\"name\":\"El Rinc\u00f3n de Fehmi Madrid\",\"description\":\"Tienda de alfombras en Madrid.  En El Rinc\u00f3n de Fehmi somos especialistas en alfombras artesanales, alfombras modernas contempor\u00e1neas kilims de Turqu\u00eda\",\"potentialAction\":[{\"@type\":\"SearchAction\",\"target\":{\"@type\":\"EntryPoint\",\"urlTemplate\":\"https:\/\/elrincondefehmi.com\/es\/?s={search_term_string}\"},\"query-input\":\"required name=search_term_string\"}],\"inLanguage\":\"es\"}]}<\/script>\n<!-- \/ Yoast SEO plugin. -->","yoast_head_json":{"title":"Alfombras Para Pasillo | El Rinc\u00f3n de Fehmi Madrid | Alfombras turcas y persas en Madrid","description":"Alfombras Para Pasillo. Las alfombras para pasillo son una excelente manera de embellecer y proteger las \u00e1reas m\u00e1s transitadas de tu hogar.","robots":{"index":"index","follow":"follow","max-snippet":"max-snippet:-1","max-image-preview":"max-image-preview:large","max-video-preview":"max-video-preview:-1"},"canonical":"https:\/\/elrincondefehmi.com\/es\/tienda\/alfombras-turcas\/alfombras-pasilleras-kilim\/alfombra-clasica-288-x-78-cm\/","og_locale":"es_ES","og_type":"article","og_title":"Alfombras Para Pasillo | El Rinc\u00f3n de Fehmi Madrid | Alfombras turcas y persas en Madrid","og_description":"Alfombras Para Pasillo. Las alfombras para pasillo son una excelente manera de embellecer y proteger las \u00e1reas m\u00e1s transitadas de tu hogar.","og_url":"https:\/\/elrincondefehmi.com\/es\/tienda\/alfombras-turcas\/alfombras-pasilleras-kilim\/alfombra-clasica-288-x-78-cm\/","og_site_name":"El Rinc\u00f3n de Fehmi Madrid","article_modified_time":"2025-06-28T11:07:38+00:00","og_image":[{"width":749,"height":1053,"url":"https:\/\/elrincondefehmi.com\/es\/wp-content\/uploads\/2023\/05\/IMG_12-e1690366432674.jpg","type":"image\/jpeg"}],"twitter_card":"summary_large_image","schema":{"@context":"https:\/\/schema.org","@graph":[{"@type":"WebPage","@id":"https:\/\/elrincondefehmi.com\/es\/tienda\/alfombras-turcas\/alfombras-pasilleras-kilim\/alfombra-clasica-288-x-78-cm\/","url":"https:\/\/elrincondefehmi.com\/es\/tienda\/alfombras-turcas\/alfombras-pasilleras-kilim\/alfombra-clasica-288-x-78-cm\/","name":"Alfombras Para Pasillo | El Rinc\u00f3n de Fehmi Madrid | Alfombras turcas y persas en Madrid","isPartOf":{"@id":"https:\/\/elrincondefehmi.com\/es\/#website"},"datePublished":"2023-05-18T03:20:10+00:00","dateModified":"2025-06-28T11:07:38+00:00","description":"Alfombras Para Pasillo. Las alfombras para pasillo son una excelente manera de embellecer y proteger las \u00e1reas m\u00e1s transitadas de tu hogar.","breadcrumb":{"@id":"https:\/\/elrincondefehmi.com\/es\/tienda\/alfombras-turcas\/alfombras-pasilleras-kilim\/alfombra-clasica-288-x-78-cm\/#breadcrumb"},"inLanguage":"es","potentialAction":[{"@type":"ReadAction","target":["https:\/\/elrincondefehmi.com\/es\/tienda\/alfombras-turcas\/alfombras-pasilleras-kilim\/alfombra-clasica-288-x-78-cm\/"]}]},{"@type":"BreadcrumbList","@id":"https:\/\/elrincondefehmi.com\/es\/tienda\/alfombras-turcas\/alfombras-pasilleras-kilim\/alfombra-clasica-288-x-78-cm\/#breadcrumb","itemListElement":[{"@type":"ListItem","position":1,"name":"PRODUCTOS","item":"https:\/\/elrincondefehmi.com\/es\/all-product\/"},{"@type":"ListItem","position":2,"name":"Alfombra para pasillo 78&#215;288 cm"}]},{"@type":"WebSite","@id":"https:\/\/elrincondefehmi.com\/es\/#website","url":"https:\/\/elrincondefehmi.com\/es\/","name":"El Rinc\u00f3n de Fehmi Madrid","description":"Tienda de alfombras en Madrid.  En El Rinc\u00f3n de Fehmi somos especialistas en alfombras artesanales, alfombras modernas contempor\u00e1neas kilims de Turqu\u00eda","potentialAction":[{"@type":"SearchAction","target":{"@type":"EntryPoint","urlTemplate":"https:\/\/elrincondefehmi.com\/es\/?s={search_term_string}"},"query-input":"required name=search_term_string"}],"inLanguage":"es"}]}},"_links":{"self":[{"href":"https:\/\/elrincondefehmi.com\/es\/wp-json\/wp\/v2\/product\/6750"}],"collection":[{"href":"https:\/\/elrincondefehmi.com\/es\/wp-json\/wp\/v2\/product"}],"about":[{"href":"https:\/\/elrincondefehmi.com\/es\/wp-json\/wp\/v2\/types\/product"}],"replies":[{"embeddable":true,"href":"https:\/\/elrincondefehmi.com\/es\/wp-json\/wp\/v2\/comments?post=6750"}],"wp:featuredmedia":[{"embeddable":true,"href":"https:\/\/elrincondefehmi.com\/es\/wp-json\/wp\/v2\/media\/7049"}],"wp:attachment":[{"href":"https:\/\/elrincondefehmi.com\/es\/wp-json\/wp\/v2\/media?parent=6750"}],"wp:term":[{"taxonomy":"product_cat","embeddable":true,"href":"https:\/\/elrincondefehmi.com\/es\/wp-json\/wp\/v2\/product_cat?post=6750"},{"taxonomy":"product_tag","embeddable":true,"href":"https:\/\/elrincondefehmi.com\/es\/wp-json\/wp\/v2\/product_tag?post=6750"}],"curies":[{"name":"wp","href":"https:\/\/api.w.org\/{rel}","templated":true}]}}