{"id":6749,"date":"2023-05-18T03:20:10","date_gmt":"2023-05-18T03:20:10","guid":{"rendered":"https:\/\/elrincondefehmi.com\/es\/?post_type=product&#038;p=6749"},"modified":"2025-06-28T11:06:47","modified_gmt":"2025-06-28T11:06:47","slug":"alfombra-clasica-230-x-201-cm","status":"publish","type":"product","link":"https:\/\/elrincondefehmi.com\/es\/tienda\/alfombras-turcas\/alfombras-clasicas\/alfombra-clasica-230-x-201-cm\/","title":{"rendered":"Alfombra cl\u00e1sica turca 201&#215;230 cm"},"content":{"rendered":"<p><strong>Alfombra Cl\u00e1sica Turca con Dise\u00f1o Floral<\/strong> Agrega un toque de elegancia a tu hogar con esta hermosa alfombra cl\u00e1sica turca. Con unas dimensiones de 201&#215;230 cm, esta alfombra presenta un encantador<a href=\"https:\/\/elrincondefehmi.com\/es\/comprar-alfombras-persas\/\"> dise\u00f1o floral<\/a> que aportar\u00e1 un aire de sofisticaci\u00f3n a cualquier habitaci\u00f3n. El color dominante es un suave beige, complementado con tonos pastel como el azul, rosa y marr\u00f3n, que se entrelazan para formar un atractivo patr\u00f3n floral enmarcado por un elegante borde. <strong>Caracter\u00edsticas principales:<\/strong><\/p>\n<ul>\n<li><strong>Dise\u00f1o Cl\u00e1sico:<\/strong> Esta alfombra cl\u00e1sica turca cuenta con un hermoso dise\u00f1o floral que le da un toque atemporal y sofisticado.<\/li>\n<li><strong>Colores Suaves:<\/strong> La paleta de colores beige, azul, rosa y marr\u00f3n crea un ambiente c\u00e1lido y acogedor, ideal para cualquier <a href=\"https:\/\/www.elmueble.com\/\">espacio de tu hogar<\/a>.<\/li>\n<li><strong>Tama\u00f1o Ideal:<\/strong> Con unas medidas de 201&#215;230 cm, esta alfombra es perfecta para habitaciones de tama\u00f1o mediano a grande, proporcionando tanto estilo como comodidad.<\/li>\n<\/ul>\n<p>Esta alfombra no solo es funcional, sino que tambi\u00e9n es una pieza de arte que puede realzar cualquier espacio. Si buscas a\u00f1adir un toque de lujo y elegancia a tu hogar, esta alfombra cl\u00e1sica turca es la elecci\u00f3n perfecta.[:en]Classic carpet. These rugs are usually geometric motifs with horizontal lines. They may also represent floral design. The different types of climate cause variations in the wool, so styles tejar mentioned carpets are different in each region of the country. The eastern part of Turkey is cool and this is why that wool is thicker, while the western part of the country has a warmer climate, which causes that wool is finer.<\/p>\n","protected":false},"excerpt":{"rendered":"<p>Alfombra cl\u00e1sica turca Material: Lana y algod\u00f3n Tama\u00f1o: 201 X 230 cm. Hecho a mano.<\/p>\n","protected":false},"featured_media":7037,"comment_status":"open","ping_status":"closed","template":"","meta":[],"product_cat":[19,308,316],"product_tag":[355,353,352,354],"yoast_head":"<!-- This site is optimized with the Yoast SEO plugin v21.5 - https:\/\/yoast.com\/wordpress\/plugins\/seo\/ -->\n<title>Alfombras y Kilims en Madrid | El Rinc\u00f3n de Fehmi Madrid | Tienda de Alfombras<\/title>\n<meta name=\"description\" content=\"Alfombra Cl\u00e1sica Turca con Dise\u00f1o Floral. Agrega un toque de elegancia a tu hogar con esta hermosa alfombra cl\u00e1sica turca..\" \/>\n<meta name=\"robots\" content=\"index, follow, max-snippet:-1, max-image-preview:large, max-video-preview:-1\" \/>\n<link rel=\"canonical\" href=\"https:\/\/elrincondefehmi.com\/es\/tienda\/alfombras-turcas\/alfombras-clasicas\/alfombra-clasica-230-x-201-cm\/\" \/>\n<meta property=\"og:locale\" content=\"es_ES\" \/>\n<meta property=\"og:type\" content=\"article\" \/>\n<meta property=\"og:title\" content=\"Alfombras y Kilims en Madrid | El Rinc\u00f3n de Fehmi Madrid | Tienda de Alfombras\" \/>\n<meta property=\"og:description\" content=\"Alfombra Cl\u00e1sica Turca con Dise\u00f1o Floral. Agrega un toque de elegancia a tu hogar con esta hermosa alfombra cl\u00e1sica turca..\" \/>\n<meta property=\"og:url\" content=\"https:\/\/elrincondefehmi.com\/es\/tienda\/alfombras-turcas\/alfombras-clasicas\/alfombra-clasica-230-x-201-cm\/\" \/>\n<meta property=\"og:site_name\" content=\"El Rinc\u00f3n de Fehmi Madrid\" \/>\n<meta property=\"article:modified_time\" content=\"2025-06-28T11:06:47+00:00\" \/>\n<meta property=\"og:image\" content=\"https:\/\/elrincondefehmi.com\/es\/wp-content\/uploads\/2023\/05\/IMG_9-1-1-e1714841961729.jpg\" \/>\n\t<meta property=\"og:image:width\" content=\"864\" \/>\n\t<meta property=\"og:image:height\" content=\"1069\" \/>\n\t<meta property=\"og:image:type\" content=\"image\/jpeg\" \/>\n<meta name=\"twitter:card\" content=\"summary_large_image\" \/>\n<script type=\"application\/ld+json\" class=\"yoast-schema-graph\">{\"@context\":\"https:\/\/schema.org\",\"@graph\":[{\"@type\":\"WebPage\",\"@id\":\"https:\/\/elrincondefehmi.com\/es\/tienda\/alfombras-turcas\/alfombras-clasicas\/alfombra-clasica-230-x-201-cm\/\",\"url\":\"https:\/\/elrincondefehmi.com\/es\/tienda\/alfombras-turcas\/alfombras-clasicas\/alfombra-clasica-230-x-201-cm\/\",\"name\":\"Alfombras y Kilims en Madrid | El Rinc\u00f3n de Fehmi Madrid | Tienda de Alfombras\",\"isPartOf\":{\"@id\":\"https:\/\/elrincondefehmi.com\/es\/#website\"},\"datePublished\":\"2023-05-18T03:20:10+00:00\",\"dateModified\":\"2025-06-28T11:06:47+00:00\",\"description\":\"Alfombra Cl\u00e1sica Turca con Dise\u00f1o Floral. Agrega un toque de elegancia a tu hogar con esta hermosa alfombra cl\u00e1sica turca..\",\"breadcrumb\":{\"@id\":\"https:\/\/elrincondefehmi.com\/es\/tienda\/alfombras-turcas\/alfombras-clasicas\/alfombra-clasica-230-x-201-cm\/#breadcrumb\"},\"inLanguage\":\"es\",\"potentialAction\":[{\"@type\":\"ReadAction\",\"target\":[\"https:\/\/elrincondefehmi.com\/es\/tienda\/alfombras-turcas\/alfombras-clasicas\/alfombra-clasica-230-x-201-cm\/\"]}]},{\"@type\":\"BreadcrumbList\",\"@id\":\"https:\/\/elrincondefehmi.com\/es\/tienda\/alfombras-turcas\/alfombras-clasicas\/alfombra-clasica-230-x-201-cm\/#breadcrumb\",\"itemListElement\":[{\"@type\":\"ListItem\",\"position\":1,\"name\":\"PRODUCTOS\",\"item\":\"https:\/\/elrincondefehmi.com\/es\/all-product\/\"},{\"@type\":\"ListItem\",\"position\":2,\"name\":\"Alfombra cl\u00e1sica turca 201&#215;230 cm\"}]},{\"@type\":\"WebSite\",\"@id\":\"https:\/\/elrincondefehmi.com\/es\/#website\",\"url\":\"https:\/\/elrincondefehmi.com\/es\/\",\"name\":\"El Rinc\u00f3n de Fehmi Madrid\",\"description\":\"Tienda de alfombras en Madrid.  En El Rinc\u00f3n de Fehmi somos especialistas en alfombras artesanales, alfombras modernas contempor\u00e1neas kilims de Turqu\u00eda\",\"potentialAction\":[{\"@type\":\"SearchAction\",\"target\":{\"@type\":\"EntryPoint\",\"urlTemplate\":\"https:\/\/elrincondefehmi.com\/es\/?s={search_term_string}\"},\"query-input\":\"required name=search_term_string\"}],\"inLanguage\":\"es\"}]}<\/script>\n<!-- \/ Yoast SEO plugin. -->","yoast_head_json":{"title":"Alfombras y Kilims en Madrid | El Rinc\u00f3n de Fehmi Madrid | Tienda de Alfombras","description":"Alfombra Cl\u00e1sica Turca con Dise\u00f1o Floral. Agrega un toque de elegancia a tu hogar con esta hermosa alfombra cl\u00e1sica turca..","robots":{"index":"index","follow":"follow","max-snippet":"max-snippet:-1","max-image-preview":"max-image-preview:large","max-video-preview":"max-video-preview:-1"},"canonical":"https:\/\/elrincondefehmi.com\/es\/tienda\/alfombras-turcas\/alfombras-clasicas\/alfombra-clasica-230-x-201-cm\/","og_locale":"es_ES","og_type":"article","og_title":"Alfombras y Kilims en Madrid | El Rinc\u00f3n de Fehmi Madrid | Tienda de Alfombras","og_description":"Alfombra Cl\u00e1sica Turca con Dise\u00f1o Floral. Agrega un toque de elegancia a tu hogar con esta hermosa alfombra cl\u00e1sica turca..","og_url":"https:\/\/elrincondefehmi.com\/es\/tienda\/alfombras-turcas\/alfombras-clasicas\/alfombra-clasica-230-x-201-cm\/","og_site_name":"El Rinc\u00f3n de Fehmi Madrid","article_modified_time":"2025-06-28T11:06:47+00:00","og_image":[{"width":864,"height":1069,"url":"https:\/\/elrincondefehmi.com\/es\/wp-content\/uploads\/2023\/05\/IMG_9-1-1-e1714841961729.jpg","type":"image\/jpeg"}],"twitter_card":"summary_large_image","schema":{"@context":"https:\/\/schema.org","@graph":[{"@type":"WebPage","@id":"https:\/\/elrincondefehmi.com\/es\/tienda\/alfombras-turcas\/alfombras-clasicas\/alfombra-clasica-230-x-201-cm\/","url":"https:\/\/elrincondefehmi.com\/es\/tienda\/alfombras-turcas\/alfombras-clasicas\/alfombra-clasica-230-x-201-cm\/","name":"Alfombras y Kilims en Madrid | El Rinc\u00f3n de Fehmi Madrid | Tienda de Alfombras","isPartOf":{"@id":"https:\/\/elrincondefehmi.com\/es\/#website"},"datePublished":"2023-05-18T03:20:10+00:00","dateModified":"2025-06-28T11:06:47+00:00","description":"Alfombra Cl\u00e1sica Turca con Dise\u00f1o Floral. Agrega un toque de elegancia a tu hogar con esta hermosa alfombra cl\u00e1sica turca..","breadcrumb":{"@id":"https:\/\/elrincondefehmi.com\/es\/tienda\/alfombras-turcas\/alfombras-clasicas\/alfombra-clasica-230-x-201-cm\/#breadcrumb"},"inLanguage":"es","potentialAction":[{"@type":"ReadAction","target":["https:\/\/elrincondefehmi.com\/es\/tienda\/alfombras-turcas\/alfombras-clasicas\/alfombra-clasica-230-x-201-cm\/"]}]},{"@type":"BreadcrumbList","@id":"https:\/\/elrincondefehmi.com\/es\/tienda\/alfombras-turcas\/alfombras-clasicas\/alfombra-clasica-230-x-201-cm\/#breadcrumb","itemListElement":[{"@type":"ListItem","position":1,"name":"PRODUCTOS","item":"https:\/\/elrincondefehmi.com\/es\/all-product\/"},{"@type":"ListItem","position":2,"name":"Alfombra cl\u00e1sica turca 201&#215;230 cm"}]},{"@type":"WebSite","@id":"https:\/\/elrincondefehmi.com\/es\/#website","url":"https:\/\/elrincondefehmi.com\/es\/","name":"El Rinc\u00f3n de Fehmi Madrid","description":"Tienda de alfombras en Madrid.  En El Rinc\u00f3n de Fehmi somos especialistas en alfombras artesanales, alfombras modernas contempor\u00e1neas kilims de Turqu\u00eda","potentialAction":[{"@type":"SearchAction","target":{"@type":"EntryPoint","urlTemplate":"https:\/\/elrincondefehmi.com\/es\/?s={search_term_string}"},"query-input":"required name=search_term_string"}],"inLanguage":"es"}]}},"_links":{"self":[{"href":"https:\/\/elrincondefehmi.com\/es\/wp-json\/wp\/v2\/product\/6749"}],"collection":[{"href":"https:\/\/elrincondefehmi.com\/es\/wp-json\/wp\/v2\/product"}],"about":[{"href":"https:\/\/elrincondefehmi.com\/es\/wp-json\/wp\/v2\/types\/product"}],"replies":[{"embeddable":true,"href":"https:\/\/elrincondefehmi.com\/es\/wp-json\/wp\/v2\/comments?post=6749"}],"wp:featuredmedia":[{"embeddable":true,"href":"https:\/\/elrincondefehmi.com\/es\/wp-json\/wp\/v2\/media\/7037"}],"wp:attachment":[{"href":"https:\/\/elrincondefehmi.com\/es\/wp-json\/wp\/v2\/media?parent=6749"}],"wp:term":[{"taxonomy":"product_cat","embeddable":true,"href":"https:\/\/elrincondefehmi.com\/es\/wp-json\/wp\/v2\/product_cat?post=6749"},{"taxonomy":"product_tag","embeddable":true,"href":"https:\/\/elrincondefehmi.com\/es\/wp-json\/wp\/v2\/product_tag?post=6749"}],"curies":[{"name":"wp","href":"https:\/\/api.w.org\/{rel}","templated":true}]}}