{"id":6716,"date":"2023-05-18T03:19:03","date_gmt":"2023-05-18T03:19:03","guid":{"rendered":"https:\/\/elrincondefehmi.com\/es\/?post_type=product&#038;p=6716"},"modified":"2025-06-30T15:24:13","modified_gmt":"2025-06-30T15:24:13","slug":"alfombra-vintage-320-x-205-cm-2","status":"publish","type":"product","link":"https:\/\/elrincondefehmi.com\/es\/tienda\/alfombras-turcas\/alfombras-vintage\/alfombra-vintage-320-x-205-cm-2\/","title":{"rendered":"ALFOMBRA VINTAGE 320 X 205 cm"},"content":{"rendered":"<h3 style=\"text-align: justify\"><strong>ALFOMBRAS VINTAGE<\/strong><\/h3>\n<p style=\"text-align: justify\">Las alfombras vintage son alfombras recuperadas de, aproximadamente, unos 20 o 30 a\u00f1os de antig\u00fcedad. Son alfombras que pasan por un proceso en el cual se arreglan las partes deterioradas, se rasura el pelo y se someten a un proceso de coloraci\u00f3n natural. Este tratamiento crea un efecto desgastado, vintage, ya que la lana o el algod\u00f3n de la base quedan expuestos. Dependiendo del nivel de tratamiento y de coloraci\u00f3n que se le d\u00e9 a cada alfombra, los dibujos tribales y geom\u00e9tricos originales desaparecen o son m\u00ednimamente perceptibles. Podemos encontrar una gama muy amplia en cuanto al nivel de lavado del dibujo original. En El Rinc\u00f3n de Fehmi, todas nuestras alfombras vintage son alfombras cl\u00e1sicas de origen turco recuperadas. Con ello, aseguramos la calidad y la resistencia de estas alfombras a las que se les da una segunda vida.<\/p>\n<p style=\"text-align: justify\">Las alfombras vintage se adaptan a las tendencias de decoraci\u00f3n actuales y se funden dentro de cualquier estilo y espacio. El efecto desgastado de estas alfombras ofrece un producto de car\u00e1cter contempor\u00e1neo y minimalista. Suaviza los contrastes de colores vivos y de los dibujos muy marcados. Disponen de una gama de tonalidades mucho m\u00e1s amplia que las alfombras cl\u00e1sicas por el proceso de coloraci\u00f3n.<\/p>\n<p>\u00a0<\/p>\n","protected":false},"excerpt":{"rendered":"<p>Alfombra vintage. Material: Lana y algod\u00f3n Origen: Turqu\u00eda Tama\u00f1o: 320 X 205 cm. Hecho a mano.<\/p>\n","protected":false},"featured_media":7008,"comment_status":"open","ping_status":"closed","template":"","meta":[],"product_cat":[19,308,317],"product_tag":[49,85],"yoast_head":"<!-- This site is optimized with the Yoast SEO plugin v21.5 - https:\/\/yoast.com\/wordpress\/plugins\/seo\/ -->\n<title>Alfombras Vintage | El Rinc\u00f3n de Fehmi Madrid \/Alfombras turcas<\/title>\n<meta name=\"description\" content=\"Alfombras Vintage de Turqu\u00eda! Tenemos las mejores alfombras turcas, Alfombras Vintage, Patchwork, Cl\u00e1sicas, Pasilleros y Modernos, Enviamos a todo el mundo\" \/>\n<meta name=\"robots\" content=\"index, follow, max-snippet:-1, max-image-preview:large, max-video-preview:-1\" \/>\n<link rel=\"canonical\" href=\"https:\/\/elrincondefehmi.com\/es\/tienda\/alfombras-turcas\/alfombras-vintage\/alfombra-vintage-320-x-205-cm-2\/\" \/>\n<meta property=\"og:locale\" content=\"es_ES\" \/>\n<meta property=\"og:type\" content=\"article\" \/>\n<meta property=\"og:title\" content=\"Alfombras Vintage | El Rinc\u00f3n de Fehmi Madrid \/Alfombras turcas\" \/>\n<meta property=\"og:description\" content=\"Alfombras Vintage de Turqu\u00eda! Tenemos las mejores alfombras turcas, Alfombras Vintage, Patchwork, Cl\u00e1sicas, Pasilleros y Modernos, Enviamos a todo el mundo\" \/>\n<meta property=\"og:url\" content=\"https:\/\/elrincondefehmi.com\/es\/tienda\/alfombras-turcas\/alfombras-vintage\/alfombra-vintage-320-x-205-cm-2\/\" \/>\n<meta property=\"og:site_name\" content=\"El Rinc\u00f3n de Fehmi Madrid\" \/>\n<meta property=\"article:modified_time\" content=\"2025-06-30T15:24:13+00:00\" \/>\n<meta property=\"og:image\" content=\"https:\/\/elrincondefehmi.com\/es\/wp-content\/uploads\/2023\/05\/IMG_0215.jpg\" \/>\n\t<meta property=\"og:image:width\" content=\"1000\" \/>\n\t<meta property=\"og:image:height\" content=\"1300\" \/>\n\t<meta property=\"og:image:type\" content=\"image\/jpeg\" \/>\n<meta name=\"twitter:card\" content=\"summary_large_image\" \/>\n<script type=\"application\/ld+json\" class=\"yoast-schema-graph\">{\"@context\":\"https:\/\/schema.org\",\"@graph\":[{\"@type\":\"WebPage\",\"@id\":\"https:\/\/elrincondefehmi.com\/es\/tienda\/alfombras-turcas\/alfombras-vintage\/alfombra-vintage-320-x-205-cm-2\/\",\"url\":\"https:\/\/elrincondefehmi.com\/es\/tienda\/alfombras-turcas\/alfombras-vintage\/alfombra-vintage-320-x-205-cm-2\/\",\"name\":\"Alfombras Vintage | El Rinc\u00f3n de Fehmi Madrid \/Alfombras turcas\",\"isPartOf\":{\"@id\":\"https:\/\/elrincondefehmi.com\/es\/#website\"},\"datePublished\":\"2023-05-18T03:19:03+00:00\",\"dateModified\":\"2025-06-30T15:24:13+00:00\",\"description\":\"Alfombras Vintage de Turqu\u00eda! Tenemos las mejores alfombras turcas, Alfombras Vintage, Patchwork, Cl\u00e1sicas, Pasilleros y Modernos, Enviamos a todo el mundo\",\"breadcrumb\":{\"@id\":\"https:\/\/elrincondefehmi.com\/es\/tienda\/alfombras-turcas\/alfombras-vintage\/alfombra-vintage-320-x-205-cm-2\/#breadcrumb\"},\"inLanguage\":\"es\",\"potentialAction\":[{\"@type\":\"ReadAction\",\"target\":[\"https:\/\/elrincondefehmi.com\/es\/tienda\/alfombras-turcas\/alfombras-vintage\/alfombra-vintage-320-x-205-cm-2\/\"]}]},{\"@type\":\"BreadcrumbList\",\"@id\":\"https:\/\/elrincondefehmi.com\/es\/tienda\/alfombras-turcas\/alfombras-vintage\/alfombra-vintage-320-x-205-cm-2\/#breadcrumb\",\"itemListElement\":[{\"@type\":\"ListItem\",\"position\":1,\"name\":\"PRODUCTOS\",\"item\":\"https:\/\/elrincondefehmi.com\/es\/all-product\/\"},{\"@type\":\"ListItem\",\"position\":2,\"name\":\"ALFOMBRA VINTAGE 320 X 205 cm\"}]},{\"@type\":\"WebSite\",\"@id\":\"https:\/\/elrincondefehmi.com\/es\/#website\",\"url\":\"https:\/\/elrincondefehmi.com\/es\/\",\"name\":\"El Rinc\u00f3n de Fehmi Madrid\",\"description\":\"Tienda de alfombras en Madrid.  En El Rinc\u00f3n de Fehmi somos especialistas en alfombras artesanales, alfombras modernas contempor\u00e1neas kilims de Turqu\u00eda\",\"potentialAction\":[{\"@type\":\"SearchAction\",\"target\":{\"@type\":\"EntryPoint\",\"urlTemplate\":\"https:\/\/elrincondefehmi.com\/es\/?s={search_term_string}\"},\"query-input\":\"required name=search_term_string\"}],\"inLanguage\":\"es\"}]}<\/script>\n<!-- \/ Yoast SEO plugin. -->","yoast_head_json":{"title":"Alfombras Vintage | El Rinc\u00f3n de Fehmi Madrid \/Alfombras turcas","description":"Alfombras Vintage de Turqu\u00eda! Tenemos las mejores alfombras turcas, Alfombras Vintage, Patchwork, Cl\u00e1sicas, Pasilleros y Modernos, Enviamos a todo el mundo","robots":{"index":"index","follow":"follow","max-snippet":"max-snippet:-1","max-image-preview":"max-image-preview:large","max-video-preview":"max-video-preview:-1"},"canonical":"https:\/\/elrincondefehmi.com\/es\/tienda\/alfombras-turcas\/alfombras-vintage\/alfombra-vintage-320-x-205-cm-2\/","og_locale":"es_ES","og_type":"article","og_title":"Alfombras Vintage | El Rinc\u00f3n de Fehmi Madrid \/Alfombras turcas","og_description":"Alfombras Vintage de Turqu\u00eda! Tenemos las mejores alfombras turcas, Alfombras Vintage, Patchwork, Cl\u00e1sicas, Pasilleros y Modernos, Enviamos a todo el mundo","og_url":"https:\/\/elrincondefehmi.com\/es\/tienda\/alfombras-turcas\/alfombras-vintage\/alfombra-vintage-320-x-205-cm-2\/","og_site_name":"El Rinc\u00f3n de Fehmi Madrid","article_modified_time":"2025-06-30T15:24:13+00:00","og_image":[{"width":1000,"height":1300,"url":"https:\/\/elrincondefehmi.com\/es\/wp-content\/uploads\/2023\/05\/IMG_0215.jpg","type":"image\/jpeg"}],"twitter_card":"summary_large_image","schema":{"@context":"https:\/\/schema.org","@graph":[{"@type":"WebPage","@id":"https:\/\/elrincondefehmi.com\/es\/tienda\/alfombras-turcas\/alfombras-vintage\/alfombra-vintage-320-x-205-cm-2\/","url":"https:\/\/elrincondefehmi.com\/es\/tienda\/alfombras-turcas\/alfombras-vintage\/alfombra-vintage-320-x-205-cm-2\/","name":"Alfombras Vintage | El Rinc\u00f3n de Fehmi Madrid \/Alfombras turcas","isPartOf":{"@id":"https:\/\/elrincondefehmi.com\/es\/#website"},"datePublished":"2023-05-18T03:19:03+00:00","dateModified":"2025-06-30T15:24:13+00:00","description":"Alfombras Vintage de Turqu\u00eda! Tenemos las mejores alfombras turcas, Alfombras Vintage, Patchwork, Cl\u00e1sicas, Pasilleros y Modernos, Enviamos a todo el mundo","breadcrumb":{"@id":"https:\/\/elrincondefehmi.com\/es\/tienda\/alfombras-turcas\/alfombras-vintage\/alfombra-vintage-320-x-205-cm-2\/#breadcrumb"},"inLanguage":"es","potentialAction":[{"@type":"ReadAction","target":["https:\/\/elrincondefehmi.com\/es\/tienda\/alfombras-turcas\/alfombras-vintage\/alfombra-vintage-320-x-205-cm-2\/"]}]},{"@type":"BreadcrumbList","@id":"https:\/\/elrincondefehmi.com\/es\/tienda\/alfombras-turcas\/alfombras-vintage\/alfombra-vintage-320-x-205-cm-2\/#breadcrumb","itemListElement":[{"@type":"ListItem","position":1,"name":"PRODUCTOS","item":"https:\/\/elrincondefehmi.com\/es\/all-product\/"},{"@type":"ListItem","position":2,"name":"ALFOMBRA VINTAGE 320 X 205 cm"}]},{"@type":"WebSite","@id":"https:\/\/elrincondefehmi.com\/es\/#website","url":"https:\/\/elrincondefehmi.com\/es\/","name":"El Rinc\u00f3n de Fehmi Madrid","description":"Tienda de alfombras en Madrid.  En El Rinc\u00f3n de Fehmi somos especialistas en alfombras artesanales, alfombras modernas contempor\u00e1neas kilims de Turqu\u00eda","potentialAction":[{"@type":"SearchAction","target":{"@type":"EntryPoint","urlTemplate":"https:\/\/elrincondefehmi.com\/es\/?s={search_term_string}"},"query-input":"required name=search_term_string"}],"inLanguage":"es"}]}},"_links":{"self":[{"href":"https:\/\/elrincondefehmi.com\/es\/wp-json\/wp\/v2\/product\/6716"}],"collection":[{"href":"https:\/\/elrincondefehmi.com\/es\/wp-json\/wp\/v2\/product"}],"about":[{"href":"https:\/\/elrincondefehmi.com\/es\/wp-json\/wp\/v2\/types\/product"}],"replies":[{"embeddable":true,"href":"https:\/\/elrincondefehmi.com\/es\/wp-json\/wp\/v2\/comments?post=6716"}],"wp:featuredmedia":[{"embeddable":true,"href":"https:\/\/elrincondefehmi.com\/es\/wp-json\/wp\/v2\/media\/7008"}],"wp:attachment":[{"href":"https:\/\/elrincondefehmi.com\/es\/wp-json\/wp\/v2\/media?parent=6716"}],"wp:term":[{"taxonomy":"product_cat","embeddable":true,"href":"https:\/\/elrincondefehmi.com\/es\/wp-json\/wp\/v2\/product_cat?post=6716"},{"taxonomy":"product_tag","embeddable":true,"href":"https:\/\/elrincondefehmi.com\/es\/wp-json\/wp\/v2\/product_tag?post=6716"}],"curies":[{"name":"wp","href":"https:\/\/api.w.org\/{rel}","templated":true}]}}