{"id":6687,"date":"2023-05-18T03:17:49","date_gmt":"2023-05-18T03:17:49","guid":{"rendered":"https:\/\/elrincondefehmi.com\/es\/?post_type=product&#038;p=6687"},"modified":"2025-06-28T11:09:10","modified_gmt":"2025-06-28T11:09:10","slug":"alfombra-clasica-usak-302-x-251-cm","status":"publish","type":"product","link":"https:\/\/elrincondefehmi.com\/es\/tienda\/alfombras-turcas\/alfombras-usak\/alfombra-clasica-usak-302-x-251-cm\/","title":{"rendered":"Antik U\u015fak 251&#215;302 cm"},"content":{"rendered":"<p data-start=\"168\" data-end=\"514\"><span class=\"_fadeIn_m1hgl_8\">Esta <\/span><strong data-start=\"173\" data-end=\"210\"><span class=\"_fadeIn_m1hgl_8\">alfombra <\/span><span class=\"_fadeIn_m1hgl_8\">vintage <\/span><span class=\"_fadeIn_m1hgl_8\">de <\/span><span class=\"_fadeIn_m1hgl_8\">tonos <\/span><span class=\"_fadeIn_m1hgl_8\">neutros<\/span><\/strong> <span class=\"_fadeIn_m1hgl_8\">combina <\/span><span class=\"_fadeIn_m1hgl_8\">elegancia <\/span><span class=\"_fadeIn_m1hgl_8\">atemporal <\/span><span class=\"_fadeIn_m1hgl_8\">con <\/span><span class=\"_fadeIn_m1hgl_8\">un <\/span><span class=\"_fadeIn_m1hgl_8\">acabado <\/span><span class=\"_fadeIn_m1hgl_8\">suavemente <\/span><span class=\"_fadeIn_m1hgl_8\">desgastado <\/span><span class=\"_fadeIn_m1hgl_8\">que <\/span><span class=\"_fadeIn_m1hgl_8\">realza <\/span><span class=\"_fadeIn_m1hgl_8\">su <\/span><span class=\"_fadeIn_m1hgl_8\">car\u00e1cter. <\/span><span class=\"_fadeIn_m1hgl_8\">Su <\/span><span class=\"_fadeIn_m1hgl_8\">dise\u00f1o <\/span><span class=\"_fadeIn_m1hgl_8\">cl\u00e1sico <\/span><span class=\"_fadeIn_m1hgl_8\">presenta <\/span><span class=\"_fadeIn_m1hgl_8\">un <\/span><span class=\"_fadeIn_m1hgl_8\">medall\u00f3n <\/span><span class=\"_fadeIn_m1hgl_8\">central <\/span><span class=\"_fadeIn_m1hgl_8\">apenas <\/span><span class=\"_fadeIn_m1hgl_8\">insinuado, <\/span><span class=\"_fadeIn_m1hgl_8\">rodeado <\/span><span class=\"_fadeIn_m1hgl_8\">por <\/span><span class=\"_fadeIn_m1hgl_8\">un <\/span><span class=\"_fadeIn_m1hgl_8\">delicado <\/span><span class=\"_fadeIn_m1hgl_8\">borde <\/span><span class=\"_fadeIn_m1hgl_8\">floral <\/span><span class=\"_fadeIn_m1hgl_8\">en <\/span><strong data-start=\"405\" data-end=\"421\"><span class=\"_fadeIn_m1hgl_8\">verde <\/span><span class=\"_fadeIn_m1hgl_8\">salvia<\/span><\/strong><span class=\"_fadeIn_m1hgl_8\">, <\/span><span class=\"_fadeIn_m1hgl_8\">sobre <\/span><span class=\"_fadeIn_m1hgl_8\">una <\/span><span class=\"_fadeIn_m1hgl_8\">base <\/span><span class=\"_fadeIn_m1hgl_8\">de <\/span><strong data-start=\"441\" data-end=\"456\"><span class=\"_fadeIn_m1hgl_8\">beige <\/span><span class=\"_fadeIn_m1hgl_8\">claro<\/span><\/strong> <span class=\"_fadeIn_m1hgl_8\">con <\/span><span class=\"_fadeIn_m1hgl_8\">matices <\/span><strong data-start=\"469\" data-end=\"491\"><span class=\"_fadeIn_m1hgl_8\">rosados <\/span><span class=\"_fadeIn_m1hgl_8\">empolvados<\/span><\/strong> <span class=\"_fadeIn_m1hgl_8\">y <\/span><strong data-start=\"494\" data-end=\"511\"><span class=\"_fadeIn_m1hgl_8\">azul <\/span><span class=\"_fadeIn_m1hgl_8\">gris\u00e1ceo<\/span><\/strong><span class=\"_fadeIn_m1hgl_8\">.<\/span><\/p>\n<p data-start=\"516\" data-end=\"851\"><span class=\"_fadeIn_m1hgl_8\">Cada <\/span><span class=\"_fadeIn_m1hgl_8\">color <\/span><span class=\"_fadeIn_m1hgl_8\">ha <\/span><span class=\"_fadeIn_m1hgl_8\">sido <\/span><span class=\"_fadeIn_m1hgl_8\">suavizado <\/span><span class=\"_fadeIn_m1hgl_8\">intencionadamente <\/span><span class=\"_fadeIn_m1hgl_8\">para <\/span><span class=\"_fadeIn_m1hgl_8\">crear <\/span><span class=\"_fadeIn_m1hgl_8\">una <\/span><span class=\"_fadeIn_m1hgl_8\">est\u00e9tica <\/span><span class=\"_fadeIn_m1hgl_8\">sutil <\/span><span class=\"_fadeIn_m1hgl_8\">y <\/span><span class=\"_fadeIn_m1hgl_8\">relajante, <\/span><span class=\"_fadeIn_m1hgl_8\">ideal <\/span><span class=\"_fadeIn_m1hgl_8\">para <\/span><span class=\"_fadeIn_m1hgl_8\">interiores <\/span><span class=\"_fadeIn_m1hgl_8\">con <\/span><span class=\"_fadeIn_m1hgl_8\">un <\/span><span class=\"_fadeIn_m1hgl_8\">aire <\/span><span class=\"_fadeIn_m1hgl_8\">sereno, <\/span><span class=\"_fadeIn_m1hgl_8\">natural <\/span><span class=\"_fadeIn_m1hgl_8\">o <\/span><span class=\"_fadeIn_m1hgl_8\">sofisticado. <\/span><span class=\"_fadeIn_m1hgl_8\">La <\/span><span class=\"_fadeIn_m1hgl_8\">apariencia <\/span><span class=\"_fadeIn_m1hgl_8\">lavada <\/span><span class=\"_fadeIn_m1hgl_8\">aporta <\/span><span class=\"_fadeIn_m1hgl_8\">un <\/span><span class=\"_fadeIn_m1hgl_8\">toque <\/span><span class=\"_fadeIn_m1hgl_8\">nost\u00e1lgico <\/span><span class=\"_fadeIn_m1hgl_8\">y <\/span><span class=\"_fadeIn_m1hgl_8\">una <\/span><span class=\"_fadeIn_m1hgl_8\">textura <\/span><span class=\"_fadeIn_m1hgl_8\">visual <\/span><span class=\"_fadeIn_m1hgl_8\">que <\/span><span class=\"_fadeIn_m1hgl_8\">se <\/span><span class=\"_fadeIn_m1hgl_8\">integra <\/span><span class=\"_fadeIn_m1hgl_8\">perfectamente <\/span><span class=\"_fadeIn_m1hgl_8\">en <\/span><span class=\"_fadeIn_m1hgl_8\">estilos <\/span><span class=\"_fadeIn_m1hgl_8\">como <\/span><span class=\"_fadeIn_m1hgl_8\">el <\/span><strong data-start=\"788\" data-end=\"803\"><span class=\"_fadeIn_m1hgl_8\">shabby <\/span><span class=\"_fadeIn_m1hgl_8\">chic<\/span><\/strong><span class=\"_fadeIn_m1hgl_8\">, <\/span><strong data-start=\"805\" data-end=\"818\"><span class=\"_fadeIn_m1hgl_8\">wabi-<\/span><span class=\"_fadeIn_m1hgl_8\">sabi<\/span><\/strong> <span class=\"_fadeIn_m1hgl_8\">o <\/span><strong data-start=\"821\" data-end=\"850\"><span class=\"_fadeIn_m1hgl_8\">contempor\u00e1neo <\/span><span class=\"_fadeIn_m1hgl_8\">minimalista<\/span><\/strong><span class=\"_fadeIn_m1hgl_8\">.<\/span><\/p>\n<h3 style=\"text-align: justify\"><strong>ALFOMBRAS CL\u00c1SICA<\/strong><\/h3>\n<p>Descubre la verdadera esencia del arte y la tradici\u00f3n con nuestra exquisita alfombra hecha a mano en Turqu\u00eda, inspirada en las aut\u00e9nticas alfombras antiguas de la regi\u00f3n de Usak. Cada hilo tejido con pasi\u00f3n y maestr\u00eda, esta alfombra captura la rica historia y cultura de Turqu\u00eda. Inspirada en el legado de las alfombras antiguas de Usak, presenta patrones cl\u00e1sicos y dise\u00f1os cautivadores que evocan la elegancia y el encanto del pasado. Cada pieza es \u00fanica, reflejando el talento y la dedicaci\u00f3n de los h\u00e1biles artesanos turcos que preservan la tradici\u00f3n ancestral de la fabricaci\u00f3n de alfombras. Fabricada con materiales naturales y t\u00e9cnicas artesanales, esta alfombra es una aut\u00e9ntica obra de arte, que no solo realza la belleza de tus espacios, sino tambi\u00e9n cuenta la historia de una cultura milenaria. Ya sea en el sal\u00f3n, el comedor o el dormitorio, nuestra alfombra hecha a mano en Turqu\u00eda a\u00f1adir\u00e1 un toque de historia y elegancia a tu hogar. Emb\u00e1rcate en un viaje hacia la autenticidad y la belleza con esta pieza que rinde homenaje a la rica tradici\u00f3n de las alfombras de Usak. \u00a1Descubre la magia de Turqu\u00eda y su legado art\u00edstico a trav\u00e9s de nuestra hermosa alfombra hecha a mano!<\/p>\n<p style=\"text-align: justify\">La alfombra es el producto representativo del arte milenario de anudar la lana, la seda y, posteriormente, el algod\u00f3n. Este arte se inici\u00f3 por los n\u00f3madas del medio oeste, principalmente en la regi\u00f3n del C\u00e1ucaso, Turqu\u00eda e Ir\u00e1n. Estos utilizaban las alfombras como cama port\u00e1til o como manta para resguardarse del fr\u00edo y del desierto. La alfombra cl\u00e1sica es aquella que cumple los patrones originarios de este arte. Se consideran alfombras \u00fanicas ya que est\u00e1n tejidas a mano. Suelen tener motivos tribales, geom\u00e9tricos e hist\u00f3ricos. Su lana est\u00e1 te\u00f1ida con colores naturales conseguidos a partir de minerales. Son alfombras de muy buena calidad y resistencia.<\/p>\n<p style=\"text-align: justify\">En el <a href=\"https:\/\/elrincondefehmi.k8s.optimizaclick.com\/es\/\">Rinc\u00f3n de Fehmi<\/a> nos dedicamos espec\u00edficamente a las alfombras turcas. Seleccionamos las piezas m\u00e1s originales y representativas de este pa\u00eds y su milenaria cultura. En particular, las alfombras cl\u00e1sicas turcas son consideradas verdaderas joyas de arte. Est\u00e1n recargadas de motivos tribales y tienen colores muy vivos. Son alfombras llenas de historia que han ido transmitiendo la cultura turca de generaci\u00f3n en generaci\u00f3n. Tienen muy buena calidad y son muy resistentes por sus materiales naturales. Adem\u00e1s, suelen tener el pelo corto y r\u00edgido, esto ofrece unas mejores condiciones de mantenimiento.<\/p>\n<p style=\"text-align: justify\">Una alfombra cl\u00e1sica ofrece en un hogar una pieza exclusiva y \u00fanica, cargada de historia y exotismo. Se adapta a cualquier tipo de ambiente y estilo decorativo, adem\u00e1s de ofrecer una calidad excepcional. Da uniformidad y un toque especial y lleno de personalidad a los espacios. Nosotros, como expertos, son las piezas que con m\u00e1s cari\u00f1o y orgullo solemos recomendar, dentro de nuestras largas colecciones de alfombras.<\/p>\n<p>\u00a0<\/p>\n","protected":false},"excerpt":{"rendered":"<p>Dise\u00f1o inspirado en las alfombras cl\u00e1sicas de U\u015fak Material: Lana Beige claro \/ arena en el fondo central Verde salvia muy suave o verde gris\u00e1ceo en el borde Detalles tenues en rosado empolvado y toques azul gris\u00e1ceo Tama\u00f1o: 251&#215;302 cm Hecho a mano 160,000 nudos\/m\u00b2<\/p>\n","protected":false},"featured_media":25721,"comment_status":"open","ping_status":"closed","template":"","meta":[],"product_cat":[19,308,316,314],"product_tag":[355,353,352,354],"yoast_head":"<!-- This site is optimized with the Yoast SEO plugin v21.5 - https:\/\/yoast.com\/wordpress\/plugins\/seo\/ -->\n<title>Alfombras Cl\u00e1sicas | El Rinc\u00f3n de Fehmi Madrid<\/title>\n<meta name=\"robots\" content=\"index, follow, max-snippet:-1, max-image-preview:large, max-video-preview:-1\" \/>\n<link rel=\"canonical\" href=\"https:\/\/elrincondefehmi.com\/es\/tienda\/alfombras-turcas\/alfombras-usak\/alfombra-clasica-usak-302-x-251-cm\/\" \/>\n<meta property=\"og:locale\" content=\"es_ES\" \/>\n<meta property=\"og:type\" content=\"article\" \/>\n<meta property=\"og:title\" content=\"Alfombras Cl\u00e1sicas | El Rinc\u00f3n de Fehmi Madrid\" \/>\n<meta property=\"og:description\" content=\"Dise\u00f1o inspirado en las alfombras cl\u00e1sicas de U\u015fak Material: Lana Beige claro \/ arena en el fondo central Verde salvia muy suave o verde gris\u00e1ceo en el borde Detalles tenues en rosado empolvado y toques azul gris\u00e1ceo Tama\u00f1o: 251x302 cm Hecho a mano 160,000 nudos\/m\u00b2\" \/>\n<meta property=\"og:url\" content=\"https:\/\/elrincondefehmi.com\/es\/tienda\/alfombras-turcas\/alfombras-usak\/alfombra-clasica-usak-302-x-251-cm\/\" \/>\n<meta property=\"og:site_name\" content=\"El Rinc\u00f3n de Fehmi Madrid\" \/>\n<meta property=\"article:modified_time\" content=\"2025-06-28T11:09:10+00:00\" \/>\n<meta property=\"og:image\" content=\"https:\/\/elrincondefehmi.com\/es\/wp-content\/uploads\/2023\/05\/34-1.jpg\" \/>\n\t<meta property=\"og:image:width\" content=\"805\" \/>\n\t<meta property=\"og:image:height\" content=\"1050\" \/>\n\t<meta property=\"og:image:type\" content=\"image\/jpeg\" \/>\n<meta name=\"twitter:card\" content=\"summary_large_image\" \/>\n<script type=\"application\/ld+json\" class=\"yoast-schema-graph\">{\"@context\":\"https:\/\/schema.org\",\"@graph\":[{\"@type\":\"WebPage\",\"@id\":\"https:\/\/elrincondefehmi.com\/es\/tienda\/alfombras-turcas\/alfombras-usak\/alfombra-clasica-usak-302-x-251-cm\/\",\"url\":\"https:\/\/elrincondefehmi.com\/es\/tienda\/alfombras-turcas\/alfombras-usak\/alfombra-clasica-usak-302-x-251-cm\/\",\"name\":\"Alfombras Cl\u00e1sicas | El Rinc\u00f3n de Fehmi Madrid\",\"isPartOf\":{\"@id\":\"https:\/\/elrincondefehmi.com\/es\/#website\"},\"datePublished\":\"2023-05-18T03:17:49+00:00\",\"dateModified\":\"2025-06-28T11:09:10+00:00\",\"breadcrumb\":{\"@id\":\"https:\/\/elrincondefehmi.com\/es\/tienda\/alfombras-turcas\/alfombras-usak\/alfombra-clasica-usak-302-x-251-cm\/#breadcrumb\"},\"inLanguage\":\"es\",\"potentialAction\":[{\"@type\":\"ReadAction\",\"target\":[\"https:\/\/elrincondefehmi.com\/es\/tienda\/alfombras-turcas\/alfombras-usak\/alfombra-clasica-usak-302-x-251-cm\/\"]}]},{\"@type\":\"BreadcrumbList\",\"@id\":\"https:\/\/elrincondefehmi.com\/es\/tienda\/alfombras-turcas\/alfombras-usak\/alfombra-clasica-usak-302-x-251-cm\/#breadcrumb\",\"itemListElement\":[{\"@type\":\"ListItem\",\"position\":1,\"name\":\"PRODUCTOS\",\"item\":\"https:\/\/elrincondefehmi.com\/es\/all-product\/\"},{\"@type\":\"ListItem\",\"position\":2,\"name\":\"Antik U\u015fak 251&#215;302 cm\"}]},{\"@type\":\"WebSite\",\"@id\":\"https:\/\/elrincondefehmi.com\/es\/#website\",\"url\":\"https:\/\/elrincondefehmi.com\/es\/\",\"name\":\"El Rinc\u00f3n de Fehmi Madrid\",\"description\":\"Tienda de alfombras en Madrid.  En El Rinc\u00f3n de Fehmi somos especialistas en alfombras artesanales, alfombras modernas contempor\u00e1neas kilims de Turqu\u00eda\",\"potentialAction\":[{\"@type\":\"SearchAction\",\"target\":{\"@type\":\"EntryPoint\",\"urlTemplate\":\"https:\/\/elrincondefehmi.com\/es\/?s={search_term_string}\"},\"query-input\":\"required name=search_term_string\"}],\"inLanguage\":\"es\"}]}<\/script>\n<!-- \/ Yoast SEO plugin. -->","yoast_head_json":{"title":"Alfombras Cl\u00e1sicas | El Rinc\u00f3n de Fehmi Madrid","robots":{"index":"index","follow":"follow","max-snippet":"max-snippet:-1","max-image-preview":"max-image-preview:large","max-video-preview":"max-video-preview:-1"},"canonical":"https:\/\/elrincondefehmi.com\/es\/tienda\/alfombras-turcas\/alfombras-usak\/alfombra-clasica-usak-302-x-251-cm\/","og_locale":"es_ES","og_type":"article","og_title":"Alfombras Cl\u00e1sicas | El Rinc\u00f3n de Fehmi Madrid","og_description":"Dise\u00f1o inspirado en las alfombras cl\u00e1sicas de U\u015fak Material: Lana Beige claro \/ arena en el fondo central Verde salvia muy suave o verde gris\u00e1ceo en el borde Detalles tenues en rosado empolvado y toques azul gris\u00e1ceo Tama\u00f1o: 251x302 cm Hecho a mano 160,000 nudos\/m\u00b2","og_url":"https:\/\/elrincondefehmi.com\/es\/tienda\/alfombras-turcas\/alfombras-usak\/alfombra-clasica-usak-302-x-251-cm\/","og_site_name":"El Rinc\u00f3n de Fehmi Madrid","article_modified_time":"2025-06-28T11:09:10+00:00","og_image":[{"width":805,"height":1050,"url":"https:\/\/elrincondefehmi.com\/es\/wp-content\/uploads\/2023\/05\/34-1.jpg","type":"image\/jpeg"}],"twitter_card":"summary_large_image","schema":{"@context":"https:\/\/schema.org","@graph":[{"@type":"WebPage","@id":"https:\/\/elrincondefehmi.com\/es\/tienda\/alfombras-turcas\/alfombras-usak\/alfombra-clasica-usak-302-x-251-cm\/","url":"https:\/\/elrincondefehmi.com\/es\/tienda\/alfombras-turcas\/alfombras-usak\/alfombra-clasica-usak-302-x-251-cm\/","name":"Alfombras Cl\u00e1sicas | El Rinc\u00f3n de Fehmi Madrid","isPartOf":{"@id":"https:\/\/elrincondefehmi.com\/es\/#website"},"datePublished":"2023-05-18T03:17:49+00:00","dateModified":"2025-06-28T11:09:10+00:00","breadcrumb":{"@id":"https:\/\/elrincondefehmi.com\/es\/tienda\/alfombras-turcas\/alfombras-usak\/alfombra-clasica-usak-302-x-251-cm\/#breadcrumb"},"inLanguage":"es","potentialAction":[{"@type":"ReadAction","target":["https:\/\/elrincondefehmi.com\/es\/tienda\/alfombras-turcas\/alfombras-usak\/alfombra-clasica-usak-302-x-251-cm\/"]}]},{"@type":"BreadcrumbList","@id":"https:\/\/elrincondefehmi.com\/es\/tienda\/alfombras-turcas\/alfombras-usak\/alfombra-clasica-usak-302-x-251-cm\/#breadcrumb","itemListElement":[{"@type":"ListItem","position":1,"name":"PRODUCTOS","item":"https:\/\/elrincondefehmi.com\/es\/all-product\/"},{"@type":"ListItem","position":2,"name":"Antik U\u015fak 251&#215;302 cm"}]},{"@type":"WebSite","@id":"https:\/\/elrincondefehmi.com\/es\/#website","url":"https:\/\/elrincondefehmi.com\/es\/","name":"El Rinc\u00f3n de Fehmi Madrid","description":"Tienda de alfombras en Madrid.  En El Rinc\u00f3n de Fehmi somos especialistas en alfombras artesanales, alfombras modernas contempor\u00e1neas kilims de Turqu\u00eda","potentialAction":[{"@type":"SearchAction","target":{"@type":"EntryPoint","urlTemplate":"https:\/\/elrincondefehmi.com\/es\/?s={search_term_string}"},"query-input":"required name=search_term_string"}],"inLanguage":"es"}]}},"_links":{"self":[{"href":"https:\/\/elrincondefehmi.com\/es\/wp-json\/wp\/v2\/product\/6687"}],"collection":[{"href":"https:\/\/elrincondefehmi.com\/es\/wp-json\/wp\/v2\/product"}],"about":[{"href":"https:\/\/elrincondefehmi.com\/es\/wp-json\/wp\/v2\/types\/product"}],"replies":[{"embeddable":true,"href":"https:\/\/elrincondefehmi.com\/es\/wp-json\/wp\/v2\/comments?post=6687"}],"wp:featuredmedia":[{"embeddable":true,"href":"https:\/\/elrincondefehmi.com\/es\/wp-json\/wp\/v2\/media\/25721"}],"wp:attachment":[{"href":"https:\/\/elrincondefehmi.com\/es\/wp-json\/wp\/v2\/media?parent=6687"}],"wp:term":[{"taxonomy":"product_cat","embeddable":true,"href":"https:\/\/elrincondefehmi.com\/es\/wp-json\/wp\/v2\/product_cat?post=6687"},{"taxonomy":"product_tag","embeddable":true,"href":"https:\/\/elrincondefehmi.com\/es\/wp-json\/wp\/v2\/product_tag?post=6687"}],"curies":[{"name":"wp","href":"https:\/\/api.w.org\/{rel}","templated":true}]}}