{"id":6646,"date":"2023-05-18T03:15:58","date_gmt":"2023-05-18T03:15:58","guid":{"rendered":"https:\/\/elrincondefehmi.com\/es\/?post_type=product&#038;p=6646"},"modified":"2025-07-01T10:38:39","modified_gmt":"2025-07-01T10:38:39","slug":"kilim-260-x-180-cm","status":"publish","type":"product","link":"https:\/\/elrincondefehmi.com\/es\/tienda\/kilim\/kilim-turco\/kilim-260-x-180-cm\/","title":{"rendered":"Kilim turco cicim 180&#215;260 cm"},"content":{"rendered":"<h3 style=\"text-align: justify\"><strong>KILIM CICIM<\/strong><\/h3>\n<p>Los kilims cicim son una forma especial de kilim, conocidos por estar tejidos en estrechas tiras que posteriormente se unen para formar una pieza m\u00e1s grande. Esta t\u00e9cnica de tejido es tradicional de varias regiones de Anatolia y otras partes de Oriente Medio y Asia Central. La t\u00e9cnica cicim utiliza un m\u00e9todo de tejido sin trama en el que los hilos de dise\u00f1o de diferentes colores se aplican y ajustan entre los hilos de urdimbre y trama, lo que permite crear patrones coloridos y complejos. A menudo, estos dise\u00f1os se forman en una base de tejido plano t\u00edpica de los kilims, caracterizada por la t\u00e9cnica de \u00abslit weave\u00bb. Esta t\u00e9cnica crea un efecto de \u00ababertura\u00bb entre bloques de color, donde el tejido de la trama se devuelve sobre s\u00ed mismo, permitiendo trabajar un bloque de color a la vez y facilitando la creaci\u00f3n de patrones geom\u00e9tricos y diagonales. Adem\u00e1s, los tejedores pueden empaquetar densamente la trama para cubrir completamente los hilos de urdimbre, resultando en una superficie donde el patr\u00f3n es llevado casi exclusivamente por los hilos de trama\u200b. Los kilims cicim, como otros tipos de kilims, han sido tradicionalmente tejidos por tribus n\u00f3madas o aldeanos para sus necesidades diarias, y con frecuencia incorporan s\u00edmbolos culturales en sus dise\u00f1os. Estos kilims no solo sirven como objetos funcionales como alfombras o tapices, sino que tambi\u00e9n son vistos como objetos de arte debido a su rica historia y significado cultural\u200b<span class=\"\" data-state=\"closed\"><span class=\"text-token-text-secondary\"> (<\/span><a class=\"text-green-600 !no-underline\" href=\"https:\/\/www.allaboutturkey.com\/kilim.html\" target=\"_blank\" rel=\"noopener noreferrer\">All About Turkey<\/a><span class=\"text-token-text-secondary\">)<\/span><\/span>\u200b. Este tipo de tejido refleja una mezcla de t\u00e9cnica artesanal y significado cultural, donde cada patr\u00f3n y color puede tener un simbolismo espec\u00edfico ligado a las creencias y la historia de la comunidad que los produce. As\u00ed, los kilims cicim son m\u00e1s que simples objetos decorativos; son una narrativa en tejido que habla de la vida y tradiciones de sus creadores.<\/p>\n<p style=\"text-align: justify\">En El Rinc\u00f3n de Fehmi consideramos los kilims piezas \u00fanicas. Seleccionamos los kilims m\u00e1s representativos de la cultura turca, las cuales mantienen las t\u00e9cnicas antiguas y artesanales para su confecci\u00f3n. Con ello, ofrecemos a nuestros clientes la seguridad de tener piezas originales, resistentes y de alta calidad. En cuanto a su mantenimiento, los kilim son piezas que pueden manejarse con agilidad. Requieren muy poca exigencia en cuanto a su lavado. Como piezas de decoraci\u00f3n, suponen elementos decorativos de estilo \u00e9tnico, que se fusionan dentro de cualquier ambiente.<\/p>\n<p>\u00a0<\/p>\n","protected":false},"excerpt":{"rendered":"<p>Kilim turco Material: Lana Medidas: 180&#215;260 cm Origen: Turqu\u00eda \/ Oeste de Anatolia la regi\u00f3n de Egeo Hecho a mano Estado: Nuevo \/ 15-20 a\u00f1os<\/p>\n","protected":false},"featured_media":24728,"comment_status":"open","ping_status":"closed","template":"","meta":[],"product_cat":[434,16],"product_tag":[391,355,353,352],"yoast_head":"<!-- This site is optimized with the Yoast SEO plugin v21.5 - https:\/\/yoast.com\/wordpress\/plugins\/seo\/ -->\n<title>Kilim Cicim turco | El Rinc\u00f3n de Fehmi Madrid | Tienda Kilim<\/title>\n<meta name=\"description\" content=\"Los kilims cicim son una forma especial de kilim, conocidos por estar tejidos en estrechas tiras que posteriormente se unen para formar una pieza m\u00e1s grande.\" \/>\n<meta name=\"robots\" content=\"index, follow, max-snippet:-1, max-image-preview:large, max-video-preview:-1\" \/>\n<link rel=\"canonical\" href=\"https:\/\/elrincondefehmi.com\/es\/tienda\/kilim\/kilim-turco\/kilim-260-x-180-cm\/\" \/>\n<meta property=\"og:locale\" content=\"es_ES\" \/>\n<meta property=\"og:type\" content=\"article\" \/>\n<meta property=\"og:title\" content=\"Kilim Cicim turco | El Rinc\u00f3n de Fehmi Madrid | Tienda Kilim\" \/>\n<meta property=\"og:description\" content=\"Los kilims cicim son una forma especial de kilim, conocidos por estar tejidos en estrechas tiras que posteriormente se unen para formar una pieza m\u00e1s grande.\" \/>\n<meta property=\"og:url\" content=\"https:\/\/elrincondefehmi.com\/es\/tienda\/kilim\/kilim-turco\/kilim-260-x-180-cm\/\" \/>\n<meta property=\"og:site_name\" content=\"El Rinc\u00f3n de Fehmi Madrid\" \/>\n<meta property=\"article:modified_time\" content=\"2025-07-01T10:38:39+00:00\" \/>\n<meta property=\"og:image\" content=\"https:\/\/elrincondefehmi.com\/es\/wp-content\/uploads\/2023\/05\/Kilim-Cicim-12.jpg\" \/>\n\t<meta property=\"og:image:width\" content=\"770\" \/>\n\t<meta property=\"og:image:height\" content=\"1069\" \/>\n\t<meta property=\"og:image:type\" content=\"image\/jpeg\" \/>\n<meta name=\"twitter:card\" content=\"summary_large_image\" \/>\n<script type=\"application\/ld+json\" class=\"yoast-schema-graph\">{\"@context\":\"https:\/\/schema.org\",\"@graph\":[{\"@type\":\"WebPage\",\"@id\":\"https:\/\/elrincondefehmi.com\/es\/tienda\/kilim\/kilim-turco\/kilim-260-x-180-cm\/\",\"url\":\"https:\/\/elrincondefehmi.com\/es\/tienda\/kilim\/kilim-turco\/kilim-260-x-180-cm\/\",\"name\":\"Kilim Cicim turco | El Rinc\u00f3n de Fehmi Madrid | Tienda Kilim\",\"isPartOf\":{\"@id\":\"https:\/\/elrincondefehmi.com\/es\/#website\"},\"datePublished\":\"2023-05-18T03:15:58+00:00\",\"dateModified\":\"2025-07-01T10:38:39+00:00\",\"description\":\"Los kilims cicim son una forma especial de kilim, conocidos por estar tejidos en estrechas tiras que posteriormente se unen para formar una pieza m\u00e1s grande.\",\"breadcrumb\":{\"@id\":\"https:\/\/elrincondefehmi.com\/es\/tienda\/kilim\/kilim-turco\/kilim-260-x-180-cm\/#breadcrumb\"},\"inLanguage\":\"es\",\"potentialAction\":[{\"@type\":\"ReadAction\",\"target\":[\"https:\/\/elrincondefehmi.com\/es\/tienda\/kilim\/kilim-turco\/kilim-260-x-180-cm\/\"]}]},{\"@type\":\"BreadcrumbList\",\"@id\":\"https:\/\/elrincondefehmi.com\/es\/tienda\/kilim\/kilim-turco\/kilim-260-x-180-cm\/#breadcrumb\",\"itemListElement\":[{\"@type\":\"ListItem\",\"position\":1,\"name\":\"PRODUCTOS\",\"item\":\"https:\/\/elrincondefehmi.com\/es\/all-product\/\"},{\"@type\":\"ListItem\",\"position\":2,\"name\":\"Kilim turco cicim 180&#215;260 cm\"}]},{\"@type\":\"WebSite\",\"@id\":\"https:\/\/elrincondefehmi.com\/es\/#website\",\"url\":\"https:\/\/elrincondefehmi.com\/es\/\",\"name\":\"El Rinc\u00f3n de Fehmi Madrid\",\"description\":\"Tienda de alfombras en Madrid.  En El Rinc\u00f3n de Fehmi somos especialistas en alfombras artesanales, alfombras modernas contempor\u00e1neas kilims de Turqu\u00eda\",\"potentialAction\":[{\"@type\":\"SearchAction\",\"target\":{\"@type\":\"EntryPoint\",\"urlTemplate\":\"https:\/\/elrincondefehmi.com\/es\/?s={search_term_string}\"},\"query-input\":\"required name=search_term_string\"}],\"inLanguage\":\"es\"}]}<\/script>\n<!-- \/ Yoast SEO plugin. -->","yoast_head_json":{"title":"Kilim Cicim turco | El Rinc\u00f3n de Fehmi Madrid | Tienda Kilim","description":"Los kilims cicim son una forma especial de kilim, conocidos por estar tejidos en estrechas tiras que posteriormente se unen para formar una pieza m\u00e1s grande.","robots":{"index":"index","follow":"follow","max-snippet":"max-snippet:-1","max-image-preview":"max-image-preview:large","max-video-preview":"max-video-preview:-1"},"canonical":"https:\/\/elrincondefehmi.com\/es\/tienda\/kilim\/kilim-turco\/kilim-260-x-180-cm\/","og_locale":"es_ES","og_type":"article","og_title":"Kilim Cicim turco | El Rinc\u00f3n de Fehmi Madrid | Tienda Kilim","og_description":"Los kilims cicim son una forma especial de kilim, conocidos por estar tejidos en estrechas tiras que posteriormente se unen para formar una pieza m\u00e1s grande.","og_url":"https:\/\/elrincondefehmi.com\/es\/tienda\/kilim\/kilim-turco\/kilim-260-x-180-cm\/","og_site_name":"El Rinc\u00f3n de Fehmi Madrid","article_modified_time":"2025-07-01T10:38:39+00:00","og_image":[{"width":770,"height":1069,"url":"https:\/\/elrincondefehmi.com\/es\/wp-content\/uploads\/2023\/05\/Kilim-Cicim-12.jpg","type":"image\/jpeg"}],"twitter_card":"summary_large_image","schema":{"@context":"https:\/\/schema.org","@graph":[{"@type":"WebPage","@id":"https:\/\/elrincondefehmi.com\/es\/tienda\/kilim\/kilim-turco\/kilim-260-x-180-cm\/","url":"https:\/\/elrincondefehmi.com\/es\/tienda\/kilim\/kilim-turco\/kilim-260-x-180-cm\/","name":"Kilim Cicim turco | El Rinc\u00f3n de Fehmi Madrid | Tienda Kilim","isPartOf":{"@id":"https:\/\/elrincondefehmi.com\/es\/#website"},"datePublished":"2023-05-18T03:15:58+00:00","dateModified":"2025-07-01T10:38:39+00:00","description":"Los kilims cicim son una forma especial de kilim, conocidos por estar tejidos en estrechas tiras que posteriormente se unen para formar una pieza m\u00e1s grande.","breadcrumb":{"@id":"https:\/\/elrincondefehmi.com\/es\/tienda\/kilim\/kilim-turco\/kilim-260-x-180-cm\/#breadcrumb"},"inLanguage":"es","potentialAction":[{"@type":"ReadAction","target":["https:\/\/elrincondefehmi.com\/es\/tienda\/kilim\/kilim-turco\/kilim-260-x-180-cm\/"]}]},{"@type":"BreadcrumbList","@id":"https:\/\/elrincondefehmi.com\/es\/tienda\/kilim\/kilim-turco\/kilim-260-x-180-cm\/#breadcrumb","itemListElement":[{"@type":"ListItem","position":1,"name":"PRODUCTOS","item":"https:\/\/elrincondefehmi.com\/es\/all-product\/"},{"@type":"ListItem","position":2,"name":"Kilim turco cicim 180&#215;260 cm"}]},{"@type":"WebSite","@id":"https:\/\/elrincondefehmi.com\/es\/#website","url":"https:\/\/elrincondefehmi.com\/es\/","name":"El Rinc\u00f3n de Fehmi Madrid","description":"Tienda de alfombras en Madrid.  En El Rinc\u00f3n de Fehmi somos especialistas en alfombras artesanales, alfombras modernas contempor\u00e1neas kilims de Turqu\u00eda","potentialAction":[{"@type":"SearchAction","target":{"@type":"EntryPoint","urlTemplate":"https:\/\/elrincondefehmi.com\/es\/?s={search_term_string}"},"query-input":"required name=search_term_string"}],"inLanguage":"es"}]}},"_links":{"self":[{"href":"https:\/\/elrincondefehmi.com\/es\/wp-json\/wp\/v2\/product\/6646"}],"collection":[{"href":"https:\/\/elrincondefehmi.com\/es\/wp-json\/wp\/v2\/product"}],"about":[{"href":"https:\/\/elrincondefehmi.com\/es\/wp-json\/wp\/v2\/types\/product"}],"replies":[{"embeddable":true,"href":"https:\/\/elrincondefehmi.com\/es\/wp-json\/wp\/v2\/comments?post=6646"}],"wp:featuredmedia":[{"embeddable":true,"href":"https:\/\/elrincondefehmi.com\/es\/wp-json\/wp\/v2\/media\/24728"}],"wp:attachment":[{"href":"https:\/\/elrincondefehmi.com\/es\/wp-json\/wp\/v2\/media?parent=6646"}],"wp:term":[{"taxonomy":"product_cat","embeddable":true,"href":"https:\/\/elrincondefehmi.com\/es\/wp-json\/wp\/v2\/product_cat?post=6646"},{"taxonomy":"product_tag","embeddable":true,"href":"https:\/\/elrincondefehmi.com\/es\/wp-json\/wp\/v2\/product_tag?post=6646"}],"curies":[{"name":"wp","href":"https:\/\/api.w.org\/{rel}","templated":true}]}}