{"id":6487,"date":"2023-05-18T03:08:32","date_gmt":"2023-05-18T03:08:32","guid":{"rendered":"https:\/\/elrincondefehmi.com\/es\/?post_type=product&#038;p=6487"},"modified":"2025-06-28T11:13:07","modified_gmt":"2025-06-28T11:13:07","slug":"alfombra-hereke-167-x-125-cm","status":"publish","type":"product","link":"https:\/\/elrincondefehmi.com\/es\/tienda\/alfombras-turcas\/alfombras-clasicas\/alfombra-hereke-167-x-125-cm\/","title":{"rendered":"Alfombra turca Hereke 125&#215;167 cm"},"content":{"rendered":"<p class=\"\" data-start=\"180\" data-end=\"448\">Esta espectacular alfombra <em data-start=\"207\" data-end=\"215\">Hereke<\/em> de 125&#215;167 cm es un verdadero s\u00edmbolo de la tradici\u00f3n textil turca. Tejida a mano con una precisi\u00f3n exquisita, presenta un elaborado patr\u00f3n floral sim\u00e9trico sobre fondo beige, adornado con tonos verde oliva, burdeos y azul marino.<\/p>\n<p class=\"\" data-start=\"450\" data-end=\"734\">Originarias de la ciudad de Hereke, estas alfombras son mundialmente reconocidas por su calidad superior, su alt\u00edsima densidad de nudos y la perfecci\u00f3n de sus detalles. Esta pieza no solo aporta belleza y elegancia, sino tambi\u00e9n un pedazo de historia y artesan\u00eda a cualquier estancia.<\/p>\n<p class=\"\" data-start=\"736\" data-end=\"867\">Ideal para salones distinguidos, despachos o coleccionistas que buscan una alfombra cl\u00e1sica de alta gama que perdure con el tiempo.<\/p>\n<h3 class=\"\" data-start=\"874\" data-end=\"907\">Caracter\u00edsticas destacadas:<\/h3>\n<ul data-start=\"909\" data-end=\"1125\">\n<li class=\"\" data-start=\"909\" data-end=\"945\">\n<p class=\"\" data-start=\"911\" data-end=\"945\">Tejida a mano en Hereke, Turqu\u00eda<\/p>\n<\/li>\n<li class=\"\" data-start=\"946\" data-end=\"969\">\n<p class=\"\" data-start=\"948\" data-end=\"969\">Medidas: 125&#215;167 cm<\/p>\n<\/li>\n<li class=\"\" data-start=\"970\" data-end=\"1018\">\n<p class=\"\" data-start=\"972\" data-end=\"1018\">Motivos florales cl\u00e1sicos en tonos naturales<\/p>\n<\/li>\n<li class=\"\" data-start=\"1019\" data-end=\"1066\">\n<p class=\"\" data-start=\"1021\" data-end=\"1066\">Alta densidad de nudos y detalles refinados<\/p>\n<\/li>\n<li class=\"\" data-start=\"1067\" data-end=\"1125\">\n<p class=\"\" data-start=\"1069\" data-end=\"1125\">Perfecta para decoraci\u00f3n cl\u00e1sica, lujosa o coleccionismo<\/p>\n<\/li>\n<\/ul>\n<p>\u00a0<\/p>\n","protected":false},"excerpt":{"rendered":"<p>Alfombra cl\u00e1sica. Material: Lana y algod\u00f3n Tama\u00f1o: 125 X 167 cm. Hecho a mano.<\/p>\n","protected":false},"featured_media":6741,"comment_status":"open","ping_status":"closed","template":"","meta":[],"product_cat":[19,308,316],"product_tag":[355,353,352,354],"yoast_head":"<!-- This site is optimized with the Yoast SEO plugin v21.5 - https:\/\/yoast.com\/wordpress\/plugins\/seo\/ -->\n<title>Alfombra Hereke tejida a mano | El Rinc\u00f3n de Fehmi Madrid | Alfombras y Kilims en Madrid<\/title>\n<meta name=\"description\" content=\"Alfombra Hereke tejida a mano de 125x167 cm. Una pieza \u00fanica de arte turco, con dise\u00f1o floral cl\u00e1sico y alta densidad de nudos.\" \/>\n<meta name=\"robots\" content=\"index, follow, max-snippet:-1, max-image-preview:large, max-video-preview:-1\" \/>\n<link rel=\"canonical\" href=\"https:\/\/elrincondefehmi.com\/es\/tienda\/alfombras-turcas\/alfombras-clasicas\/alfombra-hereke-167-x-125-cm\/\" \/>\n<meta property=\"og:locale\" content=\"es_ES\" \/>\n<meta property=\"og:type\" content=\"article\" \/>\n<meta property=\"og:title\" content=\"Alfombra Hereke tejida a mano | El Rinc\u00f3n de Fehmi Madrid | Alfombras y Kilims en Madrid\" \/>\n<meta property=\"og:description\" content=\"Alfombra Hereke tejida a mano de 125x167 cm. Una pieza \u00fanica de arte turco, con dise\u00f1o floral cl\u00e1sico y alta densidad de nudos.\" \/>\n<meta property=\"og:url\" content=\"https:\/\/elrincondefehmi.com\/es\/tienda\/alfombras-turcas\/alfombras-clasicas\/alfombra-hereke-167-x-125-cm\/\" \/>\n<meta property=\"og:site_name\" content=\"El Rinc\u00f3n de Fehmi Madrid\" \/>\n<meta property=\"article:modified_time\" content=\"2025-06-28T11:13:07+00:00\" \/>\n<meta property=\"og:image\" content=\"https:\/\/elrincondefehmi.com\/es\/wp-content\/uploads\/2023\/05\/ORG-346-167X125-e1745682722466.jpg\" \/>\n\t<meta property=\"og:image:width\" content=\"754\" \/>\n\t<meta property=\"og:image:height\" content=\"1027\" \/>\n\t<meta property=\"og:image:type\" content=\"image\/jpeg\" \/>\n<meta name=\"twitter:card\" content=\"summary_large_image\" \/>\n<script type=\"application\/ld+json\" class=\"yoast-schema-graph\">{\"@context\":\"https:\/\/schema.org\",\"@graph\":[{\"@type\":\"WebPage\",\"@id\":\"https:\/\/elrincondefehmi.com\/es\/tienda\/alfombras-turcas\/alfombras-clasicas\/alfombra-hereke-167-x-125-cm\/\",\"url\":\"https:\/\/elrincondefehmi.com\/es\/tienda\/alfombras-turcas\/alfombras-clasicas\/alfombra-hereke-167-x-125-cm\/\",\"name\":\"Alfombra Hereke tejida a mano | El Rinc\u00f3n de Fehmi Madrid | Alfombras y Kilims en Madrid\",\"isPartOf\":{\"@id\":\"https:\/\/elrincondefehmi.com\/es\/#website\"},\"datePublished\":\"2023-05-18T03:08:32+00:00\",\"dateModified\":\"2025-06-28T11:13:07+00:00\",\"description\":\"Alfombra Hereke tejida a mano de 125x167 cm. Una pieza \u00fanica de arte turco, con dise\u00f1o floral cl\u00e1sico y alta densidad de nudos.\",\"breadcrumb\":{\"@id\":\"https:\/\/elrincondefehmi.com\/es\/tienda\/alfombras-turcas\/alfombras-clasicas\/alfombra-hereke-167-x-125-cm\/#breadcrumb\"},\"inLanguage\":\"es\",\"potentialAction\":[{\"@type\":\"ReadAction\",\"target\":[\"https:\/\/elrincondefehmi.com\/es\/tienda\/alfombras-turcas\/alfombras-clasicas\/alfombra-hereke-167-x-125-cm\/\"]}]},{\"@type\":\"BreadcrumbList\",\"@id\":\"https:\/\/elrincondefehmi.com\/es\/tienda\/alfombras-turcas\/alfombras-clasicas\/alfombra-hereke-167-x-125-cm\/#breadcrumb\",\"itemListElement\":[{\"@type\":\"ListItem\",\"position\":1,\"name\":\"PRODUCTOS\",\"item\":\"https:\/\/elrincondefehmi.com\/es\/all-product\/\"},{\"@type\":\"ListItem\",\"position\":2,\"name\":\"Alfombra turca Hereke 125&#215;167 cm\"}]},{\"@type\":\"WebSite\",\"@id\":\"https:\/\/elrincondefehmi.com\/es\/#website\",\"url\":\"https:\/\/elrincondefehmi.com\/es\/\",\"name\":\"El Rinc\u00f3n de Fehmi Madrid\",\"description\":\"Tienda de alfombras en Madrid.  En El Rinc\u00f3n de Fehmi somos especialistas en alfombras artesanales, alfombras modernas contempor\u00e1neas kilims de Turqu\u00eda\",\"potentialAction\":[{\"@type\":\"SearchAction\",\"target\":{\"@type\":\"EntryPoint\",\"urlTemplate\":\"https:\/\/elrincondefehmi.com\/es\/?s={search_term_string}\"},\"query-input\":\"required name=search_term_string\"}],\"inLanguage\":\"es\"}]}<\/script>\n<!-- \/ Yoast SEO plugin. -->","yoast_head_json":{"title":"Alfombra Hereke tejida a mano | El Rinc\u00f3n de Fehmi Madrid | Alfombras y Kilims en Madrid","description":"Alfombra Hereke tejida a mano de 125x167 cm. Una pieza \u00fanica de arte turco, con dise\u00f1o floral cl\u00e1sico y alta densidad de nudos.","robots":{"index":"index","follow":"follow","max-snippet":"max-snippet:-1","max-image-preview":"max-image-preview:large","max-video-preview":"max-video-preview:-1"},"canonical":"https:\/\/elrincondefehmi.com\/es\/tienda\/alfombras-turcas\/alfombras-clasicas\/alfombra-hereke-167-x-125-cm\/","og_locale":"es_ES","og_type":"article","og_title":"Alfombra Hereke tejida a mano | El Rinc\u00f3n de Fehmi Madrid | Alfombras y Kilims en Madrid","og_description":"Alfombra Hereke tejida a mano de 125x167 cm. Una pieza \u00fanica de arte turco, con dise\u00f1o floral cl\u00e1sico y alta densidad de nudos.","og_url":"https:\/\/elrincondefehmi.com\/es\/tienda\/alfombras-turcas\/alfombras-clasicas\/alfombra-hereke-167-x-125-cm\/","og_site_name":"El Rinc\u00f3n de Fehmi Madrid","article_modified_time":"2025-06-28T11:13:07+00:00","og_image":[{"width":754,"height":1027,"url":"https:\/\/elrincondefehmi.com\/es\/wp-content\/uploads\/2023\/05\/ORG-346-167X125-e1745682722466.jpg","type":"image\/jpeg"}],"twitter_card":"summary_large_image","schema":{"@context":"https:\/\/schema.org","@graph":[{"@type":"WebPage","@id":"https:\/\/elrincondefehmi.com\/es\/tienda\/alfombras-turcas\/alfombras-clasicas\/alfombra-hereke-167-x-125-cm\/","url":"https:\/\/elrincondefehmi.com\/es\/tienda\/alfombras-turcas\/alfombras-clasicas\/alfombra-hereke-167-x-125-cm\/","name":"Alfombra Hereke tejida a mano | El Rinc\u00f3n de Fehmi Madrid | Alfombras y Kilims en Madrid","isPartOf":{"@id":"https:\/\/elrincondefehmi.com\/es\/#website"},"datePublished":"2023-05-18T03:08:32+00:00","dateModified":"2025-06-28T11:13:07+00:00","description":"Alfombra Hereke tejida a mano de 125x167 cm. Una pieza \u00fanica de arte turco, con dise\u00f1o floral cl\u00e1sico y alta densidad de nudos.","breadcrumb":{"@id":"https:\/\/elrincondefehmi.com\/es\/tienda\/alfombras-turcas\/alfombras-clasicas\/alfombra-hereke-167-x-125-cm\/#breadcrumb"},"inLanguage":"es","potentialAction":[{"@type":"ReadAction","target":["https:\/\/elrincondefehmi.com\/es\/tienda\/alfombras-turcas\/alfombras-clasicas\/alfombra-hereke-167-x-125-cm\/"]}]},{"@type":"BreadcrumbList","@id":"https:\/\/elrincondefehmi.com\/es\/tienda\/alfombras-turcas\/alfombras-clasicas\/alfombra-hereke-167-x-125-cm\/#breadcrumb","itemListElement":[{"@type":"ListItem","position":1,"name":"PRODUCTOS","item":"https:\/\/elrincondefehmi.com\/es\/all-product\/"},{"@type":"ListItem","position":2,"name":"Alfombra turca Hereke 125&#215;167 cm"}]},{"@type":"WebSite","@id":"https:\/\/elrincondefehmi.com\/es\/#website","url":"https:\/\/elrincondefehmi.com\/es\/","name":"El Rinc\u00f3n de Fehmi Madrid","description":"Tienda de alfombras en Madrid.  En El Rinc\u00f3n de Fehmi somos especialistas en alfombras artesanales, alfombras modernas contempor\u00e1neas kilims de Turqu\u00eda","potentialAction":[{"@type":"SearchAction","target":{"@type":"EntryPoint","urlTemplate":"https:\/\/elrincondefehmi.com\/es\/?s={search_term_string}"},"query-input":"required name=search_term_string"}],"inLanguage":"es"}]}},"_links":{"self":[{"href":"https:\/\/elrincondefehmi.com\/es\/wp-json\/wp\/v2\/product\/6487"}],"collection":[{"href":"https:\/\/elrincondefehmi.com\/es\/wp-json\/wp\/v2\/product"}],"about":[{"href":"https:\/\/elrincondefehmi.com\/es\/wp-json\/wp\/v2\/types\/product"}],"replies":[{"embeddable":true,"href":"https:\/\/elrincondefehmi.com\/es\/wp-json\/wp\/v2\/comments?post=6487"}],"wp:featuredmedia":[{"embeddable":true,"href":"https:\/\/elrincondefehmi.com\/es\/wp-json\/wp\/v2\/media\/6741"}],"wp:attachment":[{"href":"https:\/\/elrincondefehmi.com\/es\/wp-json\/wp\/v2\/media?parent=6487"}],"wp:term":[{"taxonomy":"product_cat","embeddable":true,"href":"https:\/\/elrincondefehmi.com\/es\/wp-json\/wp\/v2\/product_cat?post=6487"},{"taxonomy":"product_tag","embeddable":true,"href":"https:\/\/elrincondefehmi.com\/es\/wp-json\/wp\/v2\/product_tag?post=6487"}],"curies":[{"name":"wp","href":"https:\/\/api.w.org\/{rel}","templated":true}]}}