{"id":6438,"date":"2023-05-18T03:05:58","date_gmt":"2023-05-18T03:05:58","guid":{"rendered":"https:\/\/elrincondefehmi.com\/es\/?post_type=product&#038;p=6438"},"modified":"2025-07-01T10:42:03","modified_gmt":"2025-07-01T10:42:03","slug":"kilim-153-x-83-cm","status":"publish","type":"product","link":"https:\/\/elrincondefehmi.com\/es\/tienda\/kilim\/pasilleros\/kilim-153-x-83-cm\/","title":{"rendered":"Mut Kilim 83&#215;153 cm"},"content":{"rendered":"<p><strong>Mut Kilim Aut\u00e9ntico de Turqu\u00eda<\/strong> Descubre la rica tradici\u00f3n textil de Turqu\u00eda con nuestro exclusivo Mut Kilim. Tejido a mano en las hist\u00f3ricas regiones de Anatolia, este kilim incorpora una paleta de colores vibrantes que captura la esencia de los paisajes turcos. Con dimensiones de 83&#215;153 cm, este kilim es perfecto tanto para espacios peque\u00f1os como para ser el centro de atenci\u00f3n en cualquier habitaci\u00f3n. <strong>Caracter\u00edsticas destacadas:<\/strong><\/p>\n<ul>\n<li><strong>Origen:<\/strong> Mut, Turqu\u00eda, conocido por su rica historia en la producci\u00f3n de kilims.<\/li>\n<li><strong>Colores:<\/strong> Una armoniosa mezcla de verde, rojo, beige y azul, que aportan calidez y profundidad a su dise\u00f1o.<\/li>\n<li><strong>Tama\u00f1o:<\/strong> Idealmente dimensionado en 83&#215;153 cm, perfecto para vestir suelos o paredes.<\/li>\n<li><strong>Artesan\u00eda:<\/strong> Tejido completamente a mano por artesanos locales, utilizando t\u00e9cnicas transmitidas a trav\u00e9s de generaciones.<\/li>\n<\/ul>\n<p>Este kilim no es solo un accesorio decorativo, sino una pieza de arte que cuenta la historia de sus creadores y la tierra de la que proviene. Adquiere un pedazo de la cultura turca y transforma tu espacio con este excepcional Mut Kilim.<\/p>\n","protected":false},"excerpt":{"rendered":"<p>Mut Kilim Material: Lana Medidas: 83&#215;153 cm Origen: Turqu\u00eda, regi\u00f3n de Anatolia. Hecho a mano Estado: Nuevo, semi antiguo kilim 15-20 a\u00f1os<\/p>\n","protected":false},"featured_media":6706,"comment_status":"open","ping_status":"closed","template":"","meta":[],"product_cat":[335,434,16],"product_tag":[391,355,353,352],"yoast_head":"<!-- This site is optimized with the Yoast SEO plugin v21.5 - https:\/\/yoast.com\/wordpress\/plugins\/seo\/ -->\n<title>Mut Kilim de Turqu\u00eda | El Rinc\u00f3n de Fehmi Madrid<\/title>\n<meta name=\"description\" content=\"Tejido a mano en las hist\u00f3ricas regiones de Anatolia, este kilim incorpora una paleta de colores vibrantes que captura la esencia de los paisajes turcos.\" \/>\n<meta name=\"robots\" content=\"index, follow, max-snippet:-1, max-image-preview:large, max-video-preview:-1\" \/>\n<link rel=\"canonical\" href=\"https:\/\/elrincondefehmi.com\/es\/tienda\/kilim\/pasilleros\/kilim-153-x-83-cm\/\" \/>\n<meta property=\"og:locale\" content=\"es_ES\" \/>\n<meta property=\"og:type\" content=\"article\" \/>\n<meta property=\"og:title\" content=\"Mut Kilim de Turqu\u00eda | El Rinc\u00f3n de Fehmi Madrid\" \/>\n<meta property=\"og:description\" content=\"Tejido a mano en las hist\u00f3ricas regiones de Anatolia, este kilim incorpora una paleta de colores vibrantes que captura la esencia de los paisajes turcos.\" \/>\n<meta property=\"og:url\" content=\"https:\/\/elrincondefehmi.com\/es\/tienda\/kilim\/pasilleros\/kilim-153-x-83-cm\/\" \/>\n<meta property=\"og:site_name\" content=\"El Rinc\u00f3n de Fehmi Madrid\" \/>\n<meta property=\"article:modified_time\" content=\"2025-07-01T10:42:03+00:00\" \/>\n<meta property=\"og:image\" content=\"https:\/\/elrincondefehmi.com\/es\/wp-content\/uploads\/2023\/05\/WEB-499-e1714645793968.jpg\" \/>\n\t<meta property=\"og:image:width\" content=\"770\" \/>\n\t<meta property=\"og:image:height\" content=\"1069\" \/>\n\t<meta property=\"og:image:type\" content=\"image\/jpeg\" \/>\n<meta name=\"twitter:card\" content=\"summary_large_image\" \/>\n<script type=\"application\/ld+json\" class=\"yoast-schema-graph\">{\"@context\":\"https:\/\/schema.org\",\"@graph\":[{\"@type\":\"WebPage\",\"@id\":\"https:\/\/elrincondefehmi.com\/es\/tienda\/kilim\/pasilleros\/kilim-153-x-83-cm\/\",\"url\":\"https:\/\/elrincondefehmi.com\/es\/tienda\/kilim\/pasilleros\/kilim-153-x-83-cm\/\",\"name\":\"Mut Kilim de Turqu\u00eda | El Rinc\u00f3n de Fehmi Madrid\",\"isPartOf\":{\"@id\":\"https:\/\/elrincondefehmi.com\/es\/#website\"},\"datePublished\":\"2023-05-18T03:05:58+00:00\",\"dateModified\":\"2025-07-01T10:42:03+00:00\",\"description\":\"Tejido a mano en las hist\u00f3ricas regiones de Anatolia, este kilim incorpora una paleta de colores vibrantes que captura la esencia de los paisajes turcos.\",\"breadcrumb\":{\"@id\":\"https:\/\/elrincondefehmi.com\/es\/tienda\/kilim\/pasilleros\/kilim-153-x-83-cm\/#breadcrumb\"},\"inLanguage\":\"es\",\"potentialAction\":[{\"@type\":\"ReadAction\",\"target\":[\"https:\/\/elrincondefehmi.com\/es\/tienda\/kilim\/pasilleros\/kilim-153-x-83-cm\/\"]}]},{\"@type\":\"BreadcrumbList\",\"@id\":\"https:\/\/elrincondefehmi.com\/es\/tienda\/kilim\/pasilleros\/kilim-153-x-83-cm\/#breadcrumb\",\"itemListElement\":[{\"@type\":\"ListItem\",\"position\":1,\"name\":\"PRODUCTOS\",\"item\":\"https:\/\/elrincondefehmi.com\/es\/all-product\/\"},{\"@type\":\"ListItem\",\"position\":2,\"name\":\"Mut Kilim 83&#215;153 cm\"}]},{\"@type\":\"WebSite\",\"@id\":\"https:\/\/elrincondefehmi.com\/es\/#website\",\"url\":\"https:\/\/elrincondefehmi.com\/es\/\",\"name\":\"El Rinc\u00f3n de Fehmi Madrid\",\"description\":\"Tienda de alfombras en Madrid.  En El Rinc\u00f3n de Fehmi somos especialistas en alfombras artesanales, alfombras modernas contempor\u00e1neas kilims de Turqu\u00eda\",\"potentialAction\":[{\"@type\":\"SearchAction\",\"target\":{\"@type\":\"EntryPoint\",\"urlTemplate\":\"https:\/\/elrincondefehmi.com\/es\/?s={search_term_string}\"},\"query-input\":\"required name=search_term_string\"}],\"inLanguage\":\"es\"}]}<\/script>\n<!-- \/ Yoast SEO plugin. -->","yoast_head_json":{"title":"Mut Kilim de Turqu\u00eda | El Rinc\u00f3n de Fehmi Madrid","description":"Tejido a mano en las hist\u00f3ricas regiones de Anatolia, este kilim incorpora una paleta de colores vibrantes que captura la esencia de los paisajes turcos.","robots":{"index":"index","follow":"follow","max-snippet":"max-snippet:-1","max-image-preview":"max-image-preview:large","max-video-preview":"max-video-preview:-1"},"canonical":"https:\/\/elrincondefehmi.com\/es\/tienda\/kilim\/pasilleros\/kilim-153-x-83-cm\/","og_locale":"es_ES","og_type":"article","og_title":"Mut Kilim de Turqu\u00eda | El Rinc\u00f3n de Fehmi Madrid","og_description":"Tejido a mano en las hist\u00f3ricas regiones de Anatolia, este kilim incorpora una paleta de colores vibrantes que captura la esencia de los paisajes turcos.","og_url":"https:\/\/elrincondefehmi.com\/es\/tienda\/kilim\/pasilleros\/kilim-153-x-83-cm\/","og_site_name":"El Rinc\u00f3n de Fehmi Madrid","article_modified_time":"2025-07-01T10:42:03+00:00","og_image":[{"width":770,"height":1069,"url":"https:\/\/elrincondefehmi.com\/es\/wp-content\/uploads\/2023\/05\/WEB-499-e1714645793968.jpg","type":"image\/jpeg"}],"twitter_card":"summary_large_image","schema":{"@context":"https:\/\/schema.org","@graph":[{"@type":"WebPage","@id":"https:\/\/elrincondefehmi.com\/es\/tienda\/kilim\/pasilleros\/kilim-153-x-83-cm\/","url":"https:\/\/elrincondefehmi.com\/es\/tienda\/kilim\/pasilleros\/kilim-153-x-83-cm\/","name":"Mut Kilim de Turqu\u00eda | El Rinc\u00f3n de Fehmi Madrid","isPartOf":{"@id":"https:\/\/elrincondefehmi.com\/es\/#website"},"datePublished":"2023-05-18T03:05:58+00:00","dateModified":"2025-07-01T10:42:03+00:00","description":"Tejido a mano en las hist\u00f3ricas regiones de Anatolia, este kilim incorpora una paleta de colores vibrantes que captura la esencia de los paisajes turcos.","breadcrumb":{"@id":"https:\/\/elrincondefehmi.com\/es\/tienda\/kilim\/pasilleros\/kilim-153-x-83-cm\/#breadcrumb"},"inLanguage":"es","potentialAction":[{"@type":"ReadAction","target":["https:\/\/elrincondefehmi.com\/es\/tienda\/kilim\/pasilleros\/kilim-153-x-83-cm\/"]}]},{"@type":"BreadcrumbList","@id":"https:\/\/elrincondefehmi.com\/es\/tienda\/kilim\/pasilleros\/kilim-153-x-83-cm\/#breadcrumb","itemListElement":[{"@type":"ListItem","position":1,"name":"PRODUCTOS","item":"https:\/\/elrincondefehmi.com\/es\/all-product\/"},{"@type":"ListItem","position":2,"name":"Mut Kilim 83&#215;153 cm"}]},{"@type":"WebSite","@id":"https:\/\/elrincondefehmi.com\/es\/#website","url":"https:\/\/elrincondefehmi.com\/es\/","name":"El Rinc\u00f3n de Fehmi Madrid","description":"Tienda de alfombras en Madrid.  En El Rinc\u00f3n de Fehmi somos especialistas en alfombras artesanales, alfombras modernas contempor\u00e1neas kilims de Turqu\u00eda","potentialAction":[{"@type":"SearchAction","target":{"@type":"EntryPoint","urlTemplate":"https:\/\/elrincondefehmi.com\/es\/?s={search_term_string}"},"query-input":"required name=search_term_string"}],"inLanguage":"es"}]}},"_links":{"self":[{"href":"https:\/\/elrincondefehmi.com\/es\/wp-json\/wp\/v2\/product\/6438"}],"collection":[{"href":"https:\/\/elrincondefehmi.com\/es\/wp-json\/wp\/v2\/product"}],"about":[{"href":"https:\/\/elrincondefehmi.com\/es\/wp-json\/wp\/v2\/types\/product"}],"replies":[{"embeddable":true,"href":"https:\/\/elrincondefehmi.com\/es\/wp-json\/wp\/v2\/comments?post=6438"}],"wp:featuredmedia":[{"embeddable":true,"href":"https:\/\/elrincondefehmi.com\/es\/wp-json\/wp\/v2\/media\/6706"}],"wp:attachment":[{"href":"https:\/\/elrincondefehmi.com\/es\/wp-json\/wp\/v2\/media?parent=6438"}],"wp:term":[{"taxonomy":"product_cat","embeddable":true,"href":"https:\/\/elrincondefehmi.com\/es\/wp-json\/wp\/v2\/product_cat?post=6438"},{"taxonomy":"product_tag","embeddable":true,"href":"https:\/\/elrincondefehmi.com\/es\/wp-json\/wp\/v2\/product_tag?post=6438"}],"curies":[{"name":"wp","href":"https:\/\/api.w.org\/{rel}","templated":true}]}}