{"id":6428,"date":"2023-05-18T03:05:27","date_gmt":"2023-05-18T03:05:27","guid":{"rendered":"https:\/\/elrincondefehmi.com\/es\/?post_type=product&#038;p=6428"},"modified":"2025-07-01T10:42:33","modified_gmt":"2025-07-01T10:42:33","slug":"kilim-169-x-115-cm","status":"publish","type":"product","link":"https:\/\/elrincondefehmi.com\/es\/tienda\/kilim\/kilim-turco\/kilim-169-x-115-cm\/","title":{"rendered":"Kilim turco 115&#215;169 cm"},"content":{"rendered":"<h3>Kilim Turco de Usak 115&#215;169 cm<\/h3>\n<p>Este kilim turco proviene de la regi\u00f3n de Anatolia, espec\u00edficamente de la ciudad de Usak, conocida por su rica tradici\u00f3n en la fabricaci\u00f3n de alfombras y kilims. Con unas dimensiones de 115&#215;169 cm, este kilim destaca por sus colores vivos y patrones geom\u00e9tricos que reflejan la maestr\u00eda de los artesanos de Usak. Tejido a mano utilizando lana de alta calidad, este kilim no solo es una pieza decorativa sino tambi\u00e9n una obra de arte funcional. Los colores naturales utilizados en este kilim aseguran su durabilidad y resistencia a lo largo del tiempo. Los motivos tradicionales anatolios presentes en el dise\u00f1o a\u00f1aden un toque de autenticidad y culturalidad a cualquier espacio. Los kilims de Usak son famosos por su finura y detallado trabajo de tejido, y este ejemplar es una representaci\u00f3n perfecta de esa herencia artesanal. Ideal para a\u00f1adir un toque de elegancia y calidez a cualquier hogar. Vis\u00edtanos en nuestra Tienda de Kilim en Las Rozas para descubrir m\u00e1s sobre nuestra colecci\u00f3n de kilims turcos y otras piezas \u00fanicas.<\/p>\n","protected":false},"excerpt":{"rendered":"<p>Kilim turco Material: Lana Medidas: 115&#215;169 cm Origen: Turqu\u00eda, regi\u00f3n de Anatolia Usak Hecho a mano<\/p>\n","protected":false},"featured_media":24721,"comment_status":"open","ping_status":"closed","template":"","meta":[],"product_cat":[434,16],"product_tag":[391,355,353,352],"yoast_head":"<!-- This site is optimized with the Yoast SEO plugin v21.5 - https:\/\/yoast.com\/wordpress\/plugins\/seo\/ -->\n<title>Alfombras y Kilims en Madrid | El Rinc\u00f3n de Fehmi Madrid<\/title>\n<meta name=\"robots\" content=\"index, follow, max-snippet:-1, max-image-preview:large, max-video-preview:-1\" \/>\n<link rel=\"canonical\" href=\"https:\/\/elrincondefehmi.com\/es\/tienda\/kilim\/kilim-turco\/kilim-169-x-115-cm\/\" \/>\n<meta property=\"og:locale\" content=\"es_ES\" \/>\n<meta property=\"og:type\" content=\"article\" \/>\n<meta property=\"og:title\" content=\"Alfombras y Kilims en Madrid | El Rinc\u00f3n de Fehmi Madrid\" \/>\n<meta property=\"og:description\" content=\"Kilim turco Material: Lana Medidas: 115x169 cm Origen: Turqu\u00eda, regi\u00f3n de Anatolia Usak Hecho a mano\" \/>\n<meta property=\"og:url\" content=\"https:\/\/elrincondefehmi.com\/es\/tienda\/kilim\/kilim-turco\/kilim-169-x-115-cm\/\" \/>\n<meta property=\"og:site_name\" content=\"El Rinc\u00f3n de Fehmi Madrid\" \/>\n<meta property=\"article:modified_time\" content=\"2025-07-01T10:42:33+00:00\" \/>\n<meta property=\"og:image\" content=\"https:\/\/elrincondefehmi.com\/es\/wp-content\/uploads\/2023\/05\/WEB-_48431.jpg\" \/>\n\t<meta property=\"og:image:width\" content=\"750\" \/>\n\t<meta property=\"og:image:height\" content=\"1050\" \/>\n\t<meta property=\"og:image:type\" content=\"image\/jpeg\" \/>\n<meta name=\"twitter:card\" content=\"summary_large_image\" \/>\n<script type=\"application\/ld+json\" class=\"yoast-schema-graph\">{\"@context\":\"https:\/\/schema.org\",\"@graph\":[{\"@type\":\"WebPage\",\"@id\":\"https:\/\/elrincondefehmi.com\/es\/tienda\/kilim\/kilim-turco\/kilim-169-x-115-cm\/\",\"url\":\"https:\/\/elrincondefehmi.com\/es\/tienda\/kilim\/kilim-turco\/kilim-169-x-115-cm\/\",\"name\":\"Alfombras y Kilims en Madrid | El Rinc\u00f3n de Fehmi Madrid\",\"isPartOf\":{\"@id\":\"https:\/\/elrincondefehmi.com\/es\/#website\"},\"datePublished\":\"2023-05-18T03:05:27+00:00\",\"dateModified\":\"2025-07-01T10:42:33+00:00\",\"breadcrumb\":{\"@id\":\"https:\/\/elrincondefehmi.com\/es\/tienda\/kilim\/kilim-turco\/kilim-169-x-115-cm\/#breadcrumb\"},\"inLanguage\":\"es\",\"potentialAction\":[{\"@type\":\"ReadAction\",\"target\":[\"https:\/\/elrincondefehmi.com\/es\/tienda\/kilim\/kilim-turco\/kilim-169-x-115-cm\/\"]}]},{\"@type\":\"BreadcrumbList\",\"@id\":\"https:\/\/elrincondefehmi.com\/es\/tienda\/kilim\/kilim-turco\/kilim-169-x-115-cm\/#breadcrumb\",\"itemListElement\":[{\"@type\":\"ListItem\",\"position\":1,\"name\":\"PRODUCTOS\",\"item\":\"https:\/\/elrincondefehmi.com\/es\/all-product\/\"},{\"@type\":\"ListItem\",\"position\":2,\"name\":\"Kilim turco 115&#215;169 cm\"}]},{\"@type\":\"WebSite\",\"@id\":\"https:\/\/elrincondefehmi.com\/es\/#website\",\"url\":\"https:\/\/elrincondefehmi.com\/es\/\",\"name\":\"El Rinc\u00f3n de Fehmi Madrid\",\"description\":\"Tienda de alfombras en Madrid.  En El Rinc\u00f3n de Fehmi somos especialistas en alfombras artesanales, alfombras modernas contempor\u00e1neas kilims de Turqu\u00eda\",\"potentialAction\":[{\"@type\":\"SearchAction\",\"target\":{\"@type\":\"EntryPoint\",\"urlTemplate\":\"https:\/\/elrincondefehmi.com\/es\/?s={search_term_string}\"},\"query-input\":\"required name=search_term_string\"}],\"inLanguage\":\"es\"}]}<\/script>\n<!-- \/ Yoast SEO plugin. -->","yoast_head_json":{"title":"Alfombras y Kilims en Madrid | El Rinc\u00f3n de Fehmi Madrid","robots":{"index":"index","follow":"follow","max-snippet":"max-snippet:-1","max-image-preview":"max-image-preview:large","max-video-preview":"max-video-preview:-1"},"canonical":"https:\/\/elrincondefehmi.com\/es\/tienda\/kilim\/kilim-turco\/kilim-169-x-115-cm\/","og_locale":"es_ES","og_type":"article","og_title":"Alfombras y Kilims en Madrid | El Rinc\u00f3n de Fehmi Madrid","og_description":"Kilim turco Material: Lana Medidas: 115x169 cm Origen: Turqu\u00eda, regi\u00f3n de Anatolia Usak Hecho a mano","og_url":"https:\/\/elrincondefehmi.com\/es\/tienda\/kilim\/kilim-turco\/kilim-169-x-115-cm\/","og_site_name":"El Rinc\u00f3n de Fehmi Madrid","article_modified_time":"2025-07-01T10:42:33+00:00","og_image":[{"width":750,"height":1050,"url":"https:\/\/elrincondefehmi.com\/es\/wp-content\/uploads\/2023\/05\/WEB-_48431.jpg","type":"image\/jpeg"}],"twitter_card":"summary_large_image","schema":{"@context":"https:\/\/schema.org","@graph":[{"@type":"WebPage","@id":"https:\/\/elrincondefehmi.com\/es\/tienda\/kilim\/kilim-turco\/kilim-169-x-115-cm\/","url":"https:\/\/elrincondefehmi.com\/es\/tienda\/kilim\/kilim-turco\/kilim-169-x-115-cm\/","name":"Alfombras y Kilims en Madrid | El Rinc\u00f3n de Fehmi Madrid","isPartOf":{"@id":"https:\/\/elrincondefehmi.com\/es\/#website"},"datePublished":"2023-05-18T03:05:27+00:00","dateModified":"2025-07-01T10:42:33+00:00","breadcrumb":{"@id":"https:\/\/elrincondefehmi.com\/es\/tienda\/kilim\/kilim-turco\/kilim-169-x-115-cm\/#breadcrumb"},"inLanguage":"es","potentialAction":[{"@type":"ReadAction","target":["https:\/\/elrincondefehmi.com\/es\/tienda\/kilim\/kilim-turco\/kilim-169-x-115-cm\/"]}]},{"@type":"BreadcrumbList","@id":"https:\/\/elrincondefehmi.com\/es\/tienda\/kilim\/kilim-turco\/kilim-169-x-115-cm\/#breadcrumb","itemListElement":[{"@type":"ListItem","position":1,"name":"PRODUCTOS","item":"https:\/\/elrincondefehmi.com\/es\/all-product\/"},{"@type":"ListItem","position":2,"name":"Kilim turco 115&#215;169 cm"}]},{"@type":"WebSite","@id":"https:\/\/elrincondefehmi.com\/es\/#website","url":"https:\/\/elrincondefehmi.com\/es\/","name":"El Rinc\u00f3n de Fehmi Madrid","description":"Tienda de alfombras en Madrid.  En El Rinc\u00f3n de Fehmi somos especialistas en alfombras artesanales, alfombras modernas contempor\u00e1neas kilims de Turqu\u00eda","potentialAction":[{"@type":"SearchAction","target":{"@type":"EntryPoint","urlTemplate":"https:\/\/elrincondefehmi.com\/es\/?s={search_term_string}"},"query-input":"required name=search_term_string"}],"inLanguage":"es"}]}},"_links":{"self":[{"href":"https:\/\/elrincondefehmi.com\/es\/wp-json\/wp\/v2\/product\/6428"}],"collection":[{"href":"https:\/\/elrincondefehmi.com\/es\/wp-json\/wp\/v2\/product"}],"about":[{"href":"https:\/\/elrincondefehmi.com\/es\/wp-json\/wp\/v2\/types\/product"}],"replies":[{"embeddable":true,"href":"https:\/\/elrincondefehmi.com\/es\/wp-json\/wp\/v2\/comments?post=6428"}],"wp:featuredmedia":[{"embeddable":true,"href":"https:\/\/elrincondefehmi.com\/es\/wp-json\/wp\/v2\/media\/24721"}],"wp:attachment":[{"href":"https:\/\/elrincondefehmi.com\/es\/wp-json\/wp\/v2\/media?parent=6428"}],"wp:term":[{"taxonomy":"product_cat","embeddable":true,"href":"https:\/\/elrincondefehmi.com\/es\/wp-json\/wp\/v2\/product_cat?post=6428"},{"taxonomy":"product_tag","embeddable":true,"href":"https:\/\/elrincondefehmi.com\/es\/wp-json\/wp\/v2\/product_tag?post=6428"}],"curies":[{"name":"wp","href":"https:\/\/api.w.org\/{rel}","templated":true}]}}