{"id":6376,"date":"2023-05-18T03:02:35","date_gmt":"2023-05-18T03:02:35","guid":{"rendered":"https:\/\/elrincondefehmi.com\/es\/?post_type=product&#038;p=6376"},"modified":"2025-06-28T11:14:57","modified_gmt":"2025-06-28T11:14:57","slug":"alfombra-clasica-175-x-129-cm","status":"publish","type":"product","link":"https:\/\/elrincondefehmi.com\/es\/tienda\/alfombras-turcas\/alfombras-clasicas\/alfombra-clasica-175-x-129-cm\/","title":{"rendered":"Alfombra n\u00f3mada 129&#215;175 cm"},"content":{"rendered":"<p data-start=\"282\" data-end=\"591\"><span class=\"_fadeIn_m1hgl_8\">La <\/span><span class=\"_fadeIn_m1hgl_8\">alfombra <\/span><em data-start=\"294\" data-end=\"316\"><span class=\"_fadeIn_m1hgl_8\">Medall\u00f3n <\/span><span class=\"_fadeIn_m1hgl_8\">N\u00f3mada <\/span><span class=\"_fadeIn_m1hgl_8\">Azul<\/span><\/em> <span class=\"_fadeIn_m1hgl_8\">es <\/span><span class=\"_fadeIn_m1hgl_8\">una <\/span><span class=\"_fadeIn_m1hgl_8\">pieza <\/span><span class=\"_fadeIn_m1hgl_8\">tejida <\/span><span class=\"_fadeIn_m1hgl_8\">a <\/span><span class=\"_fadeIn_m1hgl_8\">mano <\/span><span class=\"_fadeIn_m1hgl_8\">de <\/span><span class=\"_fadeIn_m1hgl_8\">inspiraci\u00f3n <\/span><span class=\"_fadeIn_m1hgl_8\">tribal, <\/span><span class=\"_fadeIn_m1hgl_8\">t\u00edpica <\/span><span class=\"_fadeIn_m1hgl_8\">de <\/span><span class=\"_fadeIn_m1hgl_8\">las <\/span><span class=\"_fadeIn_m1hgl_8\">culturas <\/span><span class=\"_fadeIn_m1hgl_8\">n\u00f3madas <\/span><span class=\"_fadeIn_m1hgl_8\">de <\/span><span class=\"_fadeIn_m1hgl_8\">Anatolia. <\/span><span class=\"_fadeIn_m1hgl_8\">Con <\/span><span class=\"_fadeIn_m1hgl_8\">unas <\/span><span class=\"_fadeIn_m1hgl_8\">medidas <\/span><span class=\"_fadeIn_m1hgl_8\">de <\/span><strong data-start=\"431\" data-end=\"445\"><span class=\"_fadeIn_m1hgl_8\">129&#215;175 <\/span><span class=\"_fadeIn_m1hgl_8\">cm<\/span><\/strong><span class=\"_fadeIn_m1hgl_8\">, <\/span><span class=\"_fadeIn_m1hgl_8\">presenta <\/span><span class=\"_fadeIn_m1hgl_8\">un <\/span><span class=\"_fadeIn_m1hgl_8\">gran <\/span><span class=\"_fadeIn_m1hgl_8\">medall\u00f3n <\/span><span class=\"_fadeIn_m1hgl_8\">central <\/span><span class=\"_fadeIn_m1hgl_8\">sobre <\/span><span class=\"_fadeIn_m1hgl_8\">un <\/span><span class=\"_fadeIn_m1hgl_8\">fondo <\/span><span class=\"_fadeIn_m1hgl_8\">azul <\/span><span class=\"_fadeIn_m1hgl_8\">intenso, <\/span><span class=\"_fadeIn_m1hgl_8\">enmarcado <\/span><span class=\"_fadeIn_m1hgl_8\">por <\/span><span class=\"_fadeIn_m1hgl_8\">esquinas <\/span><span class=\"_fadeIn_m1hgl_8\">burdeos <\/span><span class=\"_fadeIn_m1hgl_8\">y <\/span><span class=\"_fadeIn_m1hgl_8\">una <\/span><span class=\"_fadeIn_m1hgl_8\">cenefa <\/span><span class=\"_fadeIn_m1hgl_8\">con <\/span><span class=\"_fadeIn_m1hgl_8\">motivos <\/span><span class=\"_fadeIn_m1hgl_8\">florales <\/span><span class=\"_fadeIn_m1hgl_8\">en <\/span><span class=\"_fadeIn_m1hgl_8\">tonos <\/span><span class=\"_fadeIn_m1hgl_8\">tierra.<\/span><\/p>\n<p data-start=\"593\" data-end=\"850\"><span class=\"_fadeIn_m1hgl_8\">El <\/span><span class=\"_fadeIn_m1hgl_8\">dise\u00f1o <\/span><span class=\"_fadeIn_m1hgl_8\">sim\u00e9trico <\/span><span class=\"_fadeIn_m1hgl_8\">y <\/span><span class=\"_fadeIn_m1hgl_8\">la <\/span><span class=\"_fadeIn_m1hgl_8\">fuerza <\/span><span class=\"_fadeIn_m1hgl_8\">de <\/span><span class=\"_fadeIn_m1hgl_8\">sus <\/span><span class=\"_fadeIn_m1hgl_8\">colores <\/span><span class=\"_fadeIn_m1hgl_8\">reflejan <\/span><span class=\"_fadeIn_m1hgl_8\">el <\/span><span class=\"_fadeIn_m1hgl_8\">simbolismo <\/span><span class=\"_fadeIn_m1hgl_8\">ancestral <\/span><span class=\"_fadeIn_m1hgl_8\">de <\/span><span class=\"_fadeIn_m1hgl_8\">estas <\/span><span class=\"_fadeIn_m1hgl_8\">alfombras, <\/span><span class=\"_fadeIn_m1hgl_8\">tradicionalmente <\/span><span class=\"_fadeIn_m1hgl_8\">utilizadas <\/span><span class=\"_fadeIn_m1hgl_8\">como <\/span><span class=\"_fadeIn_m1hgl_8\">abrigo, <\/span><span class=\"_fadeIn_m1hgl_8\">asiento <\/span><span class=\"_fadeIn_m1hgl_8\">y <\/span><span class=\"_fadeIn_m1hgl_8\">decoraci\u00f3n. <\/span><span class=\"_fadeIn_m1hgl_8\">Su <\/span><span class=\"_fadeIn_m1hgl_8\">tejido <\/span><span class=\"_fadeIn_m1hgl_8\">manual <\/span><span class=\"_fadeIn_m1hgl_8\">con <\/span><span class=\"_fadeIn_m1hgl_8\">lana <\/span><span class=\"_fadeIn_m1hgl_8\">sobre <\/span><span class=\"_fadeIn_m1hgl_8\">urdimbre <\/span><span class=\"_fadeIn_m1hgl_8\">de <\/span><span class=\"_fadeIn_m1hgl_8\">algod\u00f3n <\/span><span class=\"_fadeIn_m1hgl_8\">garantiza <\/span><span class=\"_fadeIn_m1hgl_8\">durabilidad <\/span><span class=\"_fadeIn_m1hgl_8\">y <\/span><span class=\"_fadeIn_m1hgl_8\">textura <\/span><span class=\"_fadeIn_m1hgl_8\">aut\u00e9ntica.<\/span><\/p>\n<p data-start=\"852\" data-end=\"977\"><span class=\"_fadeIn_m1hgl_8\">Es <\/span><span class=\"_fadeIn_m1hgl_8\">perfecta <\/span><span class=\"_fadeIn_m1hgl_8\">para <\/span><span class=\"_fadeIn_m1hgl_8\">espacios <\/span><span class=\"_fadeIn_m1hgl_8\">con <\/span><span class=\"_fadeIn_m1hgl_8\">estilo <\/span><span class=\"_fadeIn_m1hgl_8\">boho, <\/span><span class=\"_fadeIn_m1hgl_8\">r\u00fastico <\/span><span class=\"_fadeIn_m1hgl_8\">o <\/span><span class=\"_fadeIn_m1hgl_8\">\u00e9tnico, <\/span><span class=\"_fadeIn_m1hgl_8\">y <\/span><span class=\"_fadeIn_m1hgl_8\">aporta <\/span><span class=\"_fadeIn_m1hgl_8\">calidez, <\/span><span class=\"_fadeIn_m1hgl_8\">color <\/span><span class=\"_fadeIn_m1hgl_8\">y <\/span><span class=\"_fadeIn_m1hgl_8\">car\u00e1cter <\/span><span class=\"_fadeIn_m1hgl_8\">a <\/span><span class=\"_fadeIn_m1hgl_8\">cualquier <\/span><span class=\"_fadeIn_m1hgl_8\">rinc\u00f3n <\/span><span class=\"_fadeIn_m1hgl_8\">del <\/span><span class=\"_fadeIn_m1hgl_8\">hogar.<\/span><\/p>\n<div class=\"flex basis-auto flex-col -mb-(--composer-overlap-px) [--composer-overlap-px:24px] grow overflow-hidden\">\n<div class=\"relative h-full\">\n<div class=\"flex h-full flex-col overflow-y-auto [scrollbar-gutter:stable_both-edges] @[84rem]\/thread:pt-(--header-height)\">\n<div class=\"@thread-xl\/thread:pt-header-height mt-1.5 flex flex-col text-sm pb-25\">\n<article class=\"text-token-text-primary w-full\" dir=\"auto\" data-testid=\"conversation-turn-124\" data-scroll-anchor=\"true\">\n<div class=\"text-base my-auto mx-auto py-5 [--thread-content-margin:--spacing(4)] @[37rem]:[--thread-content-margin:--spacing(6)] @[72rem]:[--thread-content-margin:--spacing(16)] px-(--thread-content-margin)\">\n<div class=\"[--thread-content-max-width:32rem] @[34rem]:[--thread-content-max-width:40rem] @[64rem]:[--thread-content-max-width:48rem] mx-auto flex max-w-(--thread-content-max-width) flex-1 text-base gap-4 md:gap-5 lg:gap-6 group\/turn-messages focus-visible:outline-hidden\">\n<div class=\"group\/conversation-turn relative flex w-full min-w-0 flex-col agent-turn\">\n<div class=\"relative flex-col gap-1 md:gap-3\">\n<div class=\"flex max-w-full flex-col grow\">\n<div class=\"min-h-8 text-message relative flex w-full flex-col items-end gap-2 text-start break-words whitespace-normal [.text-message+&amp;]:mt-5\" dir=\"auto\" data-message-author-role=\"assistant\" data-message-id=\"b78575fa-c481-42e8-8a50-a033022657f6\" data-message-model-slug=\"gpt-4o\">\n<div class=\"flex w-full flex-col gap-1 empty:hidden first:pt-[3px]\">\n<div class=\"markdown prose dark:prose-invert w-full break-words light\">\n<h3 data-start=\"984\" data-end=\"1017\"><span class=\"_fadeIn_m1hgl_8\">Caracter\u00edsticas <\/span><span class=\"_fadeIn_m1hgl_8\">destacadas:<\/span><\/h3>\n<ul data-start=\"1019\" data-end=\"1296\">\n<li data-start=\"1019\" data-end=\"1054\">\n<p data-start=\"1021\" data-end=\"1054\"><span class=\"_fadeIn_m1hgl_8\">Alfombra <\/span><span class=\"_fadeIn_m1hgl_8\">n\u00f3mada <\/span><span class=\"_fadeIn_m1hgl_8\">turca <\/span><span class=\"_fadeIn_m1hgl_8\">artesanal<\/span><\/p>\n<\/li>\n<li data-start=\"1158\" data-end=\"1205\">\n<p data-start=\"1160\" data-end=\"1205\"><span class=\"_fadeIn_m1hgl_8\">Colores: <\/span><span class=\"_fadeIn_m1hgl_8\">azul <\/span><span class=\"_fadeIn_m1hgl_8\">oscuro, <\/span><span class=\"_fadeIn_m1hgl_8\">burdeos, <\/span><span class=\"_fadeIn_m1hgl_8\">marfil, <\/span><span class=\"_fadeIn_m1hgl_8\">ocre<\/span><\/p>\n<\/li>\n<li data-start=\"1206\" data-end=\"1244\">\n<p data-start=\"1208\" data-end=\"1244\"><span class=\"_fadeIn_m1hgl_8\">Estilo <\/span><span class=\"_fadeIn_m1hgl_8\">tribal <\/span><span class=\"_fadeIn_m1hgl_8\">con <\/span><span class=\"_fadeIn_m1hgl_8\">medall\u00f3n <\/span><span class=\"_fadeIn_m1hgl_8\">central<\/span><\/p>\n<\/li>\n<li data-start=\"1245\" data-end=\"1296\">\n<p data-start=\"1247\" data-end=\"1296\"><span class=\"_fadeIn_m1hgl_8\">Ideal <\/span><span class=\"_fadeIn_m1hgl_8\">para <\/span><span class=\"_fadeIn_m1hgl_8\">ambientes <\/span><span class=\"_fadeIn_m1hgl_8\">bohemios, <\/span><span class=\"_fadeIn_m1hgl_8\">r\u00fasticos <\/span><span class=\"_fadeIn_m1hgl_8\">o <\/span><span class=\"_fadeIn_m1hgl_8\">c\u00e1lidos<\/span><\/p>\n<\/li>\n<\/ul>\n<p data-start=\"1303\" data-end=\"1335\"><span style=\"font-size: 16px;text-align: justify\">En el <\/span><a style=\"font-size: 16px;text-align: justify\" href=\"https:\/\/elrincondefehmi.k8s.optimizaclick.com\/es\/\">Rinc\u00f3n de Fehmi<\/a><span style=\"font-size: 16px;text-align: justify\"> nos dedicamos espec\u00edficamente a las alfombras turcas. Seleccionamos las piezas m\u00e1s originales y representativas de este pa\u00eds y su milenaria cultura. En particular, las alfombras cl\u00e1sicas turcas son consideradas verdaderas joyas de arte. Est\u00e1n recargadas de motivos tribales y tienen colores muy vivos. Son alfombras llenas de historia que han ido transmitiendo la cultura turca de generaci\u00f3n en generaci\u00f3n. Tienen muy buena calidad y son muy resistentes por sus materiales naturales. Adem\u00e1s suelen tener el pelo corto y r\u00edgido, esto ofrece unas mejores condiciones de mantenimiento.<\/span><\/p>\n<\/div>\n<\/div>\n<\/div>\n<\/div>\n<\/div>\n<\/div>\n<\/div>\n<\/div>\n<\/article>\n<\/div>\n<\/div>\n<\/div>\n<\/div>\n<p style=\"text-align: justify\">Una alfombra cl\u00e1sica ofrece en un hogar una pieza exclusiva y \u00fanica, cargada de historia y exotismo. Se adapta a cualquier tipo de ambiente y estilo decorativo, adem\u00e1s de ofrecer una calidad excepcional. Da uniformidad y un toque especial y lleno de personalidad a los espacios. Nosotros, como expertos, son las piezas que con m\u00e1s cari\u00f1o y orgullo solemos recomendar, dentro de nuestras largas colecciones de alfombras.<\/p>\n<p>\u00a0<\/p>\n","protected":false},"excerpt":{"rendered":"<p>Alfombra turca n\u00f3mada. Materiales: lana sobre algod\u00f3n Tama\u00f1o: 129 X 175 cm Hecho a mano 160,000 nudos\/m\u00b2 Tejida a mano con t\u00e9cnica tradicional<\/p>\n","protected":false},"featured_media":6648,"comment_status":"open","ping_status":"closed","template":"","meta":[],"product_cat":[19,308,316],"product_tag":[355,353,352,354],"yoast_head":"<!-- This site is optimized with the Yoast SEO plugin v21.5 - https:\/\/yoast.com\/wordpress\/plugins\/seo\/ -->\n<title>Alfombras y Kilims en Madrid | El Rinc\u00f3n de Fehmi Madrid<\/title>\n<meta name=\"description\" content=\"Alfombra Cl\u00e1sica N\u00f3mada! Una alfombra cl\u00e1sica ofrece en un hogar una pieza exclusiva y \u00fanica, cargada de historia y exotismo.\" \/>\n<meta name=\"robots\" content=\"index, follow, max-snippet:-1, max-image-preview:large, max-video-preview:-1\" \/>\n<link rel=\"canonical\" href=\"https:\/\/elrincondefehmi.com\/es\/tienda\/alfombras-turcas\/alfombras-clasicas\/alfombra-clasica-175-x-129-cm\/\" \/>\n<meta property=\"og:locale\" content=\"es_ES\" \/>\n<meta property=\"og:type\" content=\"article\" \/>\n<meta property=\"og:title\" content=\"Alfombras y Kilims en Madrid | El Rinc\u00f3n de Fehmi Madrid\" \/>\n<meta property=\"og:description\" content=\"Alfombra Cl\u00e1sica N\u00f3mada! Una alfombra cl\u00e1sica ofrece en un hogar una pieza exclusiva y \u00fanica, cargada de historia y exotismo.\" \/>\n<meta property=\"og:url\" content=\"https:\/\/elrincondefehmi.com\/es\/tienda\/alfombras-turcas\/alfombras-clasicas\/alfombra-clasica-175-x-129-cm\/\" \/>\n<meta property=\"og:site_name\" content=\"El Rinc\u00f3n de Fehmi Madrid\" \/>\n<meta property=\"article:modified_time\" content=\"2025-06-28T11:14:57+00:00\" \/>\n<meta property=\"og:image\" content=\"https:\/\/elrincondefehmi.com\/es\/wp-content\/uploads\/2023\/05\/WEB-46-2-e1747311222857.jpg\" \/>\n\t<meta property=\"og:image:width\" content=\"754\" \/>\n\t<meta property=\"og:image:height\" content=\"1010\" \/>\n\t<meta property=\"og:image:type\" content=\"image\/jpeg\" \/>\n<meta name=\"twitter:card\" content=\"summary_large_image\" \/>\n<script type=\"application\/ld+json\" class=\"yoast-schema-graph\">{\"@context\":\"https:\/\/schema.org\",\"@graph\":[{\"@type\":\"WebPage\",\"@id\":\"https:\/\/elrincondefehmi.com\/es\/tienda\/alfombras-turcas\/alfombras-clasicas\/alfombra-clasica-175-x-129-cm\/\",\"url\":\"https:\/\/elrincondefehmi.com\/es\/tienda\/alfombras-turcas\/alfombras-clasicas\/alfombra-clasica-175-x-129-cm\/\",\"name\":\"Alfombras y Kilims en Madrid | El Rinc\u00f3n de Fehmi Madrid\",\"isPartOf\":{\"@id\":\"https:\/\/elrincondefehmi.com\/es\/#website\"},\"datePublished\":\"2023-05-18T03:02:35+00:00\",\"dateModified\":\"2025-06-28T11:14:57+00:00\",\"description\":\"Alfombra Cl\u00e1sica N\u00f3mada! Una alfombra cl\u00e1sica ofrece en un hogar una pieza exclusiva y \u00fanica, cargada de historia y exotismo.\",\"breadcrumb\":{\"@id\":\"https:\/\/elrincondefehmi.com\/es\/tienda\/alfombras-turcas\/alfombras-clasicas\/alfombra-clasica-175-x-129-cm\/#breadcrumb\"},\"inLanguage\":\"es\",\"potentialAction\":[{\"@type\":\"ReadAction\",\"target\":[\"https:\/\/elrincondefehmi.com\/es\/tienda\/alfombras-turcas\/alfombras-clasicas\/alfombra-clasica-175-x-129-cm\/\"]}]},{\"@type\":\"BreadcrumbList\",\"@id\":\"https:\/\/elrincondefehmi.com\/es\/tienda\/alfombras-turcas\/alfombras-clasicas\/alfombra-clasica-175-x-129-cm\/#breadcrumb\",\"itemListElement\":[{\"@type\":\"ListItem\",\"position\":1,\"name\":\"PRODUCTOS\",\"item\":\"https:\/\/elrincondefehmi.com\/es\/all-product\/\"},{\"@type\":\"ListItem\",\"position\":2,\"name\":\"Alfombra n\u00f3mada 129&#215;175 cm\"}]},{\"@type\":\"WebSite\",\"@id\":\"https:\/\/elrincondefehmi.com\/es\/#website\",\"url\":\"https:\/\/elrincondefehmi.com\/es\/\",\"name\":\"El Rinc\u00f3n de Fehmi Madrid\",\"description\":\"Tienda de alfombras en Madrid.  En El Rinc\u00f3n de Fehmi somos especialistas en alfombras artesanales, alfombras modernas contempor\u00e1neas kilims de Turqu\u00eda\",\"potentialAction\":[{\"@type\":\"SearchAction\",\"target\":{\"@type\":\"EntryPoint\",\"urlTemplate\":\"https:\/\/elrincondefehmi.com\/es\/?s={search_term_string}\"},\"query-input\":\"required name=search_term_string\"}],\"inLanguage\":\"es\"}]}<\/script>\n<!-- \/ Yoast SEO plugin. -->","yoast_head_json":{"title":"Alfombras y Kilims en Madrid | El Rinc\u00f3n de Fehmi Madrid","description":"Alfombra Cl\u00e1sica N\u00f3mada! Una alfombra cl\u00e1sica ofrece en un hogar una pieza exclusiva y \u00fanica, cargada de historia y exotismo.","robots":{"index":"index","follow":"follow","max-snippet":"max-snippet:-1","max-image-preview":"max-image-preview:large","max-video-preview":"max-video-preview:-1"},"canonical":"https:\/\/elrincondefehmi.com\/es\/tienda\/alfombras-turcas\/alfombras-clasicas\/alfombra-clasica-175-x-129-cm\/","og_locale":"es_ES","og_type":"article","og_title":"Alfombras y Kilims en Madrid | El Rinc\u00f3n de Fehmi Madrid","og_description":"Alfombra Cl\u00e1sica N\u00f3mada! Una alfombra cl\u00e1sica ofrece en un hogar una pieza exclusiva y \u00fanica, cargada de historia y exotismo.","og_url":"https:\/\/elrincondefehmi.com\/es\/tienda\/alfombras-turcas\/alfombras-clasicas\/alfombra-clasica-175-x-129-cm\/","og_site_name":"El Rinc\u00f3n de Fehmi Madrid","article_modified_time":"2025-06-28T11:14:57+00:00","og_image":[{"width":754,"height":1010,"url":"https:\/\/elrincondefehmi.com\/es\/wp-content\/uploads\/2023\/05\/WEB-46-2-e1747311222857.jpg","type":"image\/jpeg"}],"twitter_card":"summary_large_image","schema":{"@context":"https:\/\/schema.org","@graph":[{"@type":"WebPage","@id":"https:\/\/elrincondefehmi.com\/es\/tienda\/alfombras-turcas\/alfombras-clasicas\/alfombra-clasica-175-x-129-cm\/","url":"https:\/\/elrincondefehmi.com\/es\/tienda\/alfombras-turcas\/alfombras-clasicas\/alfombra-clasica-175-x-129-cm\/","name":"Alfombras y Kilims en Madrid | El Rinc\u00f3n de Fehmi Madrid","isPartOf":{"@id":"https:\/\/elrincondefehmi.com\/es\/#website"},"datePublished":"2023-05-18T03:02:35+00:00","dateModified":"2025-06-28T11:14:57+00:00","description":"Alfombra Cl\u00e1sica N\u00f3mada! Una alfombra cl\u00e1sica ofrece en un hogar una pieza exclusiva y \u00fanica, cargada de historia y exotismo.","breadcrumb":{"@id":"https:\/\/elrincondefehmi.com\/es\/tienda\/alfombras-turcas\/alfombras-clasicas\/alfombra-clasica-175-x-129-cm\/#breadcrumb"},"inLanguage":"es","potentialAction":[{"@type":"ReadAction","target":["https:\/\/elrincondefehmi.com\/es\/tienda\/alfombras-turcas\/alfombras-clasicas\/alfombra-clasica-175-x-129-cm\/"]}]},{"@type":"BreadcrumbList","@id":"https:\/\/elrincondefehmi.com\/es\/tienda\/alfombras-turcas\/alfombras-clasicas\/alfombra-clasica-175-x-129-cm\/#breadcrumb","itemListElement":[{"@type":"ListItem","position":1,"name":"PRODUCTOS","item":"https:\/\/elrincondefehmi.com\/es\/all-product\/"},{"@type":"ListItem","position":2,"name":"Alfombra n\u00f3mada 129&#215;175 cm"}]},{"@type":"WebSite","@id":"https:\/\/elrincondefehmi.com\/es\/#website","url":"https:\/\/elrincondefehmi.com\/es\/","name":"El Rinc\u00f3n de Fehmi Madrid","description":"Tienda de alfombras en Madrid.  En El Rinc\u00f3n de Fehmi somos especialistas en alfombras artesanales, alfombras modernas contempor\u00e1neas kilims de Turqu\u00eda","potentialAction":[{"@type":"SearchAction","target":{"@type":"EntryPoint","urlTemplate":"https:\/\/elrincondefehmi.com\/es\/?s={search_term_string}"},"query-input":"required name=search_term_string"}],"inLanguage":"es"}]}},"_links":{"self":[{"href":"https:\/\/elrincondefehmi.com\/es\/wp-json\/wp\/v2\/product\/6376"}],"collection":[{"href":"https:\/\/elrincondefehmi.com\/es\/wp-json\/wp\/v2\/product"}],"about":[{"href":"https:\/\/elrincondefehmi.com\/es\/wp-json\/wp\/v2\/types\/product"}],"replies":[{"embeddable":true,"href":"https:\/\/elrincondefehmi.com\/es\/wp-json\/wp\/v2\/comments?post=6376"}],"wp:featuredmedia":[{"embeddable":true,"href":"https:\/\/elrincondefehmi.com\/es\/wp-json\/wp\/v2\/media\/6648"}],"wp:attachment":[{"href":"https:\/\/elrincondefehmi.com\/es\/wp-json\/wp\/v2\/media?parent=6376"}],"wp:term":[{"taxonomy":"product_cat","embeddable":true,"href":"https:\/\/elrincondefehmi.com\/es\/wp-json\/wp\/v2\/product_cat?post=6376"},{"taxonomy":"product_tag","embeddable":true,"href":"https:\/\/elrincondefehmi.com\/es\/wp-json\/wp\/v2\/product_tag?post=6376"}],"curies":[{"name":"wp","href":"https:\/\/api.w.org\/{rel}","templated":true}]}}