{"id":5650,"date":"2023-05-18T02:33:13","date_gmt":"2023-05-18T02:33:13","guid":{"rendered":"https:\/\/elrincondefehmi.com\/es\/?post_type=product&#038;p=5650"},"modified":"2025-07-01T11:06:11","modified_gmt":"2025-07-01T11:06:11","slug":"kilim-190-x-130-cm","status":"publish","type":"product","link":"https:\/\/elrincondefehmi.com\/es\/tienda\/kilim\/kilim-turco\/kilim-190-x-130-cm\/","title":{"rendered":"Kilim turco 130&#215;190 cm"},"content":{"rendered":"<p>Este impresionante kilim mide 130&#215;190 cm y es una fiel r\u00e9plica de los antiguos kilims de la regi\u00f3n de Konya, conocidos como Obruk kilim. Tejido por uno de los mejores artesanos de Turqu\u00eda, este kilim destaca por su alta calidad y su dise\u00f1o tradicional. Los colores utilizados son completamente naturales y la lana de alta calidad ha sido hilada a mano, garantizando la durabilidad y la belleza de la pieza. El dise\u00f1o del kilim presenta una rica variedad de motivos tradicionales. Los patrones geom\u00e9tricos en el centro y los bordes est\u00e1n cargados de significado. Las formas de diamante, t\u00edpicas en los kilims de esta regi\u00f3n, simbolizan la protecci\u00f3n y la fertilidad. Los motivos en forma de gancho que rodean los diamantes se interpretan a menudo como s\u00edmbolos de amuleto para alejar el mal y traer buena suerte. Cada color en este kilim tambi\u00e9n tiene su propio significado. El rojo vibrante simboliza la pasi\u00f3n y la alegr\u00eda, mientras que los tonos azules representan la tranquilidad y la protecci\u00f3n. Los colores m\u00e1s suaves, como el rosa y el beige, aportan un equilibrio y armon\u00eda al dise\u00f1o, creando una pieza que no solo es hermosa a la vista, sino tambi\u00e9n rica en simbolismo y tradici\u00f3n cultural. Este kilim es ideal para aquellos que aprecian la artesan\u00eda tradicional y desean a\u00f1adir un toque de historia y significado a su hogar. Perfecto tanto para decoraciones modernas como cl\u00e1sicas, este kilim es una pieza \u00fanica que a\u00f1ade car\u00e1cter y elegancia a cualquier espacio. En nuestra tienda de kilim en Las Rozas, nos enorgullecemos de ofrecer piezas como esta, que no solo embellecen el hogar, sino que tambi\u00e9n cuentan una historia rica y profunda de la cultura turca.<\/p>\n","protected":false},"excerpt":{"rendered":"<p>Kilim turco Obruk Material: Lana Medidas: 130&#215;190 cm Origen: Turqu\u00eda, la regi\u00f3n de Konya Hecho a mano<\/p>\n","protected":false},"featured_media":24710,"comment_status":"open","ping_status":"closed","template":"","meta":[],"product_cat":[434,16],"product_tag":[391,355,353,352],"yoast_head":"<!-- This site is optimized with the Yoast SEO plugin v21.5 - https:\/\/yoast.com\/wordpress\/plugins\/seo\/ -->\n<title>Tienda de Kilims en Las Rozas | El Rinc\u00f3n de Fehmi Madrid<\/title>\n<meta name=\"description\" content=\"Tienda de Kilims en Las Rozas. Este impresionante kilim es una fiel r\u00e9plica de los antiguos kilims de la regi\u00f3n de Konya, conocidos como Obruk kilim.\" \/>\n<meta name=\"robots\" content=\"index, follow, max-snippet:-1, max-image-preview:large, max-video-preview:-1\" \/>\n<link rel=\"canonical\" href=\"https:\/\/elrincondefehmi.com\/es\/tienda\/kilim\/kilim-turco\/kilim-190-x-130-cm\/\" \/>\n<meta property=\"og:locale\" content=\"es_ES\" \/>\n<meta property=\"og:type\" content=\"article\" \/>\n<meta property=\"og:title\" content=\"Tienda de Kilims en Las Rozas | El Rinc\u00f3n de Fehmi Madrid\" \/>\n<meta property=\"og:description\" content=\"Tienda de Kilims en Las Rozas. Este impresionante kilim es una fiel r\u00e9plica de los antiguos kilims de la regi\u00f3n de Konya, conocidos como Obruk kilim.\" \/>\n<meta property=\"og:url\" content=\"https:\/\/elrincondefehmi.com\/es\/tienda\/kilim\/kilim-turco\/kilim-190-x-130-cm\/\" \/>\n<meta property=\"og:site_name\" content=\"El Rinc\u00f3n de Fehmi Madrid\" \/>\n<meta property=\"article:modified_time\" content=\"2025-07-01T11:06:11+00:00\" \/>\n<meta property=\"og:image\" content=\"https:\/\/elrincondefehmi.com\/es\/wp-content\/uploads\/2023\/05\/IMG_0w716.jpg\" \/>\n\t<meta property=\"og:image:width\" content=\"750\" \/>\n\t<meta property=\"og:image:height\" content=\"1050\" \/>\n\t<meta property=\"og:image:type\" content=\"image\/jpeg\" \/>\n<meta name=\"twitter:card\" content=\"summary_large_image\" \/>\n<script type=\"application\/ld+json\" class=\"yoast-schema-graph\">{\"@context\":\"https:\/\/schema.org\",\"@graph\":[{\"@type\":\"WebPage\",\"@id\":\"https:\/\/elrincondefehmi.com\/es\/tienda\/kilim\/kilim-turco\/kilim-190-x-130-cm\/\",\"url\":\"https:\/\/elrincondefehmi.com\/es\/tienda\/kilim\/kilim-turco\/kilim-190-x-130-cm\/\",\"name\":\"Tienda de Kilims en Las Rozas | El Rinc\u00f3n de Fehmi Madrid\",\"isPartOf\":{\"@id\":\"https:\/\/elrincondefehmi.com\/es\/#website\"},\"datePublished\":\"2023-05-18T02:33:13+00:00\",\"dateModified\":\"2025-07-01T11:06:11+00:00\",\"description\":\"Tienda de Kilims en Las Rozas. Este impresionante kilim es una fiel r\u00e9plica de los antiguos kilims de la regi\u00f3n de Konya, conocidos como Obruk kilim.\",\"breadcrumb\":{\"@id\":\"https:\/\/elrincondefehmi.com\/es\/tienda\/kilim\/kilim-turco\/kilim-190-x-130-cm\/#breadcrumb\"},\"inLanguage\":\"es\",\"potentialAction\":[{\"@type\":\"ReadAction\",\"target\":[\"https:\/\/elrincondefehmi.com\/es\/tienda\/kilim\/kilim-turco\/kilim-190-x-130-cm\/\"]}]},{\"@type\":\"BreadcrumbList\",\"@id\":\"https:\/\/elrincondefehmi.com\/es\/tienda\/kilim\/kilim-turco\/kilim-190-x-130-cm\/#breadcrumb\",\"itemListElement\":[{\"@type\":\"ListItem\",\"position\":1,\"name\":\"PRODUCTOS\",\"item\":\"https:\/\/elrincondefehmi.com\/es\/all-product\/\"},{\"@type\":\"ListItem\",\"position\":2,\"name\":\"Kilim turco 130&#215;190 cm\"}]},{\"@type\":\"WebSite\",\"@id\":\"https:\/\/elrincondefehmi.com\/es\/#website\",\"url\":\"https:\/\/elrincondefehmi.com\/es\/\",\"name\":\"El Rinc\u00f3n de Fehmi Madrid\",\"description\":\"Tienda de alfombras en Madrid.  En El Rinc\u00f3n de Fehmi somos especialistas en alfombras artesanales, alfombras modernas contempor\u00e1neas kilims de Turqu\u00eda\",\"potentialAction\":[{\"@type\":\"SearchAction\",\"target\":{\"@type\":\"EntryPoint\",\"urlTemplate\":\"https:\/\/elrincondefehmi.com\/es\/?s={search_term_string}\"},\"query-input\":\"required name=search_term_string\"}],\"inLanguage\":\"es\"}]}<\/script>\n<!-- \/ Yoast SEO plugin. -->","yoast_head_json":{"title":"Tienda de Kilims en Las Rozas | El Rinc\u00f3n de Fehmi Madrid","description":"Tienda de Kilims en Las Rozas. Este impresionante kilim es una fiel r\u00e9plica de los antiguos kilims de la regi\u00f3n de Konya, conocidos como Obruk kilim.","robots":{"index":"index","follow":"follow","max-snippet":"max-snippet:-1","max-image-preview":"max-image-preview:large","max-video-preview":"max-video-preview:-1"},"canonical":"https:\/\/elrincondefehmi.com\/es\/tienda\/kilim\/kilim-turco\/kilim-190-x-130-cm\/","og_locale":"es_ES","og_type":"article","og_title":"Tienda de Kilims en Las Rozas | El Rinc\u00f3n de Fehmi Madrid","og_description":"Tienda de Kilims en Las Rozas. Este impresionante kilim es una fiel r\u00e9plica de los antiguos kilims de la regi\u00f3n de Konya, conocidos como Obruk kilim.","og_url":"https:\/\/elrincondefehmi.com\/es\/tienda\/kilim\/kilim-turco\/kilim-190-x-130-cm\/","og_site_name":"El Rinc\u00f3n de Fehmi Madrid","article_modified_time":"2025-07-01T11:06:11+00:00","og_image":[{"width":750,"height":1050,"url":"https:\/\/elrincondefehmi.com\/es\/wp-content\/uploads\/2023\/05\/IMG_0w716.jpg","type":"image\/jpeg"}],"twitter_card":"summary_large_image","schema":{"@context":"https:\/\/schema.org","@graph":[{"@type":"WebPage","@id":"https:\/\/elrincondefehmi.com\/es\/tienda\/kilim\/kilim-turco\/kilim-190-x-130-cm\/","url":"https:\/\/elrincondefehmi.com\/es\/tienda\/kilim\/kilim-turco\/kilim-190-x-130-cm\/","name":"Tienda de Kilims en Las Rozas | El Rinc\u00f3n de Fehmi Madrid","isPartOf":{"@id":"https:\/\/elrincondefehmi.com\/es\/#website"},"datePublished":"2023-05-18T02:33:13+00:00","dateModified":"2025-07-01T11:06:11+00:00","description":"Tienda de Kilims en Las Rozas. Este impresionante kilim es una fiel r\u00e9plica de los antiguos kilims de la regi\u00f3n de Konya, conocidos como Obruk kilim.","breadcrumb":{"@id":"https:\/\/elrincondefehmi.com\/es\/tienda\/kilim\/kilim-turco\/kilim-190-x-130-cm\/#breadcrumb"},"inLanguage":"es","potentialAction":[{"@type":"ReadAction","target":["https:\/\/elrincondefehmi.com\/es\/tienda\/kilim\/kilim-turco\/kilim-190-x-130-cm\/"]}]},{"@type":"BreadcrumbList","@id":"https:\/\/elrincondefehmi.com\/es\/tienda\/kilim\/kilim-turco\/kilim-190-x-130-cm\/#breadcrumb","itemListElement":[{"@type":"ListItem","position":1,"name":"PRODUCTOS","item":"https:\/\/elrincondefehmi.com\/es\/all-product\/"},{"@type":"ListItem","position":2,"name":"Kilim turco 130&#215;190 cm"}]},{"@type":"WebSite","@id":"https:\/\/elrincondefehmi.com\/es\/#website","url":"https:\/\/elrincondefehmi.com\/es\/","name":"El Rinc\u00f3n de Fehmi Madrid","description":"Tienda de alfombras en Madrid.  En El Rinc\u00f3n de Fehmi somos especialistas en alfombras artesanales, alfombras modernas contempor\u00e1neas kilims de Turqu\u00eda","potentialAction":[{"@type":"SearchAction","target":{"@type":"EntryPoint","urlTemplate":"https:\/\/elrincondefehmi.com\/es\/?s={search_term_string}"},"query-input":"required name=search_term_string"}],"inLanguage":"es"}]}},"_links":{"self":[{"href":"https:\/\/elrincondefehmi.com\/es\/wp-json\/wp\/v2\/product\/5650"}],"collection":[{"href":"https:\/\/elrincondefehmi.com\/es\/wp-json\/wp\/v2\/product"}],"about":[{"href":"https:\/\/elrincondefehmi.com\/es\/wp-json\/wp\/v2\/types\/product"}],"replies":[{"embeddable":true,"href":"https:\/\/elrincondefehmi.com\/es\/wp-json\/wp\/v2\/comments?post=5650"}],"wp:featuredmedia":[{"embeddable":true,"href":"https:\/\/elrincondefehmi.com\/es\/wp-json\/wp\/v2\/media\/24710"}],"wp:attachment":[{"href":"https:\/\/elrincondefehmi.com\/es\/wp-json\/wp\/v2\/media?parent=5650"}],"wp:term":[{"taxonomy":"product_cat","embeddable":true,"href":"https:\/\/elrincondefehmi.com\/es\/wp-json\/wp\/v2\/product_cat?post=5650"},{"taxonomy":"product_tag","embeddable":true,"href":"https:\/\/elrincondefehmi.com\/es\/wp-json\/wp\/v2\/product_tag?post=5650"}],"curies":[{"name":"wp","href":"https:\/\/api.w.org\/{rel}","templated":true}]}}