{"id":5633,"date":"2023-05-18T02:32:36","date_gmt":"2023-05-18T02:32:36","guid":{"rendered":"https:\/\/elrincondefehmi.com\/es\/?post_type=product&#038;p=5633"},"modified":"2025-07-01T11:06:33","modified_gmt":"2025-07-01T11:06:33","slug":"kilim-179-x-130-cm","status":"publish","type":"product","link":"https:\/\/elrincondefehmi.com\/es\/tienda\/kilim\/kilim-turco\/kilim-179-x-130-cm\/","title":{"rendered":"Kilim turco 130&#215;179 cm"},"content":{"rendered":"<p style=\"text-align: justify\">Este kilim de alta calidad mide 130&#215;179 cm y es una verdadera obra maestra tejida por uno de los mejores artesanos de <a href=\"https:\/\/www.tripadvisor.es\/Attractions-g293969-Activities-oa1350-Turkiye.html\">Turqu\u00eda<\/a>. Este dise\u00f1o es una r\u00e9plica de los antiguos kilims de la regi\u00f3n de Konya, conocidos como Obruk kilim. Los colores utilizados en este kilim son totalmente naturales, obtenidos a partir de tintes vegetales tradicionales, lo que garantiza su autenticidad y durabilidad. La lana utilizada es de alta calidad, hilada a mano, lo que aporta una textura y un acabado \u00fanicos. El dise\u00f1o geom\u00e9trico con tonos vibrantes como el rojo, azul, naranja y verde, en combinaci\u00f3n con patrones tradicionales, hace de este kilim una pieza decorativa ideal para <a href=\"https:\/\/elrincondefehmi.com\/es\/alfombras-a-tu-puerta-descubre-la-elegancia-en-casa\/\">cualquier espacio<\/a>, a\u00f1adiendo un toque de elegancia y tradici\u00f3n. Esta es una pieza excepcional para aquellos que buscan comprar un kilim que combine calidad, historia y arte.<\/p>\n<p>\u00a0<\/p>\n","protected":false},"excerpt":{"rendered":"<p>Kilim turco Material: Lana Medidas: 130&#215;179 cm Origen: Turqu\u00eda, la regi\u00f3n de Konya Hecho a mano<\/p>\n","protected":false},"featured_media":24698,"comment_status":"open","ping_status":"closed","template":"","meta":[],"product_cat":[434,16],"product_tag":[391,355,353,352],"yoast_head":"<!-- This site is optimized with the Yoast SEO plugin v21.5 - https:\/\/yoast.com\/wordpress\/plugins\/seo\/ -->\n<title>Kilim de Alta Calidad | El Rinc\u00f3n de Fehmi Madrid | Tienda de Alfombras y Kilims en Madrid<\/title>\n<meta name=\"description\" content=\"Este kilim de alta calidad mide 130x179 cm y es una verdadera obra maestra tejida por uno de los mejores artesanos de Turqu\u00eda.\" \/>\n<meta name=\"robots\" content=\"index, follow, max-snippet:-1, max-image-preview:large, max-video-preview:-1\" \/>\n<link rel=\"canonical\" href=\"https:\/\/elrincondefehmi.com\/es\/tienda\/kilim\/kilim-turco\/kilim-179-x-130-cm\/\" \/>\n<meta property=\"og:locale\" content=\"es_ES\" \/>\n<meta property=\"og:type\" content=\"article\" \/>\n<meta property=\"og:title\" content=\"Kilim de Alta Calidad | El Rinc\u00f3n de Fehmi Madrid | Tienda de Alfombras y Kilims en Madrid\" \/>\n<meta property=\"og:description\" content=\"Este kilim de alta calidad mide 130x179 cm y es una verdadera obra maestra tejida por uno de los mejores artesanos de Turqu\u00eda.\" \/>\n<meta property=\"og:url\" content=\"https:\/\/elrincondefehmi.com\/es\/tienda\/kilim\/kilim-turco\/kilim-179-x-130-cm\/\" \/>\n<meta property=\"og:site_name\" content=\"El Rinc\u00f3n de Fehmi Madrid\" \/>\n<meta property=\"article:modified_time\" content=\"2025-07-01T11:06:33+00:00\" \/>\n<meta property=\"og:image\" content=\"https:\/\/elrincondefehmi.com\/es\/wp-content\/uploads\/2023\/05\/IMG_0695ka.jpg\" \/>\n\t<meta property=\"og:image:width\" content=\"750\" \/>\n\t<meta property=\"og:image:height\" content=\"1050\" \/>\n\t<meta property=\"og:image:type\" content=\"image\/jpeg\" \/>\n<meta name=\"twitter:card\" content=\"summary_large_image\" \/>\n<script type=\"application\/ld+json\" class=\"yoast-schema-graph\">{\"@context\":\"https:\/\/schema.org\",\"@graph\":[{\"@type\":\"WebPage\",\"@id\":\"https:\/\/elrincondefehmi.com\/es\/tienda\/kilim\/kilim-turco\/kilim-179-x-130-cm\/\",\"url\":\"https:\/\/elrincondefehmi.com\/es\/tienda\/kilim\/kilim-turco\/kilim-179-x-130-cm\/\",\"name\":\"Kilim de Alta Calidad | El Rinc\u00f3n de Fehmi Madrid | Tienda de Alfombras y Kilims en Madrid\",\"isPartOf\":{\"@id\":\"https:\/\/elrincondefehmi.com\/es\/#website\"},\"datePublished\":\"2023-05-18T02:32:36+00:00\",\"dateModified\":\"2025-07-01T11:06:33+00:00\",\"description\":\"Este kilim de alta calidad mide 130x179 cm y es una verdadera obra maestra tejida por uno de los mejores artesanos de Turqu\u00eda.\",\"breadcrumb\":{\"@id\":\"https:\/\/elrincondefehmi.com\/es\/tienda\/kilim\/kilim-turco\/kilim-179-x-130-cm\/#breadcrumb\"},\"inLanguage\":\"es\",\"potentialAction\":[{\"@type\":\"ReadAction\",\"target\":[\"https:\/\/elrincondefehmi.com\/es\/tienda\/kilim\/kilim-turco\/kilim-179-x-130-cm\/\"]}]},{\"@type\":\"BreadcrumbList\",\"@id\":\"https:\/\/elrincondefehmi.com\/es\/tienda\/kilim\/kilim-turco\/kilim-179-x-130-cm\/#breadcrumb\",\"itemListElement\":[{\"@type\":\"ListItem\",\"position\":1,\"name\":\"PRODUCTOS\",\"item\":\"https:\/\/elrincondefehmi.com\/es\/all-product\/\"},{\"@type\":\"ListItem\",\"position\":2,\"name\":\"Kilim turco 130&#215;179 cm\"}]},{\"@type\":\"WebSite\",\"@id\":\"https:\/\/elrincondefehmi.com\/es\/#website\",\"url\":\"https:\/\/elrincondefehmi.com\/es\/\",\"name\":\"El Rinc\u00f3n de Fehmi Madrid\",\"description\":\"Tienda de alfombras en Madrid.  En El Rinc\u00f3n de Fehmi somos especialistas en alfombras artesanales, alfombras modernas contempor\u00e1neas kilims de Turqu\u00eda\",\"potentialAction\":[{\"@type\":\"SearchAction\",\"target\":{\"@type\":\"EntryPoint\",\"urlTemplate\":\"https:\/\/elrincondefehmi.com\/es\/?s={search_term_string}\"},\"query-input\":\"required name=search_term_string\"}],\"inLanguage\":\"es\"}]}<\/script>\n<!-- \/ Yoast SEO plugin. -->","yoast_head_json":{"title":"Kilim de Alta Calidad | El Rinc\u00f3n de Fehmi Madrid | Tienda de Alfombras y Kilims en Madrid","description":"Este kilim de alta calidad mide 130x179 cm y es una verdadera obra maestra tejida por uno de los mejores artesanos de Turqu\u00eda.","robots":{"index":"index","follow":"follow","max-snippet":"max-snippet:-1","max-image-preview":"max-image-preview:large","max-video-preview":"max-video-preview:-1"},"canonical":"https:\/\/elrincondefehmi.com\/es\/tienda\/kilim\/kilim-turco\/kilim-179-x-130-cm\/","og_locale":"es_ES","og_type":"article","og_title":"Kilim de Alta Calidad | El Rinc\u00f3n de Fehmi Madrid | Tienda de Alfombras y Kilims en Madrid","og_description":"Este kilim de alta calidad mide 130x179 cm y es una verdadera obra maestra tejida por uno de los mejores artesanos de Turqu\u00eda.","og_url":"https:\/\/elrincondefehmi.com\/es\/tienda\/kilim\/kilim-turco\/kilim-179-x-130-cm\/","og_site_name":"El Rinc\u00f3n de Fehmi Madrid","article_modified_time":"2025-07-01T11:06:33+00:00","og_image":[{"width":750,"height":1050,"url":"https:\/\/elrincondefehmi.com\/es\/wp-content\/uploads\/2023\/05\/IMG_0695ka.jpg","type":"image\/jpeg"}],"twitter_card":"summary_large_image","schema":{"@context":"https:\/\/schema.org","@graph":[{"@type":"WebPage","@id":"https:\/\/elrincondefehmi.com\/es\/tienda\/kilim\/kilim-turco\/kilim-179-x-130-cm\/","url":"https:\/\/elrincondefehmi.com\/es\/tienda\/kilim\/kilim-turco\/kilim-179-x-130-cm\/","name":"Kilim de Alta Calidad | El Rinc\u00f3n de Fehmi Madrid | Tienda de Alfombras y Kilims en Madrid","isPartOf":{"@id":"https:\/\/elrincondefehmi.com\/es\/#website"},"datePublished":"2023-05-18T02:32:36+00:00","dateModified":"2025-07-01T11:06:33+00:00","description":"Este kilim de alta calidad mide 130x179 cm y es una verdadera obra maestra tejida por uno de los mejores artesanos de Turqu\u00eda.","breadcrumb":{"@id":"https:\/\/elrincondefehmi.com\/es\/tienda\/kilim\/kilim-turco\/kilim-179-x-130-cm\/#breadcrumb"},"inLanguage":"es","potentialAction":[{"@type":"ReadAction","target":["https:\/\/elrincondefehmi.com\/es\/tienda\/kilim\/kilim-turco\/kilim-179-x-130-cm\/"]}]},{"@type":"BreadcrumbList","@id":"https:\/\/elrincondefehmi.com\/es\/tienda\/kilim\/kilim-turco\/kilim-179-x-130-cm\/#breadcrumb","itemListElement":[{"@type":"ListItem","position":1,"name":"PRODUCTOS","item":"https:\/\/elrincondefehmi.com\/es\/all-product\/"},{"@type":"ListItem","position":2,"name":"Kilim turco 130&#215;179 cm"}]},{"@type":"WebSite","@id":"https:\/\/elrincondefehmi.com\/es\/#website","url":"https:\/\/elrincondefehmi.com\/es\/","name":"El Rinc\u00f3n de Fehmi Madrid","description":"Tienda de alfombras en Madrid.  En El Rinc\u00f3n de Fehmi somos especialistas en alfombras artesanales, alfombras modernas contempor\u00e1neas kilims de Turqu\u00eda","potentialAction":[{"@type":"SearchAction","target":{"@type":"EntryPoint","urlTemplate":"https:\/\/elrincondefehmi.com\/es\/?s={search_term_string}"},"query-input":"required name=search_term_string"}],"inLanguage":"es"}]}},"_links":{"self":[{"href":"https:\/\/elrincondefehmi.com\/es\/wp-json\/wp\/v2\/product\/5633"}],"collection":[{"href":"https:\/\/elrincondefehmi.com\/es\/wp-json\/wp\/v2\/product"}],"about":[{"href":"https:\/\/elrincondefehmi.com\/es\/wp-json\/wp\/v2\/types\/product"}],"replies":[{"embeddable":true,"href":"https:\/\/elrincondefehmi.com\/es\/wp-json\/wp\/v2\/comments?post=5633"}],"wp:featuredmedia":[{"embeddable":true,"href":"https:\/\/elrincondefehmi.com\/es\/wp-json\/wp\/v2\/media\/24698"}],"wp:attachment":[{"href":"https:\/\/elrincondefehmi.com\/es\/wp-json\/wp\/v2\/media?parent=5633"}],"wp:term":[{"taxonomy":"product_cat","embeddable":true,"href":"https:\/\/elrincondefehmi.com\/es\/wp-json\/wp\/v2\/product_cat?post=5633"},{"taxonomy":"product_tag","embeddable":true,"href":"https:\/\/elrincondefehmi.com\/es\/wp-json\/wp\/v2\/product_tag?post=5633"}],"curies":[{"name":"wp","href":"https:\/\/api.w.org\/{rel}","templated":true}]}}