{"id":547,"date":"2023-05-18T00:17:05","date_gmt":"2023-05-18T00:17:05","guid":{"rendered":"https:\/\/elrincondefehmi.com\/es\/?post_type=product&#038;p=547"},"modified":"2025-07-01T15:39:32","modified_gmt":"2025-07-01T15:39:32","slug":"eskilim-174x098-cmenkilim","status":"publish","type":"product","link":"https:\/\/elrincondefehmi.com\/es\/tienda\/kilim\/pasilleros\/eskilim-174x098-cmenkilim\/","title":{"rendered":"Kilim turco Mut 98&#215;151 cm"},"content":{"rendered":"<h3>Kilim Mut 98&#215;151 cm<\/h3>\n<p>Este kilim Mut, con medidas de 98&#215;151 cm, es otro ejemplo impresionante de la artesan\u00eda turca. Tejido en la regi\u00f3n de Mut, este kilim presenta un dise\u00f1o geom\u00e9trico audaz en tonos tierra, con predominancia de marrones, beige y verdes, creando un equilibrio perfecto entre elegancia y rusticidad. Los Kilims de Mut son famosos por su durabilidad y la calidad de su lana, hilada a mano, que asegura una textura suave y resistente. Los patrones geom\u00e9tricos presentes en este kilim no solo son decorativos, sino que tambi\u00e9n tienen un profundo significado cultural, simbolizando aspectos de la vida y la naturaleza, como la fertilidad, la protecci\u00f3n y la continuidad.\u00a0\u00a0<\/p>\n","protected":false},"excerpt":{"rendered":"<p>Kilim Mut Material: Lana Medidas: 98&#215;151 cm Origen: Turqu\u00eda, regi\u00f3n de Mediterr\u00e1neo, Mut Hecho a mano<\/p>\n","protected":false},"featured_media":24752,"comment_status":"open","ping_status":"closed","template":"","meta":[],"product_cat":[335,434,16],"product_tag":[391,355,353,352],"yoast_head":"<!-- This site is optimized with the Yoast SEO plugin v21.5 - https:\/\/yoast.com\/wordpress\/plugins\/seo\/ -->\n<title>Comprar Kilim Mut | El Rinc\u00f3n de Fehmi Madrid | Tienda de Alfombras y Kilims en Las Rozas<\/title>\n<meta name=\"robots\" content=\"index, follow, max-snippet:-1, max-image-preview:large, max-video-preview:-1\" \/>\n<link rel=\"canonical\" href=\"https:\/\/elrincondefehmi.com\/es\/tienda\/kilim\/pasilleros\/eskilim-174x098-cmenkilim\/\" \/>\n<meta property=\"og:locale\" content=\"es_ES\" \/>\n<meta property=\"og:type\" content=\"article\" \/>\n<meta property=\"og:title\" content=\"Comprar Kilim Mut | El Rinc\u00f3n de Fehmi Madrid | Tienda de Alfombras y Kilims en Las Rozas\" \/>\n<meta property=\"og:description\" content=\"Kilim Mut Material: Lana Medidas: 98x151 cm Origen: Turqu\u00eda, regi\u00f3n de Mediterr\u00e1neo, Mut Hecho a mano\" \/>\n<meta property=\"og:url\" content=\"https:\/\/elrincondefehmi.com\/es\/tienda\/kilim\/pasilleros\/eskilim-174x098-cmenkilim\/\" \/>\n<meta property=\"og:site_name\" content=\"El Rinc\u00f3n de Fehmi Madrid\" \/>\n<meta property=\"article:modified_time\" content=\"2025-07-01T15:39:32+00:00\" \/>\n<meta property=\"og:image\" content=\"https:\/\/elrincondefehmi.com\/es\/wp-content\/uploads\/2023\/05\/IMG_3864.jpg\" \/>\n\t<meta property=\"og:image:width\" content=\"750\" \/>\n\t<meta property=\"og:image:height\" content=\"1050\" \/>\n\t<meta property=\"og:image:type\" content=\"image\/jpeg\" \/>\n<meta name=\"twitter:card\" content=\"summary_large_image\" \/>\n<script type=\"application\/ld+json\" class=\"yoast-schema-graph\">{\"@context\":\"https:\/\/schema.org\",\"@graph\":[{\"@type\":\"WebPage\",\"@id\":\"https:\/\/elrincondefehmi.com\/es\/tienda\/kilim\/pasilleros\/eskilim-174x098-cmenkilim\/\",\"url\":\"https:\/\/elrincondefehmi.com\/es\/tienda\/kilim\/pasilleros\/eskilim-174x098-cmenkilim\/\",\"name\":\"Comprar Kilim Mut | El Rinc\u00f3n de Fehmi Madrid | Tienda de Alfombras y Kilims en Las Rozas\",\"isPartOf\":{\"@id\":\"https:\/\/elrincondefehmi.com\/es\/#website\"},\"datePublished\":\"2023-05-18T00:17:05+00:00\",\"dateModified\":\"2025-07-01T15:39:32+00:00\",\"breadcrumb\":{\"@id\":\"https:\/\/elrincondefehmi.com\/es\/tienda\/kilim\/pasilleros\/eskilim-174x098-cmenkilim\/#breadcrumb\"},\"inLanguage\":\"es\",\"potentialAction\":[{\"@type\":\"ReadAction\",\"target\":[\"https:\/\/elrincondefehmi.com\/es\/tienda\/kilim\/pasilleros\/eskilim-174x098-cmenkilim\/\"]}]},{\"@type\":\"BreadcrumbList\",\"@id\":\"https:\/\/elrincondefehmi.com\/es\/tienda\/kilim\/pasilleros\/eskilim-174x098-cmenkilim\/#breadcrumb\",\"itemListElement\":[{\"@type\":\"ListItem\",\"position\":1,\"name\":\"PRODUCTOS\",\"item\":\"https:\/\/elrincondefehmi.com\/es\/all-product\/\"},{\"@type\":\"ListItem\",\"position\":2,\"name\":\"Kilim turco Mut 98&#215;151 cm\"}]},{\"@type\":\"WebSite\",\"@id\":\"https:\/\/elrincondefehmi.com\/es\/#website\",\"url\":\"https:\/\/elrincondefehmi.com\/es\/\",\"name\":\"El Rinc\u00f3n de Fehmi Madrid\",\"description\":\"Tienda de alfombras en Madrid.  En El Rinc\u00f3n de Fehmi somos especialistas en alfombras artesanales, alfombras modernas contempor\u00e1neas kilims de Turqu\u00eda\",\"potentialAction\":[{\"@type\":\"SearchAction\",\"target\":{\"@type\":\"EntryPoint\",\"urlTemplate\":\"https:\/\/elrincondefehmi.com\/es\/?s={search_term_string}\"},\"query-input\":\"required name=search_term_string\"}],\"inLanguage\":\"es\"}]}<\/script>\n<!-- \/ Yoast SEO plugin. -->","yoast_head_json":{"title":"Comprar Kilim Mut | El Rinc\u00f3n de Fehmi Madrid | Tienda de Alfombras y Kilims en Las Rozas","robots":{"index":"index","follow":"follow","max-snippet":"max-snippet:-1","max-image-preview":"max-image-preview:large","max-video-preview":"max-video-preview:-1"},"canonical":"https:\/\/elrincondefehmi.com\/es\/tienda\/kilim\/pasilleros\/eskilim-174x098-cmenkilim\/","og_locale":"es_ES","og_type":"article","og_title":"Comprar Kilim Mut | El Rinc\u00f3n de Fehmi Madrid | Tienda de Alfombras y Kilims en Las Rozas","og_description":"Kilim Mut Material: Lana Medidas: 98x151 cm Origen: Turqu\u00eda, regi\u00f3n de Mediterr\u00e1neo, Mut Hecho a mano","og_url":"https:\/\/elrincondefehmi.com\/es\/tienda\/kilim\/pasilleros\/eskilim-174x098-cmenkilim\/","og_site_name":"El Rinc\u00f3n de Fehmi Madrid","article_modified_time":"2025-07-01T15:39:32+00:00","og_image":[{"width":750,"height":1050,"url":"https:\/\/elrincondefehmi.com\/es\/wp-content\/uploads\/2023\/05\/IMG_3864.jpg","type":"image\/jpeg"}],"twitter_card":"summary_large_image","schema":{"@context":"https:\/\/schema.org","@graph":[{"@type":"WebPage","@id":"https:\/\/elrincondefehmi.com\/es\/tienda\/kilim\/pasilleros\/eskilim-174x098-cmenkilim\/","url":"https:\/\/elrincondefehmi.com\/es\/tienda\/kilim\/pasilleros\/eskilim-174x098-cmenkilim\/","name":"Comprar Kilim Mut | El Rinc\u00f3n de Fehmi Madrid | Tienda de Alfombras y Kilims en Las Rozas","isPartOf":{"@id":"https:\/\/elrincondefehmi.com\/es\/#website"},"datePublished":"2023-05-18T00:17:05+00:00","dateModified":"2025-07-01T15:39:32+00:00","breadcrumb":{"@id":"https:\/\/elrincondefehmi.com\/es\/tienda\/kilim\/pasilleros\/eskilim-174x098-cmenkilim\/#breadcrumb"},"inLanguage":"es","potentialAction":[{"@type":"ReadAction","target":["https:\/\/elrincondefehmi.com\/es\/tienda\/kilim\/pasilleros\/eskilim-174x098-cmenkilim\/"]}]},{"@type":"BreadcrumbList","@id":"https:\/\/elrincondefehmi.com\/es\/tienda\/kilim\/pasilleros\/eskilim-174x098-cmenkilim\/#breadcrumb","itemListElement":[{"@type":"ListItem","position":1,"name":"PRODUCTOS","item":"https:\/\/elrincondefehmi.com\/es\/all-product\/"},{"@type":"ListItem","position":2,"name":"Kilim turco Mut 98&#215;151 cm"}]},{"@type":"WebSite","@id":"https:\/\/elrincondefehmi.com\/es\/#website","url":"https:\/\/elrincondefehmi.com\/es\/","name":"El Rinc\u00f3n de Fehmi Madrid","description":"Tienda de alfombras en Madrid.  En El Rinc\u00f3n de Fehmi somos especialistas en alfombras artesanales, alfombras modernas contempor\u00e1neas kilims de Turqu\u00eda","potentialAction":[{"@type":"SearchAction","target":{"@type":"EntryPoint","urlTemplate":"https:\/\/elrincondefehmi.com\/es\/?s={search_term_string}"},"query-input":"required name=search_term_string"}],"inLanguage":"es"}]}},"_links":{"self":[{"href":"https:\/\/elrincondefehmi.com\/es\/wp-json\/wp\/v2\/product\/547"}],"collection":[{"href":"https:\/\/elrincondefehmi.com\/es\/wp-json\/wp\/v2\/product"}],"about":[{"href":"https:\/\/elrincondefehmi.com\/es\/wp-json\/wp\/v2\/types\/product"}],"replies":[{"embeddable":true,"href":"https:\/\/elrincondefehmi.com\/es\/wp-json\/wp\/v2\/comments?post=547"}],"wp:featuredmedia":[{"embeddable":true,"href":"https:\/\/elrincondefehmi.com\/es\/wp-json\/wp\/v2\/media\/24752"}],"wp:attachment":[{"href":"https:\/\/elrincondefehmi.com\/es\/wp-json\/wp\/v2\/media?parent=547"}],"wp:term":[{"taxonomy":"product_cat","embeddable":true,"href":"https:\/\/elrincondefehmi.com\/es\/wp-json\/wp\/v2\/product_cat?post=547"},{"taxonomy":"product_tag","embeddable":true,"href":"https:\/\/elrincondefehmi.com\/es\/wp-json\/wp\/v2\/product_tag?post=547"}],"curies":[{"name":"wp","href":"https:\/\/api.w.org\/{rel}","templated":true}]}}