{"id":5403,"date":"2023-05-18T02:25:06","date_gmt":"2023-05-18T02:25:06","guid":{"rendered":"https:\/\/elrincondefehmi.com\/es\/?post_type=product&#038;p=5403"},"modified":"2025-07-01T11:08:40","modified_gmt":"2025-07-01T11:08:40","slug":"anatolian-kilim-234-x-164-cm","status":"publish","type":"product","link":"https:\/\/elrincondefehmi.com\/es\/tienda\/kilim\/kilim-turco\/anatolian-kilim-234-x-164-cm\/","title":{"rendered":"Kilim vintage 164&#215;234 cm"},"content":{"rendered":"<h3>Descripci\u00f3n del Kilim Vintage 164&#215;234 cm<\/h3>\n<p>Este hermoso kilim vintage, con unas medidas de 164&#215;234 cm, es una pieza \u00fanica y aut\u00e9ntica que refleja la rica tradici\u00f3n textil de Turqu\u00eda. Su dise\u00f1o destaca por el uso de patrones de rayas horizontales en tonos c\u00e1lidos y suaves, predominantemente en colores naranja, amarillo, beige y toques de rojo. Estos colores, te\u00f1idos naturalmente, han sido elegidos para transmitir una sensaci\u00f3n de calidez y acogida, caracter\u00edsticas distintivas de los kilims vintage.<\/p>\n<h4>Colores y Significado<\/h4>\n<p>Los colores c\u00e1lidos y naturales de este kilim no solo embellecen cualquier espacio, sino que tambi\u00e9n llevan consigo significados culturales profundos. El naranja y el rojo simbolizan la vitalidad y la energ\u00eda, mientras que los tonos m\u00e1s suaves como el beige y el amarillo evocan la paz y la tranquilidad. La repetici\u00f3n de peque\u00f1os motivos geom\u00e9tricos en las franjas a\u00f1ade un toque de dinamismo y complejidad al dise\u00f1o.<\/p>\n<h4>T\u00e9cnica de Bordado<\/h4>\n<p>Este kilim se ha creado utilizando t\u00e9cnicas tradicionales de tejido a mano, transmitidas de generaci\u00f3n en generaci\u00f3n. La t\u00e9cnica espec\u00edfica empleada para este kilim asegura que cada pieza sea \u00fanica, con un nivel de detalle y artesan\u00eda que no se encuentra en las producciones modernas en masa.<\/p>\n<div class=\"flex flex-grow flex-col max-w-full\">\n<div class=\"min-h-[20px] text-message flex flex-col items-start whitespace-pre-wrap break-words [.text-message+&amp;]:mt-5 juice:w-full juice:items-end overflow-x-auto gap-2\" dir=\"auto\" data-message-author-role=\"assistant\" data-message-id=\"ad131005-cc21-4633-a69a-223d0260adbb\">\n<div class=\"flex w-full flex-col gap-1 juice:empty:hidden juice:first:pt-[3px]\">\n<div class=\"markdown prose w-full break-words dark:prose-invert light\">Descubre la belleza y la historia encapsulada en este kilim vintage, una obra maestra que no solo decora, sino que tambi\u00e9n cuenta una historia a trav\u00e9s de sus hilos y colores.<\/div>\n<\/div>\n<\/div>\n<\/div>\n<div class=\"mt-1 flex gap-3 empty:hidden juice:-ml-3\">\n<div class=\"items-center justify-start rounded-xl p-1 flex\">\n<div class=\"flex items-center\">\n<div class=\"flex\">\u00a0<\/div>\n<div class=\"flex items-center pb-0.5 juice:pb-0\">\u00a0<\/div>\n<\/div>\n<\/div>\n<\/div>\n<p>\u00a0<\/p>\n","protected":false},"excerpt":{"rendered":"<p>Kilim vintage turco Material: Lana Medidas: 164&#215;234 cm Origen: Turqu\u00eda, regi\u00f3n de Anatolia Konya Hecho a mano Aproximadamente 35-40 a\u00f1os, lo que lo clasifica como una pieza semi-antigua<\/p>\n","protected":false},"featured_media":24770,"comment_status":"open","ping_status":"closed","template":"","meta":[],"product_cat":[434,16],"product_tag":[391,355,353,352],"yoast_head":"<!-- This site is optimized with the Yoast SEO plugin v21.5 - https:\/\/yoast.com\/wordpress\/plugins\/seo\/ -->\n<title>Kilims Vintage | El Rinc\u00f3n de Fehmi Madrid<\/title>\n<meta name=\"description\" content=\"Kilims Vintage. Este hermoso kilim vintage, con unas medidas de 164x234 cm, es una pieza \u00fanica y aut\u00e9ntica que refleja la rica tradici\u00f3n textil de Turqu\u00eda.\" \/>\n<meta name=\"robots\" content=\"index, follow, max-snippet:-1, max-image-preview:large, max-video-preview:-1\" \/>\n<link rel=\"canonical\" href=\"https:\/\/elrincondefehmi.com\/es\/tienda\/kilim\/kilim-turco\/anatolian-kilim-234-x-164-cm\/\" \/>\n<meta property=\"og:locale\" content=\"es_ES\" \/>\n<meta property=\"og:type\" content=\"article\" \/>\n<meta property=\"og:title\" content=\"Kilims Vintage | El Rinc\u00f3n de Fehmi Madrid\" \/>\n<meta property=\"og:description\" content=\"Kilims Vintage. Este hermoso kilim vintage, con unas medidas de 164x234 cm, es una pieza \u00fanica y aut\u00e9ntica que refleja la rica tradici\u00f3n textil de Turqu\u00eda.\" \/>\n<meta property=\"og:url\" content=\"https:\/\/elrincondefehmi.com\/es\/tienda\/kilim\/kilim-turco\/anatolian-kilim-234-x-164-cm\/\" \/>\n<meta property=\"og:site_name\" content=\"El Rinc\u00f3n de Fehmi Madrid\" \/>\n<meta property=\"article:modified_time\" content=\"2025-07-01T11:08:40+00:00\" \/>\n<meta property=\"og:image\" content=\"https:\/\/elrincondefehmi.com\/es\/wp-content\/uploads\/2023\/05\/IMG_Kilim-Vintage.jpg\" \/>\n\t<meta property=\"og:image:width\" content=\"750\" \/>\n\t<meta property=\"og:image:height\" content=\"1050\" \/>\n\t<meta property=\"og:image:type\" content=\"image\/jpeg\" \/>\n<meta name=\"twitter:card\" content=\"summary_large_image\" \/>\n<script type=\"application\/ld+json\" class=\"yoast-schema-graph\">{\"@context\":\"https:\/\/schema.org\",\"@graph\":[{\"@type\":\"WebPage\",\"@id\":\"https:\/\/elrincondefehmi.com\/es\/tienda\/kilim\/kilim-turco\/anatolian-kilim-234-x-164-cm\/\",\"url\":\"https:\/\/elrincondefehmi.com\/es\/tienda\/kilim\/kilim-turco\/anatolian-kilim-234-x-164-cm\/\",\"name\":\"Kilims Vintage | El Rinc\u00f3n de Fehmi Madrid\",\"isPartOf\":{\"@id\":\"https:\/\/elrincondefehmi.com\/es\/#website\"},\"datePublished\":\"2023-05-18T02:25:06+00:00\",\"dateModified\":\"2025-07-01T11:08:40+00:00\",\"description\":\"Kilims Vintage. Este hermoso kilim vintage, con unas medidas de 164x234 cm, es una pieza \u00fanica y aut\u00e9ntica que refleja la rica tradici\u00f3n textil de Turqu\u00eda.\",\"breadcrumb\":{\"@id\":\"https:\/\/elrincondefehmi.com\/es\/tienda\/kilim\/kilim-turco\/anatolian-kilim-234-x-164-cm\/#breadcrumb\"},\"inLanguage\":\"es\",\"potentialAction\":[{\"@type\":\"ReadAction\",\"target\":[\"https:\/\/elrincondefehmi.com\/es\/tienda\/kilim\/kilim-turco\/anatolian-kilim-234-x-164-cm\/\"]}]},{\"@type\":\"BreadcrumbList\",\"@id\":\"https:\/\/elrincondefehmi.com\/es\/tienda\/kilim\/kilim-turco\/anatolian-kilim-234-x-164-cm\/#breadcrumb\",\"itemListElement\":[{\"@type\":\"ListItem\",\"position\":1,\"name\":\"PRODUCTOS\",\"item\":\"https:\/\/elrincondefehmi.com\/es\/all-product\/\"},{\"@type\":\"ListItem\",\"position\":2,\"name\":\"Kilim vintage 164&#215;234 cm\"}]},{\"@type\":\"WebSite\",\"@id\":\"https:\/\/elrincondefehmi.com\/es\/#website\",\"url\":\"https:\/\/elrincondefehmi.com\/es\/\",\"name\":\"El Rinc\u00f3n de Fehmi Madrid\",\"description\":\"Tienda de alfombras en Madrid.  En El Rinc\u00f3n de Fehmi somos especialistas en alfombras artesanales, alfombras modernas contempor\u00e1neas kilims de Turqu\u00eda\",\"potentialAction\":[{\"@type\":\"SearchAction\",\"target\":{\"@type\":\"EntryPoint\",\"urlTemplate\":\"https:\/\/elrincondefehmi.com\/es\/?s={search_term_string}\"},\"query-input\":\"required name=search_term_string\"}],\"inLanguage\":\"es\"}]}<\/script>\n<!-- \/ Yoast SEO plugin. -->","yoast_head_json":{"title":"Kilims Vintage | El Rinc\u00f3n de Fehmi Madrid","description":"Kilims Vintage. Este hermoso kilim vintage, con unas medidas de 164x234 cm, es una pieza \u00fanica y aut\u00e9ntica que refleja la rica tradici\u00f3n textil de Turqu\u00eda.","robots":{"index":"index","follow":"follow","max-snippet":"max-snippet:-1","max-image-preview":"max-image-preview:large","max-video-preview":"max-video-preview:-1"},"canonical":"https:\/\/elrincondefehmi.com\/es\/tienda\/kilim\/kilim-turco\/anatolian-kilim-234-x-164-cm\/","og_locale":"es_ES","og_type":"article","og_title":"Kilims Vintage | El Rinc\u00f3n de Fehmi Madrid","og_description":"Kilims Vintage. Este hermoso kilim vintage, con unas medidas de 164x234 cm, es una pieza \u00fanica y aut\u00e9ntica que refleja la rica tradici\u00f3n textil de Turqu\u00eda.","og_url":"https:\/\/elrincondefehmi.com\/es\/tienda\/kilim\/kilim-turco\/anatolian-kilim-234-x-164-cm\/","og_site_name":"El Rinc\u00f3n de Fehmi Madrid","article_modified_time":"2025-07-01T11:08:40+00:00","og_image":[{"width":750,"height":1050,"url":"https:\/\/elrincondefehmi.com\/es\/wp-content\/uploads\/2023\/05\/IMG_Kilim-Vintage.jpg","type":"image\/jpeg"}],"twitter_card":"summary_large_image","schema":{"@context":"https:\/\/schema.org","@graph":[{"@type":"WebPage","@id":"https:\/\/elrincondefehmi.com\/es\/tienda\/kilim\/kilim-turco\/anatolian-kilim-234-x-164-cm\/","url":"https:\/\/elrincondefehmi.com\/es\/tienda\/kilim\/kilim-turco\/anatolian-kilim-234-x-164-cm\/","name":"Kilims Vintage | El Rinc\u00f3n de Fehmi Madrid","isPartOf":{"@id":"https:\/\/elrincondefehmi.com\/es\/#website"},"datePublished":"2023-05-18T02:25:06+00:00","dateModified":"2025-07-01T11:08:40+00:00","description":"Kilims Vintage. Este hermoso kilim vintage, con unas medidas de 164x234 cm, es una pieza \u00fanica y aut\u00e9ntica que refleja la rica tradici\u00f3n textil de Turqu\u00eda.","breadcrumb":{"@id":"https:\/\/elrincondefehmi.com\/es\/tienda\/kilim\/kilim-turco\/anatolian-kilim-234-x-164-cm\/#breadcrumb"},"inLanguage":"es","potentialAction":[{"@type":"ReadAction","target":["https:\/\/elrincondefehmi.com\/es\/tienda\/kilim\/kilim-turco\/anatolian-kilim-234-x-164-cm\/"]}]},{"@type":"BreadcrumbList","@id":"https:\/\/elrincondefehmi.com\/es\/tienda\/kilim\/kilim-turco\/anatolian-kilim-234-x-164-cm\/#breadcrumb","itemListElement":[{"@type":"ListItem","position":1,"name":"PRODUCTOS","item":"https:\/\/elrincondefehmi.com\/es\/all-product\/"},{"@type":"ListItem","position":2,"name":"Kilim vintage 164&#215;234 cm"}]},{"@type":"WebSite","@id":"https:\/\/elrincondefehmi.com\/es\/#website","url":"https:\/\/elrincondefehmi.com\/es\/","name":"El Rinc\u00f3n de Fehmi Madrid","description":"Tienda de alfombras en Madrid.  En El Rinc\u00f3n de Fehmi somos especialistas en alfombras artesanales, alfombras modernas contempor\u00e1neas kilims de Turqu\u00eda","potentialAction":[{"@type":"SearchAction","target":{"@type":"EntryPoint","urlTemplate":"https:\/\/elrincondefehmi.com\/es\/?s={search_term_string}"},"query-input":"required name=search_term_string"}],"inLanguage":"es"}]}},"_links":{"self":[{"href":"https:\/\/elrincondefehmi.com\/es\/wp-json\/wp\/v2\/product\/5403"}],"collection":[{"href":"https:\/\/elrincondefehmi.com\/es\/wp-json\/wp\/v2\/product"}],"about":[{"href":"https:\/\/elrincondefehmi.com\/es\/wp-json\/wp\/v2\/types\/product"}],"replies":[{"embeddable":true,"href":"https:\/\/elrincondefehmi.com\/es\/wp-json\/wp\/v2\/comments?post=5403"}],"wp:featuredmedia":[{"embeddable":true,"href":"https:\/\/elrincondefehmi.com\/es\/wp-json\/wp\/v2\/media\/24770"}],"wp:attachment":[{"href":"https:\/\/elrincondefehmi.com\/es\/wp-json\/wp\/v2\/media?parent=5403"}],"wp:term":[{"taxonomy":"product_cat","embeddable":true,"href":"https:\/\/elrincondefehmi.com\/es\/wp-json\/wp\/v2\/product_cat?post=5403"},{"taxonomy":"product_tag","embeddable":true,"href":"https:\/\/elrincondefehmi.com\/es\/wp-json\/wp\/v2\/product_tag?post=5403"}],"curies":[{"name":"wp","href":"https:\/\/api.w.org\/{rel}","templated":true}]}}