{"id":5349,"date":"2023-05-18T02:23:22","date_gmt":"2023-05-18T02:23:22","guid":{"rendered":"https:\/\/elrincondefehmi.com\/es\/?post_type=product&#038;p=5349"},"modified":"2025-06-28T11:37:23","modified_gmt":"2025-06-28T11:37:23","slug":"alfombra-pasillera-clasica-265-x-85-cm","status":"publish","type":"product","link":"https:\/\/elrincondefehmi.com\/es\/tienda\/alfombras-turcas\/alfombras-pasilleras-kilim\/alfombra-pasillera-clasica-265-x-85-cm\/","title":{"rendered":"Alfombra de pasillo 85&#215;265 cm"},"content":{"rendered":"<p data-start=\"239\" data-end=\"574\"><span class=\"_fadeIn_m1hgl_8\">Esta <\/span><strong data-start=\"244\" data-end=\"273\"><span class=\"_fadeIn_m1hgl_8\">alfombra <\/span><span class=\"_fadeIn_m1hgl_8\">persa <\/span><span class=\"_fadeIn_m1hgl_8\">de <\/span><span class=\"_fadeIn_m1hgl_8\">pasillo<\/span><\/strong> <span class=\"_fadeIn_m1hgl_8\">est\u00e1 <\/span><span class=\"_fadeIn_m1hgl_8\">tejida <\/span><span class=\"_fadeIn_m1hgl_8\">a <\/span><span class=\"_fadeIn_m1hgl_8\">mano <\/span><span class=\"_fadeIn_m1hgl_8\">con <\/span><span class=\"_fadeIn_m1hgl_8\">un <\/span><span class=\"_fadeIn_m1hgl_8\">dise\u00f1o <\/span><span class=\"_fadeIn_m1hgl_8\">tradicional <\/span><span class=\"_fadeIn_m1hgl_8\">que <\/span><span class=\"_fadeIn_m1hgl_8\">combina <\/span><span class=\"_fadeIn_m1hgl_8\">arte, <\/span><span class=\"_fadeIn_m1hgl_8\">historia <\/span><span class=\"_fadeIn_m1hgl_8\">y <\/span><span class=\"_fadeIn_m1hgl_8\">funcionalidad. <\/span><span class=\"_fadeIn_m1hgl_8\">Su <\/span><span class=\"_fadeIn_m1hgl_8\">composici\u00f3n <\/span><span class=\"_fadeIn_m1hgl_8\">presenta <\/span><span class=\"_fadeIn_m1hgl_8\">una <\/span><span class=\"_fadeIn_m1hgl_8\">rica <\/span><span class=\"_fadeIn_m1hgl_8\">base <\/span><span class=\"_fadeIn_m1hgl_8\">en <\/span><strong data-start=\"404\" data-end=\"420\"><span class=\"_fadeIn_m1hgl_8\">rojo <\/span><span class=\"_fadeIn_m1hgl_8\">granate<\/span><\/strong><span class=\"_fadeIn_m1hgl_8\">, <\/span><span class=\"_fadeIn_m1hgl_8\">decorada <\/span><span class=\"_fadeIn_m1hgl_8\">con <\/span><span class=\"_fadeIn_m1hgl_8\">patrones <\/span><span class=\"_fadeIn_m1hgl_8\">repetitivos <\/span><span class=\"_fadeIn_m1hgl_8\">de <\/span><span class=\"_fadeIn_m1hgl_8\">inspiraci\u00f3n <\/span><span class=\"_fadeIn_m1hgl_8\">tribal <\/span><span class=\"_fadeIn_m1hgl_8\">que <\/span><span class=\"_fadeIn_m1hgl_8\">incluyen <\/span><span class=\"_fadeIn_m1hgl_8\">s\u00edmbolos <\/span><span class=\"_fadeIn_m1hgl_8\">florales <\/span><span class=\"_fadeIn_m1hgl_8\">y <\/span><span class=\"_fadeIn_m1hgl_8\">figuras <\/span><span class=\"_fadeIn_m1hgl_8\">geom\u00e9tricas, <\/span><span class=\"_fadeIn_m1hgl_8\">t\u00edpicos <\/span><span class=\"_fadeIn_m1hgl_8\">de <\/span><span class=\"_fadeIn_m1hgl_8\">las <\/span><span class=\"_fadeIn_m1hgl_8\">alfombras <\/span><span class=\"_fadeIn_m1hgl_8\">persas <\/span><span class=\"_fadeIn_m1hgl_8\">n\u00f3madas.<\/span><\/p>\n<p data-start=\"576\" data-end=\"887\"><span class=\"_fadeIn_m1hgl_8\">Los <\/span><span class=\"_fadeIn_m1hgl_8\">tonos <\/span><span class=\"_fadeIn_m1hgl_8\">tierra, <\/span><span class=\"_fadeIn_m1hgl_8\">azules <\/span><span class=\"_fadeIn_m1hgl_8\">y <\/span><span class=\"_fadeIn_m1hgl_8\">verdes <\/span><span class=\"_fadeIn_m1hgl_8\">enmarcan <\/span><span class=\"_fadeIn_m1hgl_8\">la <\/span><span class=\"_fadeIn_m1hgl_8\">pieza <\/span><span class=\"_fadeIn_m1hgl_8\">con <\/span><span class=\"_fadeIn_m1hgl_8\">un <\/span><span class=\"_fadeIn_m1hgl_8\">equilibrio <\/span><span class=\"_fadeIn_m1hgl_8\">visual <\/span><span class=\"_fadeIn_m1hgl_8\">perfecto, <\/span><span class=\"_fadeIn_m1hgl_8\">ideal <\/span><span class=\"_fadeIn_m1hgl_8\">para <\/span><span class=\"_fadeIn_m1hgl_8\">aportar <\/span><span class=\"_fadeIn_m1hgl_8\">calidez <\/span><span class=\"_fadeIn_m1hgl_8\">y <\/span><span class=\"_fadeIn_m1hgl_8\">distinci\u00f3n <\/span><span class=\"_fadeIn_m1hgl_8\">a <\/span><span class=\"_fadeIn_m1hgl_8\">pasillos, <\/span><span class=\"_fadeIn_m1hgl_8\">entradas <\/span><span class=\"_fadeIn_m1hgl_8\">o <\/span><span class=\"_fadeIn_m1hgl_8\">zonas <\/span><span class=\"_fadeIn_m1hgl_8\">de <\/span><span class=\"_fadeIn_m1hgl_8\">tr\u00e1nsito. <\/span><span class=\"_fadeIn_m1hgl_8\">Su <\/span><span class=\"_fadeIn_m1hgl_8\">forma <\/span><span class=\"_fadeIn_m1hgl_8\">estrecha <\/span><span class=\"_fadeIn_m1hgl_8\">y <\/span><span class=\"_fadeIn_m1hgl_8\">alargada <\/span><span class=\"_fadeIn_m1hgl_8\">hace <\/span><span class=\"_fadeIn_m1hgl_8\">que <\/span><span class=\"_fadeIn_m1hgl_8\">encaje <\/span><span class=\"_fadeIn_m1hgl_8\">perfectamente <\/span><span class=\"_fadeIn_m1hgl_8\">en <\/span><span class=\"_fadeIn_m1hgl_8\">espacios <\/span><span class=\"_fadeIn_m1hgl_8\">reducidos <\/span><span class=\"_fadeIn_m1hgl_8\">sin <\/span><span class=\"_fadeIn_m1hgl_8\">renunciar <\/span><span class=\"_fadeIn_m1hgl_8\">al <\/span><span class=\"_fadeIn_m1hgl_8\">car\u00e1cter <\/span><span class=\"_fadeIn_m1hgl_8\">y <\/span><span class=\"_fadeIn_m1hgl_8\">la <\/span><span class=\"_fadeIn_m1hgl_8\">elegancia <\/span><span class=\"_fadeIn_m1hgl_8\">del <\/span><span class=\"_fadeIn_m1hgl_8\">dise\u00f1o <\/span><span class=\"_fadeIn_m1hgl_8\">oriental.<\/span><\/p>\n<h3 data-start=\"894\" data-end=\"927\"><span class=\"_fadeIn_m1hgl_8\">Caracter\u00edsticas <\/span><span class=\"_fadeIn_m1hgl_8\">destacadas:<\/span><\/h3>\n<ul data-start=\"929\" data-end=\"1183\">\n<li data-start=\"929\" data-end=\"971\">\n<p data-start=\"931\" data-end=\"971\"><span class=\"_fadeIn_m1hgl_8\">Alfombra <\/span><span class=\"_fadeIn_m1hgl_8\">persa <\/span><span class=\"_fadeIn_m1hgl_8\">pasillera <\/span><span class=\"_fadeIn_m1hgl_8\">tejida <\/span><span class=\"_fadeIn_m1hgl_8\">a <\/span><span class=\"_fadeIn_m1hgl_8\">mano<\/span><\/p>\n<\/li>\n<li data-start=\"972\" data-end=\"1020\">\n<p data-start=\"974\" data-end=\"1020\"><span class=\"_fadeIn_m1hgl_8\">Motivos <\/span><span class=\"_fadeIn_m1hgl_8\">geom\u00e9tricos <\/span><span class=\"_fadeIn_m1hgl_8\">y <\/span><span class=\"_fadeIn_m1hgl_8\">florales <\/span><span class=\"_fadeIn_m1hgl_8\">tradicionales<\/span><\/p>\n<\/li>\n<li data-start=\"1021\" data-end=\"1077\">\n<p data-start=\"1023\" data-end=\"1077\"><span class=\"_fadeIn_m1hgl_8\">Tonos <\/span><span class=\"_fadeIn_m1hgl_8\">c\u00e1lidos: <\/span><span class=\"_fadeIn_m1hgl_8\">granate, <\/span><span class=\"_fadeIn_m1hgl_8\">beige, <\/span><span class=\"_fadeIn_m1hgl_8\">verde, <\/span><span class=\"_fadeIn_m1hgl_8\">azul <\/span><span class=\"_fadeIn_m1hgl_8\">y <\/span><span class=\"_fadeIn_m1hgl_8\">mostaza<\/span><\/p>\n<\/li>\n<li data-start=\"1078\" data-end=\"1137\">\n<p data-start=\"1080\" data-end=\"1137\"><span class=\"_fadeIn_m1hgl_8\">Ideal <\/span><span class=\"_fadeIn_m1hgl_8\">para <\/span><span class=\"_fadeIn_m1hgl_8\">pasillos, <\/span><span class=\"_fadeIn_m1hgl_8\">recibidores <\/span><span class=\"_fadeIn_m1hgl_8\">o <\/span><span class=\"_fadeIn_m1hgl_8\">corredores <\/span><span class=\"_fadeIn_m1hgl_8\">estrechos<\/span><\/p>\n<\/li>\n<li data-start=\"1138\" data-end=\"1183\">\n<p data-start=\"1140\" data-end=\"1183\"><span class=\"_fadeIn_m1hgl_8\">Estilo <\/span><span class=\"_fadeIn_m1hgl_8\">cl\u00e1sico <\/span><span class=\"_fadeIn_m1hgl_8\">persa <\/span><span class=\"_fadeIn_m1hgl_8\">con <\/span><span class=\"_fadeIn_m1hgl_8\">inspiraci\u00f3n <\/span><span class=\"_fadeIn_m1hgl_8\">n\u00f3mada<\/span><\/p>\n<\/li>\n<\/ul>\n<p style=\"text-align: justify\">En el <a href=\"https:\/\/elrincondefehmi.k8s.optimizaclick.com\/es\/\">Rinc\u00f3n de Fehmi<\/a> nos dedicamos espec\u00edficamente a las alfombras turcas. Seleccionamos las piezas m\u00e1s originales y representativas de este pa\u00eds y su milenaria cultura. En particular, las alfombras cl\u00e1sicas turcas son consideradas verdaderas joyas de arte. Est\u00e1n recargadas de motivos tribales y tienen colores muy vivos. Son alfombras llenas de historia que han ido transmitiendo la cultura turca de generaci\u00f3n en generaci\u00f3n. Tienen muy buena calidad y son muy resistentes por sus materiales naturales. Adem\u00e1s suelen tener el pelo corto y r\u00edgido, esto ofrece unas mejores condiciones de mantenimiento.<\/p>\n<p style=\"text-align: justify\">Una alfombra cl\u00e1sica ofrece en un hogar una pieza exclusiva y \u00fanica, cargada de historia y exotismo. Se adapta a cualquier tipo de ambiente y estilo decorativo, adem\u00e1s de ofrecer una calidad excepcional. Da uniformidad y un toque especial y lleno de personalidad a los espacios. Nosotros, como expertos, son las piezas que con m\u00e1s cari\u00f1o y orgullo solemos recomendar, dentro de nuestras largas colecciones de alfombras.<\/p>\n<p>\u00a0<\/p>\n","protected":false},"excerpt":{"rendered":"<p>Alfombra persa Material: Lana y algod\u00f3n Tama\u00f1o: 85 x 265 cm. Hecho a mano 360,000 nudos\/m\u00b2<\/p>\n","protected":false},"featured_media":5571,"comment_status":"open","ping_status":"closed","template":"","meta":[],"product_cat":[19,308,316,312],"product_tag":[355,353,352,354],"yoast_head":"<!-- This site is optimized with the Yoast SEO plugin v21.5 - https:\/\/yoast.com\/wordpress\/plugins\/seo\/ -->\n<title>Alfombras y Kilims en Madrid | El Rinc\u00f3n de Fehmi Madrid<\/title>\n<meta name=\"description\" content=\"Alfombra persa para pasillo tejida a mano. Estilo tradicional con tonos c\u00e1lidos y dise\u00f1o cl\u00e1sico. Ideal para entradas y corredores estrechos.\" \/>\n<meta name=\"robots\" content=\"index, follow, max-snippet:-1, max-image-preview:large, max-video-preview:-1\" \/>\n<link rel=\"canonical\" href=\"https:\/\/elrincondefehmi.com\/es\/tienda\/alfombras-turcas\/alfombras-pasilleras-kilim\/alfombra-pasillera-clasica-265-x-85-cm\/\" \/>\n<meta property=\"og:locale\" content=\"es_ES\" \/>\n<meta property=\"og:type\" content=\"article\" \/>\n<meta property=\"og:title\" content=\"Alfombras y Kilims en Madrid | El Rinc\u00f3n de Fehmi Madrid\" \/>\n<meta property=\"og:description\" content=\"Alfombra persa para pasillo tejida a mano. Estilo tradicional con tonos c\u00e1lidos y dise\u00f1o cl\u00e1sico. Ideal para entradas y corredores estrechos.\" \/>\n<meta property=\"og:url\" content=\"https:\/\/elrincondefehmi.com\/es\/tienda\/alfombras-turcas\/alfombras-pasilleras-kilim\/alfombra-pasillera-clasica-265-x-85-cm\/\" \/>\n<meta property=\"og:site_name\" content=\"El Rinc\u00f3n de Fehmi Madrid\" \/>\n<meta property=\"article:modified_time\" content=\"2025-06-28T11:37:23+00:00\" \/>\n<meta property=\"og:image\" content=\"https:\/\/elrincondefehmi.com\/es\/wp-content\/uploads\/2023\/05\/IMG_7574-web-erm-m-539-265x85-1-e1747485825407.jpg\" \/>\n\t<meta property=\"og:image:width\" content=\"750\" \/>\n\t<meta property=\"og:image:height\" content=\"1049\" \/>\n\t<meta property=\"og:image:type\" content=\"image\/jpeg\" \/>\n<meta name=\"twitter:card\" content=\"summary_large_image\" \/>\n<script type=\"application\/ld+json\" class=\"yoast-schema-graph\">{\"@context\":\"https:\/\/schema.org\",\"@graph\":[{\"@type\":\"WebPage\",\"@id\":\"https:\/\/elrincondefehmi.com\/es\/tienda\/alfombras-turcas\/alfombras-pasilleras-kilim\/alfombra-pasillera-clasica-265-x-85-cm\/\",\"url\":\"https:\/\/elrincondefehmi.com\/es\/tienda\/alfombras-turcas\/alfombras-pasilleras-kilim\/alfombra-pasillera-clasica-265-x-85-cm\/\",\"name\":\"Alfombras y Kilims en Madrid | El Rinc\u00f3n de Fehmi Madrid\",\"isPartOf\":{\"@id\":\"https:\/\/elrincondefehmi.com\/es\/#website\"},\"datePublished\":\"2023-05-18T02:23:22+00:00\",\"dateModified\":\"2025-06-28T11:37:23+00:00\",\"description\":\"Alfombra persa para pasillo tejida a mano. Estilo tradicional con tonos c\u00e1lidos y dise\u00f1o cl\u00e1sico. Ideal para entradas y corredores estrechos.\",\"breadcrumb\":{\"@id\":\"https:\/\/elrincondefehmi.com\/es\/tienda\/alfombras-turcas\/alfombras-pasilleras-kilim\/alfombra-pasillera-clasica-265-x-85-cm\/#breadcrumb\"},\"inLanguage\":\"es\",\"potentialAction\":[{\"@type\":\"ReadAction\",\"target\":[\"https:\/\/elrincondefehmi.com\/es\/tienda\/alfombras-turcas\/alfombras-pasilleras-kilim\/alfombra-pasillera-clasica-265-x-85-cm\/\"]}]},{\"@type\":\"BreadcrumbList\",\"@id\":\"https:\/\/elrincondefehmi.com\/es\/tienda\/alfombras-turcas\/alfombras-pasilleras-kilim\/alfombra-pasillera-clasica-265-x-85-cm\/#breadcrumb\",\"itemListElement\":[{\"@type\":\"ListItem\",\"position\":1,\"name\":\"PRODUCTOS\",\"item\":\"https:\/\/elrincondefehmi.com\/es\/all-product\/\"},{\"@type\":\"ListItem\",\"position\":2,\"name\":\"Alfombra de pasillo 85&#215;265 cm\"}]},{\"@type\":\"WebSite\",\"@id\":\"https:\/\/elrincondefehmi.com\/es\/#website\",\"url\":\"https:\/\/elrincondefehmi.com\/es\/\",\"name\":\"El Rinc\u00f3n de Fehmi Madrid\",\"description\":\"Tienda de alfombras en Madrid.  En El Rinc\u00f3n de Fehmi somos especialistas en alfombras artesanales, alfombras modernas contempor\u00e1neas kilims de Turqu\u00eda\",\"potentialAction\":[{\"@type\":\"SearchAction\",\"target\":{\"@type\":\"EntryPoint\",\"urlTemplate\":\"https:\/\/elrincondefehmi.com\/es\/?s={search_term_string}\"},\"query-input\":\"required name=search_term_string\"}],\"inLanguage\":\"es\"}]}<\/script>\n<!-- \/ Yoast SEO plugin. -->","yoast_head_json":{"title":"Alfombras y Kilims en Madrid | El Rinc\u00f3n de Fehmi Madrid","description":"Alfombra persa para pasillo tejida a mano. Estilo tradicional con tonos c\u00e1lidos y dise\u00f1o cl\u00e1sico. Ideal para entradas y corredores estrechos.","robots":{"index":"index","follow":"follow","max-snippet":"max-snippet:-1","max-image-preview":"max-image-preview:large","max-video-preview":"max-video-preview:-1"},"canonical":"https:\/\/elrincondefehmi.com\/es\/tienda\/alfombras-turcas\/alfombras-pasilleras-kilim\/alfombra-pasillera-clasica-265-x-85-cm\/","og_locale":"es_ES","og_type":"article","og_title":"Alfombras y Kilims en Madrid | El Rinc\u00f3n de Fehmi Madrid","og_description":"Alfombra persa para pasillo tejida a mano. Estilo tradicional con tonos c\u00e1lidos y dise\u00f1o cl\u00e1sico. Ideal para entradas y corredores estrechos.","og_url":"https:\/\/elrincondefehmi.com\/es\/tienda\/alfombras-turcas\/alfombras-pasilleras-kilim\/alfombra-pasillera-clasica-265-x-85-cm\/","og_site_name":"El Rinc\u00f3n de Fehmi Madrid","article_modified_time":"2025-06-28T11:37:23+00:00","og_image":[{"width":750,"height":1049,"url":"https:\/\/elrincondefehmi.com\/es\/wp-content\/uploads\/2023\/05\/IMG_7574-web-erm-m-539-265x85-1-e1747485825407.jpg","type":"image\/jpeg"}],"twitter_card":"summary_large_image","schema":{"@context":"https:\/\/schema.org","@graph":[{"@type":"WebPage","@id":"https:\/\/elrincondefehmi.com\/es\/tienda\/alfombras-turcas\/alfombras-pasilleras-kilim\/alfombra-pasillera-clasica-265-x-85-cm\/","url":"https:\/\/elrincondefehmi.com\/es\/tienda\/alfombras-turcas\/alfombras-pasilleras-kilim\/alfombra-pasillera-clasica-265-x-85-cm\/","name":"Alfombras y Kilims en Madrid | El Rinc\u00f3n de Fehmi Madrid","isPartOf":{"@id":"https:\/\/elrincondefehmi.com\/es\/#website"},"datePublished":"2023-05-18T02:23:22+00:00","dateModified":"2025-06-28T11:37:23+00:00","description":"Alfombra persa para pasillo tejida a mano. Estilo tradicional con tonos c\u00e1lidos y dise\u00f1o cl\u00e1sico. Ideal para entradas y corredores estrechos.","breadcrumb":{"@id":"https:\/\/elrincondefehmi.com\/es\/tienda\/alfombras-turcas\/alfombras-pasilleras-kilim\/alfombra-pasillera-clasica-265-x-85-cm\/#breadcrumb"},"inLanguage":"es","potentialAction":[{"@type":"ReadAction","target":["https:\/\/elrincondefehmi.com\/es\/tienda\/alfombras-turcas\/alfombras-pasilleras-kilim\/alfombra-pasillera-clasica-265-x-85-cm\/"]}]},{"@type":"BreadcrumbList","@id":"https:\/\/elrincondefehmi.com\/es\/tienda\/alfombras-turcas\/alfombras-pasilleras-kilim\/alfombra-pasillera-clasica-265-x-85-cm\/#breadcrumb","itemListElement":[{"@type":"ListItem","position":1,"name":"PRODUCTOS","item":"https:\/\/elrincondefehmi.com\/es\/all-product\/"},{"@type":"ListItem","position":2,"name":"Alfombra de pasillo 85&#215;265 cm"}]},{"@type":"WebSite","@id":"https:\/\/elrincondefehmi.com\/es\/#website","url":"https:\/\/elrincondefehmi.com\/es\/","name":"El Rinc\u00f3n de Fehmi Madrid","description":"Tienda de alfombras en Madrid.  En El Rinc\u00f3n de Fehmi somos especialistas en alfombras artesanales, alfombras modernas contempor\u00e1neas kilims de Turqu\u00eda","potentialAction":[{"@type":"SearchAction","target":{"@type":"EntryPoint","urlTemplate":"https:\/\/elrincondefehmi.com\/es\/?s={search_term_string}"},"query-input":"required name=search_term_string"}],"inLanguage":"es"}]}},"_links":{"self":[{"href":"https:\/\/elrincondefehmi.com\/es\/wp-json\/wp\/v2\/product\/5349"}],"collection":[{"href":"https:\/\/elrincondefehmi.com\/es\/wp-json\/wp\/v2\/product"}],"about":[{"href":"https:\/\/elrincondefehmi.com\/es\/wp-json\/wp\/v2\/types\/product"}],"replies":[{"embeddable":true,"href":"https:\/\/elrincondefehmi.com\/es\/wp-json\/wp\/v2\/comments?post=5349"}],"wp:featuredmedia":[{"embeddable":true,"href":"https:\/\/elrincondefehmi.com\/es\/wp-json\/wp\/v2\/media\/5571"}],"wp:attachment":[{"href":"https:\/\/elrincondefehmi.com\/es\/wp-json\/wp\/v2\/media?parent=5349"}],"wp:term":[{"taxonomy":"product_cat","embeddable":true,"href":"https:\/\/elrincondefehmi.com\/es\/wp-json\/wp\/v2\/product_cat?post=5349"},{"taxonomy":"product_tag","embeddable":true,"href":"https:\/\/elrincondefehmi.com\/es\/wp-json\/wp\/v2\/product_tag?post=5349"}],"curies":[{"name":"wp","href":"https:\/\/api.w.org\/{rel}","templated":true}]}}