{"id":514,"date":"2023-05-18T00:16:38","date_gmt":"2023-05-18T00:16:38","guid":{"rendered":"https:\/\/elrincondefehmi.com\/es\/?post_type=product&#038;p=514"},"modified":"2025-07-01T15:44:18","modified_gmt":"2025-07-01T15:44:18","slug":"kilim-170-x-115-cm","status":"publish","type":"product","link":"https:\/\/elrincondefehmi.com\/es\/tienda\/kilim\/kilim-turco\/kilim-170-x-115-cm\/","title":{"rendered":"Kilim turco Usak 116&#215;167 cm"},"content":{"rendered":"<p><strong>Descripci\u00f3n del Kilim Cl\u00e1sico Especial &#8211; Medidas 116&#215;167 cm<\/strong> Este kilim cl\u00e1sico, de origen turco, es una aut\u00e9ntica joya artesanal creada por uno de los mejores artesanos del pa\u00eds. Con unas medidas de 116&#215;167 cm, este kilim destaca por su trabajo fino y detallado, que lo convierte en una pieza muy especial y \u00fanica en su clase. El kilim presenta una rica paleta de colores naturales, con tonos predominantes de rojo, azul, beige y verde. Estos colores, obtenidos de tintes vegetales, no solo embellecen la pieza, sino que tambi\u00e9n aseguran su durabilidad y resistencia al paso del tiempo. Los motivos geom\u00e9tricos y florales que adornan este kilim tienen un profundo significado cultural y espiritual. El dise\u00f1o central, compuesto por una serie de diamantes entrelazados, simboliza la protecci\u00f3n y la uni\u00f3n familiar. Alrededor de estos, se encuentran motivos florales que representan la fertilidad, la vida y la conexi\u00f3n con la naturaleza. El borde del kilim est\u00e1 decorado con patrones intrincados que resaltan la habilidad y el detalle del artesano. Estos patrones, adem\u00e1s de su belleza est\u00e9tica, tienen la funci\u00f3n de enmarcar y proteger el dise\u00f1o central, creando un equilibrio visual perfecto. Este kilim no es solo una pieza decorativa, sino tambi\u00e9n un reflejo de la rica herencia cultural de Turqu\u00eda. Su calidad superior, garantizada por el uso de lana hilada a mano de la m\u00e1s alta calidad, lo convierte en una inversi\u00f3n valiosa para cualquier hogar. Ideal para a\u00f1adir un toque de elegancia y autenticidad a cualquier espacio, este kilim es una obra maestra que cuenta una historia a trav\u00e9s de sus colores y motivos.<\/p>\n","protected":false},"excerpt":{"rendered":"<p>Origen: Turqu\u00eda Regi\u00f3n: Centro de Anatolia, la regi\u00f3n de Usak Material: Lana Medidas: 116&#215;167 cm Hecho a mano<\/p>\n","protected":false},"featured_media":24422,"comment_status":"open","ping_status":"closed","template":"","meta":[],"product_cat":[434,16],"product_tag":[391,355,353,352],"yoast_head":"<!-- This site is optimized with the Yoast SEO plugin v21.5 - https:\/\/yoast.com\/wordpress\/plugins\/seo\/ -->\n<title>Alfombras y Kilims en Madrid | El Rinc\u00f3n de Fehmi Madrid<\/title>\n<meta name=\"description\" content=\"Alfombras y Kilims. Este kilim cl\u00e1sico, de origen turco, es una aut\u00e9ntica joya artesanal creada por uno de los mejores artesanos del pa\u00eds.\" \/>\n<meta name=\"robots\" content=\"index, follow, max-snippet:-1, max-image-preview:large, max-video-preview:-1\" \/>\n<link rel=\"canonical\" href=\"https:\/\/elrincondefehmi.com\/es\/tienda\/kilim\/kilim-turco\/kilim-170-x-115-cm\/\" \/>\n<meta property=\"og:locale\" content=\"es_ES\" \/>\n<meta property=\"og:type\" content=\"article\" \/>\n<meta property=\"og:title\" content=\"Alfombras y Kilims en Madrid | El Rinc\u00f3n de Fehmi Madrid\" \/>\n<meta property=\"og:description\" content=\"Alfombras y Kilims. Este kilim cl\u00e1sico, de origen turco, es una aut\u00e9ntica joya artesanal creada por uno de los mejores artesanos del pa\u00eds.\" \/>\n<meta property=\"og:url\" content=\"https:\/\/elrincondefehmi.com\/es\/tienda\/kilim\/kilim-turco\/kilim-170-x-115-cm\/\" \/>\n<meta property=\"og:site_name\" content=\"El Rinc\u00f3n de Fehmi Madrid\" \/>\n<meta property=\"article:modified_time\" content=\"2025-07-01T15:44:18+00:00\" \/>\n<meta property=\"og:image\" content=\"https:\/\/elrincondefehmi.com\/es\/wp-content\/uploads\/2023\/05\/IMG_3700.jpg\" \/>\n\t<meta property=\"og:image:width\" content=\"750\" \/>\n\t<meta property=\"og:image:height\" content=\"1050\" \/>\n\t<meta property=\"og:image:type\" content=\"image\/jpeg\" \/>\n<meta name=\"twitter:card\" content=\"summary_large_image\" \/>\n<script type=\"application\/ld+json\" class=\"yoast-schema-graph\">{\"@context\":\"https:\/\/schema.org\",\"@graph\":[{\"@type\":\"WebPage\",\"@id\":\"https:\/\/elrincondefehmi.com\/es\/tienda\/kilim\/kilim-turco\/kilim-170-x-115-cm\/\",\"url\":\"https:\/\/elrincondefehmi.com\/es\/tienda\/kilim\/kilim-turco\/kilim-170-x-115-cm\/\",\"name\":\"Alfombras y Kilims en Madrid | El Rinc\u00f3n de Fehmi Madrid\",\"isPartOf\":{\"@id\":\"https:\/\/elrincondefehmi.com\/es\/#website\"},\"datePublished\":\"2023-05-18T00:16:38+00:00\",\"dateModified\":\"2025-07-01T15:44:18+00:00\",\"description\":\"Alfombras y Kilims. Este kilim cl\u00e1sico, de origen turco, es una aut\u00e9ntica joya artesanal creada por uno de los mejores artesanos del pa\u00eds.\",\"breadcrumb\":{\"@id\":\"https:\/\/elrincondefehmi.com\/es\/tienda\/kilim\/kilim-turco\/kilim-170-x-115-cm\/#breadcrumb\"},\"inLanguage\":\"es\",\"potentialAction\":[{\"@type\":\"ReadAction\",\"target\":[\"https:\/\/elrincondefehmi.com\/es\/tienda\/kilim\/kilim-turco\/kilim-170-x-115-cm\/\"]}]},{\"@type\":\"BreadcrumbList\",\"@id\":\"https:\/\/elrincondefehmi.com\/es\/tienda\/kilim\/kilim-turco\/kilim-170-x-115-cm\/#breadcrumb\",\"itemListElement\":[{\"@type\":\"ListItem\",\"position\":1,\"name\":\"PRODUCTOS\",\"item\":\"https:\/\/elrincondefehmi.com\/es\/all-product\/\"},{\"@type\":\"ListItem\",\"position\":2,\"name\":\"Kilim turco Usak 116&#215;167 cm\"}]},{\"@type\":\"WebSite\",\"@id\":\"https:\/\/elrincondefehmi.com\/es\/#website\",\"url\":\"https:\/\/elrincondefehmi.com\/es\/\",\"name\":\"El Rinc\u00f3n de Fehmi Madrid\",\"description\":\"Tienda de alfombras en Madrid.  En El Rinc\u00f3n de Fehmi somos especialistas en alfombras artesanales, alfombras modernas contempor\u00e1neas kilims de Turqu\u00eda\",\"potentialAction\":[{\"@type\":\"SearchAction\",\"target\":{\"@type\":\"EntryPoint\",\"urlTemplate\":\"https:\/\/elrincondefehmi.com\/es\/?s={search_term_string}\"},\"query-input\":\"required name=search_term_string\"}],\"inLanguage\":\"es\"}]}<\/script>\n<!-- \/ Yoast SEO plugin. -->","yoast_head_json":{"title":"Alfombras y Kilims en Madrid | El Rinc\u00f3n de Fehmi Madrid","description":"Alfombras y Kilims. Este kilim cl\u00e1sico, de origen turco, es una aut\u00e9ntica joya artesanal creada por uno de los mejores artesanos del pa\u00eds.","robots":{"index":"index","follow":"follow","max-snippet":"max-snippet:-1","max-image-preview":"max-image-preview:large","max-video-preview":"max-video-preview:-1"},"canonical":"https:\/\/elrincondefehmi.com\/es\/tienda\/kilim\/kilim-turco\/kilim-170-x-115-cm\/","og_locale":"es_ES","og_type":"article","og_title":"Alfombras y Kilims en Madrid | El Rinc\u00f3n de Fehmi Madrid","og_description":"Alfombras y Kilims. Este kilim cl\u00e1sico, de origen turco, es una aut\u00e9ntica joya artesanal creada por uno de los mejores artesanos del pa\u00eds.","og_url":"https:\/\/elrincondefehmi.com\/es\/tienda\/kilim\/kilim-turco\/kilim-170-x-115-cm\/","og_site_name":"El Rinc\u00f3n de Fehmi Madrid","article_modified_time":"2025-07-01T15:44:18+00:00","og_image":[{"width":750,"height":1050,"url":"https:\/\/elrincondefehmi.com\/es\/wp-content\/uploads\/2023\/05\/IMG_3700.jpg","type":"image\/jpeg"}],"twitter_card":"summary_large_image","schema":{"@context":"https:\/\/schema.org","@graph":[{"@type":"WebPage","@id":"https:\/\/elrincondefehmi.com\/es\/tienda\/kilim\/kilim-turco\/kilim-170-x-115-cm\/","url":"https:\/\/elrincondefehmi.com\/es\/tienda\/kilim\/kilim-turco\/kilim-170-x-115-cm\/","name":"Alfombras y Kilims en Madrid | El Rinc\u00f3n de Fehmi Madrid","isPartOf":{"@id":"https:\/\/elrincondefehmi.com\/es\/#website"},"datePublished":"2023-05-18T00:16:38+00:00","dateModified":"2025-07-01T15:44:18+00:00","description":"Alfombras y Kilims. Este kilim cl\u00e1sico, de origen turco, es una aut\u00e9ntica joya artesanal creada por uno de los mejores artesanos del pa\u00eds.","breadcrumb":{"@id":"https:\/\/elrincondefehmi.com\/es\/tienda\/kilim\/kilim-turco\/kilim-170-x-115-cm\/#breadcrumb"},"inLanguage":"es","potentialAction":[{"@type":"ReadAction","target":["https:\/\/elrincondefehmi.com\/es\/tienda\/kilim\/kilim-turco\/kilim-170-x-115-cm\/"]}]},{"@type":"BreadcrumbList","@id":"https:\/\/elrincondefehmi.com\/es\/tienda\/kilim\/kilim-turco\/kilim-170-x-115-cm\/#breadcrumb","itemListElement":[{"@type":"ListItem","position":1,"name":"PRODUCTOS","item":"https:\/\/elrincondefehmi.com\/es\/all-product\/"},{"@type":"ListItem","position":2,"name":"Kilim turco Usak 116&#215;167 cm"}]},{"@type":"WebSite","@id":"https:\/\/elrincondefehmi.com\/es\/#website","url":"https:\/\/elrincondefehmi.com\/es\/","name":"El Rinc\u00f3n de Fehmi Madrid","description":"Tienda de alfombras en Madrid.  En El Rinc\u00f3n de Fehmi somos especialistas en alfombras artesanales, alfombras modernas contempor\u00e1neas kilims de Turqu\u00eda","potentialAction":[{"@type":"SearchAction","target":{"@type":"EntryPoint","urlTemplate":"https:\/\/elrincondefehmi.com\/es\/?s={search_term_string}"},"query-input":"required name=search_term_string"}],"inLanguage":"es"}]}},"_links":{"self":[{"href":"https:\/\/elrincondefehmi.com\/es\/wp-json\/wp\/v2\/product\/514"}],"collection":[{"href":"https:\/\/elrincondefehmi.com\/es\/wp-json\/wp\/v2\/product"}],"about":[{"href":"https:\/\/elrincondefehmi.com\/es\/wp-json\/wp\/v2\/types\/product"}],"replies":[{"embeddable":true,"href":"https:\/\/elrincondefehmi.com\/es\/wp-json\/wp\/v2\/comments?post=514"}],"wp:featuredmedia":[{"embeddable":true,"href":"https:\/\/elrincondefehmi.com\/es\/wp-json\/wp\/v2\/media\/24422"}],"wp:attachment":[{"href":"https:\/\/elrincondefehmi.com\/es\/wp-json\/wp\/v2\/media?parent=514"}],"wp:term":[{"taxonomy":"product_cat","embeddable":true,"href":"https:\/\/elrincondefehmi.com\/es\/wp-json\/wp\/v2\/product_cat?post=514"},{"taxonomy":"product_tag","embeddable":true,"href":"https:\/\/elrincondefehmi.com\/es\/wp-json\/wp\/v2\/product_tag?post=514"}],"curies":[{"name":"wp","href":"https:\/\/api.w.org\/{rel}","templated":true}]}}